{"id":1491,"date":"2018-06-18T06:58:10","date_gmt":"2018-06-18T06:58:10","guid":{"rendered":"http:\/\/box5813.temp.domains\/~royalpd5\/?page_id=1491"},"modified":"2025-05-29T14:00:55","modified_gmt":"2025-05-29T14:00:55","slug":"contacto-royal-padel","status":"publish","type":"page","link":"https:\/\/royalpadel.com\/en\/contacto-royal-padel\/","title":{"rendered":"Contact"},"content":{"rendered":"<section class=\"vc_section section-xxl\"><div class=\"container-xxl\"><div class=\"row gx-4 gy-3\"><div class=\"col-sm-12 col-md-6\"><div class=\"vc_column-inner\"><div class=\"wpb_wrapper\"><h1  class=\"vc_custom_heading\" >Contacta con nosotros<\/h1><div class=\"wpforms-container \" id=\"wpforms-1488\"><form id=\"wpforms-form-1488\" class=\"wpforms-validate wpforms-form\" data-formid=\"1488\" method=\"post\" enctype=\"multipart\/form-data\" action=\"\/en\/wp-json\/wp\/v2\/pages\/1491\" data-token=\"2fffc2e79df6d4bac6e1de2490151c86\" data-token-time=\"1776318833\"><div class=\"wpforms-head-container\"><div class=\"wpforms-description\">Escr\u00edbenos o ven a vernos a nuestra oficina en Barcelona<\/div><\/div><noscript class=\"wpforms-error-noscript\">Please enable JavaScript in your browser to complete this form.<\/noscript><div class=\"wpforms-field-container\">\t\t<div id=\"wpforms-1488-field_7-container\"\n\t\t\tclass=\"wpforms-field wpforms-field-text\"\n\t\t\tdata-field-type=\"text\"\n\t\t\tdata-field-id=\"7\"\n\t\t\t>\n\t\t\t<label class=\"wpforms-field-label\" for=\"wpforms-1488-field_7\" >electr\u00f3nico Correo Email<\/label>\n\t\t\t<input type=\"text\" id=\"wpforms-1488-field_7\" class=\"wpforms-field-medium\" name=\"wpforms[fields][7]\" >\n\t\t<\/div>\n\t\t<div id=\"wpforms-1488-field_3-container\" class=\"wpforms-field wpforms-field-text\" data-field-id=\"3\"><label class=\"wpforms-field-label\" for=\"wpforms-1488-field_3\">Nombre <span class=\"wpforms-required-label\">*<\/span><\/label><input type=\"text\" id=\"wpforms-1488-field_3\" class=\"wpforms-field-large wpforms-field-required\" name=\"wpforms[fields][3]\" required><\/div><div id=\"wpforms-1488-field_1-container\" class=\"wpforms-field wpforms-field-email\" data-field-id=\"1\"><label class=\"wpforms-field-label\" for=\"wpforms-1488-field_1\">Email <span class=\"wpforms-required-label\">*<\/span><\/label><input type=\"email\" id=\"wpforms-1488-field_1\" class=\"wpforms-field-large wpforms-field-required\" name=\"wpforms[fields][1]\" spellcheck=\"false\" required><\/div><div id=\"wpforms-1488-field_2-container\" class=\"wpforms-field wpforms-field-textarea\" data-field-id=\"2\"><label class=\"wpforms-field-label\" for=\"wpforms-1488-field_2\">Mensaje <span class=\"wpforms-required-label\">*<\/span><\/label><textarea id=\"wpforms-1488-field_2\" class=\"wpforms-field-medium wpforms-field-required\" name=\"wpforms[fields][2]\" placeholder=\"Escribe tu mensaje...\" required><\/textarea><\/div><div id=\"wpforms-1488-field_4-container\" class=\"wpforms-field wpforms-field-checkbox\" data-field-id=\"4\"><label class=\"wpforms-field-label wpforms-label-hide\">Checkboxes<\/label><ul id=\"wpforms-1488-field_4\"><li class=\"choice-1 depth-1\"><input type=\"checkbox\" id=\"wpforms-1488-field_4_1\" name=\"wpforms[fields][4][]\" value=\"Acepto los  &lt;a href=&quot;https:\/\/royalpadel.com\/condiciones-de-uso\/&quot;&gt;Terminos y condiciones&lt;\/a&gt;\"  ><label class=\"wpforms-field-label-inline\" for=\"wpforms-1488-field_4_1\">Acepto los  <a href=\"https:\/\/royalpadel.com\/condiciones-de-uso\/\">Terminos y condiciones<\/a><\/label><\/li><\/ul><\/div><div id=\"wpforms-1488-field_5-container\" class=\"wpforms-field wpforms-field-email\" data-field-id=\"5\"><label class=\"wpforms-field-label\" for=\"wpforms-1488-field_5\">Correo electr\u00f3nico <span class=\"wpforms-required-label\">*<\/span><\/label><input type=\"email\" id=\"wpforms-1488-field_5\" class=\"wpforms-field-medium wpforms-field-required\" name=\"wpforms[fields][5]\" spellcheck=\"false\" required><\/div><div id=\"wpforms-1488-field_6-container\" class=\"wpforms-field wpforms-field-email\" data-field-id=\"6\"><label class=\"wpforms-field-label\" for=\"wpforms-1488-field_6\">Correo electr\u00f3nico <span class=\"wpforms-required-label\">*<\/span><\/label><input type=\"email\" id=\"wpforms-1488-field_6\" class=\"wpforms-field-medium wpforms-field-required\" name=\"wpforms[fields][6]\" spellcheck=\"false\" required><\/div><script>\n\t\t\t\t( function() {\n\t\t\t\t\tconst style = document.createElement( 'style' );\n\t\t\t\t\tstyle.appendChild( document.createTextNode( '#wpforms-1488-field_7-container { position: absolute !important; overflow: hidden !important; display: inline !important; height: 1px !important; width: 1px !important; z-index: -1000 !important; padding: 0 !important; } #wpforms-1488-field_7-container input { visibility: hidden; } #wpforms-conversational-form-page #wpforms-1488-field_7-container label { counter-increment: none; }' ) );\n\t\t\t\t\tdocument.head.appendChild( style );\n\t\t\t\t\tdocument.currentScript?.remove();\n\t\t\t\t} )();\n\t\t\t<\/script><\/div><!-- .wpforms-field-container --><div class=\"wpforms-recaptcha-container wpforms-is-recaptcha wpforms-is-recaptcha-type-invisible\" ><div class=\"g-recaptcha\" data-sitekey=\"6LdGPoUqAAAAAJE-Q4m_dgfuHukviisDo4R687Ud\" data-size=\"invisible\"><\/div><\/div><div class=\"wpforms-submit-container\" ><input type=\"hidden\" name=\"wpforms[id]\" value=\"1488\"><input type=\"hidden\" name=\"page_title\" value=\"\"><input type=\"hidden\" name=\"page_url\" value=\"https:\/\/royalpadel.com\/en\/wp-json\/wp\/v2\/pages\/1491\"><input type=\"hidden\" name=\"url_referer\" value=\"\"><button type=\"submit\" name=\"wpforms[submit]\" id=\"wpforms-submit-1488\" class=\"wpforms-submit btn btn-dark\" data-alt-text=\"Enviando...\" data-submit-text=\"Enviar\" aria-live=\"assertive\" value=\"wpforms-submit\">Enviar<\/button><\/div><\/form><\/div>  <!-- .wpforms-container --><\/div><\/div><\/div><div class=\"col-sm-12 col-md-6\"><div class=\"vc_column-inner\"><div class=\"wpb_wrapper\"><div class=\"wpb_gmaps_widget wpb_content_element\"><div class=\"wpb_wrapper\"><div class=\"wpb_map_wraper\"><iframe src=\"https:\/\/www.google.com\/maps\/embed?pb=!1m18!1m12!1m3!1d2992.8934661748995!2d2.117104915206894!3d41.39811990329319!2m3!1f0!2f0!3f0!3m2!1i1024!2i768!4f13.1!3m3!1m2!1s0x12a49846c03cea49%3A0x7909a29df5a1f6d8!2sROYAL%20P%C3%80DEL%20-%20Palas%20de%20padel%20de%20alta%20gama.%20Paleteros%2C%20fundas%20y%20ropa.!5e0!3m2!1ses-419!2scu!4v1670102827440!5m2!1ses-419!2scu\" width=\"600\" height=\"713\" style=\"border:0;\" allowfullscreen=\"\" loading=\"lazy\" referrerpolicy=\"no-referrer-when-downgrade\"><\/iframe><\/div><\/div><\/div><\/div><\/div><\/div><\/div><\/div><\/section><section class=\"vc_section section-xxl\"><div class=\"container-xxl\"><div class=\"row gy-3\"><div class=\"col-sm-4\"><div class=\"vc_column-inner contact-block\"><div class=\"wpb_wrapper\">\n\t<div  class=\"wpb_single_image wpb_content_element vc_align_left wpb_content_element\">\n\t\t\n\t\t<figure class=\"wpb_wrapper vc_figure\">\n\t\t\t<div class=\"vc_single_image-wrapper   vc_box_border_grey\"><img loading=\"lazy\" decoding=\"async\" width=\"48\" height=\"48\" src=\"https:\/\/royalpadel.com\/wp-content\/uploads\/2022\/12\/Email.svg\" class=\"vc_single_image-img attachment-full\" alt=\"\" title=\"Email\" \/><\/div>\n\t\t<\/figure>\n\t<\/div>\n<h2  class=\"vc_custom_heading h4\" >Email<\/h2>\n\t<div class=\"wpb_text_column wpb_content_element\" >\n\t\t<div class=\"wpb_wrapper\">\n\t\t\t<p>Escr\u00edbenos sin compromiso, un equipo de profesionales est\u00e1 a tu disposici\u00f3n para aclarar todas tus dudas<\/p>\n<p><a href=\"mailto:gestor@royalpadelcom-9l0c621n31.live-website.com\">gestor@royalpadelcom.com<\/a><\/p>\n\n\t\t<\/div>\n\t<\/div>\n<\/div><\/div><\/div><div class=\"col-sm-4\"><div class=\"vc_column-inner contact-block\"><div class=\"wpb_wrapper\">\n\t<div  class=\"wpb_single_image wpb_content_element vc_align_left wpb_content_element\">\n\t\t\n\t\t<figure class=\"wpb_wrapper vc_figure\">\n\t\t\t<div class=\"vc_single_image-wrapper   vc_box_border_grey\"><img loading=\"lazy\" decoding=\"async\" width=\"48\" height=\"48\" src=\"https:\/\/royalpadel.com\/wp-content\/uploads\/2022\/12\/Phone.svg\" class=\"vc_single_image-img attachment-full\" alt=\"\" title=\"Phone\" \/><\/div>\n\t\t<\/figure>\n\t<\/div>\n<h2  class=\"vc_custom_heading h4\" >Tel\u00e9fono<\/h2>\n\t<div class=\"wpb_text_column wpb_content_element\" >\n\t\t<div class=\"wpb_wrapper\">\n\t\t\t<p>\u00bfTienes alg\u00fan problema al hacer tu pedido? Ll\u00e1manos directamente al tel\u00e9fono y te atenderemos<\/p>\n<p><a href=\"tel:+34 932 80 49 21\"><span class=\"elementor-icon-list-text\">+34 932 80 49 21<\/span><\/a><\/p>\n\n\t\t<\/div>\n\t<\/div>\n<\/div><\/div><\/div><div class=\"col-sm-4\"><div class=\"vc_column-inner contact-block\"><div class=\"wpb_wrapper\">\n\t<div  class=\"wpb_single_image wpb_content_element vc_align_left wpb_content_element\">\n\t\t\n\t\t<figure class=\"wpb_wrapper vc_figure\">\n\t\t\t<div class=\"vc_single_image-wrapper   vc_box_border_grey\"><img loading=\"lazy\" decoding=\"async\" width=\"48\" height=\"48\" src=\"https:\/\/royalpadel.com\/wp-content\/uploads\/2022\/12\/Pin.svg\" class=\"vc_single_image-img attachment-full\" alt=\"\" title=\"Pin\" \/><\/div>\n\t\t<\/figure>\n\t<\/div>\n<h2  class=\"vc_custom_heading h4\" >Oficina<\/h2>\n\t<div class=\"wpb_text_column wpb_content_element\" >\n\t\t<div class=\"wpb_wrapper\">\n\t\t\t<p>Contamos con una oficina en Barcelona desde donde podemos ofrecerte un servicio post-venta excelente<\/p>\n<p><a href=\"https:\/\/goo.gl\/maps\/aBEQ1PYBxGm8vxp76\" target=\"_blank\" rel=\"noopener\">Av. de Josep Vicen\u00e7 Foix, 92. Barcelona 08034<\/a><\/p>\n\n\t\t<\/div>\n\t<\/div>\n<\/div><\/div><\/div><\/div><\/div><\/section>\n","protected":false},"excerpt":{"rendered":"Contacta con nosotrosEscr\u00edbenos o ven a vernos a nuestra oficina en BarcelonaPlease enable JavaScript in your browser to complete this form.Nombre *Email * Mensaje electr\u00f3nico Correo Mensaje *CheckboxesAcepto los Terminos y condicionesCorreo electr\u00f3nico *Correo electr\u00f3nico *Enviar Email Escr\u00edbenos sin compromiso, un equipo de profesionales est\u00e1 a tu disposici\u00f3n para aclarar todas tus dudas gestor@royalpadelcom.com Tel\u00e9fono [...]","protected":false},"author":4,"featured_media":0,"parent":0,"menu_order":0,"comment_status":"closed","ping_status":"closed","template":"page-vc.php","meta":{"_acf_changed":false,"om_disable_all_campaigns":false,"inline_featured_image":false,"footnotes":""},"class_list":["post-1491","page","type-page","status-publish","hentry"],"acf":[],"yoast_head":"<!-- This site is optimized with the Yoast SEO plugin v27.4 - https:\/\/yoast.com\/product\/yoast-seo-wordpress\/ -->\n<title>Contacto - Royal Padel<\/title>\n<meta name=\"description\" content=\"Escr\u00edbenos sin compromiso, un equipo de profesionales est\u00e1 a tu disposici\u00f3n para aclarar todas tus dudasgestor@royalpadelcom-9l0c621n31.live-website.com\" \/>\n<meta name=\"robots\" content=\"index, follow, max-snippet:-1, max-image-preview:large, max-video-preview:-1\" \/>\n<link rel=\"canonical\" href=\"https:\/\/royalpadel.com\/en\/contacto-royal-padel\/\" \/>\n<meta property=\"og:locale\" content=\"en_GB\" \/>\n<meta property=\"og:type\" content=\"article\" \/>\n<meta property=\"og:title\" content=\"Contacto - Royal Padel\" \/>\n<meta property=\"og:description\" content=\"Escr\u00edbenos sin compromiso, un equipo de profesionales est\u00e1 a tu disposici\u00f3n para aclarar todas tus dudasgestor@royalpadelcom-9l0c621n31.live-website.com\" \/>\n<meta property=\"og:url\" content=\"https:\/\/royalpadel.com\/en\/contacto-royal-padel\/\" \/>\n<meta property=\"og:site_name\" content=\"Royal Padel\" \/>\n<meta property=\"article:modified_time\" content=\"2025-05-29T14:00:55+00:00\" \/>\n<meta name=\"twitter:card\" content=\"summary_large_image\" \/>\n<meta name=\"twitter:label1\" content=\"Estimated reading time\" \/>\n\t<meta name=\"twitter:data1\" content=\"2 minutes\" \/>\n<script type=\"application\/ld+json\" class=\"yoast-schema-graph\">{\"@context\":\"https:\\\/\\\/schema.org\",\"@graph\":[{\"@type\":\"WebPage\",\"@id\":\"https:\\\/\\\/royalpadel.com\\\/contacto-royal-padel\\\/\",\"url\":\"https:\\\/\\\/royalpadel.com\\\/contacto-royal-padel\\\/\",\"name\":\"Contacto - Royal Padel\",\"isPartOf\":{\"@id\":\"https:\\\/\\\/royalpadel.com\\\/#website\"},\"datePublished\":\"2018-06-18T06:58:10+00:00\",\"dateModified\":\"2025-05-29T14:00:55+00:00\",\"description\":\"Escr\u00edbenos sin compromiso, un equipo de profesionales est\u00e1 a tu disposici\u00f3n para aclarar todas tus dudasgestor@royalpadelcom-9l0c621n31.live-website.com\",\"breadcrumb\":{\"@id\":\"https:\\\/\\\/royalpadel.com\\\/contacto-royal-padel\\\/#breadcrumb\"},\"inLanguage\":\"en-GB\",\"potentialAction\":[{\"@type\":\"ReadAction\",\"target\":[\"https:\\\/\\\/royalpadel.com\\\/contacto-royal-padel\\\/\"]}]},{\"@type\":\"BreadcrumbList\",\"@id\":\"https:\\\/\\\/royalpadel.com\\\/contacto-royal-padel\\\/#breadcrumb\",\"itemListElement\":[{\"@type\":\"ListItem\",\"position\":1,\"name\":\"Home\",\"item\":\"https:\\\/\\\/royalpadel.com\\\/\"},{\"@type\":\"ListItem\",\"position\":2,\"name\":\"Contacto\"}]},{\"@type\":\"WebSite\",\"@id\":\"https:\\\/\\\/royalpadel.com\\\/#website\",\"url\":\"https:\\\/\\\/royalpadel.com\\\/\",\"name\":\"Royal Padel\",\"description\":\"We Are Royal Padel\",\"potentialAction\":[{\"@type\":\"SearchAction\",\"target\":{\"@type\":\"EntryPoint\",\"urlTemplate\":\"https:\\\/\\\/royalpadel.com\\\/?s={search_term_string}\"},\"query-input\":{\"@type\":\"PropertyValueSpecification\",\"valueRequired\":true,\"valueName\":\"search_term_string\"}}],\"inLanguage\":\"en-GB\"}]}<\/script>\n<!-- \/ Yoast SEO plugin. -->","yoast_head_json":{"title":"Contacto - Royal Padel","description":"Escr\u00edbenos sin compromiso, un equipo de profesionales est\u00e1 a tu disposici\u00f3n para aclarar todas tus dudasgestor@royalpadelcom-9l0c621n31.live-website.com","robots":{"index":"index","follow":"follow","max-snippet":"max-snippet:-1","max-image-preview":"max-image-preview:large","max-video-preview":"max-video-preview:-1"},"canonical":"https:\/\/royalpadel.com\/en\/contacto-royal-padel\/","og_locale":"en_GB","og_type":"article","og_title":"Contacto - Royal Padel","og_description":"Escr\u00edbenos sin compromiso, un equipo de profesionales est\u00e1 a tu disposici\u00f3n para aclarar todas tus dudasgestor@royalpadelcom-9l0c621n31.live-website.com","og_url":"https:\/\/royalpadel.com\/en\/contacto-royal-padel\/","og_site_name":"Royal Padel","article_modified_time":"2025-05-29T14:00:55+00:00","twitter_card":"summary_large_image","twitter_misc":{"Estimated reading time":"2 minutes"},"schema":{"@context":"https:\/\/schema.org","@graph":[{"@type":"WebPage","@id":"https:\/\/royalpadel.com\/contacto-royal-padel\/","url":"https:\/\/royalpadel.com\/contacto-royal-padel\/","name":"Contacto - Royal Padel","isPartOf":{"@id":"https:\/\/royalpadel.com\/#website"},"datePublished":"2018-06-18T06:58:10+00:00","dateModified":"2025-05-29T14:00:55+00:00","description":"Escr\u00edbenos sin compromiso, un equipo de profesionales est\u00e1 a tu disposici\u00f3n para aclarar todas tus dudasgestor@royalpadelcom-9l0c621n31.live-website.com","breadcrumb":{"@id":"https:\/\/royalpadel.com\/contacto-royal-padel\/#breadcrumb"},"inLanguage":"en-GB","potentialAction":[{"@type":"ReadAction","target":["https:\/\/royalpadel.com\/contacto-royal-padel\/"]}]},{"@type":"BreadcrumbList","@id":"https:\/\/royalpadel.com\/contacto-royal-padel\/#breadcrumb","itemListElement":[{"@type":"ListItem","position":1,"name":"Home","item":"https:\/\/royalpadel.com\/"},{"@type":"ListItem","position":2,"name":"Contacto"}]},{"@type":"WebSite","@id":"https:\/\/royalpadel.com\/#website","url":"https:\/\/royalpadel.com\/","name":"Royal Padel","description":"We Are Royal Padel","potentialAction":[{"@type":"SearchAction","target":{"@type":"EntryPoint","urlTemplate":"https:\/\/royalpadel.com\/?s={search_term_string}"},"query-input":{"@type":"PropertyValueSpecification","valueRequired":true,"valueName":"search_term_string"}}],"inLanguage":"en-GB"}]}},"_links":{"self":[{"href":"https:\/\/royalpadel.com\/en\/wp-json\/wp\/v2\/pages\/1491","targetHints":{"allow":["GET"]}}],"collection":[{"href":"https:\/\/royalpadel.com\/en\/wp-json\/wp\/v2\/pages"}],"about":[{"href":"https:\/\/royalpadel.com\/en\/wp-json\/wp\/v2\/types\/page"}],"author":[{"embeddable":true,"href":"https:\/\/royalpadel.com\/en\/wp-json\/wp\/v2\/users\/4"}],"replies":[{"embeddable":true,"href":"https:\/\/royalpadel.com\/en\/wp-json\/wp\/v2\/comments?post=1491"}],"version-history":[{"count":2,"href":"https:\/\/royalpadel.com\/en\/wp-json\/wp\/v2\/pages\/1491\/revisions"}],"predecessor-version":[{"id":7235,"href":"https:\/\/royalpadel.com\/en\/wp-json\/wp\/v2\/pages\/1491\/revisions\/7235"}],"wp:attachment":[{"href":"https:\/\/royalpadel.com\/en\/wp-json\/wp\/v2\/media?parent=1491"}],"curies":[{"name":"wp","href":"https:\/\/api.w.org\/{rel}","templated":true}]}}