{"id":2043,"date":"2020-09-24T09:41:26","date_gmt":"2020-09-24T09:41:26","guid":{"rendered":"https:\/\/royalpadel.com\/?page_id=2043"},"modified":"2022-12-22T08:40:47","modified_gmt":"2022-12-22T08:40:47","slug":"politica-de-privacidad","status":"publish","type":"page","link":"https:\/\/royalpadel.com\/en\/politica-de-privacidad\/","title":{"rendered":"Privacy Policy"},"content":{"rendered":"<p>efecto de lo previsto en la Ley de Protecci\u00f3n de Datos de Car\u00e1cter Personal, informamos al Usuario que sus datos quedan incorporados y son tratados con el fin de prestarle los servicios solicitados y enviarle informaci\u00f3n acerca de nuestra empresa que pueda ser de su inter\u00e9s.<\/p>\r\n\r\n\r\n\r\n<h3 class=\"wp-block-heading\">ENVIO Y REGISTRO DE DATOS DE CAR\u00c1CTER PERSONAL<\/h3>\r\n\r\n\r\n\r\n<p>El env\u00edo de datos de car\u00e1cter personal es obligatorio para contactar y recibir informaci\u00f3n sobre los servicios prestados. Asimismo, el no facilitar los datos personales solicitados o el no aceptar la presente pol\u00edtica de protecci\u00f3n de datos supone la imposibilidad de suscribirse, registrarse o recibir informaci\u00f3n de dichos servicios.<br \/>Le informamos que los datos personales que se obtengan como consecuencia de su env\u00edo de datos personales, ser\u00e1n incorporados a un fichero de nuestra titularidad, teniendo implementadas todas las medidas de seguridad.<\/p>\r\n\r\n\r\n\r\n<h3 class=\"wp-block-heading\">EXACTITUD Y VERACIDAD DE LOS DATOS FACILITADOS<\/h3>\r\n\r\n\r\n\r\n<p>El Usuario que env\u00eda la informaci\u00f3n es el \u00fanico responsable de la veracidad y correcci\u00f3n de los datos incluidos, exoner\u00e1ndose a RoyalPadel de cualquier responsabilidad al respecto.<br \/>Los usuarios garantizan y responden, en cualquier caso, de la exactitud, vigencia y autenticidad de los datos personales facilitados, y se comprometen a mantenerlos debidamente actualizados.<br \/>El usuario acepta proporcionar informaci\u00f3n completa y correcta en el formulario de registro o suscripci\u00f3n.<br \/>RoyalPadel no responde de la veracidad de las informaciones que no sean de elaboraci\u00f3n propia y de las que se indique otra fuente, por lo que tampoco asume responsabilidad alguna en cuanto a hipot\u00e9ticos perjuicios que pudieran originarse por el uso de dicha informaci\u00f3n. Se exonera a RoyalPadel de responsabilidad ante cualquier da\u00f1o o perjuicio que pudiera sufrir el Usuario como consecuencia de errores, defectos u omisiones, en la informaci\u00f3n facilitada por RoyalPadel siempre que proceda de fuentes ajenas a RoyalPadel.<\/p>\r\n\r\n\r\n\r\n<h3 class=\"wp-block-heading\">CESI\u00d3N DE DATOS A TERCEROS<\/h3>\r\n\r\n\r\n\r\n<p>Siempre que el Usuario haya consentido el pertinente tratamiento de datos personales, el Usuario autoriza a RoyalPadel, a ceder sus datos personales a otras empresas del grupo, no cediendo los datos personales a terceras empresas ajenas al mismo. No obstante, en el caso de ser cedidos a alg\u00fan tercero se producir\u00eda una informaci\u00f3n previa solicitando el consentimiento expreso del afectado.<\/p>\r\n\r\n\r\n\r\n<h3 class=\"wp-block-heading\">POL\u00cdTICA DE PRIVACIDAD EN REDES SOCIALES<\/h3>\r\n\r\n\r\n\r\n<p>RoyalPadel informa a los usuarios, que ha procedido a crear una p\u00e1gina en las Redes Sociales con la finalidad de publicitar sus productos y servicios.<br \/>El usuario dispone de un perfil en la misma Red Social y decide libremente unirse a dicha p\u00e1gina por su propio inter\u00e9s en la informaci\u00f3n que se publicite en la Red. El usuario al unirse a esta p\u00e1gina, da su consentimiento para el tratamiento de los datos personales publicados en su perfil. El usuario puede acceder en todo momento a las pol\u00edticas de privacidad de la propia Red Social, as\u00ed como configurar su perfil para garantizar su privacidad. RoyalPadel tiene acceso y trata s\u00f3lo aquella informaci\u00f3n p\u00fablica del usuario, tal como su nombre de contacto. Estos datos, s\u00f3lo son utilizados dentro de la propia Red Social sin ser incorporados a ning\u00fan fichero.<br \/>Los derechos de acceso, rectificaci\u00f3n, cancelaci\u00f3n y oposici\u00f3n, pueden ser ejercitados ante RoyalPadel, teniendo en cuenta que estar\u00e1n definidos por la propia funcionalidad de la Red Social y la capacidad de acceso a la informaci\u00f3n de los perfiles de los usuarios.<\/p>\r\n\r\n\r\n\r\n<p>RoyalPadel solo podr\u00e1 realizar las siguientes actuaciones:<br \/>Acceso a la informaci\u00f3n p\u00fablica del perfil.<br \/>Publicaci\u00f3n en el perfil del usuario de toda aquella informaci\u00f3n ya publicada en la p\u00e1gina de RoyalPadel.<br \/>Enviar mensajes personales e individuales a trav\u00e9s de los canales de la Red Social.<br \/>Actualizar el estado de la p\u00e1gina que se publicar\u00e1 en el perfil del usuario.<br \/>El usuario siempre puede controlar sus conexiones, eliminar los contenidos que dejen de interesarle y restringir con qui\u00e9n comparte sus conexiones, para ello deber\u00e1 acceder a su configuraci\u00f3n de privacidad.<\/p>\r\n\r\n\r\n\r\n<p>\u2013 Publicaciones:<br \/>El usuario, una vez unido a la p\u00e1gina de RoyalPadel, podr\u00e1 publicar en \u00e9sta \u00faltima cualquier tipo de comentario y\/o contenido soportado por la Red Social. El usuario, debe ser titular de los mismos y gozar de los derechos de autor y de propiedad intelectual o contar con el consentimiento de los terceros afectados. Se proh\u00edbe expresamente cualquier publicaci\u00f3n que infrinja la legalidad o los derechos de propiedad intelectual, industrial, de imagen, en cuyo caso, RoyalPadel se reserva el derecho a retirar de inmediato el contenido, pudiendo solicitar el bloqueo permanente del usuario. RoyalPadel no se har\u00e1 responsable de los contenidos publicados por los usuarios. El usuario debe tener presente que sus publicaciones ser\u00e1n conocidas por los otros usuarios, siendo \u00e9l mismo el responsable de su privacidad. Los contenidos publicados en la p\u00e1gina no ser\u00e1n almacenadas en ning\u00fan fichero por parte de RoyalPadel.<br \/>\u2013 Concursos y promociones:<br \/>RoyalPadel se reserva el derecho a realizar concursos y promociones, en los que podr\u00e1 participar el usuario unido a su p\u00e1gina. Las bases de cada uno de ellos, siempre y cuando se utilice para ello la plataforma de la Red Social, ser\u00e1n publicadas en la misma.<br \/>\u2013 Publicidad:<br \/>RoyalPadel podr\u00e1 utilizar la Red Social para publicitar sus productos y\/o servicios, y no se considerar\u00e1 publicidad el hecho de recomendar a otros usuarios la p\u00e1gina de RoyalPadel para que tambi\u00e9n ellos puedan conocer y disfrutar de las promociones o estar informados de su actividad.<br \/>\u2013 Enlaces a las Pol\u00edticas de Privacidad de las Redes Sociales:<br \/>Facebook: https:\/\/www.facebook.com\/help\/323540651073243\/<br \/>Instagram: https:\/\/instagram.com\/about\/legal\/privacy\/<\/p>\r\n\r\n\r\n\r\n<h3 class=\"wp-block-heading\">EJERCICIO DE DERECHOS DE ACCESO, RECTIFICACI\u00d3N, CANCELACI\u00d3N Y OPOSICI\u00d3N<\/h3>\r\n\r\n\r\n\r\n<p>Podr\u00e1 dirigir sus comunicaciones y ejercitar los derechos de acceso, rectificaci\u00f3n, cancelaci\u00f3n y oposici\u00f3n a trav\u00e9s de correo postal en Tucum\u00e1n 1365, (S2200DAA) San Lorenzo, Santa Fe, Arg., o al correo electr\u00f3nico: info@royalsport.com.ar, junto con prueba v\u00e1lida en derecho, como fotocopia del D.N.I. e indicando en el asunto \u201cPROTECCI\u00d3N DE DATOS\u201d.<\/p>\r\n\r\n\r\n\r\n<h3 class=\"wp-block-heading\">ACEPTACI\u00d3N Y CONSENTIMIENTO<\/h3>\r\n\r\n\r\n\r\n<p>El Usuario declara haber sido informado de las condiciones sobre protecci\u00f3n de datos de car\u00e1cter personal, aceptando y consintiendo el tratamiento de los mismos por parte de RoyalPadel, en la forma y para las finalidades indicadas en la presente Pol\u00edtica de Protecci\u00f3n de Datos Personales.<\/p>\r\n\r\n\r\n\r\n<h3 class=\"wp-block-heading\">CAMBIOS EN LA PRESENTE POL\u00cdTICA DE PRIVACIDAD.<\/h3>\r\n\r\n\r\n\r\n<p>RoyalPadel, se reserva el derecho a modificar la presente pol\u00edtica para adaptarla a novedades legislativas o jurisprudenciales as\u00ed como a pr\u00e1cticas de la industria. En dichos supuestos, RoyalPadel, anunciar\u00e1 en esta p\u00e1gina los cambios introducidos con razonable antelaci\u00f3n a su puesta en pr\u00e1ctica.<\/p>","protected":false},"excerpt":{"rendered":"<p>efecto de lo previsto en la Ley de Protecci\u00f3n de Datos de Car\u00e1cter Personal, informamos al Usuario que sus datos quedan incorporados y son tratados con el fin de prestarle los servicios solicitados y enviarle informaci\u00f3n acerca de nuestra empresa que pueda ser de su inter\u00e9s. ENVIO Y REGISTRO DE DATOS DE CAR\u00c1CTER PERSONAL El [&hellip;]<\/p>\n","protected":false},"author":4,"featured_media":0,"parent":0,"menu_order":0,"comment_status":"closed","ping_status":"closed","template":"","meta":{"_acf_changed":false,"om_disable_all_campaigns":false,"inline_featured_image":false,"footnotes":""},"class_list":["post-2043","page","type-page","status-publish","hentry"],"acf":[],"yoast_head":"<!-- This site is optimized with the Yoast SEO plugin v27.4 - https:\/\/yoast.com\/product\/yoast-seo-wordpress\/ -->\n<title>Pol\u00edtica de Privacidad - Royal Padel<\/title>\n<meta name=\"robots\" content=\"index, follow, max-snippet:-1, max-image-preview:large, max-video-preview:-1\" \/>\n<link rel=\"canonical\" href=\"https:\/\/royalpadelcom-9l0c621n31.live-website.com\/politica-de-privacidad\/\" \/>\n<meta property=\"og:locale\" content=\"en_GB\" \/>\n<meta property=\"og:type\" content=\"article\" \/>\n<meta property=\"og:title\" content=\"Pol\u00edtica de Privacidad - Royal Padel\" \/>\n<meta property=\"og:description\" content=\"efecto de lo previsto en la Ley de Protecci\u00f3n de Datos de Car\u00e1cter Personal, informamos al Usuario que sus datos quedan incorporados y son tratados con el fin de prestarle los servicios solicitados y enviarle informaci\u00f3n acerca de nuestra empresa que pueda ser de su inter\u00e9s. ENVIO Y REGISTRO DE DATOS DE CAR\u00c1CTER PERSONAL El [&hellip;]\" \/>\n<meta property=\"og:url\" content=\"https:\/\/royalpadelcom-9l0c621n31.live-website.com\/politica-de-privacidad\/\" \/>\n<meta property=\"og:site_name\" content=\"Royal Padel\" \/>\n<meta property=\"article:modified_time\" content=\"2022-12-22T08:40:47+00:00\" \/>\n<meta name=\"twitter:card\" content=\"summary_large_image\" \/>\n<meta name=\"twitter:label1\" content=\"Estimated reading time\" \/>\n\t<meta name=\"twitter:data1\" content=\"5 minutes\" \/>\n<script type=\"application\/ld+json\" class=\"yoast-schema-graph\">{\"@context\":\"https:\\\/\\\/schema.org\",\"@graph\":[{\"@type\":\"WebPage\",\"@id\":\"https:\\\/\\\/royalpadelcom-9l0c621n31.live-website.com\\\/politica-de-privacidad\\\/\",\"url\":\"https:\\\/\\\/royalpadelcom-9l0c621n31.live-website.com\\\/politica-de-privacidad\\\/\",\"name\":\"Pol\u00edtica de Privacidad - Royal Padel\",\"isPartOf\":{\"@id\":\"https:\\\/\\\/royalpadel.com\\\/#website\"},\"datePublished\":\"2020-09-24T09:41:26+00:00\",\"dateModified\":\"2022-12-22T08:40:47+00:00\",\"breadcrumb\":{\"@id\":\"https:\\\/\\\/royalpadelcom-9l0c621n31.live-website.com\\\/politica-de-privacidad\\\/#breadcrumb\"},\"inLanguage\":\"en-GB\",\"potentialAction\":[{\"@type\":\"ReadAction\",\"target\":[\"https:\\\/\\\/royalpadelcom-9l0c621n31.live-website.com\\\/politica-de-privacidad\\\/\"]}]},{\"@type\":\"BreadcrumbList\",\"@id\":\"https:\\\/\\\/royalpadelcom-9l0c621n31.live-website.com\\\/politica-de-privacidad\\\/#breadcrumb\",\"itemListElement\":[{\"@type\":\"ListItem\",\"position\":1,\"name\":\"Home\",\"item\":\"https:\\\/\\\/royalpadel.com\\\/\"},{\"@type\":\"ListItem\",\"position\":2,\"name\":\"Pol\u00edtica de Privacidad\"}]},{\"@type\":\"WebSite\",\"@id\":\"https:\\\/\\\/royalpadel.com\\\/#website\",\"url\":\"https:\\\/\\\/royalpadel.com\\\/\",\"name\":\"Royal Padel\",\"description\":\"We Are Royal Padel\",\"potentialAction\":[{\"@type\":\"SearchAction\",\"target\":{\"@type\":\"EntryPoint\",\"urlTemplate\":\"https:\\\/\\\/royalpadel.com\\\/?s={search_term_string}\"},\"query-input\":{\"@type\":\"PropertyValueSpecification\",\"valueRequired\":true,\"valueName\":\"search_term_string\"}}],\"inLanguage\":\"en-GB\"}]}<\/script>\n<!-- \/ Yoast SEO plugin. -->","yoast_head_json":{"title":"Pol\u00edtica de Privacidad - Royal Padel","robots":{"index":"index","follow":"follow","max-snippet":"max-snippet:-1","max-image-preview":"max-image-preview:large","max-video-preview":"max-video-preview:-1"},"canonical":"https:\/\/royalpadelcom-9l0c621n31.live-website.com\/politica-de-privacidad\/","og_locale":"en_GB","og_type":"article","og_title":"Pol\u00edtica de Privacidad - Royal Padel","og_description":"efecto de lo previsto en la Ley de Protecci\u00f3n de Datos de Car\u00e1cter Personal, informamos al Usuario que sus datos quedan incorporados y son tratados con el fin de prestarle los servicios solicitados y enviarle informaci\u00f3n acerca de nuestra empresa que pueda ser de su inter\u00e9s. ENVIO Y REGISTRO DE DATOS DE CAR\u00c1CTER PERSONAL El [&hellip;]","og_url":"https:\/\/royalpadelcom-9l0c621n31.live-website.com\/politica-de-privacidad\/","og_site_name":"Royal Padel","article_modified_time":"2022-12-22T08:40:47+00:00","twitter_card":"summary_large_image","twitter_misc":{"Estimated reading time":"5 minutes"},"schema":{"@context":"https:\/\/schema.org","@graph":[{"@type":"WebPage","@id":"https:\/\/royalpadelcom-9l0c621n31.live-website.com\/politica-de-privacidad\/","url":"https:\/\/royalpadelcom-9l0c621n31.live-website.com\/politica-de-privacidad\/","name":"Pol\u00edtica de Privacidad - Royal Padel","isPartOf":{"@id":"https:\/\/royalpadel.com\/#website"},"datePublished":"2020-09-24T09:41:26+00:00","dateModified":"2022-12-22T08:40:47+00:00","breadcrumb":{"@id":"https:\/\/royalpadelcom-9l0c621n31.live-website.com\/politica-de-privacidad\/#breadcrumb"},"inLanguage":"en-GB","potentialAction":[{"@type":"ReadAction","target":["https:\/\/royalpadelcom-9l0c621n31.live-website.com\/politica-de-privacidad\/"]}]},{"@type":"BreadcrumbList","@id":"https:\/\/royalpadelcom-9l0c621n31.live-website.com\/politica-de-privacidad\/#breadcrumb","itemListElement":[{"@type":"ListItem","position":1,"name":"Home","item":"https:\/\/royalpadel.com\/"},{"@type":"ListItem","position":2,"name":"Pol\u00edtica de Privacidad"}]},{"@type":"WebSite","@id":"https:\/\/royalpadel.com\/#website","url":"https:\/\/royalpadel.com\/","name":"Royal Padel","description":"We Are Royal Padel","potentialAction":[{"@type":"SearchAction","target":{"@type":"EntryPoint","urlTemplate":"https:\/\/royalpadel.com\/?s={search_term_string}"},"query-input":{"@type":"PropertyValueSpecification","valueRequired":true,"valueName":"search_term_string"}}],"inLanguage":"en-GB"}]}},"_links":{"self":[{"href":"https:\/\/royalpadel.com\/en\/wp-json\/wp\/v2\/pages\/2043","targetHints":{"allow":["GET"]}}],"collection":[{"href":"https:\/\/royalpadel.com\/en\/wp-json\/wp\/v2\/pages"}],"about":[{"href":"https:\/\/royalpadel.com\/en\/wp-json\/wp\/v2\/types\/page"}],"author":[{"embeddable":true,"href":"https:\/\/royalpadel.com\/en\/wp-json\/wp\/v2\/users\/4"}],"replies":[{"embeddable":true,"href":"https:\/\/royalpadel.com\/en\/wp-json\/wp\/v2\/comments?post=2043"}],"version-history":[{"count":0,"href":"https:\/\/royalpadel.com\/en\/wp-json\/wp\/v2\/pages\/2043\/revisions"}],"wp:attachment":[{"href":"https:\/\/royalpadel.com\/en\/wp-json\/wp\/v2\/media?parent=2043"}],"curies":[{"name":"wp","href":"https:\/\/api.w.org\/{rel}","templated":true}]}}