{"id":2048,"date":"2020-09-24T09:46:56","date_gmt":"2020-09-24T09:46:56","guid":{"rendered":"https:\/\/royalpadel.com\/?page_id=2048"},"modified":"2022-12-22T08:40:39","modified_gmt":"2022-12-22T08:40:39","slug":"terminos-condiciones","status":"publish","type":"page","link":"https:\/\/royalpadel.com\/en\/terminos-condiciones\/","title":{"rendered":"T\u00e9rminos &#038; Condiciones"},"content":{"rendered":"<p>1. El presente cat\u00e1logo es a solo fines informativos. Fotos, Descripciones, Detalles, Links, Precios, Cantidades y Modelos\u00a0<strong>NO SON CONTRACTUALES.<\/strong><\/p>\r\n\r\n\r\n\r\n<p>2. Los Precios est\u00e1n sujetos a variaciones Sin Previo Aviso.<\/p>\r\n\r\n\r\n\r\n<p>3. No nos hacemos responsables por errores tipofr\u00e1ficos en Precios \u00a0y Especificaciones.<\/p>\r\n\r\n\r\n\r\n<p>4. El cat\u00e1logo y las Notas de Pedidos tienen una vigencia limitada. La misma est\u00e1 informada.<\/p>\r\n\r\n\r\n\r\n<p>5. Los Gastos de Env\u00edo son a cargo del Comprador.<\/p>\r\n\r\n\r\n\r\n<p>6. Solamente operamos con personas Mayores de Edad.<\/p>\r\n\r\n\r\n\r\n<p>7. Emitimos Comprobantes Fiscales B o A seg\u00fan la categor\u00eda fiscal del comprador.<\/p>\r\n\r\n\r\n\r\n<p>8. La Nota de Pedido es el documento que utilizamos para que ud. a trav\u00e9s de la misma nos solicite los art\u00edculos deseados.<br \/>Este comprobante es de uso interno para control de Stock de los productos solicitados.<\/p>\r\n\r\n\r\n\r\n<p>9. La operaci\u00f3n se formaliza luego de concretar el Pgo de los productos. En ese caso se procede a Facturar y Enviar los productos.<\/p>\r\n\r\n\r\n\r\n<p>10. No hacemos devoluci\u00f3n del importe abonado. Generamos Nota de Cr\u00e9dito en su Cuenta.<\/p>\r\n\r\n\r\n\r\n<p>11. No realice ning\u00fan pago anticipado, sin tener nuestra confirmaci\u00f3n de la disponibilidad, de el o los productos.<\/p>\r\n\r\n\r\n\r\n<p>12. Las mercader\u00edas viajan por cuenta y orden del comprador.<\/p>\r\n\r\n\r\n\r\n<p>13. Las mercader\u00edas viajan aseguradas contra robos, p\u00e9rdidas o extrav\u00edos, por las empresas de transportes utilizadas.<\/p>\r\n\r\n\r\n\r\n<p>14. Todas las operaciones las realizamos en <em>\u20ac<\/em> (Euros).<\/p>\r\n\r\n\r\n\r\n<p>15. A todos los efectos del presente contrato, las partes constituyen domicilios legales en los informados por el cliente y Royal Padel, donde se tendr\u00e1n por v\u00e1lidas y eficaces todas las notificaciones y se someten a la jurisdicci\u00f3n y competencia de los Tribunales Provinciales de la ciudad de Barcelona, provincia de Catalunya, Espa\u00f1a, con expresa renuncia a cualquier fuero y jurisdicci\u00f3n que pudiera corresponderle, especialmente a la jurisdicci\u00f3n Federal.<\/p>","protected":false},"excerpt":{"rendered":"<p>1. El presente cat\u00e1logo es a solo fines informativos. Fotos, Descripciones, Detalles, Links, Precios, Cantidades y Modelos\u00a0NO SON CONTRACTUALES. 2. Los Precios est\u00e1n sujetos a variaciones Sin Previo Aviso. 3. No nos hacemos responsables por errores tipofr\u00e1ficos en Precios \u00a0y Especificaciones. 4. El cat\u00e1logo y las Notas de Pedidos tienen una vigencia limitada. La misma [&hellip;]<\/p>\n","protected":false},"author":4,"featured_media":0,"parent":0,"menu_order":0,"comment_status":"closed","ping_status":"closed","template":"","meta":{"_acf_changed":false,"om_disable_all_campaigns":false,"inline_featured_image":false,"footnotes":""},"class_list":["post-2048","page","type-page","status-publish","hentry"],"acf":[],"yoast_head":"<!-- This site is optimized with the Yoast SEO plugin v27.4 - https:\/\/yoast.com\/product\/yoast-seo-wordpress\/ -->\n<title>T\u00e9rminos &amp; Condiciones - Royal Padel<\/title>\n<meta name=\"robots\" content=\"index, follow, max-snippet:-1, max-image-preview:large, max-video-preview:-1\" \/>\n<link rel=\"canonical\" href=\"https:\/\/royalpadelcom-9l0c621n31.live-website.com\/terminos-condiciones\/\" \/>\n<meta property=\"og:locale\" content=\"en_GB\" \/>\n<meta property=\"og:type\" content=\"article\" \/>\n<meta property=\"og:title\" content=\"T\u00e9rminos &amp; Condiciones - Royal Padel\" \/>\n<meta property=\"og:description\" content=\"1. El presente cat\u00e1logo es a solo fines informativos. Fotos, Descripciones, Detalles, Links, Precios, Cantidades y Modelos\u00a0NO SON CONTRACTUALES. 2. Los Precios est\u00e1n sujetos a variaciones Sin Previo Aviso. 3. No nos hacemos responsables por errores tipofr\u00e1ficos en Precios \u00a0y Especificaciones. 4. El cat\u00e1logo y las Notas de Pedidos tienen una vigencia limitada. La misma [&hellip;]\" \/>\n<meta property=\"og:url\" content=\"https:\/\/royalpadelcom-9l0c621n31.live-website.com\/terminos-condiciones\/\" \/>\n<meta property=\"og:site_name\" content=\"Royal Padel\" \/>\n<meta property=\"article:modified_time\" content=\"2022-12-22T08:40:39+00:00\" \/>\n<meta name=\"twitter:card\" content=\"summary_large_image\" \/>\n<meta name=\"twitter:label1\" content=\"Estimated reading time\" \/>\n\t<meta name=\"twitter:data1\" content=\"2 minutes\" \/>\n<script type=\"application\/ld+json\" class=\"yoast-schema-graph\">{\"@context\":\"https:\\\/\\\/schema.org\",\"@graph\":[{\"@type\":\"WebPage\",\"@id\":\"https:\\\/\\\/royalpadelcom-9l0c621n31.live-website.com\\\/terminos-condiciones\\\/\",\"url\":\"https:\\\/\\\/royalpadelcom-9l0c621n31.live-website.com\\\/terminos-condiciones\\\/\",\"name\":\"T\u00e9rminos & Condiciones - Royal Padel\",\"isPartOf\":{\"@id\":\"https:\\\/\\\/royalpadel.com\\\/#website\"},\"datePublished\":\"2020-09-24T09:46:56+00:00\",\"dateModified\":\"2022-12-22T08:40:39+00:00\",\"breadcrumb\":{\"@id\":\"https:\\\/\\\/royalpadelcom-9l0c621n31.live-website.com\\\/terminos-condiciones\\\/#breadcrumb\"},\"inLanguage\":\"en-GB\",\"potentialAction\":[{\"@type\":\"ReadAction\",\"target\":[\"https:\\\/\\\/royalpadelcom-9l0c621n31.live-website.com\\\/terminos-condiciones\\\/\"]}]},{\"@type\":\"BreadcrumbList\",\"@id\":\"https:\\\/\\\/royalpadelcom-9l0c621n31.live-website.com\\\/terminos-condiciones\\\/#breadcrumb\",\"itemListElement\":[{\"@type\":\"ListItem\",\"position\":1,\"name\":\"Home\",\"item\":\"https:\\\/\\\/royalpadel.com\\\/\"},{\"@type\":\"ListItem\",\"position\":2,\"name\":\"T\u00e9rminos &#038; Condiciones\"}]},{\"@type\":\"WebSite\",\"@id\":\"https:\\\/\\\/royalpadel.com\\\/#website\",\"url\":\"https:\\\/\\\/royalpadel.com\\\/\",\"name\":\"Royal Padel\",\"description\":\"We Are Royal Padel\",\"potentialAction\":[{\"@type\":\"SearchAction\",\"target\":{\"@type\":\"EntryPoint\",\"urlTemplate\":\"https:\\\/\\\/royalpadel.com\\\/?s={search_term_string}\"},\"query-input\":{\"@type\":\"PropertyValueSpecification\",\"valueRequired\":true,\"valueName\":\"search_term_string\"}}],\"inLanguage\":\"en-GB\"}]}<\/script>\n<!-- \/ Yoast SEO plugin. -->","yoast_head_json":{"title":"T\u00e9rminos & Condiciones - Royal Padel","robots":{"index":"index","follow":"follow","max-snippet":"max-snippet:-1","max-image-preview":"max-image-preview:large","max-video-preview":"max-video-preview:-1"},"canonical":"https:\/\/royalpadelcom-9l0c621n31.live-website.com\/terminos-condiciones\/","og_locale":"en_GB","og_type":"article","og_title":"T\u00e9rminos & Condiciones - Royal Padel","og_description":"1. El presente cat\u00e1logo es a solo fines informativos. Fotos, Descripciones, Detalles, Links, Precios, Cantidades y Modelos\u00a0NO SON CONTRACTUALES. 2. Los Precios est\u00e1n sujetos a variaciones Sin Previo Aviso. 3. No nos hacemos responsables por errores tipofr\u00e1ficos en Precios \u00a0y Especificaciones. 4. El cat\u00e1logo y las Notas de Pedidos tienen una vigencia limitada. La misma [&hellip;]","og_url":"https:\/\/royalpadelcom-9l0c621n31.live-website.com\/terminos-condiciones\/","og_site_name":"Royal Padel","article_modified_time":"2022-12-22T08:40:39+00:00","twitter_card":"summary_large_image","twitter_misc":{"Estimated reading time":"2 minutes"},"schema":{"@context":"https:\/\/schema.org","@graph":[{"@type":"WebPage","@id":"https:\/\/royalpadelcom-9l0c621n31.live-website.com\/terminos-condiciones\/","url":"https:\/\/royalpadelcom-9l0c621n31.live-website.com\/terminos-condiciones\/","name":"T\u00e9rminos & Condiciones - Royal Padel","isPartOf":{"@id":"https:\/\/royalpadel.com\/#website"},"datePublished":"2020-09-24T09:46:56+00:00","dateModified":"2022-12-22T08:40:39+00:00","breadcrumb":{"@id":"https:\/\/royalpadelcom-9l0c621n31.live-website.com\/terminos-condiciones\/#breadcrumb"},"inLanguage":"en-GB","potentialAction":[{"@type":"ReadAction","target":["https:\/\/royalpadelcom-9l0c621n31.live-website.com\/terminos-condiciones\/"]}]},{"@type":"BreadcrumbList","@id":"https:\/\/royalpadelcom-9l0c621n31.live-website.com\/terminos-condiciones\/#breadcrumb","itemListElement":[{"@type":"ListItem","position":1,"name":"Home","item":"https:\/\/royalpadel.com\/"},{"@type":"ListItem","position":2,"name":"T\u00e9rminos &#038; Condiciones"}]},{"@type":"WebSite","@id":"https:\/\/royalpadel.com\/#website","url":"https:\/\/royalpadel.com\/","name":"Royal Padel","description":"We Are Royal Padel","potentialAction":[{"@type":"SearchAction","target":{"@type":"EntryPoint","urlTemplate":"https:\/\/royalpadel.com\/?s={search_term_string}"},"query-input":{"@type":"PropertyValueSpecification","valueRequired":true,"valueName":"search_term_string"}}],"inLanguage":"en-GB"}]}},"_links":{"self":[{"href":"https:\/\/royalpadel.com\/en\/wp-json\/wp\/v2\/pages\/2048","targetHints":{"allow":["GET"]}}],"collection":[{"href":"https:\/\/royalpadel.com\/en\/wp-json\/wp\/v2\/pages"}],"about":[{"href":"https:\/\/royalpadel.com\/en\/wp-json\/wp\/v2\/types\/page"}],"author":[{"embeddable":true,"href":"https:\/\/royalpadel.com\/en\/wp-json\/wp\/v2\/users\/4"}],"replies":[{"embeddable":true,"href":"https:\/\/royalpadel.com\/en\/wp-json\/wp\/v2\/comments?post=2048"}],"version-history":[{"count":0,"href":"https:\/\/royalpadel.com\/en\/wp-json\/wp\/v2\/pages\/2048\/revisions"}],"wp:attachment":[{"href":"https:\/\/royalpadel.com\/en\/wp-json\/wp\/v2\/media?parent=2048"}],"curies":[{"name":"wp","href":"https:\/\/api.w.org\/{rel}","templated":true}]}}