{"id":2262,"date":"2020-10-05T12:37:40","date_gmt":"2020-10-05T12:37:40","guid":{"rendered":"https:\/\/royalpadel.com\/?page_id=2262"},"modified":"2022-12-22T08:35:58","modified_gmt":"2022-12-22T08:35:58","slug":"fabricacion-de-las-palas-royal-padel","status":"publish","type":"page","link":"https:\/\/royalpadel.com\/en\/fabricacion-de-las-palas-royal-padel\/","title":{"rendered":"Royal Padel Rackets Manufacture"},"content":{"rendered":"<section id=\"hero-creation\" class=\"vc_section hero pt-0\"><div class=\"container-xxl\"><div class=\"row\"><div class=\"col-sm-12\"><div class=\"vc_column-inner\"><div class=\"wpb_wrapper\"><div class=\"video-lightbox\" id=\"\">\r\n                    <div class=\"picture\"><img loading=\"lazy\" decoding=\"async\" width=\"2560\" height=\"1015\" src=\"https:\/\/royalpadel.com\/wp-content\/uploads\/2022\/12\/Palas-Creation-scaled.jpg\" class=\"attachment-full size-full\" alt=\"\" srcset=\"https:\/\/royalpadel.com\/wp-content\/uploads\/2022\/12\/Palas-Creation-scaled.jpg 2560w, https:\/\/royalpadel.com\/wp-content\/uploads\/2022\/12\/Palas-Creation-scaled-640x254.jpg 640w, https:\/\/royalpadel.com\/wp-content\/uploads\/2022\/12\/Palas-Creation-300x119.jpg 300w, https:\/\/royalpadel.com\/wp-content\/uploads\/2022\/12\/Palas-Creation-1024x406.jpg 1024w, https:\/\/royalpadel.com\/wp-content\/uploads\/2022\/12\/Palas-Creation-768x304.jpg 768w, https:\/\/royalpadel.com\/wp-content\/uploads\/2022\/12\/Palas-Creation-1536x609.jpg 1536w, https:\/\/royalpadel.com\/wp-content\/uploads\/2022\/12\/Palas-Creation-2048x812.jpg 2048w, https:\/\/royalpadel.com\/wp-content\/uploads\/2022\/12\/Palas-Creation-18x7.jpg 18w, https:\/\/royalpadel.com\/wp-content\/uploads\/2022\/12\/Palas-Creation-48x19.jpg 48w, https:\/\/royalpadel.com\/wp-content\/uploads\/2022\/12\/Palas-Creation-282x112.jpg 282w, https:\/\/royalpadel.com\/wp-content\/uploads\/2022\/12\/Palas-Creation-590x234.jpg 590w\" sizes=\"auto, (max-width: 2560px) 100vw, 2560px\" \/><\/div>\r\n                    <div class=\"description\"><\/div><a class=\"btn-play\" href=\"https:\/\/royalpadel.com\/wp-content\/uploads\/2020\/10\/VID-20201019-WA0012.mp4\" data-remote=\"https:\/\/royalpadel.com\/wp-content\/uploads\/2020\/10\/VID-20201019-WA0012.mp4\" data-toggle=\"lightbox\"><\/a>\r\n                  <\/div><\/div><\/div><\/div><\/div><\/div><\/section><section class=\"vc_section\"><div class=\"container-xxl\"><div class=\"row g-xl\"><div class=\"col-sm-6\"><div class=\"vc_column-inner\"><div class=\"wpb_wrapper\"><h1  class=\"vc_custom_heading\" >HANDMADE RACKETS, WITH THE BEST MATERIALS<\/h1><\/div><\/div><\/div><div class=\"col-sm-6\"><div class=\"vc_column-inner\"><div class=\"wpb_wrapper\">\n\t<div  class=\"wpb_single_image wpb_content_element vc_align_left wpb_content_element\">\n\t\t\n\t\t<figure class=\"wpb_wrapper vc_figure\">\n\t\t\t<div class=\"vc_single_image-wrapper   vc_box_border_grey\"><img loading=\"lazy\" decoding=\"async\" width=\"613\" height=\"234\" src=\"https:\/\/royalpadel.com\/wp-content\/uploads\/2022\/12\/Pala-Materiales-613x234.jpg\" class=\"vc_single_image-img attachment-creation\" alt=\"\" title=\"Pala-Materiales\" srcset=\"https:\/\/royalpadel.com\/wp-content\/uploads\/2022\/12\/Pala-Materiales-613x234.jpg 613w, https:\/\/royalpadel.com\/wp-content\/uploads\/2022\/12\/Pala-Materiales-640x244.jpg 640w, https:\/\/royalpadel.com\/wp-content\/uploads\/2022\/12\/Pala-Materiales-300x114.jpg 300w, https:\/\/royalpadel.com\/wp-content\/uploads\/2022\/12\/Pala-Materiales-1024x391.jpg 1024w, https:\/\/royalpadel.com\/wp-content\/uploads\/2022\/12\/Pala-Materiales-768x293.jpg 768w, https:\/\/royalpadel.com\/wp-content\/uploads\/2022\/12\/Pala-Materiales-18x7.jpg 18w, https:\/\/royalpadel.com\/wp-content\/uploads\/2022\/12\/Pala-Materiales-48x18.jpg 48w, https:\/\/royalpadel.com\/wp-content\/uploads\/2022\/12\/Pala-Materiales-282x108.jpg 282w, https:\/\/royalpadel.com\/wp-content\/uploads\/2022\/12\/Pala-Materiales.jpg 1232w\" sizes=\"auto, (max-width: 613px) 100vw, 613px\" \/><\/div>\n\t\t<\/figure>\n\t<\/div>\n<\/div><\/div><\/div><\/div><\/div><\/section><section class=\"vc_section\"><div class=\"container-xxl\"><div class=\"row creation-features-row\"><div class=\"col-sm-4\"><div class=\"vc_column-inner\"><div class=\"wpb_wrapper\"><h2  class=\"vc_custom_heading h3\" >CARBON<\/h2>\n\t<div class=\"wpb_text_column wpb_content_element\" >\n\t\t<div class=\"wpb_wrapper\">\n\t\t\t<p>It is the essence of particulate graphite. We apply the highest quality of carbon to the materials achieving excellent results with respect to resistance and take-off. All our frames are made of carbon.<\/p>\n\n\t\t<\/div>\n\t<\/div>\n<\/div><\/div><\/div><div class=\"col-sm-4\"><div class=\"vc_column-inner\"><div class=\"wpb_wrapper\"><h2  class=\"vc_custom_heading h3\" >FIBERGLASS<\/h2>\n\t<div class=\"wpb_text_column wpb_content_element\" >\n\t\t<div class=\"wpb_wrapper\">\n\t\t\t<p>It is the most commonly used material in the construction of blades. It is used on the impact surface of the blade as it is flexible and offers good resistance. It is applied in layers of different weights, according to the characteristics of each paddle.<\/p>\n\n\t\t<\/div>\n\t<\/div>\n<\/div><\/div><\/div><div class=\"col-sm-4\"><div class=\"vc_column-inner\"><div class=\"wpb_wrapper\"><h2  class=\"vc_custom_heading h3\" >EPOXY<\/h2>\n\t<div class=\"wpb_text_column wpb_content_element\" >\n\t\t<div class=\"wpb_wrapper\">\n\t\t\t<p>It is a liquid and dense resin formed by composites used for the compact formation of all the fibers. It is applied on all the layers that make up the blade, before being exposed to heat.<\/p>\n\n\t\t<\/div>\n\t<\/div>\n<\/div><\/div><\/div><div class=\"col-sm-4\"><div class=\"vc_column-inner\"><div class=\"wpb_wrapper\"><h2  class=\"vc_custom_heading h3\" >COMPOSITE<br \/>\n<\/h2>\n\t<div class=\"wpb_text_column wpb_content_element\" >\n\t\t<div class=\"wpb_wrapper\">\n\t\t\t<p>These are different types of resins that are melted to strengthen the blade structure. The qualities of the composite can vary depending on the resins applied. Some are more resistant than others.<\/p>\n\n\t\t<\/div>\n\t<\/div>\n<\/div><\/div><\/div><div class=\"col-sm-4\"><div class=\"vc_column-inner\"><div class=\"wpb_wrapper\"><h2  class=\"vc_custom_heading h3\" >GOMA E.V.A<\/h2>\n\t<div class=\"wpb_text_column wpb_content_element\" >\n\t\t<div class=\"wpb_wrapper\">\n\t\t\t<p>Its main property is shock absorption. It is composed of latex, which is a resin extracted from plants. Its virtues in a racket are the flexion on impact with the ball, the different sensations of stroke, its power and control.<\/p>\n\n\t\t<\/div>\n\t<\/div>\n<\/div><\/div><\/div><div class=\"col-sm-4\"><div class=\"vc_column-inner\"><div class=\"wpb_wrapper\"><h2  class=\"vc_custom_heading h3\" >FOAM<br \/>\n<\/h2>\n\t<div class=\"wpb_text_column wpb_content_element\" >\n\t\t<div class=\"wpb_wrapper\">\n\t\t\t<p>It is the colloquial term given to the synthetic resin obtained by condensation of polyester of different types. It is characterized by its low density. It occupies a predominant place in paddle blades, with very good results.<\/p>\n\n\t\t<\/div>\n\t<\/div>\n<\/div><\/div><\/div><\/div><\/div><\/section>","protected":false},"excerpt":{"rendered":"PALAS HECHAS A MANO, CON LOS MEJORES MATERIALES CARBONO Es la esencia del grafito en part\u00edculas. Aplicamos la m\u00e1s alta calidad del carbono a los materiales consiguiendo excelentes resultados con respecto a resistencia y despegue. Todos nuestros marcos est\u00e1n realizados en carbono. FIBRA DE VIDRIO Es el material m\u00e1s utilizado en la construcci\u00f3n de las [...]","protected":false},"author":4,"featured_media":0,"parent":0,"menu_order":0,"comment_status":"closed","ping_status":"closed","template":"page-vc.php","meta":{"_acf_changed":false,"om_disable_all_campaigns":false,"inline_featured_image":false,"footnotes":""},"class_list":["post-2262","page","type-page","status-publish","hentry"],"acf":[],"yoast_head":"<!-- This site is optimized with the Yoast SEO plugin v27.4 - https:\/\/yoast.com\/product\/yoast-seo-wordpress\/ -->\n<title>Fabricaci\u00f3n De Las Palas Royal Padel - Royal Padel<\/title>\n<meta name=\"description\" content=\"El proceso de fabricaci\u00f3n de las palas Royal Padel es algo de que estamos muy ogullosos aqui en Royal Padel. Trabajamos dia a dia para crear las mejores palas posibles. Cada pala esta fabricada a mano y con nuestro sistema Shock Absortion incorporado en cada una.\" \/>\n<meta name=\"robots\" content=\"index, follow, max-snippet:-1, max-image-preview:large, max-video-preview:-1\" \/>\n<link rel=\"canonical\" href=\"https:\/\/royalpadelcom-9l0c621n31.live-website.com\/fabricacion-de-las-palas-royal-padel\/\" \/>\n<meta property=\"og:locale\" content=\"en_GB\" \/>\n<meta property=\"og:type\" content=\"article\" \/>\n<meta property=\"og:title\" content=\"Fabricaci\u00f3n De Las Palas Royal Padel - Royal Padel\" \/>\n<meta property=\"og:description\" content=\"El proceso de fabricaci\u00f3n de las palas Royal Padel es algo de que estamos muy ogullosos aqui en Royal Padel. Trabajamos dia a dia para crear las mejores palas posibles. Cada pala esta fabricada a mano y con nuestro sistema Shock Absortion incorporado en cada una.\" \/>\n<meta property=\"og:url\" content=\"https:\/\/royalpadelcom-9l0c621n31.live-website.com\/fabricacion-de-las-palas-royal-padel\/\" \/>\n<meta property=\"og:site_name\" content=\"Royal Padel\" \/>\n<meta property=\"article:modified_time\" content=\"2022-12-22T08:35:58+00:00\" \/>\n<meta name=\"twitter:card\" content=\"summary_large_image\" \/>\n<meta name=\"twitter:label1\" content=\"Estimated reading time\" \/>\n\t<meta name=\"twitter:data1\" content=\"2 minutes\" \/>\n<script type=\"application\/ld+json\" class=\"yoast-schema-graph\">{\"@context\":\"https:\\\/\\\/schema.org\",\"@graph\":[{\"@type\":\"WebPage\",\"@id\":\"https:\\\/\\\/royalpadelcom-9l0c621n31.live-website.com\\\/fabricacion-de-las-palas-royal-padel\\\/\",\"url\":\"https:\\\/\\\/royalpadelcom-9l0c621n31.live-website.com\\\/fabricacion-de-las-palas-royal-padel\\\/\",\"name\":\"Fabricaci\u00f3n De Las Palas Royal Padel - Royal Padel\",\"isPartOf\":{\"@id\":\"https:\\\/\\\/royalpadel.com\\\/#website\"},\"datePublished\":\"2020-10-05T12:37:40+00:00\",\"dateModified\":\"2022-12-22T08:35:58+00:00\",\"description\":\"El proceso de fabricaci\u00f3n de las palas Royal Padel es algo de que estamos muy ogullosos aqui en Royal Padel. Trabajamos dia a dia para crear las mejores palas posibles. Cada pala esta fabricada a mano y con nuestro sistema Shock Absortion incorporado en cada una.\",\"breadcrumb\":{\"@id\":\"https:\\\/\\\/royalpadelcom-9l0c621n31.live-website.com\\\/fabricacion-de-las-palas-royal-padel\\\/#breadcrumb\"},\"inLanguage\":\"en-GB\",\"potentialAction\":[{\"@type\":\"ReadAction\",\"target\":[\"https:\\\/\\\/royalpadelcom-9l0c621n31.live-website.com\\\/fabricacion-de-las-palas-royal-padel\\\/\"]}]},{\"@type\":\"BreadcrumbList\",\"@id\":\"https:\\\/\\\/royalpadelcom-9l0c621n31.live-website.com\\\/fabricacion-de-las-palas-royal-padel\\\/#breadcrumb\",\"itemListElement\":[{\"@type\":\"ListItem\",\"position\":1,\"name\":\"Home\",\"item\":\"https:\\\/\\\/royalpadel.com\\\/\"},{\"@type\":\"ListItem\",\"position\":2,\"name\":\"Fabricaci\u00f3n De Las Palas Royal Padel\"}]},{\"@type\":\"WebSite\",\"@id\":\"https:\\\/\\\/royalpadel.com\\\/#website\",\"url\":\"https:\\\/\\\/royalpadel.com\\\/\",\"name\":\"Royal Padel\",\"description\":\"We Are Royal Padel\",\"potentialAction\":[{\"@type\":\"SearchAction\",\"target\":{\"@type\":\"EntryPoint\",\"urlTemplate\":\"https:\\\/\\\/royalpadel.com\\\/?s={search_term_string}\"},\"query-input\":{\"@type\":\"PropertyValueSpecification\",\"valueRequired\":true,\"valueName\":\"search_term_string\"}}],\"inLanguage\":\"en-GB\"}]}<\/script>\n<!-- \/ Yoast SEO plugin. -->","yoast_head_json":{"title":"Fabricaci\u00f3n De Las Palas Royal Padel - Royal Padel","description":"El proceso de fabricaci\u00f3n de las palas Royal Padel es algo de que estamos muy ogullosos aqui en Royal Padel. Trabajamos dia a dia para crear las mejores palas posibles. Cada pala esta fabricada a mano y con nuestro sistema Shock Absortion incorporado en cada una.","robots":{"index":"index","follow":"follow","max-snippet":"max-snippet:-1","max-image-preview":"max-image-preview:large","max-video-preview":"max-video-preview:-1"},"canonical":"https:\/\/royalpadelcom-9l0c621n31.live-website.com\/fabricacion-de-las-palas-royal-padel\/","og_locale":"en_GB","og_type":"article","og_title":"Fabricaci\u00f3n De Las Palas Royal Padel - Royal Padel","og_description":"El proceso de fabricaci\u00f3n de las palas Royal Padel es algo de que estamos muy ogullosos aqui en Royal Padel. Trabajamos dia a dia para crear las mejores palas posibles. Cada pala esta fabricada a mano y con nuestro sistema Shock Absortion incorporado en cada una.","og_url":"https:\/\/royalpadelcom-9l0c621n31.live-website.com\/fabricacion-de-las-palas-royal-padel\/","og_site_name":"Royal Padel","article_modified_time":"2022-12-22T08:35:58+00:00","twitter_card":"summary_large_image","twitter_misc":{"Estimated reading time":"2 minutes"},"schema":{"@context":"https:\/\/schema.org","@graph":[{"@type":"WebPage","@id":"https:\/\/royalpadelcom-9l0c621n31.live-website.com\/fabricacion-de-las-palas-royal-padel\/","url":"https:\/\/royalpadelcom-9l0c621n31.live-website.com\/fabricacion-de-las-palas-royal-padel\/","name":"Fabricaci\u00f3n De Las Palas Royal Padel - Royal Padel","isPartOf":{"@id":"https:\/\/royalpadel.com\/#website"},"datePublished":"2020-10-05T12:37:40+00:00","dateModified":"2022-12-22T08:35:58+00:00","description":"El proceso de fabricaci\u00f3n de las palas Royal Padel es algo de que estamos muy ogullosos aqui en Royal Padel. Trabajamos dia a dia para crear las mejores palas posibles. Cada pala esta fabricada a mano y con nuestro sistema Shock Absortion incorporado en cada una.","breadcrumb":{"@id":"https:\/\/royalpadelcom-9l0c621n31.live-website.com\/fabricacion-de-las-palas-royal-padel\/#breadcrumb"},"inLanguage":"en-GB","potentialAction":[{"@type":"ReadAction","target":["https:\/\/royalpadelcom-9l0c621n31.live-website.com\/fabricacion-de-las-palas-royal-padel\/"]}]},{"@type":"BreadcrumbList","@id":"https:\/\/royalpadelcom-9l0c621n31.live-website.com\/fabricacion-de-las-palas-royal-padel\/#breadcrumb","itemListElement":[{"@type":"ListItem","position":1,"name":"Home","item":"https:\/\/royalpadel.com\/"},{"@type":"ListItem","position":2,"name":"Fabricaci\u00f3n De Las Palas Royal Padel"}]},{"@type":"WebSite","@id":"https:\/\/royalpadel.com\/#website","url":"https:\/\/royalpadel.com\/","name":"Royal Padel","description":"We Are Royal Padel","potentialAction":[{"@type":"SearchAction","target":{"@type":"EntryPoint","urlTemplate":"https:\/\/royalpadel.com\/?s={search_term_string}"},"query-input":{"@type":"PropertyValueSpecification","valueRequired":true,"valueName":"search_term_string"}}],"inLanguage":"en-GB"}]}},"_links":{"self":[{"href":"https:\/\/royalpadel.com\/en\/wp-json\/wp\/v2\/pages\/2262","targetHints":{"allow":["GET"]}}],"collection":[{"href":"https:\/\/royalpadel.com\/en\/wp-json\/wp\/v2\/pages"}],"about":[{"href":"https:\/\/royalpadel.com\/en\/wp-json\/wp\/v2\/types\/page"}],"author":[{"embeddable":true,"href":"https:\/\/royalpadel.com\/en\/wp-json\/wp\/v2\/users\/4"}],"replies":[{"embeddable":true,"href":"https:\/\/royalpadel.com\/en\/wp-json\/wp\/v2\/comments?post=2262"}],"version-history":[{"count":0,"href":"https:\/\/royalpadel.com\/en\/wp-json\/wp\/v2\/pages\/2262\/revisions"}],"wp:attachment":[{"href":"https:\/\/royalpadel.com\/en\/wp-json\/wp\/v2\/media?parent=2262"}],"curies":[{"name":"wp","href":"https:\/\/api.w.org\/{rel}","templated":true}]}}