{"id":2896,"date":"2020-12-01T21:43:10","date_gmt":"2020-12-01T21:43:10","guid":{"rendered":"https:\/\/royalpadel.com\/?page_id=2896"},"modified":"2025-05-29T15:12:06","modified_gmt":"2025-05-29T15:12:06","slug":"aviso-legal","status":"publish","type":"page","link":"https:\/\/royalpadel.com\/en\/aviso-legal\/","title":{"rendered":"Legal Notice"},"content":{"rendered":"<p>En cumplimiento del art\u00edculo 10 de la Ley 34\/2002, de 11 de julio, de Servicios de la Sociedad de la Informaci\u00f3n y Comercio Electr\u00f3nico (LSSICE) a continuaci\u00f3n se detallan los datos identificativos de la empresa:<\/p>\r\n\r\n\r\n\r\n<p>Raz\u00f3n social: <strong>Royal Padel Sportsystems Sl<\/strong><\/p>\r\n\r\n\r\n\r\n<p>NIF: <strong>B63362529<\/strong><\/p>\r\n\r\n\r\n\r\n<p>Direcci\u00f3n: Av. De Josep Vincen\u00e7 Foix, 92. Barcelona 08034<\/p>\r\n\r\n\r\n\r\n<p>Email: info@royalpadel.com<\/p>\r\n\r\n\r\n\r\n<p><strong>INSCRIPCI\u00d3N REGISTRAL.<\/strong><\/p>\r\n\r\n\r\n\r\n<p>Inscrita en el Registro Mercantil de Madrid, Tomo: 25.167, Folio: 66, Hoja: B-18.713, Inscripci\u00f3n 1\u00aa.<\/p>\r\n\r\n\r\n\r\n<p><strong>FINALIDAD DE LA P\u00c1GINA WEB.<\/strong><\/p>\r\n\r\n\r\n\r\n<p>La finalidad de la p\u00e1gina web, es dar a conocer los productos y servicios proporcionados por las empresas del propio grupo, as\u00ed como la comercializaci\u00f3n de sus productos para el deporte.<\/p>\r\n\r\n\r\n\r\n<p>El presente aviso legal (en adelante, el &#8220;Aviso Legal&#8221;) regula el uso del sitio web: www.royalpadel.com<\/p>\r\n\r\n\r\n\r\n<p><strong>LEGISLACI\u00d3N.<\/strong><\/p>\r\n\r\n\r\n\r\n<p>Con car\u00e1cter general las relaciones entre <strong>Royal Padel Sportsystems Sl<\/strong> con los Usuarios de sus servicios telem\u00e1ticos, presentes en este sitio web, se encuentran sometidas a la legislaci\u00f3n y jurisdicci\u00f3n espa\u00f1olas.<\/p>\r\n\r\n\r\n\r\n<p><strong>USO Y ACCESO DE USUARIOS.<\/strong><\/p>\r\n\r\n\r\n\r\n<p>El Usuario queda informado, y acepta, que el acceso a la presente web no supone, en modo alguno, el inicio de una relaci\u00f3n comercial con <strong>Royal Padel Sportsystems Sl<\/strong> o cualquiera de sus delegaciones.<\/p>\r\n\r\n\r\n\r\n<p><strong>PROPIEDAD INTELECTUAL E INDUSTRIAL.<\/strong><\/p>\r\n\r\n\r\n\r\n<p>Los derechos de propiedad intelectual del contenido de las p\u00e1ginas web, su dise\u00f1o gr\u00e1fico y c\u00f3digos son titularidad de <strong>Royal Padel Sportsystems Sl<\/strong>, y por tanto, queda prohibida su reproducci\u00f3n, distribuci\u00f3n, comunicaci\u00f3n p\u00fablica, transformaci\u00f3n o cualquier otra actividad que se pueda realizar con los contenidos de sus p\u00e1ginas web ni aun citando las fuentes, salvo consentimiento por escrito de <strong>Royal Padel Sportsystems Sl<\/strong>.<\/p>\r\n\r\n\r\n\r\n<p><strong>CONTENIDO DE LA WEB Y ENLACES (LINKS).<\/strong><\/p>\r\n\r\n\r\n\r\n<p><strong>Royal Padel Sportsystems Sl<\/strong> se reserva el derecho a actualizar, modificar o eliminar la informaci\u00f3n contenida en sus p\u00e1ginas web pudiendo incluso limitar o no permitir el acceso a dicha informaci\u00f3n a ciertos usuarios.<\/p>\r\n\r\n\r\n\r\n<p><strong>Royal Padel Sportsystems Sl<\/strong> no asume responsabilidad alguna por la informaci\u00f3n contenida en p\u00e1ginas web de terceros a las que se pueda acceder por &#8220;links&#8221; o enlaces desde cualquier p\u00e1gina web propiedad de <strong>Royal Padel Sportsystems Sl<\/strong>. La presencia de &#8220;links&#8221; o enlaces en las p\u00e1ginas web de <strong>Royal Padel Sportsystems Sl<\/strong> tiene finalidad meramente informativa y en ning\u00fan caso supone sugerencia, invitaci\u00f3n o recomendaci\u00f3n sobre los mismos.<\/p>\r\n\r\n\r\n\r\n<p><strong>POL\u00cdTICA DE COOKIES.<\/strong><\/p>\r\n\r\n\r\n\r\n<p><strong>Royal Padel Sportsystems Sl<\/strong>, a trav\u00e9s del presente documento, recoge su Pol\u00edtica de tratamiento de cookies, en cumplimiento de lo dispuesto en el art\u00edculo 22.2 de la Ley 34\/2002, de 11 de julio, de Servicios de la Sociedad de la Informaci\u00f3n y de Comercio Electr\u00f3nico (LSSICE).<\/p>\r\n\r\n\r\n\r\n<p>Las cookies se almacenan en el equipo terminal del usuario (ordenador o dispositivo m\u00f3vil) y recopilan informaci\u00f3n al visitar la p\u00e1gina web www.royalpadel.com, con la finalidad de mejorar la usabilidad de las mismas, conocer los h\u00e1bitos o necesidades de navegaci\u00f3n de los usuarios para poder adaptarse a los mismos, as\u00ed como obtener informaci\u00f3n con fines estad\u00edsticos. En el caso de aquellos usuarios que ya sean clientes de <strong>Royal Padel Sportsystems Sl<\/strong>, la informaci\u00f3n recabada con las cookies servir\u00e1 tambi\u00e9n para su identificaci\u00f3n al acceder a las distintas herramientas que <strong>Royal Padel Sportsystems Sl<\/strong> pone a su disposici\u00f3n para la gesti\u00f3n de los servicios.<\/p>\r\n\r\n\r\n\r\n<p>La presente Pol\u00edtica de Cookies ser\u00e1 de aplicaci\u00f3n a aquellos usuarios que voluntariamente visitan las p\u00e1ginas web de<strong>Royal Padel Sportsystems Sl<\/strong>, cumplimentan formularios de recogida de datos, acceden a las herramientas que <strong>Royal Padel Sportsystems Sl<\/strong> pone a disposici\u00f3n de sus clientes para gestionar sus servicios, o utilizan cualquier otro servicio presente en el sitio web que implique la comunicaci\u00f3n de datos a <strong>Royal Padel Sportsystems Sl<\/strong>, o el acceso a datos por <strong>Royal Padel Sportsystems Sl<\/strong>, para la prestaci\u00f3n de sus servicios.<\/p>\r\n\r\n\r\n\r\n<p><strong>Royal Padel Sportsystems Sl<\/strong> informa a los usuarios de sus p\u00e1ginas web, de la existencia de cookies y pone a su disposici\u00f3n la presente Pol\u00edtica con la finalidad de informarles acerca del uso y del objeto de las mismas. El hecho de continuar la navegaci\u00f3n a trav\u00e9s de sus p\u00e1ginas, supone el conocimiento y la aceptaci\u00f3n de la presente Pol\u00edtica por parte de dichos usuarios.<\/p>\r\n\r\n\r\n\r\n<p><strong>Royal Padel Sportsystems Sl<\/strong> utiliza los siguientes tipos de cookies:<\/p>\r\n\r\n\r\n\r\n<p>Clasificadas por su titularidad:<\/p>\r\n\r\n\r\n\r\n<p>* Cookies propias: enviadas y gestionadas directamente por <strong>Royal Padel Sportsystems Sl<\/strong>.<\/p>\r\n\r\n\r\n\r\n<p>* Cookies de terceros: enviadas y gestionadas por un tercero ajeno a <strong>Royal Padel Sportsystems Sl<\/strong>, de forma an\u00f3nima, con la finalidad de realizar estudios estad\u00edsticos de navegaci\u00f3n por las p\u00e1ginas web de <strong>Royal Padel Sportsystems Sl<\/strong>.<\/p>\r\n\r\n\r\n\r\n<p>Clasificadas por su finalidad:<\/p>\r\n\r\n\r\n\r\n<p>* Cookies t\u00e9cnicas y\/o de personalizaci\u00f3n: facilitan la navegaci\u00f3n, al identificar la sesi\u00f3n, permitir el acceso a herramientas de acceso restringido, adem\u00e1s de configurar a medida las opciones disponibles. Posibilitan la prestaci\u00f3n del servicio solicitado previamente por el usuario.<\/p>\r\n\r\n\r\n\r\n<p>* Cookies de an\u00e1lisis y\/o publicidad: permiten conocer el n\u00famero de visitas recibidas en las diferentes secciones de las p\u00e1ginas web, los h\u00e1bitos y tendencias de sus usuarios y en consecuencia, poder mejorar la navegaci\u00f3n y el servicio ofrecido por <strong>Royal Padel Sportsystems Sl<\/strong> (fundamentalmente, Google Analytics), as\u00ed como gestionar los espacios publicitarios incluidos en la p\u00e1gina web visitada por el usuario. Recopila datos de forma an\u00f3nima con la finalidad de obtener perfiles de navegaci\u00f3n de los usuarios.<\/p>\r\n\r\n\r\n\r\n<p>Clasificadas por su duraci\u00f3n:<\/p>\r\n\r\n\r\n\r\n<p>* Cookies de sesi\u00f3n: recaban y almacenan los datos mientras el usuario accede a la p\u00e1gina web.<\/p>\r\n\r\n\r\n\r\n<p>* Cookies persistentes: recaban y almacenan los datos en el terminal del usuario durante un periodo de tiempo variable en funci\u00f3n de cu\u00e1l sea la finalidad para la que han sido utilizadas.<\/p>\r\n\r\n\r\n\r\n<p>El tiempo de conservaci\u00f3n de las cookies depender\u00e1 del tipo de que se trate y siempre ser\u00e1 el m\u00ednimo indispensable para cumplir su finalidad.<\/p>\r\n\r\n\r\n\r\n<p>En cualquier caso, los usuarios pueden configurar su navegador, de manera que se deshabilite o bloquee la recepci\u00f3n de todas o algunas de las cookies. El hecho de no desear recibir estas cookies, no constituye un impedimento para poder acceder a la informaci\u00f3n de los sitios web de <strong>Royal Padel Sportsystems Sl<\/strong> aunque el uso de algunos servicios podr\u00e1 ser limitado. Si una vez otorgado el consentimiento para la recepci\u00f3n de cookies, se desease retirar \u00e9ste, se deber\u00e1n eliminar aquellas almacenadas en el equipo del usuario, a trav\u00e9s de las opciones de los diferentes navegadores.<\/p>\r\n\r\n\r\n\r\n<p>La forma de configurar los diferentes navegadores para ejercitar las acciones se\u00f1aladas en los p\u00e1rrafos anteriores, se puede consultar en:<\/p>\r\n\r\n\r\n\r\n<p>* <strong>Internet Explorer<\/strong>: <a href=\"http:\/\/windows.microsoft.com\/es-es\/windows7\/how-to-manage-cookies-in-internet-explorer-9\" target=\"_blank\" rel=\"noreferrer noopener\">windows.microsoft.com\/es-es\/windows7\/how-to-manage-cookies-in-internet-explorer-9<\/a><\/p>\r\n\r\n\r\n\r\n<p>* <strong>Google Chrome<\/strong>: <a href=\"https:\/\/support.google.com\/chrome\/answer\/95647?hl=es\" target=\"_blank\" rel=\"noreferrer noopener\">support.google.com<\/a><\/p>\r\n\r\n\r\n\r\n<p>* <strong>Mozilla Firefox<\/strong>: <a href=\"http:\/\/support.mozilla.org\/es\/kb\/cookies-informacion-que-los-sitios-web-guardan-en-?redirectlocale=en-US&amp;redirectslug=Cookies\" target=\"_blank\" rel=\"noreferrer noopener\">Support.mozilla.org<\/a><\/p>","protected":false},"excerpt":{"rendered":"<p>En cumplimiento del art\u00edculo 10 de la Ley 34\/2002, de 11 de julio, de Servicios de la Sociedad de la Informaci\u00f3n y Comercio Electr\u00f3nico (LSSICE) a continuaci\u00f3n se detallan los datos identificativos de la empresa: Raz\u00f3n social: Royal Padel Sportsystems Sl NIF: B63362529 Direcci\u00f3n: Av. De Josep Vincen\u00e7 Foix, 92. Barcelona 08034 Email: info@royalpadel.com INSCRIPCI\u00d3N [&hellip;]<\/p>\n","protected":false},"author":4,"featured_media":0,"parent":0,"menu_order":0,"comment_status":"closed","ping_status":"closed","template":"","meta":{"_acf_changed":false,"om_disable_all_campaigns":false,"inline_featured_image":false,"footnotes":""},"class_list":["post-2896","page","type-page","status-publish","hentry"],"acf":[],"yoast_head":"<!-- This site is optimized with the Yoast SEO plugin v27.4 - https:\/\/yoast.com\/product\/yoast-seo-wordpress\/ -->\n<title>Aviso legal - Royal Padel<\/title>\n<meta name=\"robots\" content=\"index, follow, max-snippet:-1, max-image-preview:large, max-video-preview:-1\" \/>\n<link rel=\"canonical\" href=\"https:\/\/royalpadel.com\/en\/aviso-legal\/\" \/>\n<meta property=\"og:locale\" content=\"en_GB\" \/>\n<meta property=\"og:type\" content=\"article\" \/>\n<meta property=\"og:title\" content=\"Aviso legal - Royal Padel\" \/>\n<meta property=\"og:description\" content=\"En cumplimiento del art\u00edculo 10 de la Ley 34\/2002, de 11 de julio, de Servicios de la Sociedad de la Informaci\u00f3n y Comercio Electr\u00f3nico (LSSICE) a continuaci\u00f3n se detallan los datos identificativos de la empresa: Raz\u00f3n social: Royal Padel Sportsystems Sl NIF: B63362529 Direcci\u00f3n: Av. De Josep Vincen\u00e7 Foix, 92. Barcelona 08034 Email: info@royalpadel.com INSCRIPCI\u00d3N [&hellip;]\" \/>\n<meta property=\"og:url\" content=\"https:\/\/royalpadel.com\/en\/aviso-legal\/\" \/>\n<meta property=\"og:site_name\" content=\"Royal Padel\" \/>\n<meta property=\"article:modified_time\" content=\"2025-05-29T15:12:06+00:00\" \/>\n<meta name=\"twitter:card\" content=\"summary_large_image\" \/>\n<meta name=\"twitter:label1\" content=\"Estimated reading time\" \/>\n\t<meta name=\"twitter:data1\" content=\"5 minutes\" \/>\n<script type=\"application\/ld+json\" class=\"yoast-schema-graph\">{\"@context\":\"https:\\\/\\\/schema.org\",\"@graph\":[{\"@type\":\"WebPage\",\"@id\":\"https:\\\/\\\/royalpadel.com\\\/aviso-legal\\\/\",\"url\":\"https:\\\/\\\/royalpadel.com\\\/aviso-legal\\\/\",\"name\":\"Aviso legal - Royal Padel\",\"isPartOf\":{\"@id\":\"https:\\\/\\\/royalpadel.com\\\/#website\"},\"datePublished\":\"2020-12-01T21:43:10+00:00\",\"dateModified\":\"2025-05-29T15:12:06+00:00\",\"breadcrumb\":{\"@id\":\"https:\\\/\\\/royalpadel.com\\\/aviso-legal\\\/#breadcrumb\"},\"inLanguage\":\"en-GB\",\"potentialAction\":[{\"@type\":\"ReadAction\",\"target\":[\"https:\\\/\\\/royalpadel.com\\\/aviso-legal\\\/\"]}]},{\"@type\":\"BreadcrumbList\",\"@id\":\"https:\\\/\\\/royalpadel.com\\\/aviso-legal\\\/#breadcrumb\",\"itemListElement\":[{\"@type\":\"ListItem\",\"position\":1,\"name\":\"Home\",\"item\":\"https:\\\/\\\/royalpadel.com\\\/\"},{\"@type\":\"ListItem\",\"position\":2,\"name\":\"Aviso legal\"}]},{\"@type\":\"WebSite\",\"@id\":\"https:\\\/\\\/royalpadel.com\\\/#website\",\"url\":\"https:\\\/\\\/royalpadel.com\\\/\",\"name\":\"Royal Padel\",\"description\":\"We Are Royal Padel\",\"potentialAction\":[{\"@type\":\"SearchAction\",\"target\":{\"@type\":\"EntryPoint\",\"urlTemplate\":\"https:\\\/\\\/royalpadel.com\\\/?s={search_term_string}\"},\"query-input\":{\"@type\":\"PropertyValueSpecification\",\"valueRequired\":true,\"valueName\":\"search_term_string\"}}],\"inLanguage\":\"en-GB\"}]}<\/script>\n<!-- \/ Yoast SEO plugin. -->","yoast_head_json":{"title":"Aviso legal - Royal Padel","robots":{"index":"index","follow":"follow","max-snippet":"max-snippet:-1","max-image-preview":"max-image-preview:large","max-video-preview":"max-video-preview:-1"},"canonical":"https:\/\/royalpadel.com\/en\/aviso-legal\/","og_locale":"en_GB","og_type":"article","og_title":"Aviso legal - Royal Padel","og_description":"En cumplimiento del art\u00edculo 10 de la Ley 34\/2002, de 11 de julio, de Servicios de la Sociedad de la Informaci\u00f3n y Comercio Electr\u00f3nico (LSSICE) a continuaci\u00f3n se detallan los datos identificativos de la empresa: Raz\u00f3n social: Royal Padel Sportsystems Sl NIF: B63362529 Direcci\u00f3n: Av. De Josep Vincen\u00e7 Foix, 92. Barcelona 08034 Email: info@royalpadel.com INSCRIPCI\u00d3N [&hellip;]","og_url":"https:\/\/royalpadel.com\/en\/aviso-legal\/","og_site_name":"Royal Padel","article_modified_time":"2025-05-29T15:12:06+00:00","twitter_card":"summary_large_image","twitter_misc":{"Estimated reading time":"5 minutes"},"schema":{"@context":"https:\/\/schema.org","@graph":[{"@type":"WebPage","@id":"https:\/\/royalpadel.com\/aviso-legal\/","url":"https:\/\/royalpadel.com\/aviso-legal\/","name":"Aviso legal - Royal Padel","isPartOf":{"@id":"https:\/\/royalpadel.com\/#website"},"datePublished":"2020-12-01T21:43:10+00:00","dateModified":"2025-05-29T15:12:06+00:00","breadcrumb":{"@id":"https:\/\/royalpadel.com\/aviso-legal\/#breadcrumb"},"inLanguage":"en-GB","potentialAction":[{"@type":"ReadAction","target":["https:\/\/royalpadel.com\/aviso-legal\/"]}]},{"@type":"BreadcrumbList","@id":"https:\/\/royalpadel.com\/aviso-legal\/#breadcrumb","itemListElement":[{"@type":"ListItem","position":1,"name":"Home","item":"https:\/\/royalpadel.com\/"},{"@type":"ListItem","position":2,"name":"Aviso legal"}]},{"@type":"WebSite","@id":"https:\/\/royalpadel.com\/#website","url":"https:\/\/royalpadel.com\/","name":"Royal Padel","description":"We Are Royal Padel","potentialAction":[{"@type":"SearchAction","target":{"@type":"EntryPoint","urlTemplate":"https:\/\/royalpadel.com\/?s={search_term_string}"},"query-input":{"@type":"PropertyValueSpecification","valueRequired":true,"valueName":"search_term_string"}}],"inLanguage":"en-GB"}]}},"_links":{"self":[{"href":"https:\/\/royalpadel.com\/en\/wp-json\/wp\/v2\/pages\/2896","targetHints":{"allow":["GET"]}}],"collection":[{"href":"https:\/\/royalpadel.com\/en\/wp-json\/wp\/v2\/pages"}],"about":[{"href":"https:\/\/royalpadel.com\/en\/wp-json\/wp\/v2\/types\/page"}],"author":[{"embeddable":true,"href":"https:\/\/royalpadel.com\/en\/wp-json\/wp\/v2\/users\/4"}],"replies":[{"embeddable":true,"href":"https:\/\/royalpadel.com\/en\/wp-json\/wp\/v2\/comments?post=2896"}],"version-history":[{"count":1,"href":"https:\/\/royalpadel.com\/en\/wp-json\/wp\/v2\/pages\/2896\/revisions"}],"predecessor-version":[{"id":7239,"href":"https:\/\/royalpadel.com\/en\/wp-json\/wp\/v2\/pages\/2896\/revisions\/7239"}],"wp:attachment":[{"href":"https:\/\/royalpadel.com\/en\/wp-json\/wp\/v2\/media?parent=2896"}],"curies":[{"name":"wp","href":"https:\/\/api.w.org\/{rel}","templated":true}]}}