{"id":2902,"date":"2020-12-01T21:53:17","date_gmt":"2020-12-01T21:53:17","guid":{"rendered":"https:\/\/royalpadel.com\/?page_id=2902"},"modified":"2025-05-29T15:13:48","modified_gmt":"2025-05-29T15:13:48","slug":"condiciones-de-uso","status":"publish","type":"page","link":"https:\/\/royalpadel.com\/en\/condiciones-de-uso\/","title":{"rendered":"Condiciones de uso"},"content":{"rendered":"<p>En cumplimiento de la Ley 34\/2002, de 11 de julio, de Servicios de la Sociedad de la Informaci\u00f3n y de Comercio Electr\u00f3nico (LSSI-CE), <strong>Royal Padel Sportsystems Sl<\/strong> informa que es titular del sitio web <a href=\"https:\/\/royalpadel.com\/en\/\">www.royalpadel.com<\/a>. De acuerdo con la exigencia del art\u00edculo 10 de la citada Ley, <strong>Royal Padel Sportsystems Sl<\/strong> informa de los siguientes datos:<\/p>\r\n\r\n\r\n\r\n<p>El titular de este sitio web es <strong>Royal Padel Sportsystems Sl<\/strong>, con CIF <strong>B63362529<\/strong> y domicilio social en Av. De Josep Vincen\u00e7 Foix, 92. Barcelona 08034, inscrita en el Registro Mercantil, en el tomo 25.167, Folio: 66, Hoja: B-18.713, Inscripci\u00f3n 1\u00aa. La direcci\u00f3n de correo electr\u00f3nico de contacto con la empresa es: info@royalpadel.com<\/p>\r\n\r\n\r\n\r\n<p><strong>USUARIO Y R\u00c9GIMEN DE RESPONSABILIDADES<\/strong><\/p>\r\n\r\n\r\n\r\n<p>La navegaci\u00f3n, acceso y uso por el sitio web de <strong>Royal Padel Sportsystems Sl<\/strong> confiere la condici\u00f3n de usuario, por la que se aceptan, desde la navegaci\u00f3n por el sitio web de <strong>Royal Padel Sportsystems Sl<\/strong>, todas las condiciones de uso aqu\u00ed establecidas sin perjuicio de la aplicaci\u00f3n de la correspondiente normativa de obligado cumplimiento legal seg\u00fan el caso.<\/p>\r\n\r\n\r\n\r\n<p>El sitio web de <strong>Royal Padel Sportsystems Sl<\/strong> proporciona gran diversidad de informaci\u00f3n, servicios y datos. El usuario asume su responsabilidad en el uso correcto del sitio web. Esta responsabilidad se extender\u00e1 a:<\/p>\r\n\r\n\r\n\r\n<ul class=\"wp-block-list\">\r\n<li>\u00a0\u00a0\u00a0\u00a0\u00a0\u00a0 La veracidad y licitud de las informaciones aportadas por el usuario en los formularios extendidos por <strong>Royal Padel Sportsystems Sl<\/strong> para el acceso a ciertos contenidos o servicios ofrecidos por el web.<\/li>\r\n<li>\u00a0\u00a0\u00a0\u00a0\u00a0\u00a0 El uso de la informaci\u00f3n, servicios y datos ofrecidos por <strong>Royal Padel Sportsystems Sl<\/strong> contrariamente a lo dispuesto por las presentes condiciones, la Ley, la moral, las buenas costumbres o el orden p\u00fablico, o que de cualquier otro modo puedan suponer lesi\u00f3n de los derechos de terceros o del mismo funcionamiento del sitio web.<\/li>\r\n<\/ul>\r\n\r\n\r\n\r\n<p><strong>POL\u00cdTICA DE ENLACES Y EXENCIONES DE RESPONSABILIDAD<\/strong><\/p>\r\n\r\n\r\n\r\n<p><strong>Royal Padel Sportsystems Sl<\/strong> no se hace responsable del contenido de los sitios web a los que el usuario pueda acceder a trav\u00e9s de los enlaces establecidos en su sitio web y declara que en ning\u00fan caso proceder\u00e1 a examinar o ejercitar ning\u00fan tipo de control sobre el contenido de otros sitios de la red. Asimismo, tampoco garantizar\u00e1 la disponibilidad t\u00e9cnica, exactitud, veracidad, validez o legalidad de sitios ajenos a su propiedad a los que se pueda acceder por medio de los enlaces.<\/p>\r\n\r\n\r\n\r\n<p><strong>Royal Padel Sportsystems Sl<\/strong> declara haber adoptado todas las medidas necesarias para evitar cualesquiera da\u00f1os a los usuarios de su sitio web, que pudieran derivarse de la navegaci\u00f3n por su sitio web. En consecuencia, <strong>Royal Padel Sportsystems Sl<\/strong> no se hace responsable, en ning\u00fan caso, de los eventuales da\u00f1os que por la navegaci\u00f3n por Internet pudiera sufrir el usuario.<\/p>\r\n\r\n\r\n\r\n<p><strong>MODIFICACIONES<\/strong><\/p>\r\n\r\n\r\n\r\n<p><strong>Royal Padel Sportsystems Sl<\/strong> se reserva el derecho a realizar las modificaciones que considere oportunas, sin aviso previo, en el contenido de su sitio web. Tanto en lo referente a los contenidos del sitio web, como en las condiciones de uso del mismo, o en las condiciones generales de contrataci\u00f3n. Dichas modificaciones podr\u00e1n realizarse a trav\u00e9s de su sitio web por cualquier forma admisible en derecho y ser\u00e1n de obligado cumplimiento durante el tiempo en que se encuentren publicadas en el web y hasta que no sean modificadas v\u00e1lidamente por otras posteriores.<\/p>\r\n\r\n\r\n\r\n<p><strong>RESERVA DE COOKIES<\/strong><\/p>\r\n\r\n\r\n\r\n<p>Una Cookie es un fichero que se descarga en su ordenador al acceder a determinadas p\u00e1ginas web. Las cookies permiten a una p\u00e1gina web, entre otras cosas, almacenar y recuperar informaci\u00f3n sobre los h\u00e1bitos de navegaci\u00f3n de un usuario o de su equipo y, dependiendo de la informaci\u00f3n que contenga y de la forma en que utilice su equipo, pueden utilizarse para reconocer al usuario.<\/p>\r\n\r\n\r\n\r\n<p>Las cookies son esenciales para el funcionamiento de internet, aportando innumerables ventajas en la prestaci\u00f3n de servicios interactivos, facilit\u00e1ndole la navegaci\u00f3n y usabilidad de nuestra web<\/p>\r\n\r\n\r\n\r\n<p>La informaci\u00f3n que le proporcionamos a continuaci\u00f3n, le ayudar\u00e1 a comprender los diferentes tipos de cookies:<\/p>\r\n\r\n\r\n\r\n<figure class=\"wp-block-table\">\r\n<table>\r\n<tbody>\r\n<tr>\r\n<th><strong>TIPOS DE COOKIES<\/strong><\/th>\r\n<\/tr>\r\n<tr>\r\n<td>SEG\u00daN LA ENTIDAD QUE LAS GESTIONE<\/td>\r\n<td>Cookies propias<\/td>\r\n<td>Son aquellas que se recaban por el propio editor para prestar el servicio solicitado por el usuario.<\/td>\r\n<\/tr>\r\n<tr>\r\n<td>Cookies de tercero<\/td>\r\n<td>Son aquellas que son recabadas y gestionadas por un tercero, estas no se pueden considerar propias.<\/td>\r\n<\/tr>\r\n<tr>\r\n<td>SEG\u00daN EL PLAZO DE TIEMPO QUE PERMANEZCAN ACTIVADAS<\/td>\r\n<td>Cookies de sesi\u00f3n<\/td>\r\n<td>Recaban datos mientras el usuario navega por la red con la finalidad de prestar el servicio solicitado.<\/td>\r\n<\/tr>\r\n<tr>\r\n<td>Cookies persistentes<\/td>\r\n<td>Se almacenan en el terminal y la informaci\u00f3n obtenida, ser\u00e1 utilizada por el responsable de la cookie con la finalidad de prestar el servicio solicitado.<\/td>\r\n<\/tr>\r\n<tr>\r\n<td>SEG\u00daN SU FINALIDAD<\/td>\r\n<td>Cookies t\u00e9cnicas<\/td>\r\n<td>Son las necesarias para la correcta navegaci\u00f3n por la web.<\/td>\r\n<\/tr>\r\n<tr>\r\n<td>Cookies de personalizaci\u00f3n<\/td>\r\n<td>Permiten al usuario las caracter\u00edsticas (idioma) para la navegaci\u00f3n por la website<\/td>\r\n<\/tr>\r\n<tr>\r\n<td>Cookies de an\u00e1lisis<\/td>\r\n<td>Permiten al prestador el an\u00e1lisis vinculado a la navegaci\u00f3n realizada por el usuario, con la finalidad de llevar un seguimiento de uso de la p\u00e1gina web as\u00ed como realizar estad\u00edsticas de los contenidos m\u00e1s visitados, n\u00famero de visitantes, etc.<\/td>\r\n<\/tr>\r\n<tr>\r\n<td>Cookies publicitarias<\/td>\r\n<td>Permiten al editor incluir en la web espacios publicitarios, seg\u00fan el contenido de la propia web.<\/td>\r\n<\/tr>\r\n<tr>\r\n<td>Cookies de publicidad comportamental<\/td>\r\n<td>Permiten al editor incluir en la p\u00e1gina web espacios publicitarios seg\u00fan la informaci\u00f3n obtenida a trav\u00e9s de los h\u00e1bitos de navegaci\u00f3n del usuario.<\/td>\r\n<\/tr>\r\n<\/tbody>\r\n<\/table>\r\n<\/figure>\r\n\r\n\r\n\r\n<p>Seg\u00fan lo dispuesto en el art\u00edculo 22.2 de la Ley 34\/2002, de 11 de julio, de Servicios de la Sociedad de la Informaci\u00f3n y de Comercio Electr\u00f3nico (LSSI-CE), <strong>Royal Padel Sportsystems Sl<\/strong> informa de las cookies utilizadas en nuestra website:<\/p>\r\n\r\n\r\n\r\n<figure class=\"wp-block-table\">\r\n<table>\r\n<tbody>\r\n<tr>\r\n<th>\u00a0<\/th>\r\n<th>\u00a0<\/th>\r\n<th><strong>TIPOS DE COOKIES<\/strong><\/th>\r\n<\/tr>\r\n<tr>\r\n<td>\u00a0<\/td>\r\n<td>\u00a0<\/td>\r\n<td>Cookies propias<\/td>\r\n<td>Cookies de tercero<\/td>\r\n<td>Cookies de sesi\u00f3n<\/td>\r\n<td>Cookies persistentes<\/td>\r\n<\/tr>\r\n<tr>\r\n<td><strong>FINALIDAD<\/strong><\/td>\r\n<td>Cookies t\u00e9cnicas<\/td>\r\n<td>\u00a0<\/td>\r\n<td>\u00a0<\/td>\r\n<td>\u00a0<\/td>\r\n<td>\u00a0<\/td>\r\n<\/tr>\r\n<tr>\r\n<td>Cookies de personalizaci\u00f3n<\/td>\r\n<td>\u00a0<\/td>\r\n<td>\u00a0<\/td>\r\n<td>\u00a0<\/td>\r\n<td>\u00a0<\/td>\r\n<\/tr>\r\n<tr>\r\n<td>Cookies de an\u00e1lisis<\/td>\r\n<td>\u00a0<\/td>\r\n<td>\u00a0<\/td>\r\n<td>\u00a0<\/td>\r\n<td>\u00a0<\/td>\r\n<\/tr>\r\n<tr>\r\n<td>Cookies publicitarias<\/td>\r\n<td>\u00a0<\/td>\r\n<td>\u00a0<\/td>\r\n<td>\u00a0<\/td>\r\n<td>\u00a0<\/td>\r\n<\/tr>\r\n<tr>\r\n<td>Cookies de publicidad comportamental<\/td>\r\n<td>\u00a0<\/td>\r\n<td>\u00a0<\/td>\r\n<td>\u00a0<\/td>\r\n<td>\u00a0<\/td>\r\n<\/tr>\r\n<\/tbody>\r\n<\/table>\r\n<\/figure>\r\n\r\n\r\n\r\n<p>Asimismo, <strong>Royal Padel Sportsystems Sl<\/strong> informa al usuario de que tiene la posibilidad de configurar su navegador de modo que se le informe de la recepci\u00f3n de cookies, pudiendo, si as\u00ed lo desea, impedir que sean instaladas en su disco duro.<\/p>\r\n\r\n\r\n\r\n<p>A continuaci\u00f3n le proporcionamos los enlaces de diversos navegadores, a trav\u00e9s de los cuales podr\u00e1 realizar dicha configuraci\u00f3n:<\/p>\r\n\r\n\r\n\r\n<p><strong><em>Firefox desde aqu\u00ed:<\/em><\/strong> <a href=\"http:\/\/support.mozilla.org\/es\/kb\/habilitar-y-deshabilitar-cookies-que-los-sitios-we\">http:\/\/support.mozilla.org\/es\/kb\/habilitar-y-deshabilitar-cookies-que-los-sitios-we<\/a><br \/><strong><em>Chrome desde aqu\u00ed:<\/em><\/strong> <a href=\"http:\/\/support.google.com\/chrome\/bin\/answer.py?hl=es&amp;answer=95647\">http:\/\/support.google.com\/chrome\/bin\/answer.py?hl=es&amp;answer=95647<\/a><br \/><strong><em>Explorer desde aqu\u00ed:<\/em><\/strong> <a href=\"http:\/\/windows.microsoft.com\/es-es\/windows7\/how-to-manage-cookies-in-internet-explorer-9\" target=\"_blank\" rel=\"noreferrer noopener\">http:\/\/windows.microsoft.com\/es-es\/windows7\/how-to-manage-cookies-in-internet-explorer-9<\/a><br \/><strong><em>Safari desde aqu\u00ed:<\/em><\/strong> <a href=\"http:\/\/support.apple.com\/kb\/ph5042\" target=\"_blank\" rel=\"noreferrer noopener\">http:\/\/support.apple.com\/kb\/ph5042<\/a><\/p>\r\n\r\n\r\n\r\n<p><strong><em>Opera desde aqu\u00ed:<\/em><\/strong> <a href=\"http:\/\/help.opera.com\/Windows\/11.50\/es-ES\/cookies.html\" target=\"_blank\" rel=\"noreferrer noopener\">http:\/\/help.opera.com\/Windows\/11.50\/es-ES\/cookies.html<\/a><\/p>\r\n\r\n\r\n\r\n<p><strong>SERVICIOS DE CONTRATACI\u00d3N POR INTERNET<\/strong><\/p>\r\n\r\n\r\n\r\n<p>Ciertos contenidos de la website de <strong>Royal Padel Sportsystems Sl<\/strong> contienen la posibilidad de contrataci\u00f3n por Internet. El uso de los mismos requerir\u00e1 la lectura y aceptaci\u00f3n obligatoria de las condiciones generales de contrataci\u00f3n establecidas al efecto por <strong>Royal Padel Sportsystems Sl<\/strong><\/p>\r\n\r\n\r\n\r\n<p><strong>PROTECCI\u00d3N DE DATOS<\/strong><\/p>\r\n\r\n\r\n\r\n<p>De conformidad con lo que establece la Ley Org\u00e1nica 15\/1999 de Protecci\u00f3n de Datos de Car\u00e1cter Personal (LOPD),<strong>Royal Padel Sportsystems Sl<\/strong> informa a los usuarios de su sitio web que los datos personales recabados por la empresa, mediante los formularios sitos en su sitio web, ser\u00e1n introducidos en un fichero automatizado bajo la responsabilidad de <strong>Royal Padel Sportsystems Sl<\/strong> con la finalidad de poder facilitar, agilizar y cumplir los compromisos establecidos entre ambas partes.<\/p>\r\n\r\n\r\n\r\n<p>Asimismo, <strong>Royal Padel Sportsystems Sl<\/strong> informa de la posibilidad de ejercer los derechos de acceso, cancelaci\u00f3n, rectificaci\u00f3n y oposici\u00f3n mediante un escrito a la direcci\u00f3n: CAvenida de J.v.foix, 92,\u00a0Barcelona,\u00a008034\u00a0,\u00a0Barcelona<\/p>\r\n\r\n\r\n\r\n<p>Mientras el usuario no comunique lo contrario a <strong>Royal Padel Sportsystems Sl<\/strong>, \u00e9sta entender\u00e1 que sus datos no han sido modificados, que el usuario se compromete a notificar a <strong>Royal Padel Sportsystems Sl<\/strong> cualquier variaci\u00f3n y que <strong>Royal Padel Sportsystems Sl<\/strong> tiene el consentimiento para utilizarlos a fin de poder fidelizar la relaci\u00f3n entre las partes.<\/p>\r\n\r\n\r\n\r\n<p><strong>PROPIEDAD INTELECTUAL<\/strong><\/p>\r\n\r\n\r\n\r\n<p>Los derechos de propiedad intelectual e industrial derivados de todos los textos, im\u00e1genes, as\u00ed como de los medios y formas de presentaci\u00f3n y montaje de su sitio web pertenecen, por s\u00ed o como cesionaria, a <strong>Royal Padel Sportsystems Sl<\/strong>. Ser\u00e1n, por consiguiente, obras protegidas como propiedad intelectual por el ordenamiento jur\u00eddico espa\u00f1ol, si\u00e9ndoles aplicables tanto la normativa espa\u00f1ola y comunitaria en este campo, como los tratados internacionales relativos a la materia y suscritos por Espa\u00f1a.<\/p>\r\n\r\n\r\n\r\n<p>Todos los derechos reservados. En cumplimiento de la Ley de la Propiedad Intelectual se proh\u00edbe expresamente la reproducci\u00f3n, distribuci\u00f3n, comunicaci\u00f3n p\u00fablica y utilizaci\u00f3n, de la totalidad o parte de los contenidos de su sitio web sin el consentimiento expreso de <strong>Royal Padel Sportsystems Sl<\/strong>.<\/p>\r\n\r\n\r\n\r\n<p><strong>ACCIONES LEGALES, LEGISLACI\u00d3N APLICABLE Y JURISDICCI\u00d3N<\/strong><\/p>\r\n\r\n\r\n\r\n<p><strong>Royal Padel Sportsystems Sl<\/strong> se reserva, asimismo, la facultad de presentar las acciones civiles o penales que considere oportunas por la utilizaci\u00f3n indebida de su sitio web y contenidos o por el incumplimiento de las presentes condiciones.<\/p>\r\n\r\n\r\n\r\n<p>La relaci\u00f3n entre el usuario y el prestador se regir\u00e1 por la normativa vigente y de aplicaci\u00f3n en el territorio espa\u00f1ol. De surgir cualquier controversia las partes podr\u00e1n someter sus conflictos a arbitraje o acudir a la jurisdicci\u00f3n ordinaria cumpliendo con las normas sobre jurisdicci\u00f3n y competencia al respecto. <strong>Royal Padel Sportsystems Sl<\/strong> tiene su domicilio en Barcelona, Espa\u00f1a.<\/p>","protected":false},"excerpt":{"rendered":"<p>En cumplimiento de la Ley 34\/2002, de 11 de julio, de Servicios de la Sociedad de la Informaci\u00f3n y de Comercio Electr\u00f3nico (LSSI-CE), Royal Padel Sportsystems Sl informa que es titular del sitio web www.royalpadel.com. De acuerdo con la exigencia del art\u00edculo 10 de la citada Ley, Royal Padel Sportsystems Sl informa de los siguientes [&hellip;]<\/p>\n","protected":false},"author":4,"featured_media":0,"parent":0,"menu_order":0,"comment_status":"closed","ping_status":"closed","template":"","meta":{"_acf_changed":false,"om_disable_all_campaigns":false,"inline_featured_image":false,"footnotes":""},"class_list":["post-2902","page","type-page","status-publish","hentry"],"acf":[],"yoast_head":"<!-- This site is optimized with the Yoast SEO plugin v27.4 - https:\/\/yoast.com\/product\/yoast-seo-wordpress\/ -->\n<title>Condiciones de uso - Royal Padel<\/title>\n<meta name=\"robots\" content=\"index, follow, max-snippet:-1, max-image-preview:large, max-video-preview:-1\" \/>\n<link rel=\"canonical\" href=\"https:\/\/royalpadel.com\/en\/condiciones-de-uso\/\" \/>\n<meta property=\"og:locale\" content=\"en_GB\" \/>\n<meta property=\"og:type\" content=\"article\" \/>\n<meta property=\"og:title\" content=\"Condiciones de uso - Royal Padel\" \/>\n<meta property=\"og:description\" content=\"En cumplimiento de la Ley 34\/2002, de 11 de julio, de Servicios de la Sociedad de la Informaci\u00f3n y de Comercio Electr\u00f3nico (LSSI-CE), Royal Padel Sportsystems Sl informa que es titular del sitio web www.royalpadel.com. De acuerdo con la exigencia del art\u00edculo 10 de la citada Ley, Royal Padel Sportsystems Sl informa de los siguientes [&hellip;]\" \/>\n<meta property=\"og:url\" content=\"https:\/\/royalpadel.com\/en\/condiciones-de-uso\/\" \/>\n<meta property=\"og:site_name\" content=\"Royal Padel\" \/>\n<meta property=\"article:modified_time\" content=\"2025-05-29T15:13:48+00:00\" \/>\n<meta name=\"twitter:card\" content=\"summary_large_image\" \/>\n<meta name=\"twitter:label1\" content=\"Estimated reading time\" \/>\n\t<meta name=\"twitter:data1\" content=\"7 minutes\" \/>\n<script type=\"application\/ld+json\" class=\"yoast-schema-graph\">{\"@context\":\"https:\\\/\\\/schema.org\",\"@graph\":[{\"@type\":\"WebPage\",\"@id\":\"https:\\\/\\\/royalpadel.com\\\/condiciones-de-uso\\\/\",\"url\":\"https:\\\/\\\/royalpadel.com\\\/condiciones-de-uso\\\/\",\"name\":\"Condiciones de uso - Royal Padel\",\"isPartOf\":{\"@id\":\"https:\\\/\\\/royalpadel.com\\\/#website\"},\"datePublished\":\"2020-12-01T21:53:17+00:00\",\"dateModified\":\"2025-05-29T15:13:48+00:00\",\"breadcrumb\":{\"@id\":\"https:\\\/\\\/royalpadel.com\\\/condiciones-de-uso\\\/#breadcrumb\"},\"inLanguage\":\"en-GB\",\"potentialAction\":[{\"@type\":\"ReadAction\",\"target\":[\"https:\\\/\\\/royalpadel.com\\\/condiciones-de-uso\\\/\"]}]},{\"@type\":\"BreadcrumbList\",\"@id\":\"https:\\\/\\\/royalpadel.com\\\/condiciones-de-uso\\\/#breadcrumb\",\"itemListElement\":[{\"@type\":\"ListItem\",\"position\":1,\"name\":\"Home\",\"item\":\"https:\\\/\\\/royalpadel.com\\\/\"},{\"@type\":\"ListItem\",\"position\":2,\"name\":\"Condiciones de uso\"}]},{\"@type\":\"WebSite\",\"@id\":\"https:\\\/\\\/royalpadel.com\\\/#website\",\"url\":\"https:\\\/\\\/royalpadel.com\\\/\",\"name\":\"Royal Padel\",\"description\":\"We Are Royal Padel\",\"potentialAction\":[{\"@type\":\"SearchAction\",\"target\":{\"@type\":\"EntryPoint\",\"urlTemplate\":\"https:\\\/\\\/royalpadel.com\\\/?s={search_term_string}\"},\"query-input\":{\"@type\":\"PropertyValueSpecification\",\"valueRequired\":true,\"valueName\":\"search_term_string\"}}],\"inLanguage\":\"en-GB\"}]}<\/script>\n<!-- \/ Yoast SEO plugin. -->","yoast_head_json":{"title":"Condiciones de uso - Royal Padel","robots":{"index":"index","follow":"follow","max-snippet":"max-snippet:-1","max-image-preview":"max-image-preview:large","max-video-preview":"max-video-preview:-1"},"canonical":"https:\/\/royalpadel.com\/en\/condiciones-de-uso\/","og_locale":"en_GB","og_type":"article","og_title":"Condiciones de uso - Royal Padel","og_description":"En cumplimiento de la Ley 34\/2002, de 11 de julio, de Servicios de la Sociedad de la Informaci\u00f3n y de Comercio Electr\u00f3nico (LSSI-CE), Royal Padel Sportsystems Sl informa que es titular del sitio web www.royalpadel.com. De acuerdo con la exigencia del art\u00edculo 10 de la citada Ley, Royal Padel Sportsystems Sl informa de los siguientes [&hellip;]","og_url":"https:\/\/royalpadel.com\/en\/condiciones-de-uso\/","og_site_name":"Royal Padel","article_modified_time":"2025-05-29T15:13:48+00:00","twitter_card":"summary_large_image","twitter_misc":{"Estimated reading time":"7 minutes"},"schema":{"@context":"https:\/\/schema.org","@graph":[{"@type":"WebPage","@id":"https:\/\/royalpadel.com\/condiciones-de-uso\/","url":"https:\/\/royalpadel.com\/condiciones-de-uso\/","name":"Condiciones de uso - Royal Padel","isPartOf":{"@id":"https:\/\/royalpadel.com\/#website"},"datePublished":"2020-12-01T21:53:17+00:00","dateModified":"2025-05-29T15:13:48+00:00","breadcrumb":{"@id":"https:\/\/royalpadel.com\/condiciones-de-uso\/#breadcrumb"},"inLanguage":"en-GB","potentialAction":[{"@type":"ReadAction","target":["https:\/\/royalpadel.com\/condiciones-de-uso\/"]}]},{"@type":"BreadcrumbList","@id":"https:\/\/royalpadel.com\/condiciones-de-uso\/#breadcrumb","itemListElement":[{"@type":"ListItem","position":1,"name":"Home","item":"https:\/\/royalpadel.com\/"},{"@type":"ListItem","position":2,"name":"Condiciones de uso"}]},{"@type":"WebSite","@id":"https:\/\/royalpadel.com\/#website","url":"https:\/\/royalpadel.com\/","name":"Royal Padel","description":"We Are Royal Padel","potentialAction":[{"@type":"SearchAction","target":{"@type":"EntryPoint","urlTemplate":"https:\/\/royalpadel.com\/?s={search_term_string}"},"query-input":{"@type":"PropertyValueSpecification","valueRequired":true,"valueName":"search_term_string"}}],"inLanguage":"en-GB"}]}},"_links":{"self":[{"href":"https:\/\/royalpadel.com\/en\/wp-json\/wp\/v2\/pages\/2902","targetHints":{"allow":["GET"]}}],"collection":[{"href":"https:\/\/royalpadel.com\/en\/wp-json\/wp\/v2\/pages"}],"about":[{"href":"https:\/\/royalpadel.com\/en\/wp-json\/wp\/v2\/types\/page"}],"author":[{"embeddable":true,"href":"https:\/\/royalpadel.com\/en\/wp-json\/wp\/v2\/users\/4"}],"replies":[{"embeddable":true,"href":"https:\/\/royalpadel.com\/en\/wp-json\/wp\/v2\/comments?post=2902"}],"version-history":[{"count":1,"href":"https:\/\/royalpadel.com\/en\/wp-json\/wp\/v2\/pages\/2902\/revisions"}],"predecessor-version":[{"id":7240,"href":"https:\/\/royalpadel.com\/en\/wp-json\/wp\/v2\/pages\/2902\/revisions\/7240"}],"wp:attachment":[{"href":"https:\/\/royalpadel.com\/en\/wp-json\/wp\/v2\/media?parent=2902"}],"curies":[{"name":"wp","href":"https:\/\/api.w.org\/{rel}","templated":true}]}}