{"id":2907,"date":"2020-12-01T22:03:10","date_gmt":"2020-12-01T22:03:10","guid":{"rendered":"https:\/\/royalpadel.com\/?page_id=2907"},"modified":"2022-12-22T08:40:53","modified_gmt":"2022-12-22T08:40:53","slug":"condiciones-generales-de-contratacion","status":"publish","type":"page","link":"https:\/\/royalpadel.com\/en\/condiciones-generales-de-contratacion\/","title":{"rendered":"Condiciones Generales de Contrataci\u00f3n"},"content":{"rendered":"<p>Informaci\u00f3n previa al proceso contractual<\/p>\r\n\r\n\r\n\r\n<p>La presente p\u00e1gina web www.royalpadel.com es propiedad de <strong>Royal Padel Sportsystems Sl<\/strong> con CIF <strong>B63362529<\/strong> y direcci\u00f3n fiscal en <strong>Avenida de J.v.foix, 92,\u00a0Barcelona,\u00a008034\u00a0,\u00a0Barcelona<\/strong>.<\/p>\r\n\r\n\r\n\r\n<p>Las condiciones Generales de Contrataci\u00f3n regulan la relaci\u00f3n de venta a distancia entre <strong>Royal Padel Sportsystems Sl<\/strong> y el usuario o cliente, de acuerdo con las estipulaciones legales, en especial, la Ley 7\/1998, de 13 de abril, sobre Condiciones Generales de Contrataci\u00f3n, a la Ley 26\/1984, de 19 de julio, General para la Defensa de Consumidores y Usuarios, al Real Decreto 1906\/1999, de 17 de diciembre de 1999, por el que se regula la Contrataci\u00f3n Telef\u00f3nica o Electr\u00f3nica con condiciones generales, la Ley Org\u00e1nica 15\/1999, de 13 de diciembre, de Protecci\u00f3n de Datos de Car\u00e1cter Personal, la Ley 7\/1996, de 15 de enero de Ordenaci\u00f3n del Comercio Minorista, y a la Ley 34\/2002 de 11 de julio, de Servicios de la Sociedad de la Informaci\u00f3n y de Comercio Electr\u00f3nico.<\/p>\r\n\r\n\r\n\r\n<p><strong>Royal Padel Sportsystems Sl<\/strong> se reserva el derecho a realizar las modificaciones que considere oportunas, sin aviso previo, en las Condiciones Generales. Dichas modificaciones podr\u00e1n realizarse, a trav\u00e9s de sus websites, por cualquier forma admisible en derecho y ser\u00e1n de obligado cumplimiento durante el tiempo en que se encuentren publicadas en la web y hasta que no sean modificadas v\u00e1lidamente por otras posteriores. No obstante, <strong>Royal Padel Sportsystems Sl<\/strong> se reserva el derecho de aplicar, en determinados casos, unas Condiciones Particulares de Contrataci\u00f3n con preferencia a las presentes Condiciones Generales cuando lo considere oportuno, anunci\u00e1ndolas en tiempo y forma oportunos.<\/p>\r\n\r\n\r\n\r\n<p>Como usuario o cliente declara expresamente conocer, entender y aceptar las condiciones de uso y estas condiciones generales de contrataci\u00f3n. Del mismo modo, declara ser mayor de edad y tener la capacidad jur\u00eddica y de obrar necesarias para el acceso a los sitios web de <strong>Royal Padel Sportsystems Sl<\/strong> y la contrataci\u00f3n por medio de los mismos.<\/p>\r\n\r\n\r\n\r\n<p>Los productos de la web <strong>Royal Padel Sportsystems Sl<\/strong> se pueden adquirir en Espa\u00f1a y en el resto de pa\u00edses de la UE.<\/p>\r\n\r\n\r\n\r\n<p>Para adquirir nuestros productos usted puede dirigirse al apartado \u201ctienda\u201d de la propia web.<\/p>\r\n\r\n\r\n\r\n<p>Es requisito imprescindible que se registre como usuario de la web para poder comprar online. Puede acceder al apartado \u201cRegistro de usuario\u201d para ello. De conformidad con lo que establece la Ley Org\u00e1nica 15\/1999 de Protecci\u00f3n de Datos de Car\u00e1cter Personal, <strong>Royal Padel Sportsystems Sl<\/strong> informa a los usuarios que los datos personales recabados durante el proceso de registro y posterior compra, ser\u00e1n introducidos en un fichero bajo su responsabilidad, con la finalidad de tramitar dichas acciones por parte del usuario y gestionar actuaciones posteriores derivadas de las mismas. As\u00ed mismo, <strong>Royal Padel Sportsystems Sl<\/strong> informa de la posibilidad de ejercer los derechos de acceso, cancelaci\u00f3n, rectificaci\u00f3n y oposici\u00f3n mediante un escrito a la direcci\u00f3n A<strong>venida de J.v.foix, 92,\u00a0Barcelona,\u00a008034\u00a0,\u00a0Barcelona<\/strong>.<\/p>\r\n\r\n\r\n\r\n<p>Mientras no nos comunique lo contrario, entenderemos que sus datos no han sido modificados, que usted se compromete a notificarnos cualquier variaci\u00f3n y que tenemos el consentimiento para utilizarlos a fin de poder fidelizar la relaci\u00f3n entre las partes. Condiciones Generales de Contrataci\u00f3n<\/p>\r\n\r\n\r\n\r\n<p>Durante el proceso de compra deber\u00e1 identificarse con el nombre de usuario y la contrase\u00f1a proporcionados. Estos datos no ser\u00e1n p\u00fablicos. Usted se hace responsable de tratar confidencial y responsablemente la identidad y contrase\u00f1a obtenidas en el registro como cliente, no pudiendo cederlas a otro. Puede modificar la informaci\u00f3n registrada en cualquier momento, dirigi\u00e9ndose al apartado \u201c\u00c1rea de usuario\u201d de la web.<\/p>\r\n\r\n\r\n\r\n<p>Finalizado el proceso de compra el cliente recibir\u00e1 una confirmaci\u00f3n del mismo por correo electr\u00f3nico.<\/p>\r\n\r\n\r\n\r\n<p>En este mismo apartado de \u201c\u00c1rea de usuario\u201d usted tendr\u00e1 acceso a un hist\u00f3rico de sus pedidos, est\u00e9 s\u00f3lo es un apartado de consulta pero se permite su gesti\u00f3n, pudiendo el usuario eliminar aquellos registros que considere no es necesario visualizar.<\/p>\r\n\r\n\r\n\r\n<p>Todos los contenidos de la web est\u00e1n en espa\u00f1ol.<\/p>\r\n\r\n\r\n\r\n<p>El cliente, al recibir el pedido en su domicilio, recibir\u00e1 una factura o copia del pedido.<\/p>\r\n\r\n\r\n\r\n<p><strong>Informaci\u00f3n del producto<\/strong><\/p>\r\n\r\n\r\n\r\n<p><strong>Colores:<\/strong><\/p>\r\n\r\n\r\n\r\n<p><strong>Royal Padel Sportsystems Sl<\/strong> intenta que los colores que se muestran en la web sean los mismos que tienen los productos reales. Aun as\u00ed, determinados factores (configuraci\u00f3n de la pantalla, luces, etc.) pueden hacer que el color real difiera ligeramente del que el cliente estaba visualizando.<\/p>\r\n\r\n\r\n\r\n<p><strong>Tallas:<\/strong><\/p>\r\n\r\n\r\n\r\n<p>La talla mostrada en la web de <strong>Royal Padel Sportsystems Sl<\/strong> corresponde a la continental europea. En todas las fichas de producto tiene acceso a una tabla de conversi\u00f3n a otras tallas y medidas.<\/p>\r\n\r\n\r\n\r\n<p><strong>Pesos:<\/strong><\/p>\r\n\r\n\r\n\r\n<p>El peso mostrado en la web de <strong>Royal Padel Sportsystems Sl<\/strong> corresponde al obtenido del pesaje en la f\u00e1brica una vez finalizada la pala de p\u00e1del. Existe la posibilidad de diferencias en el mismo entre 5-10 gr. dependiendo de la b\u00e1scula utilizada.<\/p>\r\n\r\n\r\n\r\n<p><strong>Oferta de productos y vigencia:<\/strong><\/p>\r\n\r\n\r\n\r\n<p>En caso de un producto en oferta, siempre se indicar\u00e1 junto a sus caracter\u00edsticas esenciales, el precio de oferta y la validez de la misma.<\/p>\r\n\r\n\r\n\r\n<p>En cumplimiento de la normativa vigente <strong>Royal Padel Sportsystems Sl<\/strong> ofrece informaci\u00f3n sobre todos los art\u00edculos en venta, sus caracter\u00edsticas y precios. No obstante, <strong>Royal Padel Sportsystems Sl<\/strong> se reserva el derecho a retirar, reponer o cambiar los productos que se ofrecen a trav\u00e9s de su p\u00e1gina web, mediante el simple cambio en el contenido de la misma. De esta forma, los productos ofrecidos en cada momento por la web se regir\u00e1n por las Condiciones Generales de Contrataci\u00f3n vigentes en cada caso.<\/p>\r\n\r\n\r\n\r\n<p>As\u00ed mismo, la empresa tendr\u00e1 la facultad de dejar de ofrecer, sin previo aviso y en cualquier momento, el acceso a los productos mencionados.<\/p>\r\n\r\n\r\n\r\n<p><strong>Caracter\u00edsticas esenciales de los productos:<\/strong><\/p>\r\n\r\n\r\n\r\n<p>Los productos ofertados en nuestro \u201ctienda\u201d incorporan una fotograf\u00eda y las caracter\u00edsticas esenciales del mismo, esta es la informaci\u00f3n obtenida del propio fabricante. El color del producto, observable en la fotograf\u00eda no es vinculante. En las caracter\u00edsticas se identifica el mismo.<\/p>\r\n\r\n\r\n\r\n<p><strong>Garant\u00edas<\/strong><\/p>\r\n\r\n\r\n\r\n<p>Los productos de <strong>Royal Padel Sportsystems Sl<\/strong> se elaboran con procesos cuidadosos de acuerdo a los m\u00e1s elevados est\u00e1ndares de calidad. Los plazos y condiciones de su garant\u00eda ser\u00e1n los aplicables en el pa\u00eds en el que se realiza la venta seg\u00fan la legislaci\u00f3n vigente.<\/p>\r\n\r\n\r\n\r\n<p><strong>Precios<\/strong><\/p>\r\n\r\n\r\n\r\n<p>Para cada producto se muestra en su ficha el precio siempre en la misma moneda, Euro. Dicho precio incluye los impuestos aplicables en cada caso. Si fuera aplicable cualquier otro impuesto, as\u00ed se indicar\u00eda.<\/p>\r\n\r\n\r\n\r\n<p><strong>Formas de pago<\/strong><\/p>\r\n\r\n\r\n\r\n<p>Los pedidos se abonar\u00e1n en la moneda que se muestre en el momento de finalizar la compra Si fuera precisa la aplicaci\u00f3n de tipos de cambio, estos ser\u00e1n fijados por el banco sin intervenci\u00f3n alguna por parte de <strong>Royal Padel Sportsystems Sl<\/strong><\/p>\r\n\r\n\r\n\r\n<p>El cliente podr\u00e1 abonar el importe de su pedido optando por cualquiera de las siguientes formas. Durante el proceso de compra deber\u00e1 indicar su elecci\u00f3n.<\/p>\r\n\r\n\r\n\r\n<p>A) Tarjeta de cr\u00e9dito VISA o MASTERCARD<\/p>\r\n\r\n\r\n\r\n<p>Todas las operaciones que implican la transmisi\u00f3n de datos personales o bancarios se realizan utilizando un entorno seguro, un servidor basado en la tecnolog\u00eda de seguridad est\u00e1ndar SSL (Secure Socked Layer). Toda la informaci\u00f3n que nos transmita viaja cifrada a trav\u00e9s de la red.<\/p>\r\n\r\n\r\n\r\n<p>Cuando el importe de una compra hubiese sido cargado fraudulenta o indebidamente utilizando el n\u00famero de una tarjeta de pago, su titular podr\u00e1 exigir la inmediata anulaci\u00f3n del cargo. En tal caso, las correspondientes anotaciones de adeudo y reabono en las cuentas del proveedor y del titular se efectuar\u00e1n a la mayor brevedad.<\/p>\r\n\r\n\r\n\r\n<p>Sin embargo, si la compra hubiese sido efectivamente realizada por el titular de la tarjeta y la exigencia de devoluci\u00f3n no fuera consecuencia de haberse ejercido el derecho de desistimiento o de resoluci\u00f3n y, por tanto, hubiese exigido indebidamente la anulaci\u00f3n del correspondiente cargo, aquel quedar\u00e1 obligado frente a <strong>Royal Padel Sportsystems Sl<\/strong> al resarcimiento de los da\u00f1os y perjuicios ocasionados como consecuencia de dicha anulaci\u00f3n.<\/p>\r\n\r\n\r\n\r\n<p>B) Paypal<\/p>\r\n\r\n\r\n\r\n<p>Permite enviar pagos en Internet de forma segura y c\u00f3moda. La red de PayPal se basa en la infraestructura financiera existente de cuentas bancarias y tarjetas de cr\u00e9dito para crear una soluci\u00f3n global de pago en tiempo real. Paypal ofrece un servicio especialmente pensado para aquellos a los que no les satisfacen los mecanismos de pago tradicionales.<\/p>\r\n\r\n\r\n\r\n<p>M\u00e1s informaci\u00f3n en Paypal. http:\/\/www.paypal.com.<\/p>\r\n\r\n\r\n\r\n<p><strong>Env\u00edo y entrega<\/strong><\/p>\r\n\r\n\r\n\r\n<p><strong>Royal Padel Sportsystems Sl<\/strong> se compromete a realizar el env\u00edo a la direcci\u00f3n suministrada, siempre que pertenezca a los pa\u00edses en los que se vende online (Espa\u00f1a y resto de Uni\u00f3n Europea y pr\u00f3ximamente Estados Unidos). Los plazos de entrega son orientativos y distintos seg\u00fan el lugar de destino. Es muy importante que en el momento de la compra indique la informaci\u00f3n completa de la direcci\u00f3n y de la persona que realizar\u00e1 la recogida. Es obligatorio comunicar un tel\u00e9fono de contacto para garantizar una correcta entrega. No se aceptan env\u00edos a apartados de correos.<\/p>\r\n\r\n\r\n\r\n<p>El plazo de entrega habitual en Espa\u00f1a (Pen\u00ednsula) es de 24-48 horas laborables. <strong>Royal Padel Sportsystems Sl<\/strong> siempre intentar\u00e1 que sea lo m\u00e1s breve posible, si bien, determinadas zonas m\u00e1s alejadas de n\u00facleos urbanos, pueden tener un tiempo de reparto ligeramente superior. En el resto de Europa y Estados Unidos, las entregas se realizan en 3-7 d\u00edas laborables. Estos plazos de entrega son orientativos. Hay salidas de pedidos desde el almac\u00e9n de lunes a viernes no festivos.<\/p>\r\n\r\n\r\n\r\n<p>La disponibilidad de los productos ofrecidos por <strong>Royal Padel Sportsystems Sl<\/strong> puede variar en funci\u00f3n de la demanda de los clientes. Pese a que <strong>Royal Padel Sportsystems Sl<\/strong> actualiza el stock peri\u00f3dicamente, el producto solicitado por el cliente podr\u00eda estar agotado en ese momento. En caso de no ejecuci\u00f3n por indisponibilidad, el cliente recibir\u00e1 un correo electr\u00f3nico informativo y en un m\u00e1ximo de 30 d\u00edas le ser\u00e1n abonadas las sumas pagadas por el pedido anulado. En el supuesto de que <strong>Royal Padel Sportsystems Sl<\/strong> no realice este abono en el plazo se\u00f1alado, el comprador podr\u00e1 reclamar que se le pague el doble de la suma adeudada, sin perjuicio a su derecho de ser indemnizado.<\/p>\r\n\r\n\r\n\r\n<p>En caso de falta de disponibilidad, <strong>Royal Padel Sportsystems Sl<\/strong> podr\u00e1 suministrar sin aumento de precio, un producto de caracter\u00edsticas similares, que tenga la misma o superior calidad.<\/p>\r\n\r\n\r\n\r\n<p><strong>Derecho de desistimiento y reclamaciones<\/strong><\/p>\r\n\r\n\r\n\r\n<p>El comprador dispondr\u00e1 de un plazo de catorce (14) d\u00edas desde la fecha de entrega del pedido para desistir, a partir del d\u00eda de recepci\u00f3n del producto, sin penalizaci\u00f3n alguna y sin indicaci\u00f3n de los motivos. No se aceptaran productos que hayan sido probados o usados y despu\u00e9s ya no se puedan vender por nuevos.<\/p>\r\n\r\n\r\n\r\n<p>El ejercicio del derecho de desistimiento no estar\u00e1 sujeto a formalidad alguna, bastando con que el cliente se dirija a <strong>Royal Padel Sportsystems Sl<\/strong> indicando el ejercicio de su derecho de desistimiento <a href=\"mailto:info@royalpadelcom-9l0c621n31.live-website.com\">haciendo click aqu\u00ed<\/a>.<\/p>\r\n\r\n\r\n\r\n<p>Cuando recibas nuestra respuesta tendr\u00e1s que enviarnos, en un plazo m\u00e1ximo de 7 d\u00edas, el producto en su embalaje original, sin haber sido utilizado, manteniendo sus etiquetas y precintos a la direcci\u00f3n:<\/p>\r\n\r\n\r\n\r\n<p><strong>Royal Padel Sportsystems Sl<\/strong><\/p>\r\n\r\n\r\n\r\n<p>Avenida de J.v.foix, 92,<\/p>\r\n\r\n\r\n\r\n<p>Barcelona,\u00a008034\u00a0<\/p>\r\n\r\n\r\n\r\n<p>ESPA\u00d1A<\/p>\r\n\r\n\r\n\r\n<p><strong>Royal Padel Sportsystems Sl<\/strong> exigir\u00e1 al cliente que se haga cargo del coste directo de devoluci\u00f3n del producto.<\/p>\r\n\r\n\r\n\r\n<p>Jurisdicci\u00f3n<\/p>\r\n\r\n\r\n\r\n<p><strong>Royal Padel Sportsystems Sl<\/strong> se reserva asimismo la facultad de presentar las acciones civiles o penales que considere oportunas por la utilizaci\u00f3n indebida de su sitio web y contenidos o por el incumplimiento de las presentes condiciones.<\/p>\r\n\r\n\r\n\r\n<p>La relaci\u00f3n entre el usuario y el prestador se regir\u00e1 por la normativa vigente y de aplicaci\u00f3n en el territorio espa\u00f1ol. De surgir cualquier controversia las partes podr\u00e1n someter sus conflictos a arbitraje o acudir a la jurisdicci\u00f3n ordinaria cumpliendo con las normas sobre jurisdicci\u00f3n y competencia al respecto. <strong>Royal Padel Sportsystems Sl<\/strong> tiene su domicilio en Barcelona, Espa\u00f1a.<\/p>","protected":false},"excerpt":{"rendered":"<p>Informaci\u00f3n previa al proceso contractual La presente p\u00e1gina web www.royalpadel.com es propiedad de Royal Padel Sportsystems Sl con CIF B63362529 y direcci\u00f3n fiscal en Avenida de J.v.foix, 92,\u00a0Barcelona,\u00a008034\u00a0,\u00a0Barcelona. Las condiciones Generales de Contrataci\u00f3n regulan la relaci\u00f3n de venta a distancia entre Royal Padel Sportsystems Sl y el usuario o cliente, de acuerdo con las estipulaciones [&hellip;]<\/p>\n","protected":false},"author":4,"featured_media":0,"parent":0,"menu_order":0,"comment_status":"closed","ping_status":"closed","template":"","meta":{"_acf_changed":false,"om_disable_all_campaigns":false,"inline_featured_image":false,"footnotes":""},"class_list":["post-2907","page","type-page","status-publish","hentry"],"acf":[],"yoast_head":"<!-- This site is optimized with the Yoast SEO plugin v27.4 - https:\/\/yoast.com\/product\/yoast-seo-wordpress\/ -->\n<title>Condiciones Generales de Contrataci\u00f3n - Royal Padel<\/title>\n<meta name=\"robots\" content=\"index, follow, max-snippet:-1, max-image-preview:large, max-video-preview:-1\" \/>\n<link rel=\"canonical\" href=\"https:\/\/royalpadelcom-9l0c621n31.live-website.com\/condiciones-generales-de-contratacion\/\" \/>\n<meta property=\"og:locale\" content=\"en_GB\" \/>\n<meta property=\"og:type\" content=\"article\" \/>\n<meta property=\"og:title\" content=\"Condiciones Generales de Contrataci\u00f3n - Royal Padel\" \/>\n<meta property=\"og:description\" content=\"Informaci\u00f3n previa al proceso contractual La presente p\u00e1gina web www.royalpadel.com es propiedad de Royal Padel Sportsystems Sl con CIF B63362529 y direcci\u00f3n fiscal en Avenida de J.v.foix, 92,\u00a0Barcelona,\u00a008034\u00a0,\u00a0Barcelona. Las condiciones Generales de Contrataci\u00f3n regulan la relaci\u00f3n de venta a distancia entre Royal Padel Sportsystems Sl y el usuario o cliente, de acuerdo con las estipulaciones [&hellip;]\" \/>\n<meta property=\"og:url\" content=\"https:\/\/royalpadelcom-9l0c621n31.live-website.com\/condiciones-generales-de-contratacion\/\" \/>\n<meta property=\"og:site_name\" content=\"Royal Padel\" \/>\n<meta property=\"article:modified_time\" content=\"2022-12-22T08:40:53+00:00\" \/>\n<meta name=\"twitter:card\" content=\"summary_large_image\" \/>\n<meta name=\"twitter:label1\" content=\"Estimated reading time\" \/>\n\t<meta name=\"twitter:data1\" content=\"9 minutes\" \/>\n<script type=\"application\/ld+json\" class=\"yoast-schema-graph\">{\"@context\":\"https:\\\/\\\/schema.org\",\"@graph\":[{\"@type\":\"WebPage\",\"@id\":\"https:\\\/\\\/royalpadelcom-9l0c621n31.live-website.com\\\/condiciones-generales-de-contratacion\\\/\",\"url\":\"https:\\\/\\\/royalpadelcom-9l0c621n31.live-website.com\\\/condiciones-generales-de-contratacion\\\/\",\"name\":\"Condiciones Generales de Contrataci\u00f3n - Royal Padel\",\"isPartOf\":{\"@id\":\"https:\\\/\\\/royalpadel.com\\\/#website\"},\"datePublished\":\"2020-12-01T22:03:10+00:00\",\"dateModified\":\"2022-12-22T08:40:53+00:00\",\"breadcrumb\":{\"@id\":\"https:\\\/\\\/royalpadelcom-9l0c621n31.live-website.com\\\/condiciones-generales-de-contratacion\\\/#breadcrumb\"},\"inLanguage\":\"en-GB\",\"potentialAction\":[{\"@type\":\"ReadAction\",\"target\":[\"https:\\\/\\\/royalpadelcom-9l0c621n31.live-website.com\\\/condiciones-generales-de-contratacion\\\/\"]}]},{\"@type\":\"BreadcrumbList\",\"@id\":\"https:\\\/\\\/royalpadelcom-9l0c621n31.live-website.com\\\/condiciones-generales-de-contratacion\\\/#breadcrumb\",\"itemListElement\":[{\"@type\":\"ListItem\",\"position\":1,\"name\":\"Home\",\"item\":\"https:\\\/\\\/royalpadel.com\\\/\"},{\"@type\":\"ListItem\",\"position\":2,\"name\":\"Condiciones Generales de Contrataci\u00f3n\"}]},{\"@type\":\"WebSite\",\"@id\":\"https:\\\/\\\/royalpadel.com\\\/#website\",\"url\":\"https:\\\/\\\/royalpadel.com\\\/\",\"name\":\"Royal Padel\",\"description\":\"We Are Royal Padel\",\"potentialAction\":[{\"@type\":\"SearchAction\",\"target\":{\"@type\":\"EntryPoint\",\"urlTemplate\":\"https:\\\/\\\/royalpadel.com\\\/?s={search_term_string}\"},\"query-input\":{\"@type\":\"PropertyValueSpecification\",\"valueRequired\":true,\"valueName\":\"search_term_string\"}}],\"inLanguage\":\"en-GB\"}]}<\/script>\n<!-- \/ Yoast SEO plugin. -->","yoast_head_json":{"title":"Condiciones Generales de Contrataci\u00f3n - Royal Padel","robots":{"index":"index","follow":"follow","max-snippet":"max-snippet:-1","max-image-preview":"max-image-preview:large","max-video-preview":"max-video-preview:-1"},"canonical":"https:\/\/royalpadelcom-9l0c621n31.live-website.com\/condiciones-generales-de-contratacion\/","og_locale":"en_GB","og_type":"article","og_title":"Condiciones Generales de Contrataci\u00f3n - Royal Padel","og_description":"Informaci\u00f3n previa al proceso contractual La presente p\u00e1gina web www.royalpadel.com es propiedad de Royal Padel Sportsystems Sl con CIF B63362529 y direcci\u00f3n fiscal en Avenida de J.v.foix, 92,\u00a0Barcelona,\u00a008034\u00a0,\u00a0Barcelona. Las condiciones Generales de Contrataci\u00f3n regulan la relaci\u00f3n de venta a distancia entre Royal Padel Sportsystems Sl y el usuario o cliente, de acuerdo con las estipulaciones [&hellip;]","og_url":"https:\/\/royalpadelcom-9l0c621n31.live-website.com\/condiciones-generales-de-contratacion\/","og_site_name":"Royal Padel","article_modified_time":"2022-12-22T08:40:53+00:00","twitter_card":"summary_large_image","twitter_misc":{"Estimated reading time":"9 minutes"},"schema":{"@context":"https:\/\/schema.org","@graph":[{"@type":"WebPage","@id":"https:\/\/royalpadelcom-9l0c621n31.live-website.com\/condiciones-generales-de-contratacion\/","url":"https:\/\/royalpadelcom-9l0c621n31.live-website.com\/condiciones-generales-de-contratacion\/","name":"Condiciones Generales de Contrataci\u00f3n - Royal Padel","isPartOf":{"@id":"https:\/\/royalpadel.com\/#website"},"datePublished":"2020-12-01T22:03:10+00:00","dateModified":"2022-12-22T08:40:53+00:00","breadcrumb":{"@id":"https:\/\/royalpadelcom-9l0c621n31.live-website.com\/condiciones-generales-de-contratacion\/#breadcrumb"},"inLanguage":"en-GB","potentialAction":[{"@type":"ReadAction","target":["https:\/\/royalpadelcom-9l0c621n31.live-website.com\/condiciones-generales-de-contratacion\/"]}]},{"@type":"BreadcrumbList","@id":"https:\/\/royalpadelcom-9l0c621n31.live-website.com\/condiciones-generales-de-contratacion\/#breadcrumb","itemListElement":[{"@type":"ListItem","position":1,"name":"Home","item":"https:\/\/royalpadel.com\/"},{"@type":"ListItem","position":2,"name":"Condiciones Generales de Contrataci\u00f3n"}]},{"@type":"WebSite","@id":"https:\/\/royalpadel.com\/#website","url":"https:\/\/royalpadel.com\/","name":"Royal Padel","description":"We Are Royal Padel","potentialAction":[{"@type":"SearchAction","target":{"@type":"EntryPoint","urlTemplate":"https:\/\/royalpadel.com\/?s={search_term_string}"},"query-input":{"@type":"PropertyValueSpecification","valueRequired":true,"valueName":"search_term_string"}}],"inLanguage":"en-GB"}]}},"_links":{"self":[{"href":"https:\/\/royalpadel.com\/en\/wp-json\/wp\/v2\/pages\/2907","targetHints":{"allow":["GET"]}}],"collection":[{"href":"https:\/\/royalpadel.com\/en\/wp-json\/wp\/v2\/pages"}],"about":[{"href":"https:\/\/royalpadel.com\/en\/wp-json\/wp\/v2\/types\/page"}],"author":[{"embeddable":true,"href":"https:\/\/royalpadel.com\/en\/wp-json\/wp\/v2\/users\/4"}],"replies":[{"embeddable":true,"href":"https:\/\/royalpadel.com\/en\/wp-json\/wp\/v2\/comments?post=2907"}],"version-history":[{"count":0,"href":"https:\/\/royalpadel.com\/en\/wp-json\/wp\/v2\/pages\/2907\/revisions"}],"wp:attachment":[{"href":"https:\/\/royalpadel.com\/en\/wp-json\/wp\/v2\/media?parent=2907"}],"curies":[{"name":"wp","href":"https:\/\/api.w.org\/{rel}","templated":true}]}}