{"id":6485,"date":"2024-10-02T13:30:14","date_gmt":"2024-10-02T13:30:14","guid":{"rendered":"https:\/\/royalpadel.com\/?page_id=6485"},"modified":"2025-11-28T10:54:31","modified_gmt":"2025-11-28T10:54:31","slug":"outlet-de-palas-de-padel","status":"publish","type":"page","link":"https:\/\/royalpadel.com\/en\/outlet-de-palas-de-padel\/","title":{"rendered":"OUTLET DE PALAS DE PADEL"},"content":{"rendered":"<div class=\"row\"><div class=\"col-sm-12\"><div class=\"vc_column-inner\"><div class=\"wpb_wrapper\">\n\t<div class=\"wpb_text_column wpb_content_element\" >\n\t\t<div class=\"wpb_wrapper\">\n\t\t\t<p>En este <strong>OUTLET<\/strong> de palas de padel podr\u00e1s encontrar palas de padel baratas. Las mejores oportunidades para conseguir una Royal Padel a <strong>precio inmejorable<\/strong>. Ll\u00e9vate las <strong>\u00faltimas unidades<\/strong> en stock de palas de colecciones anteriores con un <strong>gran descuento.\u00a0<\/strong>Encuentra las mejores palas de control, h\u00edbridas, de potencia, de Carbono, fibertech &#8230; Sea cual sea, \u00a1tenemos la mejor pala para ti con una relaci\u00f3n calidad precio inmejorable!<\/p>\n\n\t\t<\/div>\n\t<\/div>\n<\/div><\/div><\/div><\/div><div class=\"row\"><div class=\"col-sm-12\"><div class=\"vc_column-inner\"><div class=\"wpb_wrapper\"><div class=\"vc_separator wpb_content_element vc_separator_align_center vc_sep_width_100 vc_sep_pos_align_center vc_separator_no_text vc_sep_color_white wpb_content_element  wpb_content_element\" ><span class=\"vc_sep_holder vc_sep_holder_l\"><span class=\"vc_sep_line\"><\/span><\/span><span class=\"vc_sep_holder vc_sep_holder_r\"><span class=\"vc_sep_line\"><\/span><\/span>\n<\/div><div class=\"woocommerce columns-4\"><\/div><\/div><\/div><\/div><\/div><div class=\"row\"><div class=\"col-sm-12\"><div class=\"vc_column-inner\"><div class=\"wpb_wrapper\">\n\t<div class=\"wpb_text_column wpb_content_element\" >\n\t\t<div class=\"wpb_wrapper\">\n\t\t\t<h5 style=\"text-align: center;\"><strong>\u00bfTE HA QUEDADO ALGUNA PREGUNTA POR HACER? <\/strong><\/h5>\n<h5 style=\"text-align: center;\"><strong>CONTACTANOS A TRAV\u00c9S DE GESTOR@ROYALPADEL.COM <\/strong><\/h5>\n<h5 style=\"text-align: center;\"><strong>O POR NUESTRO WHATSAPP 932804921<\/strong><\/h5>\n\n\t\t<\/div>\n\t<\/div>\n<\/div><\/div><\/div><\/div><div class=\"row\"><div class=\"col-sm-12\"><div class=\"vc_column-inner\"><div class=\"wpb_wrapper\"><\/div><\/div><\/div><\/div>","protected":false},"excerpt":{"rendered":"En este OUTLET de palas de padel podr\u00e1s encontrar palas de padel baratas. Las mejores oportunidades para conseguir una Royal Padel a precio inmejorable. Ll\u00e9vate las \u00faltimas unidades en stock de palas de colecciones anteriores con un gran descuento.\u00a0Encuentra las mejores palas de control, h\u00edbridas, de potencia, de Carbono, fibertech ... Sea cual sea, \u00a1tenemos [...]","protected":false},"author":4,"featured_media":0,"parent":0,"menu_order":0,"comment_status":"closed","ping_status":"closed","template":"","meta":{"_acf_changed":false,"om_disable_all_campaigns":false,"inline_featured_image":false,"footnotes":""},"class_list":["post-6485","page","type-page","status-publish","hentry"],"acf":[],"yoast_head":"<!-- This site is optimized with the Yoast SEO plugin v27.4 - https:\/\/yoast.com\/product\/yoast-seo-wordpress\/ -->\n<title>OUTLET Padel: Las mejores oportunidades Royal Padel<\/title>\n<meta name=\"description\" content=\"Outlet Padel, la mejor oportunidad para conseguir palas de padel baratas de ROYAL PADEL. \u00a1\u00daltimas unidades al mejor precio disponible!\" \/>\n<meta name=\"robots\" content=\"index, follow, max-snippet:-1, max-image-preview:large, max-video-preview:-1\" \/>\n<link rel=\"canonical\" href=\"https:\/\/royalpadel.com\/en\/outlet-de-palas-de-padel\/\" \/>\n<meta property=\"og:locale\" content=\"en_GB\" \/>\n<meta property=\"og:type\" content=\"article\" \/>\n<meta property=\"og:title\" content=\"OUTLET Padel: Las mejores oportunidades Royal Padel\" \/>\n<meta property=\"og:description\" content=\"Outlet Padel, la mejor oportunidad para conseguir palas de padel baratas de ROYAL PADEL. \u00a1\u00daltimas unidades al mejor precio disponible!\" \/>\n<meta property=\"og:url\" content=\"https:\/\/royalpadel.com\/en\/outlet-de-palas-de-padel\/\" \/>\n<meta property=\"og:site_name\" content=\"Royal Padel\" \/>\n<meta property=\"article:modified_time\" content=\"2025-11-28T10:54:31+00:00\" \/>\n<meta name=\"twitter:card\" content=\"summary_large_image\" \/>\n<meta name=\"twitter:label1\" content=\"Estimated reading time\" \/>\n\t<meta name=\"twitter:data1\" content=\"1 minute\" \/>\n<script type=\"application\/ld+json\" class=\"yoast-schema-graph\">{\"@context\":\"https:\\\/\\\/schema.org\",\"@graph\":[{\"@type\":\"WebPage\",\"@id\":\"https:\\\/\\\/royalpadel.com\\\/outlet-de-palas-de-padel\\\/\",\"url\":\"https:\\\/\\\/royalpadel.com\\\/outlet-de-palas-de-padel\\\/\",\"name\":\"OUTLET Padel: Las mejores oportunidades Royal Padel\",\"isPartOf\":{\"@id\":\"https:\\\/\\\/royalpadel.com\\\/#website\"},\"datePublished\":\"2024-10-02T13:30:14+00:00\",\"dateModified\":\"2025-11-28T10:54:31+00:00\",\"description\":\"Outlet Padel, la mejor oportunidad para conseguir palas de padel baratas de ROYAL PADEL. \u00a1\u00daltimas unidades al mejor precio disponible!\",\"breadcrumb\":{\"@id\":\"https:\\\/\\\/royalpadel.com\\\/outlet-de-palas-de-padel\\\/#breadcrumb\"},\"inLanguage\":\"en-GB\",\"potentialAction\":[{\"@type\":\"ReadAction\",\"target\":[\"https:\\\/\\\/royalpadel.com\\\/outlet-de-palas-de-padel\\\/\"]}]},{\"@type\":\"BreadcrumbList\",\"@id\":\"https:\\\/\\\/royalpadel.com\\\/outlet-de-palas-de-padel\\\/#breadcrumb\",\"itemListElement\":[{\"@type\":\"ListItem\",\"position\":1,\"name\":\"Home\",\"item\":\"https:\\\/\\\/royalpadel.com\\\/\"},{\"@type\":\"ListItem\",\"position\":2,\"name\":\"OUTLET DE PALAS DE PADEL\"}]},{\"@type\":\"WebSite\",\"@id\":\"https:\\\/\\\/royalpadel.com\\\/#website\",\"url\":\"https:\\\/\\\/royalpadel.com\\\/\",\"name\":\"Royal Padel\",\"description\":\"We Are Royal Padel\",\"potentialAction\":[{\"@type\":\"SearchAction\",\"target\":{\"@type\":\"EntryPoint\",\"urlTemplate\":\"https:\\\/\\\/royalpadel.com\\\/?s={search_term_string}\"},\"query-input\":{\"@type\":\"PropertyValueSpecification\",\"valueRequired\":true,\"valueName\":\"search_term_string\"}}],\"inLanguage\":\"en-GB\"}]}<\/script>\n<!-- \/ Yoast SEO plugin. -->","yoast_head_json":{"title":"OUTLET Padel: Las mejores oportunidades Royal Padel","description":"Outlet Padel, la mejor oportunidad para conseguir palas de padel baratas de ROYAL PADEL. \u00a1\u00daltimas unidades al mejor precio disponible!","robots":{"index":"index","follow":"follow","max-snippet":"max-snippet:-1","max-image-preview":"max-image-preview:large","max-video-preview":"max-video-preview:-1"},"canonical":"https:\/\/royalpadel.com\/en\/outlet-de-palas-de-padel\/","og_locale":"en_GB","og_type":"article","og_title":"OUTLET Padel: Las mejores oportunidades Royal Padel","og_description":"Outlet Padel, la mejor oportunidad para conseguir palas de padel baratas de ROYAL PADEL. \u00a1\u00daltimas unidades al mejor precio disponible!","og_url":"https:\/\/royalpadel.com\/en\/outlet-de-palas-de-padel\/","og_site_name":"Royal Padel","article_modified_time":"2025-11-28T10:54:31+00:00","twitter_card":"summary_large_image","twitter_misc":{"Estimated reading time":"1 minute"},"schema":{"@context":"https:\/\/schema.org","@graph":[{"@type":"WebPage","@id":"https:\/\/royalpadel.com\/outlet-de-palas-de-padel\/","url":"https:\/\/royalpadel.com\/outlet-de-palas-de-padel\/","name":"OUTLET Padel: Las mejores oportunidades Royal Padel","isPartOf":{"@id":"https:\/\/royalpadel.com\/#website"},"datePublished":"2024-10-02T13:30:14+00:00","dateModified":"2025-11-28T10:54:31+00:00","description":"Outlet Padel, la mejor oportunidad para conseguir palas de padel baratas de ROYAL PADEL. \u00a1\u00daltimas unidades al mejor precio disponible!","breadcrumb":{"@id":"https:\/\/royalpadel.com\/outlet-de-palas-de-padel\/#breadcrumb"},"inLanguage":"en-GB","potentialAction":[{"@type":"ReadAction","target":["https:\/\/royalpadel.com\/outlet-de-palas-de-padel\/"]}]},{"@type":"BreadcrumbList","@id":"https:\/\/royalpadel.com\/outlet-de-palas-de-padel\/#breadcrumb","itemListElement":[{"@type":"ListItem","position":1,"name":"Home","item":"https:\/\/royalpadel.com\/"},{"@type":"ListItem","position":2,"name":"OUTLET DE PALAS DE PADEL"}]},{"@type":"WebSite","@id":"https:\/\/royalpadel.com\/#website","url":"https:\/\/royalpadel.com\/","name":"Royal Padel","description":"We Are Royal Padel","potentialAction":[{"@type":"SearchAction","target":{"@type":"EntryPoint","urlTemplate":"https:\/\/royalpadel.com\/?s={search_term_string}"},"query-input":{"@type":"PropertyValueSpecification","valueRequired":true,"valueName":"search_term_string"}}],"inLanguage":"en-GB"}]}},"_links":{"self":[{"href":"https:\/\/royalpadel.com\/en\/wp-json\/wp\/v2\/pages\/6485","targetHints":{"allow":["GET"]}}],"collection":[{"href":"https:\/\/royalpadel.com\/en\/wp-json\/wp\/v2\/pages"}],"about":[{"href":"https:\/\/royalpadel.com\/en\/wp-json\/wp\/v2\/types\/page"}],"author":[{"embeddable":true,"href":"https:\/\/royalpadel.com\/en\/wp-json\/wp\/v2\/users\/4"}],"replies":[{"embeddable":true,"href":"https:\/\/royalpadel.com\/en\/wp-json\/wp\/v2\/comments?post=6485"}],"version-history":[{"count":14,"href":"https:\/\/royalpadel.com\/en\/wp-json\/wp\/v2\/pages\/6485\/revisions"}],"predecessor-version":[{"id":7608,"href":"https:\/\/royalpadel.com\/en\/wp-json\/wp\/v2\/pages\/6485\/revisions\/7608"}],"wp:attachment":[{"href":"https:\/\/royalpadel.com\/en\/wp-json\/wp\/v2\/media?parent=6485"}],"curies":[{"name":"wp","href":"https:\/\/api.w.org\/{rel}","templated":true}]}}