{"id":96,"date":"2018-06-18T06:57:57","date_gmt":"2018-06-18T06:57:57","guid":{"rendered":"http:\/\/box5813.temp.domains\/~royalpd5\/?page_id=96"},"modified":"2026-02-16T11:25:58","modified_gmt":"2026-02-16T11:25:58","slug":"historia-royal-padel","status":"publish","type":"page","link":"https:\/\/royalpadel.com\/en\/historia-royal-padel\/","title":{"rendered":"Royal Padel History"},"content":{"rendered":"<div id=\"about-hero\" class=\"row hero\"><div class=\"col-sm-12\"><div class=\"vc_column-inner\"><div class=\"wpb_wrapper\">\n\t<div  class=\"wpb_single_image wpb_content_element vc_align_center wpb_content_element\">\n\t\t\n\t\t<figure class=\"wpb_wrapper vc_figure\">\n\t\t\t<div class=\"vc_single_image-wrapper   vc_box_border_grey\"><img loading=\"lazy\" decoding=\"async\" width=\"282\" height=\"272\" src=\"https:\/\/royalpadel.com\/wp-content\/uploads\/2022\/12\/RoyalPadel-282x272.png\" class=\"vc_single_image-img attachment-about-hero\" alt=\"\" title=\"RoyalPadel\" srcset=\"https:\/\/royalpadel.com\/wp-content\/uploads\/2022\/12\/RoyalPadel-282x272.png 282w, https:\/\/royalpadel.com\/wp-content\/uploads\/2022\/12\/RoyalPadel-300x289.png 300w, https:\/\/royalpadel.com\/wp-content\/uploads\/2022\/12\/RoyalPadel-12x12.png 12w, https:\/\/royalpadel.com\/wp-content\/uploads\/2022\/12\/RoyalPadel-48x46.png 48w, https:\/\/royalpadel.com\/wp-content\/uploads\/2022\/12\/RoyalPadel-243x234.png 243w, https:\/\/royalpadel.com\/wp-content\/uploads\/2022\/12\/RoyalPadel.png 565w\" sizes=\"auto, (max-width: 282px) 100vw, 282px\" \/><\/div>\n\t\t<\/figure>\n\t<\/div>\n<\/div><\/div><\/div><\/div><section id=\"about-history\" class=\"vc_section text-medium pb-0\"><div class=\"container-xxl\"><div class=\"row history-row g-xl align-items-center\"><div class=\"col-sm-12 col-lg-5 col-md-12\"><div class=\"vc_column-inner\"><div class=\"wpb_wrapper\"><h1  class=\"vc_custom_heading\" >Royal Padel's history, since 1991<\/h1>\n\t<div class=\"wpb_text_column wpb_content_element\" >\n\t\t<div class=\"wpb_wrapper\">\n\t\t\t<p><strong>En 1991 hab\u00eda dos marcas de p\u00e1del en Espa\u00f1a, una era Royal Padel.<\/strong> En 1991 se present\u00f3 la primera colecci\u00f3n de palas de p\u00e1del Royal Padel, con s\u00f3lo dos marcas en el mercado y una colecci\u00f3n reducida de tres modelos.<\/p>\n<p class=\"translation-block\">These first Royal Padel rackets were made of wood, heavy and with few features. It was in 1992 when the use of various types of rubber was adopted, combining them with glass fabrics and epoxy resin.<\/p>\n<p>From that moment, the performance of the Royal Padel rackets improved significantly and it was the first important step to reach the padel rackets that we manufacture today.<\/p>\n<p>Actualmente contamos con palas Royal Padel de reconocido prestigio entre los jugadores m\u00e1s experimentados de este pa\u00eds, los modelos de palas Royal Padel Whip tanto en Polietileno como en Eva. Todos estos modelos han proporcionado una posici\u00f3n notable para Royal Padel entre las mejores marcas de palas de p\u00e1del del mundo.<\/p>\n\n\t\t<\/div>\n\t<\/div>\n<\/div><\/div><\/div><div class=\"col-sm-12 col-lg-7 col-md-12\"><div class=\"vc_column-inner\"><div class=\"wpb_wrapper\"><div class=\"row vc_inner g-xl\"><div class=\"col-sm-6\"><div class=\"vc_column-inner\"><div class=\"wpb_wrapper\"><h2  class=\"vc_custom_heading h4\" >Impeccable Design<\/h2>\n\t<div class=\"wpb_text_column wpb_content_element\" >\n\t\t<div class=\"wpb_wrapper\">\n\t\t\t<p>Dise\u00f1adas y fabricadas por nosotros en casa con los mejores ingenieros con m\u00e1s de 30 a\u00f1os de experiencia<\/p>\n\n\t\t<\/div>\n\t<\/div>\n<\/div><\/div><\/div><div class=\"col-sm-6\"><div class=\"vc_column-inner\"><div class=\"wpb_wrapper\"><h2  class=\"vc_custom_heading h4\" >Balance<\/h2>\n\t<div class=\"wpb_text_column wpb_content_element\" >\n\t\t<div class=\"wpb_wrapper\">\n\t\t\t<p>Palas perfectamente balanceadas para alto rendimiento en la pista.<\/p>\n\n\t\t<\/div>\n\t<\/div>\n<\/div><\/div><\/div><div class=\"col-sm-6\"><div class=\"vc_column-inner\"><div class=\"wpb_wrapper\"><h2  class=\"vc_custom_heading h4\" >Durable Materials<\/h2>\n\t<div class=\"wpb_text_column wpb_content_element\" >\n\t\t<div class=\"wpb_wrapper\">\n\t\t\t<p>Our rackets are created with the highest quality materials, very resistant and durable.<\/p>\n\n\t\t<\/div>\n\t<\/div>\n<\/div><\/div><\/div><div class=\"col-sm-6\"><div class=\"vc_column-inner\"><div class=\"wpb_wrapper\"><h2  class=\"vc_custom_heading h4\" >Injury Prevention<\/h2>\n\t<div class=\"wpb_text_column wpb_content_element\" >\n\t\t<div class=\"wpb_wrapper\">\n\t\t\t<p>Con nuestro <em>Shock Absortion System<\/em> cuidamos de ti. Ayuda a absorber el impacto y las vibraciones de la bola en la pala.<\/p>\n\n\t\t<\/div>\n\t<\/div>\n<\/div><\/div><\/div><div class=\"col-sm-6\"><div class=\"vc_column-inner\"><div class=\"wpb_wrapper\"><h2  class=\"vc_custom_heading h4\" >Pure power<\/h2>\n\t<div class=\"wpb_text_column wpb_content_element\" >\n\t\t<div class=\"wpb_wrapper\">\n\t\t\t<p>We ensure that we offer the maximum power in all our rackets<\/p>\n\n\t\t<\/div>\n\t<\/div>\n<\/div><\/div><\/div><div class=\"col-sm-6\"><div class=\"vc_column-inner\"><div class=\"wpb_wrapper\"><h2  class=\"vc_custom_heading h4\" >Personal attention<\/h2>\n\t<div class=\"wpb_text_column wpb_content_element\" >\n\t\t<div class=\"wpb_wrapper\">\n\t\t\t<p>Al usar una de nuestras palas en la pista formas parte de nuestra familia. Juntos somos Royal Padel.<\/p>\n\n\t\t<\/div>\n\t<\/div>\n<\/div><\/div><\/div><\/div><\/div><\/div><\/div><\/div><\/div><\/section>","protected":false},"excerpt":{"rendered":"Historia de Royal Padel, desde 1991 En 1991 hab\u00eda dos marcas de p\u00e1del en Espa\u00f1a, una era Royal Padel. En 1991 se present\u00f3 la primera colecci\u00f3n de palas de p\u00e1del Royal Padel, con s\u00f3lo dos marcas en el mercado y una colecci\u00f3n reducida de tres modelos. Estas primeras palas Royal Padel eran de madera, pesadas [...]","protected":false},"author":4,"featured_media":0,"parent":0,"menu_order":0,"comment_status":"closed","ping_status":"closed","template":"page-vc.php","meta":{"_acf_changed":false,"om_disable_all_campaigns":false,"inline_featured_image":false,"footnotes":""},"class_list":["post-96","page","type-page","status-publish","hentry"],"acf":[],"yoast_head":"<!-- This site is optimized with the Yoast SEO plugin v27.4 - https:\/\/yoast.com\/product\/yoast-seo-wordpress\/ -->\n<title>La historia de Royal Padel | Desde 1991<\/title>\n<meta name=\"description\" content=\"La historia de Royal Padel nace en 1991. Hace 34 a\u00f1os, fuimos una de las marcas pioneras en Espa\u00f1a en la producci\u00f3n de palas de p\u00e1del.\" \/>\n<meta name=\"robots\" content=\"index, follow, max-snippet:-1, max-image-preview:large, max-video-preview:-1\" \/>\n<link rel=\"canonical\" href=\"https:\/\/royalpadel.com\/en\/historia-royal-padel\/\" \/>\n<meta property=\"og:locale\" content=\"en_GB\" \/>\n<meta property=\"og:type\" content=\"article\" \/>\n<meta property=\"og:title\" content=\"La historia de Royal Padel | Desde 1991\" \/>\n<meta property=\"og:description\" content=\"La historia de Royal Padel nace en 1991. Hace 34 a\u00f1os, fuimos una de las marcas pioneras en Espa\u00f1a en la producci\u00f3n de palas de p\u00e1del.\" \/>\n<meta property=\"og:url\" content=\"https:\/\/royalpadel.com\/en\/historia-royal-padel\/\" \/>\n<meta property=\"og:site_name\" content=\"Royal Padel\" \/>\n<meta property=\"article:modified_time\" content=\"2026-02-16T11:25:58+00:00\" \/>\n<meta name=\"twitter:card\" content=\"summary_large_image\" \/>\n<meta name=\"twitter:label1\" content=\"Estimated reading time\" \/>\n\t<meta name=\"twitter:data1\" content=\"2 minutes\" \/>\n<script type=\"application\/ld+json\" class=\"yoast-schema-graph\">{\"@context\":\"https:\\\/\\\/schema.org\",\"@graph\":[{\"@type\":\"WebPage\",\"@id\":\"https:\\\/\\\/royalpadel.com\\\/historia-royal-padel\\\/\",\"url\":\"https:\\\/\\\/royalpadel.com\\\/historia-royal-padel\\\/\",\"name\":\"La historia de Royal Padel | Desde 1991\",\"isPartOf\":{\"@id\":\"https:\\\/\\\/royalpadel.com\\\/#website\"},\"datePublished\":\"2018-06-18T06:57:57+00:00\",\"dateModified\":\"2026-02-16T11:25:58+00:00\",\"description\":\"La historia de Royal Padel nace en 1991. Hace 34 a\u00f1os, fuimos una de las marcas pioneras en Espa\u00f1a en la producci\u00f3n de palas de p\u00e1del.\",\"breadcrumb\":{\"@id\":\"https:\\\/\\\/royalpadel.com\\\/historia-royal-padel\\\/#breadcrumb\"},\"inLanguage\":\"en-GB\",\"potentialAction\":[{\"@type\":\"ReadAction\",\"target\":[\"https:\\\/\\\/royalpadel.com\\\/historia-royal-padel\\\/\"]}]},{\"@type\":\"BreadcrumbList\",\"@id\":\"https:\\\/\\\/royalpadel.com\\\/historia-royal-padel\\\/#breadcrumb\",\"itemListElement\":[{\"@type\":\"ListItem\",\"position\":1,\"name\":\"Home\",\"item\":\"https:\\\/\\\/royalpadel.com\\\/\"},{\"@type\":\"ListItem\",\"position\":2,\"name\":\"Historia de Royal P\u00e1del\"}]},{\"@type\":\"WebSite\",\"@id\":\"https:\\\/\\\/royalpadel.com\\\/#website\",\"url\":\"https:\\\/\\\/royalpadel.com\\\/\",\"name\":\"Royal Padel\",\"description\":\"We Are Royal Padel\",\"potentialAction\":[{\"@type\":\"SearchAction\",\"target\":{\"@type\":\"EntryPoint\",\"urlTemplate\":\"https:\\\/\\\/royalpadel.com\\\/?s={search_term_string}\"},\"query-input\":{\"@type\":\"PropertyValueSpecification\",\"valueRequired\":true,\"valueName\":\"search_term_string\"}}],\"inLanguage\":\"en-GB\"}]}<\/script>\n<!-- \/ Yoast SEO plugin. -->","yoast_head_json":{"title":"La historia de Royal Padel | Desde 1991","description":"La historia de Royal Padel nace en 1991. Hace 34 a\u00f1os, fuimos una de las marcas pioneras en Espa\u00f1a en la producci\u00f3n de palas de p\u00e1del.","robots":{"index":"index","follow":"follow","max-snippet":"max-snippet:-1","max-image-preview":"max-image-preview:large","max-video-preview":"max-video-preview:-1"},"canonical":"https:\/\/royalpadel.com\/en\/historia-royal-padel\/","og_locale":"en_GB","og_type":"article","og_title":"La historia de Royal Padel | Desde 1991","og_description":"La historia de Royal Padel nace en 1991. Hace 34 a\u00f1os, fuimos una de las marcas pioneras en Espa\u00f1a en la producci\u00f3n de palas de p\u00e1del.","og_url":"https:\/\/royalpadel.com\/en\/historia-royal-padel\/","og_site_name":"Royal Padel","article_modified_time":"2026-02-16T11:25:58+00:00","twitter_card":"summary_large_image","twitter_misc":{"Estimated reading time":"2 minutes"},"schema":{"@context":"https:\/\/schema.org","@graph":[{"@type":"WebPage","@id":"https:\/\/royalpadel.com\/historia-royal-padel\/","url":"https:\/\/royalpadel.com\/historia-royal-padel\/","name":"La historia de Royal Padel | Desde 1991","isPartOf":{"@id":"https:\/\/royalpadel.com\/#website"},"datePublished":"2018-06-18T06:57:57+00:00","dateModified":"2026-02-16T11:25:58+00:00","description":"La historia de Royal Padel nace en 1991. Hace 34 a\u00f1os, fuimos una de las marcas pioneras en Espa\u00f1a en la producci\u00f3n de palas de p\u00e1del.","breadcrumb":{"@id":"https:\/\/royalpadel.com\/historia-royal-padel\/#breadcrumb"},"inLanguage":"en-GB","potentialAction":[{"@type":"ReadAction","target":["https:\/\/royalpadel.com\/historia-royal-padel\/"]}]},{"@type":"BreadcrumbList","@id":"https:\/\/royalpadel.com\/historia-royal-padel\/#breadcrumb","itemListElement":[{"@type":"ListItem","position":1,"name":"Home","item":"https:\/\/royalpadel.com\/"},{"@type":"ListItem","position":2,"name":"Historia de Royal P\u00e1del"}]},{"@type":"WebSite","@id":"https:\/\/royalpadel.com\/#website","url":"https:\/\/royalpadel.com\/","name":"Royal Padel","description":"We Are Royal Padel","potentialAction":[{"@type":"SearchAction","target":{"@type":"EntryPoint","urlTemplate":"https:\/\/royalpadel.com\/?s={search_term_string}"},"query-input":{"@type":"PropertyValueSpecification","valueRequired":true,"valueName":"search_term_string"}}],"inLanguage":"en-GB"}]}},"_links":{"self":[{"href":"https:\/\/royalpadel.com\/en\/wp-json\/wp\/v2\/pages\/96","targetHints":{"allow":["GET"]}}],"collection":[{"href":"https:\/\/royalpadel.com\/en\/wp-json\/wp\/v2\/pages"}],"about":[{"href":"https:\/\/royalpadel.com\/en\/wp-json\/wp\/v2\/types\/page"}],"author":[{"embeddable":true,"href":"https:\/\/royalpadel.com\/en\/wp-json\/wp\/v2\/users\/4"}],"replies":[{"embeddable":true,"href":"https:\/\/royalpadel.com\/en\/wp-json\/wp\/v2\/comments?post=96"}],"version-history":[{"count":4,"href":"https:\/\/royalpadel.com\/en\/wp-json\/wp\/v2\/pages\/96\/revisions"}],"predecessor-version":[{"id":7773,"href":"https:\/\/royalpadel.com\/en\/wp-json\/wp\/v2\/pages\/96\/revisions\/7773"}],"wp:attachment":[{"href":"https:\/\/royalpadel.com\/en\/wp-json\/wp\/v2\/media?parent=96"}],"curies":[{"name":"wp","href":"https:\/\/api.w.org\/{rel}","templated":true}]}}