{"id":97,"date":"2018-06-19T12:04:07","date_gmt":"2018-06-19T12:04:07","guid":{"rendered":"http:\/\/box5813.temp.domains\/~royalpd5\/?page_id=97"},"modified":"2022-12-21T21:47:36","modified_gmt":"2022-12-21T21:47:36","slug":"carrito","status":"publish","type":"page","link":"https:\/\/royalpadel.com\/en\/carrito\/","title":{"rendered":"Cart"},"content":{"rendered":"<p><\/p>\r\n<p>Para todas las compras a los Emiratos \u00c1rabes Unidos no podemos enviar all\u00ed. Por favor, visite nuestros socios https:\/\/thepadelers.com\/ para conseguir su raqueta Royal Padel.<\/p>\r\n<p>\r\n\r\n<\/p>\r\n<p>For all purchases to <strong>the United Arab Emirates<\/strong> we can not ship there. Please visit our partners https:\/\/thepadelers.com\/ to get your Royal Padel racket.<\/p>\r\n<p>\r\n\r\n<\/p>\r\n<p>Para todas las compras a los Estados Unidos de Am\u00e9rica, M\u00e9xico y Canad\u00e1 no hacemos env\u00edos all\u00ed. Por favor, visite a nuestros socios <strong>Padel North America<\/strong> para conseguir su raqueta Royal Padel. O env\u00ede una captura de pantalla de su raqueta deseada a Info@padelnorthamerica.net<\/p>\r\n<p>\r\n\r\n<\/p>\r\n<p>For all purchases to <strong>the United States of America, Mexico and Canada<\/strong> we do not ship there. Please visit our partners <a href=\"https:\/\/www.amazon.com\/s?me=AJPPPHJQZWLOW&amp;marketplaceID=ATVPDKIKX0DER\" target=\"_blank\" rel=\"noreferrer noopener\">Padel North America<\/a> to get your Royal Padel racket. Or send a screenshot of your desired racket to Info@padelnorthamerica.net<\/p>\r\n<p><\/p>","protected":false},"excerpt":{"rendered":"<p>Para todas las compras a los Emiratos \u00c1rabes Unidos no podemos enviar all\u00ed. Por favor, visite nuestros socios https:\/\/thepadelers.com\/ para conseguir su raqueta Royal Padel. For all purchases to the United Arab Emirates we can not ship there. Please visit our partners https:\/\/thepadelers.com\/ to get your Royal Padel racket. Para todas las compras a los [&hellip;]<\/p>\n","protected":false},"author":4,"featured_media":0,"parent":0,"menu_order":0,"comment_status":"closed","ping_status":"closed","template":"","meta":{"_acf_changed":false,"om_disable_all_campaigns":false,"inline_featured_image":false,"footnotes":""},"class_list":["post-97","page","type-page","status-publish","hentry"],"acf":[],"yoast_head":"<!-- This site is optimized with the Yoast SEO plugin v27.4 - https:\/\/yoast.com\/product\/yoast-seo-wordpress\/ -->\n<title>Carrito - Royal Padel<\/title>\n<meta name=\"robots\" content=\"index, follow, max-snippet:-1, max-image-preview:large, max-video-preview:-1\" \/>\n<link rel=\"canonical\" href=\"https:\/\/royalpadelcom-9l0c621n31.live-website.com\/carrito\/\" \/>\n<meta property=\"og:locale\" content=\"en_GB\" \/>\n<meta property=\"og:type\" content=\"article\" \/>\n<meta property=\"og:title\" content=\"Carrito - Royal Padel\" \/>\n<meta property=\"og:description\" content=\"Para todas las compras a los Emiratos \u00c1rabes Unidos no podemos enviar all\u00ed. Por favor, visite nuestros socios https:\/\/thepadelers.com\/ para conseguir su raqueta Royal Padel. For all purchases to the United Arab Emirates we can not ship there. Please visit our partners https:\/\/thepadelers.com\/ to get your Royal Padel racket. Para todas las compras a los [&hellip;]\" \/>\n<meta property=\"og:url\" content=\"https:\/\/royalpadelcom-9l0c621n31.live-website.com\/carrito\/\" \/>\n<meta property=\"og:site_name\" content=\"Royal Padel\" \/>\n<meta property=\"article:modified_time\" content=\"2022-12-21T21:47:36+00:00\" \/>\n<meta name=\"twitter:card\" content=\"summary_large_image\" \/>\n<meta name=\"twitter:label1\" content=\"Estimated reading time\" \/>\n\t<meta name=\"twitter:data1\" content=\"1 minute\" \/>\n<script type=\"application\/ld+json\" class=\"yoast-schema-graph\">{\"@context\":\"https:\\\/\\\/schema.org\",\"@graph\":[{\"@type\":\"WebPage\",\"@id\":\"https:\\\/\\\/royalpadelcom-9l0c621n31.live-website.com\\\/carrito\\\/\",\"url\":\"https:\\\/\\\/royalpadelcom-9l0c621n31.live-website.com\\\/carrito\\\/\",\"name\":\"Carrito - Royal Padel\",\"isPartOf\":{\"@id\":\"https:\\\/\\\/royalpadel.com\\\/#website\"},\"datePublished\":\"2018-06-19T12:04:07+00:00\",\"dateModified\":\"2022-12-21T21:47:36+00:00\",\"breadcrumb\":{\"@id\":\"https:\\\/\\\/royalpadelcom-9l0c621n31.live-website.com\\\/carrito\\\/#breadcrumb\"},\"inLanguage\":\"en-GB\",\"potentialAction\":[{\"@type\":\"ReadAction\",\"target\":[\"https:\\\/\\\/royalpadelcom-9l0c621n31.live-website.com\\\/carrito\\\/\"]}]},{\"@type\":\"BreadcrumbList\",\"@id\":\"https:\\\/\\\/royalpadelcom-9l0c621n31.live-website.com\\\/carrito\\\/#breadcrumb\",\"itemListElement\":[{\"@type\":\"ListItem\",\"position\":1,\"name\":\"Home\",\"item\":\"https:\\\/\\\/royalpadel.com\\\/\"},{\"@type\":\"ListItem\",\"position\":2,\"name\":\"Carrito\"}]},{\"@type\":\"WebSite\",\"@id\":\"https:\\\/\\\/royalpadel.com\\\/#website\",\"url\":\"https:\\\/\\\/royalpadel.com\\\/\",\"name\":\"Royal Padel\",\"description\":\"We Are Royal Padel\",\"potentialAction\":[{\"@type\":\"SearchAction\",\"target\":{\"@type\":\"EntryPoint\",\"urlTemplate\":\"https:\\\/\\\/royalpadel.com\\\/?s={search_term_string}\"},\"query-input\":{\"@type\":\"PropertyValueSpecification\",\"valueRequired\":true,\"valueName\":\"search_term_string\"}}],\"inLanguage\":\"en-GB\"}]}<\/script>\n<!-- \/ Yoast SEO plugin. -->","yoast_head_json":{"title":"Carrito - Royal Padel","robots":{"index":"index","follow":"follow","max-snippet":"max-snippet:-1","max-image-preview":"max-image-preview:large","max-video-preview":"max-video-preview:-1"},"canonical":"https:\/\/royalpadelcom-9l0c621n31.live-website.com\/carrito\/","og_locale":"en_GB","og_type":"article","og_title":"Carrito - Royal Padel","og_description":"Para todas las compras a los Emiratos \u00c1rabes Unidos no podemos enviar all\u00ed. Por favor, visite nuestros socios https:\/\/thepadelers.com\/ para conseguir su raqueta Royal Padel. For all purchases to the United Arab Emirates we can not ship there. Please visit our partners https:\/\/thepadelers.com\/ to get your Royal Padel racket. Para todas las compras a los [&hellip;]","og_url":"https:\/\/royalpadelcom-9l0c621n31.live-website.com\/carrito\/","og_site_name":"Royal Padel","article_modified_time":"2022-12-21T21:47:36+00:00","twitter_card":"summary_large_image","twitter_misc":{"Estimated reading time":"1 minute"},"schema":{"@context":"https:\/\/schema.org","@graph":[{"@type":"WebPage","@id":"https:\/\/royalpadelcom-9l0c621n31.live-website.com\/carrito\/","url":"https:\/\/royalpadelcom-9l0c621n31.live-website.com\/carrito\/","name":"Carrito - Royal Padel","isPartOf":{"@id":"https:\/\/royalpadel.com\/#website"},"datePublished":"2018-06-19T12:04:07+00:00","dateModified":"2022-12-21T21:47:36+00:00","breadcrumb":{"@id":"https:\/\/royalpadelcom-9l0c621n31.live-website.com\/carrito\/#breadcrumb"},"inLanguage":"en-GB","potentialAction":[{"@type":"ReadAction","target":["https:\/\/royalpadelcom-9l0c621n31.live-website.com\/carrito\/"]}]},{"@type":"BreadcrumbList","@id":"https:\/\/royalpadelcom-9l0c621n31.live-website.com\/carrito\/#breadcrumb","itemListElement":[{"@type":"ListItem","position":1,"name":"Home","item":"https:\/\/royalpadel.com\/"},{"@type":"ListItem","position":2,"name":"Carrito"}]},{"@type":"WebSite","@id":"https:\/\/royalpadel.com\/#website","url":"https:\/\/royalpadel.com\/","name":"Royal Padel","description":"We Are Royal Padel","potentialAction":[{"@type":"SearchAction","target":{"@type":"EntryPoint","urlTemplate":"https:\/\/royalpadel.com\/?s={search_term_string}"},"query-input":{"@type":"PropertyValueSpecification","valueRequired":true,"valueName":"search_term_string"}}],"inLanguage":"en-GB"}]}},"_links":{"self":[{"href":"https:\/\/royalpadel.com\/en\/wp-json\/wp\/v2\/pages\/97","targetHints":{"allow":["GET"]}}],"collection":[{"href":"https:\/\/royalpadel.com\/en\/wp-json\/wp\/v2\/pages"}],"about":[{"href":"https:\/\/royalpadel.com\/en\/wp-json\/wp\/v2\/types\/page"}],"author":[{"embeddable":true,"href":"https:\/\/royalpadel.com\/en\/wp-json\/wp\/v2\/users\/4"}],"replies":[{"embeddable":true,"href":"https:\/\/royalpadel.com\/en\/wp-json\/wp\/v2\/comments?post=97"}],"version-history":[{"count":0,"href":"https:\/\/royalpadel.com\/en\/wp-json\/wp\/v2\/pages\/97\/revisions"}],"wp:attachment":[{"href":"https:\/\/royalpadel.com\/en\/wp-json\/wp\/v2\/media?parent=97"}],"curies":[{"name":"wp","href":"https:\/\/api.w.org\/{rel}","templated":true}]}}