{"id":3944,"date":"2022-02-15T10:17:19","date_gmt":"2022-02-15T10:17:19","guid":{"rendered":"https:\/\/royalpadel.com\/?post_type=product&#038;p=3944"},"modified":"2024-10-03T08:37:26","modified_gmt":"2024-10-03T08:37:26","slug":"short-gris-de-partido-royal-padel-copy","status":"publish","type":"product","link":"https:\/\/royalpadel.com\/en\/product\/short-gris-de-partido-royal-padel-copy\/","title":{"rendered":"Grey Match Shorts Royal Padel"},"content":{"rendered":"<p><span class=\"aCOpRe\">These grey Royal Padel match shorts are made with a full pocket for a classic look. It features a snug fit design for comfort. This short is lightweight and designed with a unique logo. Pair with any of our Royal Padel products.<\/span><\/p>","protected":false},"excerpt":{"rendered":"<p><span class=\"aCOpRe\">These grey Royal Padel match shorts are made with a full pocket for a classic look. It features a snug fit design for comfort. This short is lightweight and designed with a unique logo. Pair with any of our Royal Padel products.<\/span><\/p>","protected":false},"featured_media":3949,"template":"","meta":{"_acf_changed":false,"om_disable_all_campaigns":false,"inline_featured_image":false},"product_brand":[],"product_cat":[84,106,69],"product_tag":[],"class_list":{"0":"post-3944","1":"product","2":"type-product","3":"status-publish","4":"has-post-thumbnail","6":"product_cat-femenina","7":"product_cat-productos-populares","8":"product_cat-ropa","10":"first","11":"instock","12":"sale","13":"taxable","14":"shipping-taxable","15":"purchasable","16":"product-type-variable"},"acf":[],"yoast_head":"<!-- This site is optimized with the Yoast SEO plugin v27.4 - https:\/\/yoast.com\/product\/yoast-seo-wordpress\/ -->\n<title>Short Gris De Partido Royal Padel - Royal Padel<\/title>\n<meta name=\"description\" content=\"Este short gris de partido Royal Padel est\u00e1 confeccionada con bolsillo completo para un look cl\u00e1sico. Dise\u00f1o de ajuste ce\u00f1ido para mayor comodidad.\" \/>\n<meta name=\"robots\" content=\"index, follow, max-snippet:-1, max-image-preview:large, max-video-preview:-1\" \/>\n<link rel=\"canonical\" href=\"https:\/\/royalpadel.com\/en\/product\/short-gris-de-partido-royal-padel-copy\/\" \/>\n<meta property=\"og:locale\" content=\"en_GB\" \/>\n<meta property=\"og:type\" content=\"article\" \/>\n<meta property=\"og:title\" content=\"Short Gris De Partido Royal Padel - Royal Padel\" \/>\n<meta property=\"og:description\" content=\"Este short gris de partido Royal Padel est\u00e1 confeccionada con bolsillo completo para un look cl\u00e1sico. Dise\u00f1o de ajuste ce\u00f1ido para mayor comodidad.\" \/>\n<meta property=\"og:url\" content=\"https:\/\/royalpadel.com\/en\/product\/short-gris-de-partido-royal-padel-copy\/\" \/>\n<meta property=\"og:site_name\" content=\"Royal Padel\" \/>\n<meta property=\"article:modified_time\" content=\"2024-10-03T08:37:26+00:00\" \/>\n<meta property=\"og:image\" content=\"https:\/\/royalpadelcom-9l0c621n31.live-website.com\/wp-content\/uploads\/2022\/02\/FE423712_1-1024x1024.png\" \/>\n\t<meta property=\"og:image:width\" content=\"1024\" \/>\n\t<meta property=\"og:image:height\" content=\"1024\" \/>\n\t<meta property=\"og:image:type\" content=\"image\/png\" \/>\n<meta name=\"twitter:card\" content=\"summary_large_image\" \/>\n<meta name=\"twitter:label1\" content=\"Estimated reading time\" \/>\n\t<meta name=\"twitter:data1\" content=\"1 minute\" \/>\n<script type=\"application\/ld+json\" class=\"yoast-schema-graph\">{\"@context\":\"https:\\\/\\\/schema.org\",\"@graph\":[{\"@type\":\"WebPage\",\"@id\":\"https:\\\/\\\/royalpadel.com\\\/product\\\/short-gris-de-partido-royal-padel-copy\\\/\",\"url\":\"https:\\\/\\\/royalpadel.com\\\/product\\\/short-gris-de-partido-royal-padel-copy\\\/\",\"name\":\"Short Gris De Partido Royal Padel - Royal Padel\",\"isPartOf\":{\"@id\":\"https:\\\/\\\/royalpadel.com\\\/#website\"},\"primaryImageOfPage\":{\"@id\":\"https:\\\/\\\/royalpadel.com\\\/product\\\/short-gris-de-partido-royal-padel-copy\\\/#primaryimage\"},\"image\":{\"@id\":\"https:\\\/\\\/royalpadel.com\\\/product\\\/short-gris-de-partido-royal-padel-copy\\\/#primaryimage\"},\"thumbnailUrl\":\"https:\\\/\\\/royalpadel.com\\\/wp-content\\\/uploads\\\/2022\\\/02\\\/FE423712_1.png\",\"datePublished\":\"2022-02-15T10:17:19+00:00\",\"dateModified\":\"2024-10-03T08:37:26+00:00\",\"description\":\"Este short gris de partido Royal Padel est\u00e1 confeccionada con bolsillo completo para un look cl\u00e1sico. Dise\u00f1o de ajuste ce\u00f1ido para mayor comodidad.\",\"breadcrumb\":{\"@id\":\"https:\\\/\\\/royalpadel.com\\\/product\\\/short-gris-de-partido-royal-padel-copy\\\/#breadcrumb\"},\"inLanguage\":\"en-GB\",\"potentialAction\":[{\"@type\":\"ReadAction\",\"target\":[\"https:\\\/\\\/royalpadel.com\\\/product\\\/short-gris-de-partido-royal-padel-copy\\\/\"]}]},{\"@type\":\"ImageObject\",\"inLanguage\":\"en-GB\",\"@id\":\"https:\\\/\\\/royalpadel.com\\\/product\\\/short-gris-de-partido-royal-padel-copy\\\/#primaryimage\",\"url\":\"https:\\\/\\\/royalpadel.com\\\/wp-content\\\/uploads\\\/2022\\\/02\\\/FE423712_1.png\",\"contentUrl\":\"https:\\\/\\\/royalpadel.com\\\/wp-content\\\/uploads\\\/2022\\\/02\\\/FE423712_1.png\",\"width\":1500,\"height\":1500},{\"@type\":\"BreadcrumbList\",\"@id\":\"https:\\\/\\\/royalpadel.com\\\/product\\\/short-gris-de-partido-royal-padel-copy\\\/#breadcrumb\",\"itemListElement\":[{\"@type\":\"ListItem\",\"position\":1,\"name\":\"Home\",\"item\":\"https:\\\/\\\/royalpadel.com\\\/\"},{\"@type\":\"ListItem\",\"position\":2,\"name\":\"Shop\",\"item\":\"https:\\\/\\\/royalpadelcom-9l0c621n31.live-website.com\\\/shop\\\/\"},{\"@type\":\"ListItem\",\"position\":3,\"name\":\"Short Gris De Partido Royal Padel\"}]},{\"@type\":\"WebSite\",\"@id\":\"https:\\\/\\\/royalpadel.com\\\/#website\",\"url\":\"https:\\\/\\\/royalpadel.com\\\/\",\"name\":\"Royal Padel\",\"description\":\"We Are Royal Padel\",\"potentialAction\":[{\"@type\":\"SearchAction\",\"target\":{\"@type\":\"EntryPoint\",\"urlTemplate\":\"https:\\\/\\\/royalpadel.com\\\/?s={search_term_string}\"},\"query-input\":{\"@type\":\"PropertyValueSpecification\",\"valueRequired\":true,\"valueName\":\"search_term_string\"}}],\"inLanguage\":\"en-GB\"}]}<\/script>\n<!-- \/ Yoast SEO plugin. -->","yoast_head_json":{"title":"Short Gris De Partido Royal Padel - Royal Padel","description":"Este short gris de partido Royal Padel est\u00e1 confeccionada con bolsillo completo para un look cl\u00e1sico. Dise\u00f1o de ajuste ce\u00f1ido para mayor comodidad.","robots":{"index":"index","follow":"follow","max-snippet":"max-snippet:-1","max-image-preview":"max-image-preview:large","max-video-preview":"max-video-preview:-1"},"canonical":"https:\/\/royalpadel.com\/en\/product\/short-gris-de-partido-royal-padel-copy\/","og_locale":"en_GB","og_type":"article","og_title":"Short Gris De Partido Royal Padel - Royal Padel","og_description":"Este short gris de partido Royal Padel est\u00e1 confeccionada con bolsillo completo para un look cl\u00e1sico. Dise\u00f1o de ajuste ce\u00f1ido para mayor comodidad.","og_url":"https:\/\/royalpadel.com\/en\/product\/short-gris-de-partido-royal-padel-copy\/","og_site_name":"Royal Padel","article_modified_time":"2024-10-03T08:37:26+00:00","og_image":[{"width":1024,"height":1024,"url":"https:\/\/royalpadelcom-9l0c621n31.live-website.com\/wp-content\/uploads\/2022\/02\/FE423712_1-1024x1024.png","type":"image\/png"}],"twitter_card":"summary_large_image","twitter_misc":{"Estimated reading time":"1 minute"},"schema":{"@context":"https:\/\/schema.org","@graph":[{"@type":"WebPage","@id":"https:\/\/royalpadel.com\/product\/short-gris-de-partido-royal-padel-copy\/","url":"https:\/\/royalpadel.com\/product\/short-gris-de-partido-royal-padel-copy\/","name":"Short Gris De Partido Royal Padel - Royal Padel","isPartOf":{"@id":"https:\/\/royalpadel.com\/#website"},"primaryImageOfPage":{"@id":"https:\/\/royalpadel.com\/product\/short-gris-de-partido-royal-padel-copy\/#primaryimage"},"image":{"@id":"https:\/\/royalpadel.com\/product\/short-gris-de-partido-royal-padel-copy\/#primaryimage"},"thumbnailUrl":"https:\/\/royalpadel.com\/wp-content\/uploads\/2022\/02\/FE423712_1.png","datePublished":"2022-02-15T10:17:19+00:00","dateModified":"2024-10-03T08:37:26+00:00","description":"Este short gris de partido Royal Padel est\u00e1 confeccionada con bolsillo completo para un look cl\u00e1sico. Dise\u00f1o de ajuste ce\u00f1ido para mayor comodidad.","breadcrumb":{"@id":"https:\/\/royalpadel.com\/product\/short-gris-de-partido-royal-padel-copy\/#breadcrumb"},"inLanguage":"en-GB","potentialAction":[{"@type":"ReadAction","target":["https:\/\/royalpadel.com\/product\/short-gris-de-partido-royal-padel-copy\/"]}]},{"@type":"ImageObject","inLanguage":"en-GB","@id":"https:\/\/royalpadel.com\/product\/short-gris-de-partido-royal-padel-copy\/#primaryimage","url":"https:\/\/royalpadel.com\/wp-content\/uploads\/2022\/02\/FE423712_1.png","contentUrl":"https:\/\/royalpadel.com\/wp-content\/uploads\/2022\/02\/FE423712_1.png","width":1500,"height":1500},{"@type":"BreadcrumbList","@id":"https:\/\/royalpadel.com\/product\/short-gris-de-partido-royal-padel-copy\/#breadcrumb","itemListElement":[{"@type":"ListItem","position":1,"name":"Home","item":"https:\/\/royalpadel.com\/"},{"@type":"ListItem","position":2,"name":"Shop","item":"https:\/\/royalpadelcom-9l0c621n31.live-website.com\/shop\/"},{"@type":"ListItem","position":3,"name":"Short Gris De Partido Royal Padel"}]},{"@type":"WebSite","@id":"https:\/\/royalpadel.com\/#website","url":"https:\/\/royalpadel.com\/","name":"Royal Padel","description":"We Are Royal Padel","potentialAction":[{"@type":"SearchAction","target":{"@type":"EntryPoint","urlTemplate":"https:\/\/royalpadel.com\/?s={search_term_string}"},"query-input":{"@type":"PropertyValueSpecification","valueRequired":true,"valueName":"search_term_string"}}],"inLanguage":"en-GB"}]}},"_links":{"self":[{"href":"https:\/\/royalpadel.com\/en\/wp-json\/wp\/v2\/product\/3944","targetHints":{"allow":["GET"]}}],"collection":[{"href":"https:\/\/royalpadel.com\/en\/wp-json\/wp\/v2\/product"}],"about":[{"href":"https:\/\/royalpadel.com\/en\/wp-json\/wp\/v2\/types\/product"}],"wp:featuredmedia":[{"embeddable":true,"href":"https:\/\/royalpadel.com\/en\/wp-json\/wp\/v2\/media\/3949"}],"wp:attachment":[{"href":"https:\/\/royalpadel.com\/en\/wp-json\/wp\/v2\/media?parent=3944"}],"wp:term":[{"taxonomy":"product_brand","embeddable":true,"href":"https:\/\/royalpadel.com\/en\/wp-json\/wp\/v2\/product_brand?post=3944"},{"taxonomy":"product_cat","embeddable":true,"href":"https:\/\/royalpadel.com\/en\/wp-json\/wp\/v2\/product_cat?post=3944"},{"taxonomy":"product_tag","embeddable":true,"href":"https:\/\/royalpadel.com\/en\/wp-json\/wp\/v2\/product_tag?post=3944"}],"curies":[{"name":"wp","href":"https:\/\/api.w.org\/{rel}","templated":true}]}}