{"id":5623,"date":"2023-06-16T15:50:02","date_gmt":"2023-06-16T15:50:02","guid":{"rendered":"https:\/\/royalpadel.com\/?post_type=product&#038;p=5623"},"modified":"2025-04-02T11:12:20","modified_gmt":"2025-04-02T11:12:20","slug":"top-negro-angers-royal-padel-2023","status":"publish","type":"product","link":"https:\/\/royalpadel.com\/en\/product\/top-negro-angers-royal-padel-2023\/","title":{"rendered":"Black Top Angers Royal Padel 2023"},"content":{"rendered":"<p>Black Top Angers 2023\u00a0<span class=\"hiddenSpellError\">Royal<\/span>\u00a0<span class=\"hiddenSpellError\">Padel<\/span>\u00a0is made for a classic look. It features a snug fit design for comfort. This top is lightweight and designed with a unique logo. Pair it with any of our Royal Padel products.\u00a0<span class=\"hiddenSpellError\">Royal<\/span>\u00a0<span class=\"hiddenSpellError\">Padel<\/span>.<\/p>\n<p>85% Poli\u00e9ster<\/p>\n<p>15%\u00a0<span class=\"hiddenSpellError\">Elastano<\/span><\/p>","protected":false},"excerpt":{"rendered":"<p>Black Top Angers 2023\u00a0<span class=\"hiddenSpellError\">Royal<\/span>\u00a0<span class=\"hiddenSpellError\">Padel<\/span>\u00a0is made for a classic look. It features a snug fit design for comfort. This top is lightweight and designed with a unique logo. Pair it with any of our Royal Padel products.\u00a0<span class=\"hiddenSpellError\">Royal<\/span>\u00a0<span class=\"hiddenSpellError\">Padel<\/span>.<\/p>\n<p>85% Poli\u00e9ster<\/p>\n<p>15%\u00a0<span class=\"hiddenSpellError\">Elastano<\/span><\/p>","protected":false},"featured_media":5629,"template":"","meta":{"_acf_changed":false,"om_disable_all_campaigns":false,"inline_featured_image":false},"product_brand":[],"product_cat":[84,106,69],"product_tag":[],"class_list":{"0":"post-5623","1":"product","2":"type-product","3":"status-publish","4":"has-post-thumbnail","6":"product_cat-femenina","7":"product_cat-productos-populares","8":"product_cat-ropa","10":"first","11":"instock","12":"taxable","13":"shipping-taxable","14":"purchasable","15":"product-type-variable"},"acf":[],"yoast_head":"<!-- This site is optimized with the Yoast SEO plugin v27.4 - https:\/\/yoast.com\/product\/yoast-seo-wordpress\/ -->\n<title>Top Negro Angers Royal Padel 2023<\/title>\n<meta name=\"description\" content=\"Top de color negro de partido\u00a0Royal\u00a0Padel\u00a0est\u00e1 confeccionado\u00a0para un look cl\u00e1sico. Cuenta con un dise\u00f1o de ajuste ce\u00f1ido para mayor comodidad. Este Top es ligero y dise\u00f1ado con un logotipo exclusivo. Se complementa con cualquiera de nuestros productos\u00a0Royal\u00a0Padel.\" \/>\n<meta name=\"robots\" content=\"index, follow, max-snippet:-1, max-image-preview:large, max-video-preview:-1\" \/>\n<link rel=\"canonical\" href=\"https:\/\/royalpadel.com\/en\/product\/top-negro-angers-royal-padel-2023\/\" \/>\n<meta property=\"og:locale\" content=\"en_GB\" \/>\n<meta property=\"og:type\" content=\"article\" \/>\n<meta property=\"og:title\" content=\"Top Negro Angers Royal Padel 2023\" \/>\n<meta property=\"og:description\" content=\"Top de color negro de partido\u00a0Royal\u00a0Padel\u00a0est\u00e1 confeccionado\u00a0para un look cl\u00e1sico. Cuenta con un dise\u00f1o de ajuste ce\u00f1ido para mayor comodidad. Este Top es ligero y dise\u00f1ado con un logotipo exclusivo. Se complementa con cualquiera de nuestros productos\u00a0Royal\u00a0Padel.\" \/>\n<meta property=\"og:url\" content=\"https:\/\/royalpadel.com\/en\/product\/top-negro-angers-royal-padel-2023\/\" \/>\n<meta property=\"og:site_name\" content=\"Royal Padel\" \/>\n<meta property=\"article:modified_time\" content=\"2025-04-02T11:12:20+00:00\" \/>\n<meta property=\"og:image\" content=\"https:\/\/royalpadelcom-9l0c621n31.live-website.com\/wp-content\/uploads\/2023\/06\/7427255380375_2-1.jpg\" \/>\n\t<meta property=\"og:image:width\" content=\"1500\" \/>\n\t<meta property=\"og:image:height\" content=\"1500\" \/>\n\t<meta property=\"og:image:type\" content=\"image\/jpeg\" \/>\n<meta name=\"twitter:card\" content=\"summary_large_image\" \/>\n<meta name=\"twitter:label1\" content=\"Estimated reading time\" \/>\n\t<meta name=\"twitter:data1\" content=\"1 minute\" \/>\n<script type=\"application\/ld+json\" class=\"yoast-schema-graph\">{\"@context\":\"https:\\\/\\\/schema.org\",\"@graph\":[{\"@type\":\"WebPage\",\"@id\":\"https:\\\/\\\/royalpadel.com\\\/product\\\/top-negro-angers-royal-padel-2023\\\/\",\"url\":\"https:\\\/\\\/royalpadel.com\\\/product\\\/top-negro-angers-royal-padel-2023\\\/\",\"name\":\"Top Negro Angers Royal Padel 2023\",\"isPartOf\":{\"@id\":\"https:\\\/\\\/royalpadel.com\\\/#website\"},\"primaryImageOfPage\":{\"@id\":\"https:\\\/\\\/royalpadel.com\\\/product\\\/top-negro-angers-royal-padel-2023\\\/#primaryimage\"},\"image\":{\"@id\":\"https:\\\/\\\/royalpadel.com\\\/product\\\/top-negro-angers-royal-padel-2023\\\/#primaryimage\"},\"thumbnailUrl\":\"https:\\\/\\\/royalpadel.com\\\/wp-content\\\/uploads\\\/2023\\\/06\\\/7427255380375_2-1.jpg\",\"datePublished\":\"2023-06-16T15:50:02+00:00\",\"dateModified\":\"2025-04-02T11:12:20+00:00\",\"description\":\"Top de color negro de partido\u00a0Royal\u00a0Padel\u00a0est\u00e1 confeccionado\u00a0para un look cl\u00e1sico. Cuenta con un dise\u00f1o de ajuste ce\u00f1ido para mayor comodidad. Este Top es ligero y dise\u00f1ado con un logotipo exclusivo. Se complementa con cualquiera de nuestros productos\u00a0Royal\u00a0Padel.\",\"breadcrumb\":{\"@id\":\"https:\\\/\\\/royalpadel.com\\\/product\\\/top-negro-angers-royal-padel-2023\\\/#breadcrumb\"},\"inLanguage\":\"en-GB\",\"potentialAction\":[{\"@type\":\"ReadAction\",\"target\":[\"https:\\\/\\\/royalpadel.com\\\/product\\\/top-negro-angers-royal-padel-2023\\\/\"]}]},{\"@type\":\"ImageObject\",\"inLanguage\":\"en-GB\",\"@id\":\"https:\\\/\\\/royalpadel.com\\\/product\\\/top-negro-angers-royal-padel-2023\\\/#primaryimage\",\"url\":\"https:\\\/\\\/royalpadel.com\\\/wp-content\\\/uploads\\\/2023\\\/06\\\/7427255380375_2-1.jpg\",\"contentUrl\":\"https:\\\/\\\/royalpadel.com\\\/wp-content\\\/uploads\\\/2023\\\/06\\\/7427255380375_2-1.jpg\",\"width\":1500,\"height\":1500},{\"@type\":\"BreadcrumbList\",\"@id\":\"https:\\\/\\\/royalpadel.com\\\/product\\\/top-negro-angers-royal-padel-2023\\\/#breadcrumb\",\"itemListElement\":[{\"@type\":\"ListItem\",\"position\":1,\"name\":\"Home\",\"item\":\"https:\\\/\\\/royalpadel.com\\\/\"},{\"@type\":\"ListItem\",\"position\":2,\"name\":\"Shop\",\"item\":\"https:\\\/\\\/royalpadelcom-9l0c621n31.live-website.com\\\/shop\\\/\"},{\"@type\":\"ListItem\",\"position\":3,\"name\":\"Top Negro Angers Royal Padel 2023\"}]},{\"@type\":\"WebSite\",\"@id\":\"https:\\\/\\\/royalpadel.com\\\/#website\",\"url\":\"https:\\\/\\\/royalpadel.com\\\/\",\"name\":\"Royal Padel\",\"description\":\"We Are Royal Padel\",\"potentialAction\":[{\"@type\":\"SearchAction\",\"target\":{\"@type\":\"EntryPoint\",\"urlTemplate\":\"https:\\\/\\\/royalpadel.com\\\/?s={search_term_string}\"},\"query-input\":{\"@type\":\"PropertyValueSpecification\",\"valueRequired\":true,\"valueName\":\"search_term_string\"}}],\"inLanguage\":\"en-GB\"}]}<\/script>\n<!-- \/ Yoast SEO plugin. -->","yoast_head_json":{"title":"Black Top Angers Royal Padel 2023","description":"Top de color negro de partido\u00a0Royal\u00a0Padel\u00a0est\u00e1 confeccionado\u00a0para un look cl\u00e1sico. Cuenta con un dise\u00f1o de ajuste ce\u00f1ido para mayor comodidad. Este Top es ligero y dise\u00f1ado con un logotipo exclusivo. Se complementa con cualquiera de nuestros productos\u00a0Royal\u00a0Padel.","robots":{"index":"index","follow":"follow","max-snippet":"max-snippet:-1","max-image-preview":"max-image-preview:large","max-video-preview":"max-video-preview:-1"},"canonical":"https:\/\/royalpadel.com\/en\/product\/top-negro-angers-royal-padel-2023\/","og_locale":"en_GB","og_type":"article","og_title":"Top Negro Angers Royal Padel 2023","og_description":"Top de color negro de partido\u00a0Royal\u00a0Padel\u00a0est\u00e1 confeccionado\u00a0para un look cl\u00e1sico. Cuenta con un dise\u00f1o de ajuste ce\u00f1ido para mayor comodidad. Este Top es ligero y dise\u00f1ado con un logotipo exclusivo. Se complementa con cualquiera de nuestros productos\u00a0Royal\u00a0Padel.","og_url":"https:\/\/royalpadel.com\/en\/product\/top-negro-angers-royal-padel-2023\/","og_site_name":"Royal Padel","article_modified_time":"2025-04-02T11:12:20+00:00","og_image":[{"width":1500,"height":1500,"url":"https:\/\/royalpadelcom-9l0c621n31.live-website.com\/wp-content\/uploads\/2023\/06\/7427255380375_2-1.jpg","type":"image\/jpeg"}],"twitter_card":"summary_large_image","twitter_misc":{"Estimated reading time":"1 minute"},"schema":{"@context":"https:\/\/schema.org","@graph":[{"@type":"WebPage","@id":"https:\/\/royalpadel.com\/product\/top-negro-angers-royal-padel-2023\/","url":"https:\/\/royalpadel.com\/product\/top-negro-angers-royal-padel-2023\/","name":"Black Top Angers Royal Padel 2023","isPartOf":{"@id":"https:\/\/royalpadel.com\/#website"},"primaryImageOfPage":{"@id":"https:\/\/royalpadel.com\/product\/top-negro-angers-royal-padel-2023\/#primaryimage"},"image":{"@id":"https:\/\/royalpadel.com\/product\/top-negro-angers-royal-padel-2023\/#primaryimage"},"thumbnailUrl":"https:\/\/royalpadel.com\/wp-content\/uploads\/2023\/06\/7427255380375_2-1.jpg","datePublished":"2023-06-16T15:50:02+00:00","dateModified":"2025-04-02T11:12:20+00:00","description":"Top de color negro de partido\u00a0Royal\u00a0Padel\u00a0est\u00e1 confeccionado\u00a0para un look cl\u00e1sico. Cuenta con un dise\u00f1o de ajuste ce\u00f1ido para mayor comodidad. Este Top es ligero y dise\u00f1ado con un logotipo exclusivo. Se complementa con cualquiera de nuestros productos\u00a0Royal\u00a0Padel.","breadcrumb":{"@id":"https:\/\/royalpadel.com\/product\/top-negro-angers-royal-padel-2023\/#breadcrumb"},"inLanguage":"en-GB","potentialAction":[{"@type":"ReadAction","target":["https:\/\/royalpadel.com\/product\/top-negro-angers-royal-padel-2023\/"]}]},{"@type":"ImageObject","inLanguage":"en-GB","@id":"https:\/\/royalpadel.com\/product\/top-negro-angers-royal-padel-2023\/#primaryimage","url":"https:\/\/royalpadel.com\/wp-content\/uploads\/2023\/06\/7427255380375_2-1.jpg","contentUrl":"https:\/\/royalpadel.com\/wp-content\/uploads\/2023\/06\/7427255380375_2-1.jpg","width":1500,"height":1500},{"@type":"BreadcrumbList","@id":"https:\/\/royalpadel.com\/product\/top-negro-angers-royal-padel-2023\/#breadcrumb","itemListElement":[{"@type":"ListItem","position":1,"name":"Home","item":"https:\/\/royalpadel.com\/"},{"@type":"ListItem","position":2,"name":"Shop","item":"https:\/\/royalpadelcom-9l0c621n31.live-website.com\/shop\/"},{"@type":"ListItem","position":3,"name":"Top Negro Angers Royal Padel 2023"}]},{"@type":"WebSite","@id":"https:\/\/royalpadel.com\/#website","url":"https:\/\/royalpadel.com\/","name":"Royal Padel","description":"We Are Royal Padel","potentialAction":[{"@type":"SearchAction","target":{"@type":"EntryPoint","urlTemplate":"https:\/\/royalpadel.com\/?s={search_term_string}"},"query-input":{"@type":"PropertyValueSpecification","valueRequired":true,"valueName":"search_term_string"}}],"inLanguage":"en-GB"}]}},"_links":{"self":[{"href":"https:\/\/royalpadel.com\/en\/wp-json\/wp\/v2\/product\/5623","targetHints":{"allow":["GET"]}}],"collection":[{"href":"https:\/\/royalpadel.com\/en\/wp-json\/wp\/v2\/product"}],"about":[{"href":"https:\/\/royalpadel.com\/en\/wp-json\/wp\/v2\/types\/product"}],"wp:featuredmedia":[{"embeddable":true,"href":"https:\/\/royalpadel.com\/en\/wp-json\/wp\/v2\/media\/5629"}],"wp:attachment":[{"href":"https:\/\/royalpadel.com\/en\/wp-json\/wp\/v2\/media?parent=5623"}],"wp:term":[{"taxonomy":"product_brand","embeddable":true,"href":"https:\/\/royalpadel.com\/en\/wp-json\/wp\/v2\/product_brand?post=5623"},{"taxonomy":"product_cat","embeddable":true,"href":"https:\/\/royalpadel.com\/en\/wp-json\/wp\/v2\/product_cat?post=5623"},{"taxonomy":"product_tag","embeddable":true,"href":"https:\/\/royalpadel.com\/en\/wp-json\/wp\/v2\/product_tag?post=5623"}],"curies":[{"name":"wp","href":"https:\/\/api.w.org\/{rel}","templated":true}]}}