{"id":6220,"date":"2024-03-22T15:18:01","date_gmt":"2024-03-22T15:18:01","guid":{"rendered":"https:\/\/royalpadel.com\/?post_type=product&#038;p=6220"},"modified":"2025-06-03T15:10:17","modified_gmt":"2025-06-03T15:10:17","slug":"conjunto-falda-top-blanco-angra-royal-padel-2023","status":"publish","type":"product","link":"https:\/\/royalpadel.com\/en\/product\/conjunto-falda-top-blanco-angra-royal-padel-2023\/","title":{"rendered":"Set Skirt &amp; Top White Angra Royal Padel"},"content":{"rendered":"<p>We present the Royal Padel PRO match set in Angra White color. This lightweight set consisting of 1 Skirt Pants and 1 TOP is made to give you maximum performance on the court. Composed of 85% Polyester and 15% Elastane, this set features a snug fit design for comfortable padel play.<\/p>\n<p>Style and performance on a padel court. Skirt and Top incorporate our technology\u00a0<em>AEROLIGHT\u00a0<\/em>to offer maximum breathability and comfort.<\/p>\n<p>Our Competition Padel Set fuses advanced technology and sleek design to bring you the best in performance and style. Made with breathable, quick-drying fabrics and compression technology, it ensures optimal comfort and total freedom of movement on the court. Plus, UV protection and antimicrobial treatment keep your skin safe and fresh, while flatlock seams prevent chafing and irritation. With specific reinforcements in key areas, this set ensures durability and strength in every match. Elevate your game with the perfect combination of technology and style in our Competition Padel Set.<\/p>","protected":false},"excerpt":{"rendered":"<p>We present the Royal Padel PRO match set in Angra White color. This lightweight set consisting of 1 Skirt Pants and 1 TOP is made to give you maximum performance on the court. Composed of 85% Polyester and 15% Elastane, this set features a snug fit design for comfortable padel play.<\/p>\n<p>Style and performance on a padel court. Skirt and Top incorporate our technology\u00a0<em>AEROLIGHT\u00a0<\/em>to offer maximum breathability and comfort.<\/p>\n<p>Our Competition Padel Set fuses advanced technology and sleek design to bring you the best in performance and style. Made with breathable, quick-drying fabrics and compression technology, it ensures optimal comfort and total freedom of movement on the court. Plus, UV protection and antimicrobial treatment keep your skin safe and fresh, while flatlock seams prevent chafing and irritation. With specific reinforcements in key areas, this set ensures durability and strength in every match. Elevate your game with the perfect combination of technology and style in our Competition Padel Set.<\/p>","protected":false},"featured_media":5653,"template":"","meta":{"_acf_changed":false,"om_disable_all_campaigns":false,"inline_featured_image":false},"product_brand":[],"product_cat":[84,106,69],"product_tag":[],"class_list":{"0":"post-6220","1":"product","2":"type-product","3":"status-publish","4":"has-post-thumbnail","6":"product_cat-femenina","7":"product_cat-productos-populares","8":"product_cat-ropa","10":"first","11":"outofstock","12":"sale","13":"taxable","14":"shipping-taxable","15":"purchasable","16":"product-type-variable"},"acf":[],"yoast_head":"<!-- This site is optimized with the Yoast SEO plugin v27.4 - https:\/\/yoast.com\/product\/yoast-seo-wordpress\/ -->\n<title>Conjunto Falda &amp; Top Blanco Angra Royal Padel<\/title>\n<meta name=\"description\" content=\"Conjunto de p\u00e1del formado por una falda y un top en color verde y blanco perfecto para la pr\u00e1ctica del p\u00e1del con total comodidad.\" \/>\n<meta name=\"robots\" content=\"index, follow, max-snippet:-1, max-image-preview:large, max-video-preview:-1\" \/>\n<link rel=\"canonical\" href=\"https:\/\/royalpadel.com\/en\/product\/conjunto-falda-top-blanco-angra-royal-padel-2023\/\" \/>\n<meta property=\"og:locale\" content=\"en_GB\" \/>\n<meta property=\"og:type\" content=\"article\" \/>\n<meta property=\"og:title\" content=\"Conjunto Falda &amp; Top Blanco Angra Royal Padel\" \/>\n<meta property=\"og:description\" content=\"Conjunto de p\u00e1del formado por una falda y un top en color verde y blanco perfecto para la pr\u00e1ctica del p\u00e1del con total comodidad.\" \/>\n<meta property=\"og:url\" content=\"https:\/\/royalpadel.com\/en\/product\/conjunto-falda-top-blanco-angra-royal-padel-2023\/\" \/>\n<meta property=\"og:site_name\" content=\"Royal Padel\" \/>\n<meta property=\"article:modified_time\" content=\"2025-06-03T15:10:17+00:00\" \/>\n<meta property=\"og:image\" content=\"https:\/\/royalpadel.com\/wp-content\/uploads\/2023\/06\/7427255380573_1.jpg\" \/>\n\t<meta property=\"og:image:width\" content=\"1500\" \/>\n\t<meta property=\"og:image:height\" content=\"1500\" \/>\n\t<meta property=\"og:image:type\" content=\"image\/jpeg\" \/>\n<meta name=\"twitter:card\" content=\"summary_large_image\" \/>\n<meta name=\"twitter:label1\" content=\"Estimated reading time\" \/>\n\t<meta name=\"twitter:data1\" content=\"2 minutes\" \/>\n<script type=\"application\/ld+json\" class=\"yoast-schema-graph\">{\"@context\":\"https:\\\/\\\/schema.org\",\"@graph\":[{\"@type\":\"WebPage\",\"@id\":\"https:\\\/\\\/royalpadel.com\\\/product\\\/conjunto-falda-top-blanco-angra-royal-padel-2023\\\/\",\"url\":\"https:\\\/\\\/royalpadel.com\\\/product\\\/conjunto-falda-top-blanco-angra-royal-padel-2023\\\/\",\"name\":\"Conjunto Falda & Top Blanco Angra Royal Padel\",\"isPartOf\":{\"@id\":\"https:\\\/\\\/royalpadel.com\\\/#website\"},\"primaryImageOfPage\":{\"@id\":\"https:\\\/\\\/royalpadel.com\\\/product\\\/conjunto-falda-top-blanco-angra-royal-padel-2023\\\/#primaryimage\"},\"image\":{\"@id\":\"https:\\\/\\\/royalpadel.com\\\/product\\\/conjunto-falda-top-blanco-angra-royal-padel-2023\\\/#primaryimage\"},\"thumbnailUrl\":\"https:\\\/\\\/royalpadel.com\\\/wp-content\\\/uploads\\\/2023\\\/06\\\/7427255380573_1.jpg\",\"datePublished\":\"2024-03-22T15:18:01+00:00\",\"dateModified\":\"2025-06-03T15:10:17+00:00\",\"description\":\"Conjunto de p\u00e1del formado por una falda y un top en color verde y blanco perfecto para la pr\u00e1ctica del p\u00e1del con total comodidad.\",\"breadcrumb\":{\"@id\":\"https:\\\/\\\/royalpadel.com\\\/product\\\/conjunto-falda-top-blanco-angra-royal-padel-2023\\\/#breadcrumb\"},\"inLanguage\":\"en-GB\",\"potentialAction\":[{\"@type\":\"ReadAction\",\"target\":[\"https:\\\/\\\/royalpadel.com\\\/product\\\/conjunto-falda-top-blanco-angra-royal-padel-2023\\\/\"]}]},{\"@type\":\"ImageObject\",\"inLanguage\":\"en-GB\",\"@id\":\"https:\\\/\\\/royalpadel.com\\\/product\\\/conjunto-falda-top-blanco-angra-royal-padel-2023\\\/#primaryimage\",\"url\":\"https:\\\/\\\/royalpadel.com\\\/wp-content\\\/uploads\\\/2023\\\/06\\\/7427255380573_1.jpg\",\"contentUrl\":\"https:\\\/\\\/royalpadel.com\\\/wp-content\\\/uploads\\\/2023\\\/06\\\/7427255380573_1.jpg\",\"width\":1500,\"height\":1500},{\"@type\":\"BreadcrumbList\",\"@id\":\"https:\\\/\\\/royalpadel.com\\\/product\\\/conjunto-falda-top-blanco-angra-royal-padel-2023\\\/#breadcrumb\",\"itemListElement\":[{\"@type\":\"ListItem\",\"position\":1,\"name\":\"Home\",\"item\":\"https:\\\/\\\/royalpadel.com\\\/\"},{\"@type\":\"ListItem\",\"position\":2,\"name\":\"Shop\",\"item\":\"https:\\\/\\\/royalpadelcom-9l0c621n31.live-website.com\\\/shop\\\/\"},{\"@type\":\"ListItem\",\"position\":3,\"name\":\"Conjunto Falda &#038; Top Blanco Angra Royal Padel\"}]},{\"@type\":\"WebSite\",\"@id\":\"https:\\\/\\\/royalpadel.com\\\/#website\",\"url\":\"https:\\\/\\\/royalpadel.com\\\/\",\"name\":\"Royal Padel\",\"description\":\"We Are Royal Padel\",\"potentialAction\":[{\"@type\":\"SearchAction\",\"target\":{\"@type\":\"EntryPoint\",\"urlTemplate\":\"https:\\\/\\\/royalpadel.com\\\/?s={search_term_string}\"},\"query-input\":{\"@type\":\"PropertyValueSpecification\",\"valueRequired\":true,\"valueName\":\"search_term_string\"}}],\"inLanguage\":\"en-GB\"}]}<\/script>\n<!-- \/ Yoast SEO plugin. -->","yoast_head_json":{"title":"Conjunto Falda & Top Blanco Angra Royal Padel","description":"Conjunto de p\u00e1del formado por una falda y un top en color verde y blanco perfecto para la pr\u00e1ctica del p\u00e1del con total comodidad.","robots":{"index":"index","follow":"follow","max-snippet":"max-snippet:-1","max-image-preview":"max-image-preview:large","max-video-preview":"max-video-preview:-1"},"canonical":"https:\/\/royalpadel.com\/en\/product\/conjunto-falda-top-blanco-angra-royal-padel-2023\/","og_locale":"en_GB","og_type":"article","og_title":"Conjunto Falda & Top Blanco Angra Royal Padel","og_description":"Conjunto de p\u00e1del formado por una falda y un top en color verde y blanco perfecto para la pr\u00e1ctica del p\u00e1del con total comodidad.","og_url":"https:\/\/royalpadel.com\/en\/product\/conjunto-falda-top-blanco-angra-royal-padel-2023\/","og_site_name":"Royal Padel","article_modified_time":"2025-06-03T15:10:17+00:00","og_image":[{"width":1500,"height":1500,"url":"https:\/\/royalpadel.com\/wp-content\/uploads\/2023\/06\/7427255380573_1.jpg","type":"image\/jpeg"}],"twitter_card":"summary_large_image","twitter_misc":{"Estimated reading time":"2 minutes"},"schema":{"@context":"https:\/\/schema.org","@graph":[{"@type":"WebPage","@id":"https:\/\/royalpadel.com\/product\/conjunto-falda-top-blanco-angra-royal-padel-2023\/","url":"https:\/\/royalpadel.com\/product\/conjunto-falda-top-blanco-angra-royal-padel-2023\/","name":"Conjunto Falda & Top Blanco Angra Royal Padel","isPartOf":{"@id":"https:\/\/royalpadel.com\/#website"},"primaryImageOfPage":{"@id":"https:\/\/royalpadel.com\/product\/conjunto-falda-top-blanco-angra-royal-padel-2023\/#primaryimage"},"image":{"@id":"https:\/\/royalpadel.com\/product\/conjunto-falda-top-blanco-angra-royal-padel-2023\/#primaryimage"},"thumbnailUrl":"https:\/\/royalpadel.com\/wp-content\/uploads\/2023\/06\/7427255380573_1.jpg","datePublished":"2024-03-22T15:18:01+00:00","dateModified":"2025-06-03T15:10:17+00:00","description":"Conjunto de p\u00e1del formado por una falda y un top en color verde y blanco perfecto para la pr\u00e1ctica del p\u00e1del con total comodidad.","breadcrumb":{"@id":"https:\/\/royalpadel.com\/product\/conjunto-falda-top-blanco-angra-royal-padel-2023\/#breadcrumb"},"inLanguage":"en-GB","potentialAction":[{"@type":"ReadAction","target":["https:\/\/royalpadel.com\/product\/conjunto-falda-top-blanco-angra-royal-padel-2023\/"]}]},{"@type":"ImageObject","inLanguage":"en-GB","@id":"https:\/\/royalpadel.com\/product\/conjunto-falda-top-blanco-angra-royal-padel-2023\/#primaryimage","url":"https:\/\/royalpadel.com\/wp-content\/uploads\/2023\/06\/7427255380573_1.jpg","contentUrl":"https:\/\/royalpadel.com\/wp-content\/uploads\/2023\/06\/7427255380573_1.jpg","width":1500,"height":1500},{"@type":"BreadcrumbList","@id":"https:\/\/royalpadel.com\/product\/conjunto-falda-top-blanco-angra-royal-padel-2023\/#breadcrumb","itemListElement":[{"@type":"ListItem","position":1,"name":"Home","item":"https:\/\/royalpadel.com\/"},{"@type":"ListItem","position":2,"name":"Shop","item":"https:\/\/royalpadelcom-9l0c621n31.live-website.com\/shop\/"},{"@type":"ListItem","position":3,"name":"Conjunto Falda &#038; Top Blanco Angra Royal Padel"}]},{"@type":"WebSite","@id":"https:\/\/royalpadel.com\/#website","url":"https:\/\/royalpadel.com\/","name":"Royal Padel","description":"We Are Royal Padel","potentialAction":[{"@type":"SearchAction","target":{"@type":"EntryPoint","urlTemplate":"https:\/\/royalpadel.com\/?s={search_term_string}"},"query-input":{"@type":"PropertyValueSpecification","valueRequired":true,"valueName":"search_term_string"}}],"inLanguage":"en-GB"}]}},"_links":{"self":[{"href":"https:\/\/royalpadel.com\/en\/wp-json\/wp\/v2\/product\/6220","targetHints":{"allow":["GET"]}}],"collection":[{"href":"https:\/\/royalpadel.com\/en\/wp-json\/wp\/v2\/product"}],"about":[{"href":"https:\/\/royalpadel.com\/en\/wp-json\/wp\/v2\/types\/product"}],"wp:featuredmedia":[{"embeddable":true,"href":"https:\/\/royalpadel.com\/en\/wp-json\/wp\/v2\/media\/5653"}],"wp:attachment":[{"href":"https:\/\/royalpadel.com\/en\/wp-json\/wp\/v2\/media?parent=6220"}],"wp:term":[{"taxonomy":"product_brand","embeddable":true,"href":"https:\/\/royalpadel.com\/en\/wp-json\/wp\/v2\/product_brand?post=6220"},{"taxonomy":"product_cat","embeddable":true,"href":"https:\/\/royalpadel.com\/en\/wp-json\/wp\/v2\/product_cat?post=6220"},{"taxonomy":"product_tag","embeddable":true,"href":"https:\/\/royalpadel.com\/en\/wp-json\/wp\/v2\/product_tag?post=6220"}],"curies":[{"name":"wp","href":"https:\/\/api.w.org\/{rel}","templated":true}]}}