{"id":6270,"date":"2024-04-18T16:45:13","date_gmt":"2024-04-18T16:45:13","guid":{"rendered":"https:\/\/royalpadel.com\/?post_type=product&#038;p=6270"},"modified":"2026-02-16T11:56:57","modified_gmt":"2026-02-16T11:56:57","slug":"pala-padel-ninos","status":"publish","type":"product","link":"https:\/\/royalpadel.com\/en\/product\/pala-padel-ninos\/","title":{"rendered":"RP B KIDS"},"content":{"rendered":"<p>\u00a1Presentamos la nueva Pala de P\u00e1del para Ni\u00f1os, la compa\u00f1era perfecta para que los peque\u00f1os campeones del p\u00e1del comiencen su viaje hacia la grandeza en la cancha! Dise\u00f1ada especialmente para jugadores de entre 3 y 8 a\u00f1os, nuestra pala ofrece la combinaci\u00f3n ideal de ligereza, comodidad y rendimiento para impulsar el juego de los m\u00e1s j\u00f3venes entusiastas del p\u00e1del.<\/p>\n<p>Con un peso ultra ligero de tan solo 260 gramos, esta pala es f\u00e1cil de manejar y permite a los ni\u00f1os concentrarse en mejorar su t\u00e9cnica sin preocuparse por la fatiga. Su dise\u00f1o ergon\u00f3mico y su agarre c\u00f3modo garantizan un juego con total seguridad y diversi\u00f3n.<\/p>\n<p>Lo m\u00e1s destacado de nuestra pala de p\u00e1del infantil es su amplio punto dulce, que ofrece una mayor salida de bola. Esto significa que los ni\u00f1os pueden sentirse seguros y seguros al golpear la pelota, lo que les ayuda a desarrollar su confianza y habilidades con cada pr\u00e1ctica.<\/p>\n<p>Por \u00faltimo, esta pala tambi\u00e9n cuenta con nuestra tecnolog\u00eda Shock Absortion para reducir las vibraciones que se transmiten al brazo de los m\u00e1s peque\u00f1os y prevenir que le duela el codo.<\/p>\n<p>&nbsp;<\/p>\n<p>&nbsp;<\/p>\n<p>&nbsp;<\/p>","protected":false},"excerpt":{"rendered":"<p>\u00a1Presentamos la nueva Pala de P\u00e1del para Ni\u00f1os, la compa\u00f1era perfecta para que los peque\u00f1os campeones del p\u00e1del comiencen su viaje hacia la grandeza en la cancha! Dise\u00f1ada especialmente para jugadores de entre 5 y 8 a\u00f1os, nuestra pala ofrece la combinaci\u00f3n ideal de ligereza, comodidad y rendimiento para impulsar el juego de los m\u00e1s j\u00f3venes entusiastas del p\u00e1del.<\/p>\n<p>Con un peso ultra ligero de tan solo 260 gramos, esta pala es f\u00e1cil de manejar y permite a los ni\u00f1os concentrarse en mejorar su t\u00e9cnica sin preocuparse por la fatiga. Su dise\u00f1o ergon\u00f3mico y su agarre c\u00f3modo garantizan un juego con total seguridad y diversi\u00f3n.<\/p>\n<p>Lo m\u00e1s destacado de nuestra pala de p\u00e1del infantil es su amplio punto dulce, que ofrece una mayor salida de bola. Esto significa que los ni\u00f1os pueden sentirse seguros y seguros al golpear la pelota, lo que les ayuda a desarrollar su confianza y habilidades con cada pr\u00e1ctica<\/p>\n<p>Por \u00faltimo, esta pala tambi\u00e9n cuenta con nuestra tecnolog\u00eda Shock Absortion para reducir las vibraciones que se transmiten al brazo de los m\u00e1s peque\u00f1os y prevenir que le duela el codo.<\/p>","protected":false},"featured_media":7691,"template":"","meta":{"_acf_changed":false,"om_disable_all_campaigns":false,"inline_featured_image":false},"product_brand":[],"product_cat":[40],"product_tag":[41],"class_list":{"0":"post-6270","1":"product","2":"type-product","3":"status-publish","4":"has-post-thumbnail","6":"product_cat-palas","7":"product_tag-iniciacion","9":"first","10":"instock","11":"sale","12":"taxable","13":"shipping-taxable","14":"purchasable","15":"product-type-simple"},"acf":[],"yoast_head":"<!-- This site is optimized with the Yoast SEO plugin v27.4 - https:\/\/yoast.com\/product\/yoast-seo-wordpress\/ -->\n<title>Pala de Padel Ni\u00f1os Royal Padel<\/title>\n<meta name=\"description\" content=\"La pala de padel de ni\u00f1os 3-8 a\u00f1os Royal Padel es perfecta para que los m\u00e1s peque\u00f1os empiecen a jugar con total comodidad y seguridad.\" \/>\n<meta name=\"robots\" content=\"index, follow, max-snippet:-1, max-image-preview:large, max-video-preview:-1\" \/>\n<link rel=\"canonical\" href=\"https:\/\/royalpadel.com\/en\/product\/pala-padel-ninos\/\" \/>\n<meta property=\"og:locale\" content=\"en_GB\" \/>\n<meta property=\"og:type\" content=\"article\" \/>\n<meta property=\"og:title\" content=\"Pala de Padel Ni\u00f1os Royal Padel\" \/>\n<meta property=\"og:description\" content=\"La pala de padel de ni\u00f1os 3-8 a\u00f1os Royal Padel es perfecta para que los m\u00e1s peque\u00f1os empiecen a jugar con total comodidad y seguridad.\" \/>\n<meta property=\"og:url\" content=\"https:\/\/royalpadel.com\/en\/product\/pala-padel-ninos\/\" \/>\n<meta property=\"og:site_name\" content=\"Royal Padel\" \/>\n<meta property=\"article:modified_time\" content=\"2026-02-16T11:56:57+00:00\" \/>\n<meta property=\"og:image\" content=\"https:\/\/royalpadel.com\/wp-content\/uploads\/2026\/02\/KIDS1.jpeg\" \/>\n\t<meta property=\"og:image:width\" content=\"1080\" \/>\n\t<meta property=\"og:image:height\" content=\"1080\" \/>\n\t<meta property=\"og:image:type\" content=\"image\/jpeg\" \/>\n<meta name=\"twitter:card\" content=\"summary_large_image\" \/>\n<meta name=\"twitter:label1\" content=\"Estimated reading time\" \/>\n\t<meta name=\"twitter:data1\" content=\"2 minutes\" \/>\n<script type=\"application\/ld+json\" class=\"yoast-schema-graph\">{\"@context\":\"https:\\\/\\\/schema.org\",\"@graph\":[{\"@type\":\"WebPage\",\"@id\":\"https:\\\/\\\/royalpadel.com\\\/product\\\/pala-padel-ninos\\\/\",\"url\":\"https:\\\/\\\/royalpadel.com\\\/product\\\/pala-padel-ninos\\\/\",\"name\":\"Pala de Padel Ni\u00f1os Royal Padel\",\"isPartOf\":{\"@id\":\"https:\\\/\\\/royalpadel.com\\\/#website\"},\"primaryImageOfPage\":{\"@id\":\"https:\\\/\\\/royalpadel.com\\\/product\\\/pala-padel-ninos\\\/#primaryimage\"},\"image\":{\"@id\":\"https:\\\/\\\/royalpadel.com\\\/product\\\/pala-padel-ninos\\\/#primaryimage\"},\"thumbnailUrl\":\"https:\\\/\\\/royalpadel.com\\\/wp-content\\\/uploads\\\/2026\\\/02\\\/KIDS1.jpeg\",\"datePublished\":\"2024-04-18T16:45:13+00:00\",\"dateModified\":\"2026-02-16T11:56:57+00:00\",\"description\":\"La pala de padel de ni\u00f1os 3-8 a\u00f1os Royal Padel es perfecta para que los m\u00e1s peque\u00f1os empiecen a jugar con total comodidad y seguridad.\",\"breadcrumb\":{\"@id\":\"https:\\\/\\\/royalpadel.com\\\/product\\\/pala-padel-ninos\\\/#breadcrumb\"},\"inLanguage\":\"en-GB\",\"potentialAction\":[{\"@type\":\"ReadAction\",\"target\":[\"https:\\\/\\\/royalpadel.com\\\/product\\\/pala-padel-ninos\\\/\"]}]},{\"@type\":\"ImageObject\",\"inLanguage\":\"en-GB\",\"@id\":\"https:\\\/\\\/royalpadel.com\\\/product\\\/pala-padel-ninos\\\/#primaryimage\",\"url\":\"https:\\\/\\\/royalpadel.com\\\/wp-content\\\/uploads\\\/2026\\\/02\\\/KIDS1.jpeg\",\"contentUrl\":\"https:\\\/\\\/royalpadel.com\\\/wp-content\\\/uploads\\\/2026\\\/02\\\/KIDS1.jpeg\",\"width\":1080,\"height\":1080},{\"@type\":\"BreadcrumbList\",\"@id\":\"https:\\\/\\\/royalpadel.com\\\/product\\\/pala-padel-ninos\\\/#breadcrumb\",\"itemListElement\":[{\"@type\":\"ListItem\",\"position\":1,\"name\":\"Home\",\"item\":\"https:\\\/\\\/royalpadel.com\\\/\"},{\"@type\":\"ListItem\",\"position\":2,\"name\":\"Shop\",\"item\":\"https:\\\/\\\/royalpadelcom-9l0c621n31.live-website.com\\\/shop\\\/\"},{\"@type\":\"ListItem\",\"position\":3,\"name\":\"RP B KIDS\"}]},{\"@type\":\"WebSite\",\"@id\":\"https:\\\/\\\/royalpadel.com\\\/#website\",\"url\":\"https:\\\/\\\/royalpadel.com\\\/\",\"name\":\"Royal Padel\",\"description\":\"We Are Royal Padel\",\"potentialAction\":[{\"@type\":\"SearchAction\",\"target\":{\"@type\":\"EntryPoint\",\"urlTemplate\":\"https:\\\/\\\/royalpadel.com\\\/?s={search_term_string}\"},\"query-input\":{\"@type\":\"PropertyValueSpecification\",\"valueRequired\":true,\"valueName\":\"search_term_string\"}}],\"inLanguage\":\"en-GB\"}]}<\/script>\n<!-- \/ Yoast SEO plugin. -->","yoast_head_json":{"title":"Pala de Padel Ni\u00f1os Royal Padel","description":"La pala de padel de ni\u00f1os 3-8 a\u00f1os Royal Padel es perfecta para que los m\u00e1s peque\u00f1os empiecen a jugar con total comodidad y seguridad.","robots":{"index":"index","follow":"follow","max-snippet":"max-snippet:-1","max-image-preview":"max-image-preview:large","max-video-preview":"max-video-preview:-1"},"canonical":"https:\/\/royalpadel.com\/en\/product\/pala-padel-ninos\/","og_locale":"en_GB","og_type":"article","og_title":"Pala de Padel Ni\u00f1os Royal Padel","og_description":"La pala de padel de ni\u00f1os 3-8 a\u00f1os Royal Padel es perfecta para que los m\u00e1s peque\u00f1os empiecen a jugar con total comodidad y seguridad.","og_url":"https:\/\/royalpadel.com\/en\/product\/pala-padel-ninos\/","og_site_name":"Royal Padel","article_modified_time":"2026-02-16T11:56:57+00:00","og_image":[{"width":1080,"height":1080,"url":"https:\/\/royalpadel.com\/wp-content\/uploads\/2026\/02\/KIDS1.jpeg","type":"image\/jpeg"}],"twitter_card":"summary_large_image","twitter_misc":{"Estimated reading time":"2 minutes"},"schema":{"@context":"https:\/\/schema.org","@graph":[{"@type":"WebPage","@id":"https:\/\/royalpadel.com\/product\/pala-padel-ninos\/","url":"https:\/\/royalpadel.com\/product\/pala-padel-ninos\/","name":"Pala de Padel Ni\u00f1os Royal Padel","isPartOf":{"@id":"https:\/\/royalpadel.com\/#website"},"primaryImageOfPage":{"@id":"https:\/\/royalpadel.com\/product\/pala-padel-ninos\/#primaryimage"},"image":{"@id":"https:\/\/royalpadel.com\/product\/pala-padel-ninos\/#primaryimage"},"thumbnailUrl":"https:\/\/royalpadel.com\/wp-content\/uploads\/2026\/02\/KIDS1.jpeg","datePublished":"2024-04-18T16:45:13+00:00","dateModified":"2026-02-16T11:56:57+00:00","description":"La pala de padel de ni\u00f1os 3-8 a\u00f1os Royal Padel es perfecta para que los m\u00e1s peque\u00f1os empiecen a jugar con total comodidad y seguridad.","breadcrumb":{"@id":"https:\/\/royalpadel.com\/product\/pala-padel-ninos\/#breadcrumb"},"inLanguage":"en-GB","potentialAction":[{"@type":"ReadAction","target":["https:\/\/royalpadel.com\/product\/pala-padel-ninos\/"]}]},{"@type":"ImageObject","inLanguage":"en-GB","@id":"https:\/\/royalpadel.com\/product\/pala-padel-ninos\/#primaryimage","url":"https:\/\/royalpadel.com\/wp-content\/uploads\/2026\/02\/KIDS1.jpeg","contentUrl":"https:\/\/royalpadel.com\/wp-content\/uploads\/2026\/02\/KIDS1.jpeg","width":1080,"height":1080},{"@type":"BreadcrumbList","@id":"https:\/\/royalpadel.com\/product\/pala-padel-ninos\/#breadcrumb","itemListElement":[{"@type":"ListItem","position":1,"name":"Home","item":"https:\/\/royalpadel.com\/"},{"@type":"ListItem","position":2,"name":"Shop","item":"https:\/\/royalpadelcom-9l0c621n31.live-website.com\/shop\/"},{"@type":"ListItem","position":3,"name":"RP B KIDS"}]},{"@type":"WebSite","@id":"https:\/\/royalpadel.com\/#website","url":"https:\/\/royalpadel.com\/","name":"Royal Padel","description":"We Are Royal Padel","potentialAction":[{"@type":"SearchAction","target":{"@type":"EntryPoint","urlTemplate":"https:\/\/royalpadel.com\/?s={search_term_string}"},"query-input":{"@type":"PropertyValueSpecification","valueRequired":true,"valueName":"search_term_string"}}],"inLanguage":"en-GB"}]}},"_links":{"self":[{"href":"https:\/\/royalpadel.com\/en\/wp-json\/wp\/v2\/product\/6270","targetHints":{"allow":["GET"]}}],"collection":[{"href":"https:\/\/royalpadel.com\/en\/wp-json\/wp\/v2\/product"}],"about":[{"href":"https:\/\/royalpadel.com\/en\/wp-json\/wp\/v2\/types\/product"}],"wp:featuredmedia":[{"embeddable":true,"href":"https:\/\/royalpadel.com\/en\/wp-json\/wp\/v2\/media\/7691"}],"wp:attachment":[{"href":"https:\/\/royalpadel.com\/en\/wp-json\/wp\/v2\/media?parent=6270"}],"wp:term":[{"taxonomy":"product_brand","embeddable":true,"href":"https:\/\/royalpadel.com\/en\/wp-json\/wp\/v2\/product_brand?post=6270"},{"taxonomy":"product_cat","embeddable":true,"href":"https:\/\/royalpadel.com\/en\/wp-json\/wp\/v2\/product_cat?post=6270"},{"taxonomy":"product_tag","embeddable":true,"href":"https:\/\/royalpadel.com\/en\/wp-json\/wp\/v2\/product_tag?post=6270"}],"curies":[{"name":"wp","href":"https:\/\/api.w.org\/{rel}","templated":true}]}}