{"id":6414,"date":"2024-07-25T16:29:54","date_gmt":"2024-07-25T16:29:54","guid":{"rendered":"https:\/\/royalpadel.com\/?post_type=product&#038;p=6414"},"modified":"2025-10-07T15:32:45","modified_gmt":"2025-10-07T15:32:45","slug":"conjunto-padel-hombre-pro-players-blanco-negro","status":"publish","type":"product","link":"https:\/\/royalpadel.com\/en\/product\/conjunto-padel-hombre-pro-players-blanco-negro\/","title":{"rendered":"Men's Padel Set PRO Players | White &amp; Black"},"content":{"rendered":"<p><strong>PRO Players T-Shirt &amp; Pants White &amp; Grey<\/strong><\/p>\n<p>This padel set for men is composed of a White T-shirt and Black pants totally matching so you can enjoy your matches with the maximum comfort. <strong>Bring out your best performance.<\/strong>Made of high-quality, lightweight, Ultrafast-drying polyester to keep you cool during matches.<\/p>\n<p><strong>Our tech; <em>We have developed our Coolfit Technology<\/em><\/strong><\/p>\n<p>\u00a1 <em>We have developed our Coolfit Technology <\/em>so that both jersey and pants are extremely breathable and ergonomic. Maximum comfort to get the most out of your performance on the court.<\/p>\n<p><strong>NOT SOLD INDIVIDUALLY!<\/strong><\/p>","protected":false},"excerpt":{"rendered":"<p><strong>PRO Players T-Shirt &amp; Pants White &amp; Grey<\/strong><\/p>\n<p>This padel set for men is composed of a White T-shirt and Black pants totally matching so you can enjoy your matches with the maximum comfort. <strong>Bring out your best performance.<\/strong>Made of high-quality, lightweight, Ultrafast-drying polyester to keep you cool during matches.<\/p>\n<p><strong>Our tech; <em>We have developed our Coolfit Technology<\/em><\/strong><\/p>\n<p>\u00a1 <em>We have developed our Coolfit Technology <\/em>so that both jersey and pants are extremely breathable and ergonomic. Maximum comfort to get the most out of your performance on the court.<\/p>\n<p><strong>NOT SOLD INDIVIDUALLY!<\/strong><\/p>","protected":false},"featured_media":6731,"template":"","meta":{"_acf_changed":false,"om_disable_all_campaigns":false,"inline_featured_image":false},"product_brand":[],"product_cat":[83,69],"product_tag":[44],"class_list":{"0":"post-6414","1":"product","2":"type-product","3":"status-publish","4":"has-post-thumbnail","6":"product_cat-masculina","7":"product_cat-ropa","8":"product_tag-competicion","10":"first","11":"outofstock","12":"taxable","13":"shipping-taxable","14":"purchasable","15":"product-type-variable"},"acf":[],"yoast_head":"<!-- This site is optimized with the Yoast SEO plugin v27.4 - https:\/\/yoast.com\/product\/yoast-seo-wordpress\/ -->\n<title>Conjunto Padel Hombre PRO Players | Azul &amp; Blanco<\/title>\n<meta name=\"description\" content=\"Conjunto p\u00e1del hombre Royal Padel con camiseta Blanca y pantal\u00f3n Gris. UltraLigero, transpirable y con tecnolog\u00eda CoolFit \u00a1para volar en pista!\" \/>\n<meta name=\"robots\" content=\"index, follow, max-snippet:-1, max-image-preview:large, max-video-preview:-1\" \/>\n<link rel=\"canonical\" href=\"https:\/\/royalpadel.com\/en\/product\/conjunto-padel-hombre-pro-players-blanco-negro\/\" \/>\n<meta property=\"og:locale\" content=\"en_GB\" \/>\n<meta property=\"og:type\" content=\"article\" \/>\n<meta property=\"og:title\" content=\"Conjunto Padel Hombre PRO Players | Azul &amp; Blanco\" \/>\n<meta property=\"og:description\" content=\"Conjunto p\u00e1del hombre Royal Padel con camiseta Blanca y pantal\u00f3n Gris. UltraLigero, transpirable y con tecnolog\u00eda CoolFit \u00a1para volar en pista!\" \/>\n<meta property=\"og:url\" content=\"https:\/\/royalpadel.com\/en\/product\/conjunto-padel-hombre-pro-players-blanco-negro\/\" \/>\n<meta property=\"og:site_name\" content=\"Royal Padel\" \/>\n<meta property=\"article:modified_time\" content=\"2025-10-07T15:32:45+00:00\" \/>\n<meta property=\"og:image\" content=\"https:\/\/royalpadel.com\/wp-content\/uploads\/2024\/11\/CONTROL-4-1.jpg\" \/>\n\t<meta property=\"og:image:width\" content=\"1500\" \/>\n\t<meta property=\"og:image:height\" content=\"1500\" \/>\n\t<meta property=\"og:image:type\" content=\"image\/jpeg\" \/>\n<meta name=\"twitter:card\" content=\"summary_large_image\" \/>\n<meta name=\"twitter:label1\" content=\"Estimated reading time\" \/>\n\t<meta name=\"twitter:data1\" content=\"1 minute\" \/>\n<script type=\"application\/ld+json\" class=\"yoast-schema-graph\">{\"@context\":\"https:\\\/\\\/schema.org\",\"@graph\":[{\"@type\":\"WebPage\",\"@id\":\"https:\\\/\\\/royalpadel.com\\\/product\\\/conjunto-padel-hombre-pro-players-blanco-negro\\\/\",\"url\":\"https:\\\/\\\/royalpadel.com\\\/product\\\/conjunto-padel-hombre-pro-players-blanco-negro\\\/\",\"name\":\"Conjunto Padel Hombre PRO Players | Azul & Blanco\",\"isPartOf\":{\"@id\":\"https:\\\/\\\/royalpadel.com\\\/#website\"},\"primaryImageOfPage\":{\"@id\":\"https:\\\/\\\/royalpadel.com\\\/product\\\/conjunto-padel-hombre-pro-players-blanco-negro\\\/#primaryimage\"},\"image\":{\"@id\":\"https:\\\/\\\/royalpadel.com\\\/product\\\/conjunto-padel-hombre-pro-players-blanco-negro\\\/#primaryimage\"},\"thumbnailUrl\":\"https:\\\/\\\/royalpadel.com\\\/wp-content\\\/uploads\\\/2024\\\/11\\\/CONTROL-4-1.jpg\",\"datePublished\":\"2024-07-25T16:29:54+00:00\",\"dateModified\":\"2025-10-07T15:32:45+00:00\",\"description\":\"Conjunto p\u00e1del hombre Royal Padel con camiseta Blanca y pantal\u00f3n Gris. UltraLigero, transpirable y con tecnolog\u00eda CoolFit \u00a1para volar en pista!\",\"breadcrumb\":{\"@id\":\"https:\\\/\\\/royalpadel.com\\\/product\\\/conjunto-padel-hombre-pro-players-blanco-negro\\\/#breadcrumb\"},\"inLanguage\":\"en-GB\",\"potentialAction\":[{\"@type\":\"ReadAction\",\"target\":[\"https:\\\/\\\/royalpadel.com\\\/product\\\/conjunto-padel-hombre-pro-players-blanco-negro\\\/\"]}]},{\"@type\":\"ImageObject\",\"inLanguage\":\"en-GB\",\"@id\":\"https:\\\/\\\/royalpadel.com\\\/product\\\/conjunto-padel-hombre-pro-players-blanco-negro\\\/#primaryimage\",\"url\":\"https:\\\/\\\/royalpadel.com\\\/wp-content\\\/uploads\\\/2024\\\/11\\\/CONTROL-4-1.jpg\",\"contentUrl\":\"https:\\\/\\\/royalpadel.com\\\/wp-content\\\/uploads\\\/2024\\\/11\\\/CONTROL-4-1.jpg\",\"width\":1500,\"height\":1500},{\"@type\":\"BreadcrumbList\",\"@id\":\"https:\\\/\\\/royalpadel.com\\\/product\\\/conjunto-padel-hombre-pro-players-blanco-negro\\\/#breadcrumb\",\"itemListElement\":[{\"@type\":\"ListItem\",\"position\":1,\"name\":\"Home\",\"item\":\"https:\\\/\\\/royalpadel.com\\\/\"},{\"@type\":\"ListItem\",\"position\":2,\"name\":\"Shop\",\"item\":\"https:\\\/\\\/royalpadelcom-9l0c621n31.live-website.com\\\/shop\\\/\"},{\"@type\":\"ListItem\",\"position\":3,\"name\":\"Conjunto Padel Hombre PRO Players | Blanco &#038; Negro\"}]},{\"@type\":\"WebSite\",\"@id\":\"https:\\\/\\\/royalpadel.com\\\/#website\",\"url\":\"https:\\\/\\\/royalpadel.com\\\/\",\"name\":\"Royal Padel\",\"description\":\"We Are Royal Padel\",\"potentialAction\":[{\"@type\":\"SearchAction\",\"target\":{\"@type\":\"EntryPoint\",\"urlTemplate\":\"https:\\\/\\\/royalpadel.com\\\/?s={search_term_string}\"},\"query-input\":{\"@type\":\"PropertyValueSpecification\",\"valueRequired\":true,\"valueName\":\"search_term_string\"}}],\"inLanguage\":\"en-GB\"}]}<\/script>\n<!-- \/ Yoast SEO plugin. -->","yoast_head_json":{"title":"Conjunto Padel Hombre PRO Players | Azul & Blanco","description":"Conjunto p\u00e1del hombre Royal Padel con camiseta Blanca y pantal\u00f3n Gris. UltraLigero, transpirable y con tecnolog\u00eda CoolFit \u00a1para volar en pista!","robots":{"index":"index","follow":"follow","max-snippet":"max-snippet:-1","max-image-preview":"max-image-preview:large","max-video-preview":"max-video-preview:-1"},"canonical":"https:\/\/royalpadel.com\/en\/product\/conjunto-padel-hombre-pro-players-blanco-negro\/","og_locale":"en_GB","og_type":"article","og_title":"Conjunto Padel Hombre PRO Players | Azul & Blanco","og_description":"Conjunto p\u00e1del hombre Royal Padel con camiseta Blanca y pantal\u00f3n Gris. UltraLigero, transpirable y con tecnolog\u00eda CoolFit \u00a1para volar en pista!","og_url":"https:\/\/royalpadel.com\/en\/product\/conjunto-padel-hombre-pro-players-blanco-negro\/","og_site_name":"Royal Padel","article_modified_time":"2025-10-07T15:32:45+00:00","og_image":[{"width":1500,"height":1500,"url":"https:\/\/royalpadel.com\/wp-content\/uploads\/2024\/11\/CONTROL-4-1.jpg","type":"image\/jpeg"}],"twitter_card":"summary_large_image","twitter_misc":{"Estimated reading time":"1 minute"},"schema":{"@context":"https:\/\/schema.org","@graph":[{"@type":"WebPage","@id":"https:\/\/royalpadel.com\/product\/conjunto-padel-hombre-pro-players-blanco-negro\/","url":"https:\/\/royalpadel.com\/product\/conjunto-padel-hombre-pro-players-blanco-negro\/","name":"Conjunto Padel Hombre PRO Players | Azul & Blanco","isPartOf":{"@id":"https:\/\/royalpadel.com\/#website"},"primaryImageOfPage":{"@id":"https:\/\/royalpadel.com\/product\/conjunto-padel-hombre-pro-players-blanco-negro\/#primaryimage"},"image":{"@id":"https:\/\/royalpadel.com\/product\/conjunto-padel-hombre-pro-players-blanco-negro\/#primaryimage"},"thumbnailUrl":"https:\/\/royalpadel.com\/wp-content\/uploads\/2024\/11\/CONTROL-4-1.jpg","datePublished":"2024-07-25T16:29:54+00:00","dateModified":"2025-10-07T15:32:45+00:00","description":"Conjunto p\u00e1del hombre Royal Padel con camiseta Blanca y pantal\u00f3n Gris. UltraLigero, transpirable y con tecnolog\u00eda CoolFit \u00a1para volar en pista!","breadcrumb":{"@id":"https:\/\/royalpadel.com\/product\/conjunto-padel-hombre-pro-players-blanco-negro\/#breadcrumb"},"inLanguage":"en-GB","potentialAction":[{"@type":"ReadAction","target":["https:\/\/royalpadel.com\/product\/conjunto-padel-hombre-pro-players-blanco-negro\/"]}]},{"@type":"ImageObject","inLanguage":"en-GB","@id":"https:\/\/royalpadel.com\/product\/conjunto-padel-hombre-pro-players-blanco-negro\/#primaryimage","url":"https:\/\/royalpadel.com\/wp-content\/uploads\/2024\/11\/CONTROL-4-1.jpg","contentUrl":"https:\/\/royalpadel.com\/wp-content\/uploads\/2024\/11\/CONTROL-4-1.jpg","width":1500,"height":1500},{"@type":"BreadcrumbList","@id":"https:\/\/royalpadel.com\/product\/conjunto-padel-hombre-pro-players-blanco-negro\/#breadcrumb","itemListElement":[{"@type":"ListItem","position":1,"name":"Home","item":"https:\/\/royalpadel.com\/"},{"@type":"ListItem","position":2,"name":"Shop","item":"https:\/\/royalpadelcom-9l0c621n31.live-website.com\/shop\/"},{"@type":"ListItem","position":3,"name":"Conjunto Padel Hombre PRO Players | Blanco &#038; Negro"}]},{"@type":"WebSite","@id":"https:\/\/royalpadel.com\/#website","url":"https:\/\/royalpadel.com\/","name":"Royal Padel","description":"We Are Royal Padel","potentialAction":[{"@type":"SearchAction","target":{"@type":"EntryPoint","urlTemplate":"https:\/\/royalpadel.com\/?s={search_term_string}"},"query-input":{"@type":"PropertyValueSpecification","valueRequired":true,"valueName":"search_term_string"}}],"inLanguage":"en-GB"}]}},"_links":{"self":[{"href":"https:\/\/royalpadel.com\/en\/wp-json\/wp\/v2\/product\/6414","targetHints":{"allow":["GET"]}}],"collection":[{"href":"https:\/\/royalpadel.com\/en\/wp-json\/wp\/v2\/product"}],"about":[{"href":"https:\/\/royalpadel.com\/en\/wp-json\/wp\/v2\/types\/product"}],"wp:featuredmedia":[{"embeddable":true,"href":"https:\/\/royalpadel.com\/en\/wp-json\/wp\/v2\/media\/6731"}],"wp:attachment":[{"href":"https:\/\/royalpadel.com\/en\/wp-json\/wp\/v2\/media?parent=6414"}],"wp:term":[{"taxonomy":"product_brand","embeddable":true,"href":"https:\/\/royalpadel.com\/en\/wp-json\/wp\/v2\/product_brand?post=6414"},{"taxonomy":"product_cat","embeddable":true,"href":"https:\/\/royalpadel.com\/en\/wp-json\/wp\/v2\/product_cat?post=6414"},{"taxonomy":"product_tag","embeddable":true,"href":"https:\/\/royalpadel.com\/en\/wp-json\/wp\/v2\/product_tag?post=6414"}],"curies":[{"name":"wp","href":"https:\/\/api.w.org\/{rel}","templated":true}]}}