{"id":6931,"date":"2025-01-20T16:00:47","date_gmt":"2025-01-20T16:00:47","guid":{"rendered":"https:\/\/royalpadel.com\/?post_type=product&#038;p=6931"},"modified":"2025-06-20T08:29:33","modified_gmt":"2025-06-20T08:29:33","slug":"conjunto-falda-top-salmon-white","status":"publish","type":"product","link":"https:\/\/royalpadel.com\/en\/product\/conjunto-falda-top-salmon-white\/","title":{"rendered":"Conjunto Mujer Pro Players | White &#038; Salmon"},"content":{"rendered":"<p>Os presentamos el conjunto de partido Royal P\u00e1del PRO en color White &amp; Salmon. Este ligero conjunto compuesto por 1 Falda Pantal\u00f3n y 1 TOP est\u00e1 confeccionado para ofrecerte el m\u00e1ximo rendimiento en pista. Compuesto por 85% Poli\u00e9ster y 15% elastano, este conjunto cuenta con un dise\u00f1o de ajuste ce\u00f1ido para jugar c\u00f3moda al p\u00e1del.<\/p>\n<p>Style and performance on a padel court. Skirt and Top incorporate our technology\u00a0<em>AEROLIGHT\u00a0<\/em>to offer maximum breathability and comfort.<\/p>\n<p>Our Competition Padel Set fuses advanced technology and sleek design to bring you the best in performance and style. Made with breathable, quick-drying fabrics and compression technology, it ensures optimal comfort and total freedom of movement on the court. Plus, UV protection and antimicrobial treatment keep your skin safe and fresh, while flatlock seams prevent chafing and irritation. With specific reinforcements in key areas, this set ensures durability and strength in every match. Elevate your game with the perfect combination of technology and style in our Competition Padel Set.<\/p>","protected":false},"excerpt":{"rendered":"<p>We present the Royal Padel PRO match set in Angers Blue. This lightweight set consisting of 1 Skirt Pants and 1 TOP is made to give you maximum performance on the court. Composed of 85% Polyester and 15% Elastane, this set features a snug fit design for comfortable padel play.<\/p>\n<p>Style and performance on a padel court. Skirt and Top incorporate our technology\u00a0<em>AEROLIGHT\u00a0<\/em>to offer maximum breathability and comfort.<\/p>\n<p>Our Competition Padel Set fuses advanced technology and sleek design to bring you the best in performance and style. Made with breathable, quick-drying fabrics and compression technology, it ensures optimal comfort and total freedom of movement on the court. Plus, UV protection and antimicrobial treatment keep your skin safe and fresh, while flatlock seams prevent chafing and irritation. With specific reinforcements in key areas, this set ensures durability and strength in every match. Elevate your game with the perfect combination of technology and style in our Competition Padel Set.<\/p>","protected":false},"featured_media":6937,"template":"","meta":{"_acf_changed":false,"om_disable_all_campaigns":false,"inline_featured_image":false},"product_brand":[],"product_cat":[84,106,69],"product_tag":[],"class_list":{"0":"post-6931","1":"product","2":"type-product","3":"status-publish","4":"has-post-thumbnail","6":"product_cat-femenina","7":"product_cat-productos-populares","8":"product_cat-ropa","10":"first","11":"instock","12":"sale","13":"taxable","14":"shipping-taxable","15":"purchasable","16":"product-type-variable"},"acf":[],"yoast_head":"<!-- This site is optimized with the Yoast SEO plugin v27.4 - https:\/\/yoast.com\/product\/yoast-seo-wordpress\/ -->\n<title>Conjunto Mujer Pro Players | White &amp; Salmon<\/title>\n<meta name=\"description\" content=\"Conjunto de p\u00e1del formado por Falda y TOP de color salmon perfecto para jugar a p\u00e1del con total comodidad gracias a su tejido 100% transpirable\" \/>\n<meta name=\"robots\" content=\"index, follow, max-snippet:-1, max-image-preview:large, max-video-preview:-1\" \/>\n<link rel=\"canonical\" href=\"https:\/\/royalpadel.com\/en\/product\/conjunto-falda-top-salmon-white\/\" \/>\n<meta property=\"og:locale\" content=\"en_GB\" \/>\n<meta property=\"og:type\" content=\"article\" \/>\n<meta property=\"og:title\" content=\"Conjunto Mujer Pro Players | White &amp; Salmon\" \/>\n<meta property=\"og:description\" content=\"Conjunto de p\u00e1del formado por Falda y TOP de color salmon perfecto para jugar a p\u00e1del con total comodidad gracias a su tejido 100% transpirable\" \/>\n<meta property=\"og:url\" content=\"https:\/\/royalpadel.com\/en\/product\/conjunto-falda-top-salmon-white\/\" \/>\n<meta property=\"og:site_name\" content=\"Royal Padel\" \/>\n<meta property=\"article:modified_time\" content=\"2025-06-20T08:29:33+00:00\" \/>\n<meta property=\"og:image\" content=\"https:\/\/royalpadel.com\/wp-content\/uploads\/2025\/01\/WHIP-LIGHT_1.jpg\" \/>\n\t<meta property=\"og:image:width\" content=\"1500\" \/>\n\t<meta property=\"og:image:height\" content=\"1500\" \/>\n\t<meta property=\"og:image:type\" content=\"image\/jpeg\" \/>\n<meta name=\"twitter:card\" content=\"summary_large_image\" \/>\n<meta name=\"twitter:label1\" content=\"Estimated reading time\" \/>\n\t<meta name=\"twitter:data1\" content=\"2 minutes\" \/>\n<script type=\"application\/ld+json\" class=\"yoast-schema-graph\">{\"@context\":\"https:\\\/\\\/schema.org\",\"@graph\":[{\"@type\":\"WebPage\",\"@id\":\"https:\\\/\\\/royalpadel.com\\\/product\\\/conjunto-falda-top-salmon-white\\\/\",\"url\":\"https:\\\/\\\/royalpadel.com\\\/product\\\/conjunto-falda-top-salmon-white\\\/\",\"name\":\"Conjunto Mujer Pro Players | White & Salmon\",\"isPartOf\":{\"@id\":\"https:\\\/\\\/royalpadel.com\\\/#website\"},\"primaryImageOfPage\":{\"@id\":\"https:\\\/\\\/royalpadel.com\\\/product\\\/conjunto-falda-top-salmon-white\\\/#primaryimage\"},\"image\":{\"@id\":\"https:\\\/\\\/royalpadel.com\\\/product\\\/conjunto-falda-top-salmon-white\\\/#primaryimage\"},\"thumbnailUrl\":\"https:\\\/\\\/royalpadel.com\\\/wp-content\\\/uploads\\\/2025\\\/01\\\/WHIP-LIGHT_1.jpg\",\"datePublished\":\"2025-01-20T16:00:47+00:00\",\"dateModified\":\"2025-06-20T08:29:33+00:00\",\"description\":\"Conjunto de p\u00e1del formado por Falda y TOP de color salmon perfecto para jugar a p\u00e1del con total comodidad gracias a su tejido 100% transpirable\",\"breadcrumb\":{\"@id\":\"https:\\\/\\\/royalpadel.com\\\/product\\\/conjunto-falda-top-salmon-white\\\/#breadcrumb\"},\"inLanguage\":\"en-GB\",\"potentialAction\":[{\"@type\":\"ReadAction\",\"target\":[\"https:\\\/\\\/royalpadel.com\\\/product\\\/conjunto-falda-top-salmon-white\\\/\"]}]},{\"@type\":\"ImageObject\",\"inLanguage\":\"en-GB\",\"@id\":\"https:\\\/\\\/royalpadel.com\\\/product\\\/conjunto-falda-top-salmon-white\\\/#primaryimage\",\"url\":\"https:\\\/\\\/royalpadel.com\\\/wp-content\\\/uploads\\\/2025\\\/01\\\/WHIP-LIGHT_1.jpg\",\"contentUrl\":\"https:\\\/\\\/royalpadel.com\\\/wp-content\\\/uploads\\\/2025\\\/01\\\/WHIP-LIGHT_1.jpg\",\"width\":1500,\"height\":1500},{\"@type\":\"BreadcrumbList\",\"@id\":\"https:\\\/\\\/royalpadel.com\\\/product\\\/conjunto-falda-top-salmon-white\\\/#breadcrumb\",\"itemListElement\":[{\"@type\":\"ListItem\",\"position\":1,\"name\":\"Home\",\"item\":\"https:\\\/\\\/royalpadel.com\\\/\"},{\"@type\":\"ListItem\",\"position\":2,\"name\":\"Shop\",\"item\":\"https:\\\/\\\/royalpadelcom-9l0c621n31.live-website.com\\\/shop\\\/\"},{\"@type\":\"ListItem\",\"position\":3,\"name\":\"Conjunto Mujer Pro Players | White &#038; Salmon\"}]},{\"@type\":\"WebSite\",\"@id\":\"https:\\\/\\\/royalpadel.com\\\/#website\",\"url\":\"https:\\\/\\\/royalpadel.com\\\/\",\"name\":\"Royal Padel\",\"description\":\"We Are Royal Padel\",\"potentialAction\":[{\"@type\":\"SearchAction\",\"target\":{\"@type\":\"EntryPoint\",\"urlTemplate\":\"https:\\\/\\\/royalpadel.com\\\/?s={search_term_string}\"},\"query-input\":{\"@type\":\"PropertyValueSpecification\",\"valueRequired\":true,\"valueName\":\"search_term_string\"}}],\"inLanguage\":\"en-GB\"}]}<\/script>\n<!-- \/ Yoast SEO plugin. -->","yoast_head_json":{"title":"Conjunto Mujer Pro Players | White & Salmon","description":"Conjunto de p\u00e1del formado por Falda y TOP de color salmon perfecto para jugar a p\u00e1del con total comodidad gracias a su tejido 100% transpirable","robots":{"index":"index","follow":"follow","max-snippet":"max-snippet:-1","max-image-preview":"max-image-preview:large","max-video-preview":"max-video-preview:-1"},"canonical":"https:\/\/royalpadel.com\/en\/product\/conjunto-falda-top-salmon-white\/","og_locale":"en_GB","og_type":"article","og_title":"Conjunto Mujer Pro Players | White & Salmon","og_description":"Conjunto de p\u00e1del formado por Falda y TOP de color salmon perfecto para jugar a p\u00e1del con total comodidad gracias a su tejido 100% transpirable","og_url":"https:\/\/royalpadel.com\/en\/product\/conjunto-falda-top-salmon-white\/","og_site_name":"Royal Padel","article_modified_time":"2025-06-20T08:29:33+00:00","og_image":[{"width":1500,"height":1500,"url":"https:\/\/royalpadel.com\/wp-content\/uploads\/2025\/01\/WHIP-LIGHT_1.jpg","type":"image\/jpeg"}],"twitter_card":"summary_large_image","twitter_misc":{"Estimated reading time":"2 minutes"},"schema":{"@context":"https:\/\/schema.org","@graph":[{"@type":"WebPage","@id":"https:\/\/royalpadel.com\/product\/conjunto-falda-top-salmon-white\/","url":"https:\/\/royalpadel.com\/product\/conjunto-falda-top-salmon-white\/","name":"Conjunto Mujer Pro Players | White & Salmon","isPartOf":{"@id":"https:\/\/royalpadel.com\/#website"},"primaryImageOfPage":{"@id":"https:\/\/royalpadel.com\/product\/conjunto-falda-top-salmon-white\/#primaryimage"},"image":{"@id":"https:\/\/royalpadel.com\/product\/conjunto-falda-top-salmon-white\/#primaryimage"},"thumbnailUrl":"https:\/\/royalpadel.com\/wp-content\/uploads\/2025\/01\/WHIP-LIGHT_1.jpg","datePublished":"2025-01-20T16:00:47+00:00","dateModified":"2025-06-20T08:29:33+00:00","description":"Conjunto de p\u00e1del formado por Falda y TOP de color salmon perfecto para jugar a p\u00e1del con total comodidad gracias a su tejido 100% transpirable","breadcrumb":{"@id":"https:\/\/royalpadel.com\/product\/conjunto-falda-top-salmon-white\/#breadcrumb"},"inLanguage":"en-GB","potentialAction":[{"@type":"ReadAction","target":["https:\/\/royalpadel.com\/product\/conjunto-falda-top-salmon-white\/"]}]},{"@type":"ImageObject","inLanguage":"en-GB","@id":"https:\/\/royalpadel.com\/product\/conjunto-falda-top-salmon-white\/#primaryimage","url":"https:\/\/royalpadel.com\/wp-content\/uploads\/2025\/01\/WHIP-LIGHT_1.jpg","contentUrl":"https:\/\/royalpadel.com\/wp-content\/uploads\/2025\/01\/WHIP-LIGHT_1.jpg","width":1500,"height":1500},{"@type":"BreadcrumbList","@id":"https:\/\/royalpadel.com\/product\/conjunto-falda-top-salmon-white\/#breadcrumb","itemListElement":[{"@type":"ListItem","position":1,"name":"Home","item":"https:\/\/royalpadel.com\/"},{"@type":"ListItem","position":2,"name":"Shop","item":"https:\/\/royalpadelcom-9l0c621n31.live-website.com\/shop\/"},{"@type":"ListItem","position":3,"name":"Conjunto Mujer Pro Players | White &#038; Salmon"}]},{"@type":"WebSite","@id":"https:\/\/royalpadel.com\/#website","url":"https:\/\/royalpadel.com\/","name":"Royal Padel","description":"We Are Royal Padel","potentialAction":[{"@type":"SearchAction","target":{"@type":"EntryPoint","urlTemplate":"https:\/\/royalpadel.com\/?s={search_term_string}"},"query-input":{"@type":"PropertyValueSpecification","valueRequired":true,"valueName":"search_term_string"}}],"inLanguage":"en-GB"}]}},"_links":{"self":[{"href":"https:\/\/royalpadel.com\/en\/wp-json\/wp\/v2\/product\/6931","targetHints":{"allow":["GET"]}}],"collection":[{"href":"https:\/\/royalpadel.com\/en\/wp-json\/wp\/v2\/product"}],"about":[{"href":"https:\/\/royalpadel.com\/en\/wp-json\/wp\/v2\/types\/product"}],"wp:featuredmedia":[{"embeddable":true,"href":"https:\/\/royalpadel.com\/en\/wp-json\/wp\/v2\/media\/6937"}],"wp:attachment":[{"href":"https:\/\/royalpadel.com\/en\/wp-json\/wp\/v2\/media?parent=6931"}],"wp:term":[{"taxonomy":"product_brand","embeddable":true,"href":"https:\/\/royalpadel.com\/en\/wp-json\/wp\/v2\/product_brand?post=6931"},{"taxonomy":"product_cat","embeddable":true,"href":"https:\/\/royalpadel.com\/en\/wp-json\/wp\/v2\/product_cat?post=6931"},{"taxonomy":"product_tag","embeddable":true,"href":"https:\/\/royalpadel.com\/en\/wp-json\/wp\/v2\/product_tag?post=6931"}],"curies":[{"name":"wp","href":"https:\/\/api.w.org\/{rel}","templated":true}]}}