{"id":7251,"date":"2025-06-13T11:36:07","date_gmt":"2025-06-13T11:36:07","guid":{"rendered":"https:\/\/royalpadel.com\/?post_type=product&#038;p=7251"},"modified":"2025-06-17T15:18:11","modified_gmt":"2025-06-17T15:18:11","slug":"tie-break-padel","status":"publish","type":"product","link":"https:\/\/royalpadel.com\/en\/product\/tie-break-padel\/","title":{"rendered":"TIE BREAK PADEL"},"content":{"rendered":"<ul class=\"a-unordered-list a-vertical a-spacing-mini\">\n<li class=\"a-spacing-mini\"><span class=\"a-list-item\">\ud83c\udfc6 TIE BREAK PADEL: El juego de cartas para los apasionados del padel.<\/span><\/li>\n<li class=\"a-spacing-mini\"><span class=\"a-list-item\">\ud83d\udd25Juega un partido de p\u00e1del a 7 puntos utilizando las distintas cartas que representan golpes y situaciones reales de un partido de padel.<\/span><\/li>\n<li class=\"a-spacing-mini\"><span class=\"a-list-item\">\ud83d\udca5Bandeja, Globo, Remate x3 y \u00a1mucho m\u00e1s! en este emocionante y divertido juego de cartas.<\/span><\/li>\n<li class=\"a-spacing-mini\"><span class=\"a-list-item\">\ud83d\udcabIdeal para jugar con amigos y familia, y demostrar tus habilidades fuera de la pista.<\/span><\/li>\n<li class=\"a-spacing-mini\"><span class=\"a-list-item\">\u26a1Juego din\u00e1mico y r\u00e1pido (15 minutos).<\/span><\/li>\n<li class=\"a-spacing-mini\"><span class=\"a-list-item\">\ud83c\udfadModalidad 2 jugadores (1 contra 1) o 4 jugadores (2 contra 2).<\/span><\/li>\n<li class=\"a-spacing-mini\"><span class=\"a-list-item\">\u2b50Contiene 90 cartas dividas en: 1 carta de servicio, 8 carta de puntuaci\u00f3n y 81 cartas de juego (clasificadas seg\u00fan estilo de juego: defensa, ataque, transici\u00f3n y especiales).<\/span><\/li>\n<\/ul>","protected":false},"excerpt":{"rendered":"<ul class=\"a-unordered-list a-vertical a-spacing-mini\">\n<li class=\"a-spacing-mini\"><span class=\"a-list-item\">\ud83c\udfc6 TIE BREAK PADEL: El juego de cartas para los apasionados del padel.<\/span><\/li>\n<li class=\"a-spacing-mini\"><span class=\"a-list-item\">\ud83d\udd25Juega un partido de p\u00e1del a 7 puntos utilizando las distintas cartas que representan golpes y situaciones reales de un partido de padel.<\/span><\/li>\n<li class=\"a-spacing-mini\"><span class=\"a-list-item\">\ud83d\udca5Bandeja, Globo, Remate x3 y \u00a1mucho m\u00e1s! en este emocionante y divertido juego de cartas.<\/span><\/li>\n<li class=\"a-spacing-mini\"><span class=\"a-list-item\">\ud83d\udcabIdeal para jugar con amigos y familia, y demostrar tus habilidades fuera de la pista.<\/span><\/li>\n<li class=\"a-spacing-mini\"><span class=\"a-list-item\">\u26a1Juego din\u00e1mico y r\u00e1pido (15 minutos).<\/span><\/li>\n<li class=\"a-spacing-mini\"><span class=\"a-list-item\">\ud83c\udfadModalidad 2 jugadores (1 contra 1) o 4 jugadores (2 contra 2).<\/span><\/li>\n<li class=\"a-spacing-mini\"><span class=\"a-list-item\">\u2b50Contiene 90 cartas dividas en: 1 carta de servicio, 8 carta de puntuaci\u00f3n y 81 cartas de juego (clasificadas seg\u00fan estilo de juego: defensa, ataque, transici\u00f3n y especiales).<\/span><\/li>\n<\/ul>","protected":false},"featured_media":7252,"template":"","meta":{"_acf_changed":false,"om_disable_all_campaigns":false,"inline_featured_image":false},"product_brand":[],"product_cat":[50,79,106],"product_tag":[],"class_list":{"0":"post-7251","1":"product","2":"type-product","3":"status-publish","4":"has-post-thumbnail","6":"product_cat-accesorios","7":"product_cat-outlet","8":"product_cat-productos-populares","10":"first","11":"instock","12":"taxable","13":"shipping-taxable","14":"purchasable","15":"product-type-simple"},"acf":[],"yoast_head":"<!-- This site is optimized with the Yoast SEO plugin v27.4 - https:\/\/yoast.com\/product\/yoast-seo-wordpress\/ -->\n<title>TIE BREAK | El primer juego de cartas de P\u00e1del<\/title>\n<meta name=\"description\" content=\"TIE BREAK, el primer juego de cartas para los apasionados del p\u00e1del. Desaf\u00eda a tus amigos con remates x3, globos y g\u00e1nales este TIE BREAK.\" \/>\n<meta name=\"robots\" content=\"index, follow, max-snippet:-1, max-image-preview:large, max-video-preview:-1\" \/>\n<link rel=\"canonical\" href=\"https:\/\/royalpadel.com\/en\/product\/tie-break-padel\/\" \/>\n<meta property=\"og:locale\" content=\"en_GB\" \/>\n<meta property=\"og:type\" content=\"article\" \/>\n<meta property=\"og:title\" content=\"TIE BREAK | El primer juego de cartas de P\u00e1del\" \/>\n<meta property=\"og:description\" content=\"TIE BREAK, el primer juego de cartas para los apasionados del p\u00e1del. Desaf\u00eda a tus amigos con remates x3, globos y g\u00e1nales este TIE BREAK.\" \/>\n<meta property=\"og:url\" content=\"https:\/\/royalpadel.com\/en\/product\/tie-break-padel\/\" \/>\n<meta property=\"og:site_name\" content=\"Royal Padel\" \/>\n<meta property=\"article:modified_time\" content=\"2025-06-17T15:18:11+00:00\" \/>\n<meta property=\"og:image\" content=\"https:\/\/royalpadel.com\/wp-content\/uploads\/2025\/06\/IMG_0312-1.jpg\" \/>\n\t<meta property=\"og:image:width\" content=\"958\" \/>\n\t<meta property=\"og:image:height\" content=\"1197\" \/>\n\t<meta property=\"og:image:type\" content=\"image\/jpeg\" \/>\n<meta name=\"twitter:card\" content=\"summary_large_image\" \/>\n<meta name=\"twitter:label1\" content=\"Estimated reading time\" \/>\n\t<meta name=\"twitter:data1\" content=\"1 minute\" \/>\n<script type=\"application\/ld+json\" class=\"yoast-schema-graph\">{\"@context\":\"https:\\\/\\\/schema.org\",\"@graph\":[{\"@type\":\"WebPage\",\"@id\":\"https:\\\/\\\/royalpadel.com\\\/product\\\/tie-break-padel\\\/\",\"url\":\"https:\\\/\\\/royalpadel.com\\\/product\\\/tie-break-padel\\\/\",\"name\":\"TIE BREAK | El primer juego de cartas de P\u00e1del\",\"isPartOf\":{\"@id\":\"https:\\\/\\\/royalpadel.com\\\/#website\"},\"primaryImageOfPage\":{\"@id\":\"https:\\\/\\\/royalpadel.com\\\/product\\\/tie-break-padel\\\/#primaryimage\"},\"image\":{\"@id\":\"https:\\\/\\\/royalpadel.com\\\/product\\\/tie-break-padel\\\/#primaryimage\"},\"thumbnailUrl\":\"https:\\\/\\\/royalpadel.com\\\/wp-content\\\/uploads\\\/2025\\\/06\\\/IMG_0312-1.jpg\",\"datePublished\":\"2025-06-13T11:36:07+00:00\",\"dateModified\":\"2025-06-17T15:18:11+00:00\",\"description\":\"TIE BREAK, el primer juego de cartas para los apasionados del p\u00e1del. Desaf\u00eda a tus amigos con remates x3, globos y g\u00e1nales este TIE BREAK.\",\"breadcrumb\":{\"@id\":\"https:\\\/\\\/royalpadel.com\\\/product\\\/tie-break-padel\\\/#breadcrumb\"},\"inLanguage\":\"en-GB\",\"potentialAction\":[{\"@type\":\"ReadAction\",\"target\":[\"https:\\\/\\\/royalpadel.com\\\/product\\\/tie-break-padel\\\/\"]}]},{\"@type\":\"ImageObject\",\"inLanguage\":\"en-GB\",\"@id\":\"https:\\\/\\\/royalpadel.com\\\/product\\\/tie-break-padel\\\/#primaryimage\",\"url\":\"https:\\\/\\\/royalpadel.com\\\/wp-content\\\/uploads\\\/2025\\\/06\\\/IMG_0312-1.jpg\",\"contentUrl\":\"https:\\\/\\\/royalpadel.com\\\/wp-content\\\/uploads\\\/2025\\\/06\\\/IMG_0312-1.jpg\",\"width\":958,\"height\":1197,\"caption\":\"TIE BREAK padel\"},{\"@type\":\"BreadcrumbList\",\"@id\":\"https:\\\/\\\/royalpadel.com\\\/product\\\/tie-break-padel\\\/#breadcrumb\",\"itemListElement\":[{\"@type\":\"ListItem\",\"position\":1,\"name\":\"Home\",\"item\":\"https:\\\/\\\/royalpadel.com\\\/\"},{\"@type\":\"ListItem\",\"position\":2,\"name\":\"Shop\",\"item\":\"https:\\\/\\\/royalpadelcom-9l0c621n31.live-website.com\\\/shop\\\/\"},{\"@type\":\"ListItem\",\"position\":3,\"name\":\"TIE BREAK PADEL\"}]},{\"@type\":\"WebSite\",\"@id\":\"https:\\\/\\\/royalpadel.com\\\/#website\",\"url\":\"https:\\\/\\\/royalpadel.com\\\/\",\"name\":\"Royal Padel\",\"description\":\"We Are Royal Padel\",\"potentialAction\":[{\"@type\":\"SearchAction\",\"target\":{\"@type\":\"EntryPoint\",\"urlTemplate\":\"https:\\\/\\\/royalpadel.com\\\/?s={search_term_string}\"},\"query-input\":{\"@type\":\"PropertyValueSpecification\",\"valueRequired\":true,\"valueName\":\"search_term_string\"}}],\"inLanguage\":\"en-GB\"}]}<\/script>\n<!-- \/ Yoast SEO plugin. -->","yoast_head_json":{"title":"TIE BREAK | El primer juego de cartas de P\u00e1del","description":"TIE BREAK, el primer juego de cartas para los apasionados del p\u00e1del. Desaf\u00eda a tus amigos con remates x3, globos y g\u00e1nales este TIE BREAK.","robots":{"index":"index","follow":"follow","max-snippet":"max-snippet:-1","max-image-preview":"max-image-preview:large","max-video-preview":"max-video-preview:-1"},"canonical":"https:\/\/royalpadel.com\/en\/product\/tie-break-padel\/","og_locale":"en_GB","og_type":"article","og_title":"TIE BREAK | El primer juego de cartas de P\u00e1del","og_description":"TIE BREAK, el primer juego de cartas para los apasionados del p\u00e1del. Desaf\u00eda a tus amigos con remates x3, globos y g\u00e1nales este TIE BREAK.","og_url":"https:\/\/royalpadel.com\/en\/product\/tie-break-padel\/","og_site_name":"Royal Padel","article_modified_time":"2025-06-17T15:18:11+00:00","og_image":[{"width":958,"height":1197,"url":"https:\/\/royalpadel.com\/wp-content\/uploads\/2025\/06\/IMG_0312-1.jpg","type":"image\/jpeg"}],"twitter_card":"summary_large_image","twitter_misc":{"Estimated reading time":"1 minute"},"schema":{"@context":"https:\/\/schema.org","@graph":[{"@type":"WebPage","@id":"https:\/\/royalpadel.com\/product\/tie-break-padel\/","url":"https:\/\/royalpadel.com\/product\/tie-break-padel\/","name":"TIE BREAK | El primer juego de cartas de P\u00e1del","isPartOf":{"@id":"https:\/\/royalpadel.com\/#website"},"primaryImageOfPage":{"@id":"https:\/\/royalpadel.com\/product\/tie-break-padel\/#primaryimage"},"image":{"@id":"https:\/\/royalpadel.com\/product\/tie-break-padel\/#primaryimage"},"thumbnailUrl":"https:\/\/royalpadel.com\/wp-content\/uploads\/2025\/06\/IMG_0312-1.jpg","datePublished":"2025-06-13T11:36:07+00:00","dateModified":"2025-06-17T15:18:11+00:00","description":"TIE BREAK, el primer juego de cartas para los apasionados del p\u00e1del. Desaf\u00eda a tus amigos con remates x3, globos y g\u00e1nales este TIE BREAK.","breadcrumb":{"@id":"https:\/\/royalpadel.com\/product\/tie-break-padel\/#breadcrumb"},"inLanguage":"en-GB","potentialAction":[{"@type":"ReadAction","target":["https:\/\/royalpadel.com\/product\/tie-break-padel\/"]}]},{"@type":"ImageObject","inLanguage":"en-GB","@id":"https:\/\/royalpadel.com\/product\/tie-break-padel\/#primaryimage","url":"https:\/\/royalpadel.com\/wp-content\/uploads\/2025\/06\/IMG_0312-1.jpg","contentUrl":"https:\/\/royalpadel.com\/wp-content\/uploads\/2025\/06\/IMG_0312-1.jpg","width":958,"height":1197,"caption":"TIE BREAK padel"},{"@type":"BreadcrumbList","@id":"https:\/\/royalpadel.com\/product\/tie-break-padel\/#breadcrumb","itemListElement":[{"@type":"ListItem","position":1,"name":"Home","item":"https:\/\/royalpadel.com\/"},{"@type":"ListItem","position":2,"name":"Shop","item":"https:\/\/royalpadelcom-9l0c621n31.live-website.com\/shop\/"},{"@type":"ListItem","position":3,"name":"TIE BREAK PADEL"}]},{"@type":"WebSite","@id":"https:\/\/royalpadel.com\/#website","url":"https:\/\/royalpadel.com\/","name":"Royal Padel","description":"We Are Royal Padel","potentialAction":[{"@type":"SearchAction","target":{"@type":"EntryPoint","urlTemplate":"https:\/\/royalpadel.com\/?s={search_term_string}"},"query-input":{"@type":"PropertyValueSpecification","valueRequired":true,"valueName":"search_term_string"}}],"inLanguage":"en-GB"}]}},"_links":{"self":[{"href":"https:\/\/royalpadel.com\/en\/wp-json\/wp\/v2\/product\/7251","targetHints":{"allow":["GET"]}}],"collection":[{"href":"https:\/\/royalpadel.com\/en\/wp-json\/wp\/v2\/product"}],"about":[{"href":"https:\/\/royalpadel.com\/en\/wp-json\/wp\/v2\/types\/product"}],"wp:featuredmedia":[{"embeddable":true,"href":"https:\/\/royalpadel.com\/en\/wp-json\/wp\/v2\/media\/7252"}],"wp:attachment":[{"href":"https:\/\/royalpadel.com\/en\/wp-json\/wp\/v2\/media?parent=7251"}],"wp:term":[{"taxonomy":"product_brand","embeddable":true,"href":"https:\/\/royalpadel.com\/en\/wp-json\/wp\/v2\/product_brand?post=7251"},{"taxonomy":"product_cat","embeddable":true,"href":"https:\/\/royalpadel.com\/en\/wp-json\/wp\/v2\/product_cat?post=7251"},{"taxonomy":"product_tag","embeddable":true,"href":"https:\/\/royalpadel.com\/en\/wp-json\/wp\/v2\/product_tag?post=7251"}],"curies":[{"name":"wp","href":"https:\/\/api.w.org\/{rel}","templated":true}]}}