{"id":7403,"date":"2025-11-11T09:30:13","date_gmt":"2025-11-11T09:30:13","guid":{"rendered":"https:\/\/royalpadel.com\/?post_type=product&#038;p=7403"},"modified":"2026-03-09T09:41:59","modified_gmt":"2026-03-09T09:41:59","slug":"royal-padel-race-2026","status":"publish","type":"product","link":"https:\/\/royalpadel.com\/en\/product\/royal-padel-race-2026\/","title":{"rendered":"Royal Padel R ACE 2026"},"content":{"rendered":"<p><span data-sheets-root=\"1\">\u00a1La nueva <strong>R ACE 2026<\/strong> llega lista para seguir <strong>reinando en POTENCIA<\/strong>!<\/span><\/p>\n<p>Desarrollada junto a nuestros jugadores profesionales, mantiene la goma <strong>EVA MID HARD<\/strong> en su interior, ofreciendo ese punto extra de firmeza que la convierte en una pala demoledora en el ataque. \u00a1Dominante en el juego a\u00e9reo, letal en el remate y con una respuesta contundente en cada golpe!<\/p>\n<p>Un a\u00f1o m\u00e1s, Roger Arom\u00ed elige la <strong>R ACE 2026<\/strong> para competir en el circuito Premier Padel y en la \u00e9lite del p\u00e1del espa\u00f1ol. Su construcci\u00f3n <strong>100% 3K Carbon<\/strong> en caras y marco garantiza la m\u00e1xima resistencia y durabilidad sin comprometer la manejabilidad. En esta nueva temporada 2026, mantenemos su reconocida forma de diamante y el balance alto, sello de potencia total que tantos \u00e9xitos ha cosechado. Adem\u00e1s, luce un nuevo dise\u00f1o renovado, m\u00e1s agresivo y moderno, que refleja el esp\u00edritu de la l\u00ednea R.<\/p>\n<p>La R ACE 2026 sigue incorporando la tecnolog\u00eda <strong>Total Rough Spin<\/strong>, para imprimir m\u00e1s efecto a tus golpes y conservar un tacto de bola c\u00f3modo y preciso.<\/p>\n<p>Si buscas una pala para <strong>dominar cada punto y ser una amenaza constante en la red<\/strong>, \u00a1la R ACE 2026 es tu aliada perfecta!<\/p>\n<p>Disponible en un <strong>rango de pesos entre 365 y 380 gramos<\/strong>, cada pala se pesa individualmente en Royal Padel para que elijas el peso que mejor se adapta a tu juego. Tambi\u00e9n disponible en versi\u00f3n Light, para quienes buscan la misma potencia en un formato m\u00e1s ligero.<\/p>","protected":false},"excerpt":{"rendered":"<p><span data-sheets-root=\"1\">\u00a1La nueva <strong>R ACE 2026<\/strong> llega lista para seguir <strong>reinando en POTENCIA<\/strong>!<\/span><\/p>\n<p>Desarrollada junto a nuestros jugadores profesionales, mantiene la goma <strong>EVA MID HARD<\/strong> en su interior, ofreciendo ese punto extra de firmeza que la convierte en una pala demoledora en el ataque. \u00a1Dominante en el juego a\u00e9reo, letal en el remate y con una respuesta contundente en cada golpe!<\/p>\n<p>Un a\u00f1o m\u00e1s, Roger Arom\u00ed elige la <strong>R ACE 2026<\/strong> para competir en el circuito Premier Padel y en la \u00e9lite del p\u00e1del espa\u00f1ol. Su construcci\u00f3n <strong>100% 3K Carbon<\/strong> en caras y marco garantiza la m\u00e1xima resistencia y durabilidad sin comprometer la manejabilidad. En esta nueva temporada 2026, mantenemos su reconocida forma de diamante y el balance alto, sello de potencia total que tantos \u00e9xitos ha cosechado. Adem\u00e1s, luce un nuevo dise\u00f1o renovado, m\u00e1s agresivo y moderno, que refleja el esp\u00edritu de la l\u00ednea R.<\/p>\n<p>La R ACE 2026 sigue incorporando la tecnolog\u00eda <strong>Total Rough Spin<\/strong>, para imprimir m\u00e1s efecto a tus golpes y conservar un tacto de bola c\u00f3modo y preciso.<\/p>\n<p>Si buscas una pala para <strong>dominar cada punto y ser una amenaza constante en la red<\/strong>, \u00a1la R ACE 2026 es tu aliada perfecta!<\/p>\n<p>Disponible en un <strong>rango de pesos entre 365 y 380 gramos<\/strong>, cada pala se pesa individualmente en Royal Padel para que elijas el peso que mejor se adapta a tu juego. Tambi\u00e9n disponible en versi\u00f3n Light, para quienes buscan la misma potencia en un formato m\u00e1s ligero.<\/p>","protected":false},"featured_media":7409,"template":"","meta":{"_acf_changed":false,"om_disable_all_campaigns":false,"inline_featured_image":false},"product_brand":[],"product_cat":[105,40,104],"product_tag":[44,68],"class_list":{"0":"post-7403","1":"product","2":"type-product","3":"status-publish","4":"has-post-thumbnail","6":"product_cat-royal-padel-mas-vendidas","7":"product_cat-palas","8":"product_cat-pro-series","9":"product_tag-competicion","10":"product_tag-r-line","11":"pa_peso-51","12":"pa_peso-52","13":"pa_peso-53","14":"pa_peso-54","16":"first","17":"outofstock","18":"taxable","19":"shipping-taxable","20":"purchasable","21":"product-type-variable"},"acf":[],"yoast_head":"<!-- This site is optimized with the Yoast SEO plugin v27.4 - https:\/\/yoast.com\/product\/yoast-seo-wordpress\/ -->\n<title>Race 2026<\/title>\n<meta name=\"description\" content=\"La Royal Padel RACE 2026 es una pala hecha para jugadores que busquen una bestia en el juego a\u00e9reo y de ataque. \u00a1Hecha para dominar!\" \/>\n<meta name=\"robots\" content=\"index, follow, max-snippet:-1, max-image-preview:large, max-video-preview:-1\" \/>\n<link rel=\"canonical\" href=\"https:\/\/royalpadel.com\/en\/product\/royal-padel-race-2026\/\" \/>\n<meta property=\"og:locale\" content=\"en_GB\" \/>\n<meta property=\"og:type\" content=\"article\" \/>\n<meta property=\"og:title\" content=\"Race 2026\" \/>\n<meta property=\"og:description\" content=\"La Royal Padel RACE 2026 es una pala hecha para jugadores que busquen una bestia en el juego a\u00e9reo y de ataque. \u00a1Hecha para dominar!\" \/>\n<meta property=\"og:url\" content=\"https:\/\/royalpadel.com\/en\/product\/royal-padel-race-2026\/\" \/>\n<meta property=\"og:site_name\" content=\"Royal Padel\" \/>\n<meta property=\"article:modified_time\" content=\"2026-03-09T09:41:59+00:00\" \/>\n<meta property=\"og:image\" content=\"https:\/\/royalpadel.com\/wp-content\/uploads\/2025\/11\/FE73310004_1.jpg\" \/>\n\t<meta property=\"og:image:width\" content=\"2500\" \/>\n\t<meta property=\"og:image:height\" content=\"2500\" \/>\n\t<meta property=\"og:image:type\" content=\"image\/jpeg\" \/>\n<meta name=\"twitter:card\" content=\"summary_large_image\" \/>\n<meta name=\"twitter:label1\" content=\"Estimated reading time\" \/>\n\t<meta name=\"twitter:data1\" content=\"2 minutes\" \/>\n<script type=\"application\/ld+json\" class=\"yoast-schema-graph\">{\"@context\":\"https:\\\/\\\/schema.org\",\"@graph\":[{\"@type\":\"WebPage\",\"@id\":\"https:\\\/\\\/royalpadel.com\\\/product\\\/royal-padel-race-2026\\\/\",\"url\":\"https:\\\/\\\/royalpadel.com\\\/product\\\/royal-padel-race-2026\\\/\",\"name\":\"Race 2026\",\"isPartOf\":{\"@id\":\"https:\\\/\\\/royalpadel.com\\\/#website\"},\"primaryImageOfPage\":{\"@id\":\"https:\\\/\\\/royalpadel.com\\\/product\\\/royal-padel-race-2026\\\/#primaryimage\"},\"image\":{\"@id\":\"https:\\\/\\\/royalpadel.com\\\/product\\\/royal-padel-race-2026\\\/#primaryimage\"},\"thumbnailUrl\":\"https:\\\/\\\/royalpadel.com\\\/wp-content\\\/uploads\\\/2025\\\/11\\\/FE73310004_1.jpg\",\"datePublished\":\"2025-11-11T09:30:13+00:00\",\"dateModified\":\"2026-03-09T09:41:59+00:00\",\"description\":\"La Royal Padel RACE 2026 es una pala hecha para jugadores que busquen una bestia en el juego a\u00e9reo y de ataque. \u00a1Hecha para dominar!\",\"breadcrumb\":{\"@id\":\"https:\\\/\\\/royalpadel.com\\\/product\\\/royal-padel-race-2026\\\/#breadcrumb\"},\"inLanguage\":\"en-GB\",\"potentialAction\":[{\"@type\":\"ReadAction\",\"target\":[\"https:\\\/\\\/royalpadel.com\\\/product\\\/royal-padel-race-2026\\\/\"]}]},{\"@type\":\"ImageObject\",\"inLanguage\":\"en-GB\",\"@id\":\"https:\\\/\\\/royalpadel.com\\\/product\\\/royal-padel-race-2026\\\/#primaryimage\",\"url\":\"https:\\\/\\\/royalpadel.com\\\/wp-content\\\/uploads\\\/2025\\\/11\\\/FE73310004_1.jpg\",\"contentUrl\":\"https:\\\/\\\/royalpadel.com\\\/wp-content\\\/uploads\\\/2025\\\/11\\\/FE73310004_1.jpg\",\"width\":2500,\"height\":2500,\"caption\":\"race 2026\"},{\"@type\":\"BreadcrumbList\",\"@id\":\"https:\\\/\\\/royalpadel.com\\\/product\\\/royal-padel-race-2026\\\/#breadcrumb\",\"itemListElement\":[{\"@type\":\"ListItem\",\"position\":1,\"name\":\"Home\",\"item\":\"https:\\\/\\\/royalpadel.com\\\/\"},{\"@type\":\"ListItem\",\"position\":2,\"name\":\"Shop\",\"item\":\"https:\\\/\\\/royalpadelcom-9l0c621n31.live-website.com\\\/shop\\\/\"},{\"@type\":\"ListItem\",\"position\":3,\"name\":\"Royal Padel R ACE 2026\"}]},{\"@type\":\"WebSite\",\"@id\":\"https:\\\/\\\/royalpadel.com\\\/#website\",\"url\":\"https:\\\/\\\/royalpadel.com\\\/\",\"name\":\"Royal Padel\",\"description\":\"We Are Royal Padel\",\"potentialAction\":[{\"@type\":\"SearchAction\",\"target\":{\"@type\":\"EntryPoint\",\"urlTemplate\":\"https:\\\/\\\/royalpadel.com\\\/?s={search_term_string}\"},\"query-input\":{\"@type\":\"PropertyValueSpecification\",\"valueRequired\":true,\"valueName\":\"search_term_string\"}}],\"inLanguage\":\"en-GB\"}]}<\/script>\n<!-- \/ Yoast SEO plugin. -->","yoast_head_json":{"title":"Race 2026","description":"La Royal Padel RACE 2026 es una pala hecha para jugadores que busquen una bestia en el juego a\u00e9reo y de ataque. \u00a1Hecha para dominar!","robots":{"index":"index","follow":"follow","max-snippet":"max-snippet:-1","max-image-preview":"max-image-preview:large","max-video-preview":"max-video-preview:-1"},"canonical":"https:\/\/royalpadel.com\/en\/product\/royal-padel-race-2026\/","og_locale":"en_GB","og_type":"article","og_title":"Race 2026","og_description":"La Royal Padel RACE 2026 es una pala hecha para jugadores que busquen una bestia en el juego a\u00e9reo y de ataque. \u00a1Hecha para dominar!","og_url":"https:\/\/royalpadel.com\/en\/product\/royal-padel-race-2026\/","og_site_name":"Royal Padel","article_modified_time":"2026-03-09T09:41:59+00:00","og_image":[{"width":2500,"height":2500,"url":"https:\/\/royalpadel.com\/wp-content\/uploads\/2025\/11\/FE73310004_1.jpg","type":"image\/jpeg"}],"twitter_card":"summary_large_image","twitter_misc":{"Estimated reading time":"2 minutes"},"schema":{"@context":"https:\/\/schema.org","@graph":[{"@type":"WebPage","@id":"https:\/\/royalpadel.com\/product\/royal-padel-race-2026\/","url":"https:\/\/royalpadel.com\/product\/royal-padel-race-2026\/","name":"Race 2026","isPartOf":{"@id":"https:\/\/royalpadel.com\/#website"},"primaryImageOfPage":{"@id":"https:\/\/royalpadel.com\/product\/royal-padel-race-2026\/#primaryimage"},"image":{"@id":"https:\/\/royalpadel.com\/product\/royal-padel-race-2026\/#primaryimage"},"thumbnailUrl":"https:\/\/royalpadel.com\/wp-content\/uploads\/2025\/11\/FE73310004_1.jpg","datePublished":"2025-11-11T09:30:13+00:00","dateModified":"2026-03-09T09:41:59+00:00","description":"La Royal Padel RACE 2026 es una pala hecha para jugadores que busquen una bestia en el juego a\u00e9reo y de ataque. \u00a1Hecha para dominar!","breadcrumb":{"@id":"https:\/\/royalpadel.com\/product\/royal-padel-race-2026\/#breadcrumb"},"inLanguage":"en-GB","potentialAction":[{"@type":"ReadAction","target":["https:\/\/royalpadel.com\/product\/royal-padel-race-2026\/"]}]},{"@type":"ImageObject","inLanguage":"en-GB","@id":"https:\/\/royalpadel.com\/product\/royal-padel-race-2026\/#primaryimage","url":"https:\/\/royalpadel.com\/wp-content\/uploads\/2025\/11\/FE73310004_1.jpg","contentUrl":"https:\/\/royalpadel.com\/wp-content\/uploads\/2025\/11\/FE73310004_1.jpg","width":2500,"height":2500,"caption":"race 2026"},{"@type":"BreadcrumbList","@id":"https:\/\/royalpadel.com\/product\/royal-padel-race-2026\/#breadcrumb","itemListElement":[{"@type":"ListItem","position":1,"name":"Home","item":"https:\/\/royalpadel.com\/"},{"@type":"ListItem","position":2,"name":"Shop","item":"https:\/\/royalpadelcom-9l0c621n31.live-website.com\/shop\/"},{"@type":"ListItem","position":3,"name":"Royal Padel R ACE 2026"}]},{"@type":"WebSite","@id":"https:\/\/royalpadel.com\/#website","url":"https:\/\/royalpadel.com\/","name":"Royal Padel","description":"We Are Royal Padel","potentialAction":[{"@type":"SearchAction","target":{"@type":"EntryPoint","urlTemplate":"https:\/\/royalpadel.com\/?s={search_term_string}"},"query-input":{"@type":"PropertyValueSpecification","valueRequired":true,"valueName":"search_term_string"}}],"inLanguage":"en-GB"}]}},"_links":{"self":[{"href":"https:\/\/royalpadel.com\/en\/wp-json\/wp\/v2\/product\/7403","targetHints":{"allow":["GET"]}}],"collection":[{"href":"https:\/\/royalpadel.com\/en\/wp-json\/wp\/v2\/product"}],"about":[{"href":"https:\/\/royalpadel.com\/en\/wp-json\/wp\/v2\/types\/product"}],"wp:featuredmedia":[{"embeddable":true,"href":"https:\/\/royalpadel.com\/en\/wp-json\/wp\/v2\/media\/7409"}],"wp:attachment":[{"href":"https:\/\/royalpadel.com\/en\/wp-json\/wp\/v2\/media?parent=7403"}],"wp:term":[{"taxonomy":"product_brand","embeddable":true,"href":"https:\/\/royalpadel.com\/en\/wp-json\/wp\/v2\/product_brand?post=7403"},{"taxonomy":"product_cat","embeddable":true,"href":"https:\/\/royalpadel.com\/en\/wp-json\/wp\/v2\/product_cat?post=7403"},{"taxonomy":"product_tag","embeddable":true,"href":"https:\/\/royalpadel.com\/en\/wp-json\/wp\/v2\/product_tag?post=7403"}],"curies":[{"name":"wp","href":"https:\/\/api.w.org\/{rel}","templated":true}]}}