{"id":7417,"date":"2025-11-11T09:58:39","date_gmt":"2025-11-11T09:58:39","guid":{"rendered":"https:\/\/royalpadel.com\/?post_type=product&#038;p=7417"},"modified":"2026-02-16T11:48:45","modified_gmt":"2026-02-16T11:48:45","slug":"royal-padel-r-ace-light-2026","status":"publish","type":"product","link":"https:\/\/royalpadel.com\/en\/product\/royal-padel-r-ace-light-2026\/","title":{"rendered":"Royal Padel R ACE Light 2026"},"content":{"rendered":"<p><span data-sheets-root=\"1\">\u00a1La nueva <strong>RACE LIGHT 2026<\/strong> llega m\u00e1s lista que nunca para desatar toda su <strong>POTENCIA<\/strong> en la pista!<\/p>\n<p>Desarrollada junto a nuestras jugadoras profesionales, mantiene la goma <strong>EVA MID HARD<\/strong> en su interior, ofreciendo ese punto extra de firmeza que eleva su rendimiento en ataque. \u00a1<strong>Dominante en el juego a\u00e9reo, r\u00e1pida en la volea y una aut\u00e9ntica bestia en el remate!<\/strong><\/p>\n<p>Un a\u00f1o m\u00e1s, nuestras jugadoras de \u00e9lite han elegido la R ACE LIGHT 2026 para competir en la m\u00e1xima categor\u00eda del p\u00e1del espa\u00f1ol. Sus caras y marco est\u00e1n fabricados <strong>100% 3K Carbon<\/strong>, asegurando una pala resistente, duradera y extremadamente manejable. En esta temporada 2026, seguimos apostando por su reconocida forma de diamante y balance alto, f\u00f3rmula ganadora que combina potencia y control con un nuevo dise\u00f1o m\u00e1s atrevido y moderno, fiel al car\u00e1cter de la l\u00ednea R Line.<\/p>\n<p>La R ACE LIGHT 2026 mantiene la tecnolog\u00eda <strong>Total Rough Spin<\/strong>, que permite generar m\u00e1s efecto en cada golpe sin perder un tacto de bola c\u00f3modo y preciso.<\/p>\n<p><strong>Si buscas una pala \u00e1gil, potente y explosiva en la red<\/strong>, \u00a1la R ACE LIGHT 2026 es tu mejor aliada para dominar cada punto!<\/p>\n<p>Fabricada en un <strong>rango de pesos entre 350 y 365 gramos<\/strong>, cada unidad se pesa individualmente en Royal Padel para garantizar que elijas el peso perfecto para tu estilo de juego.<\/span><\/p>","protected":false},"excerpt":{"rendered":"<p><span data-sheets-root=\"1\">\u00a1La nueva <strong>RACE LIGHT 2026<\/strong> llega m\u00e1s lista que nunca para desatar toda su <strong>POTENCIA<\/strong> en la pista!<\/p>\n<p>Desarrollada junto a nuestras jugadoras profesionales, mantiene la goma <strong>EVA MID HARD<\/strong> en su interior, ofreciendo ese punto extra de firmeza que eleva su rendimiento en ataque. \u00a1<strong>Dominante en el juego a\u00e9reo, r\u00e1pida en la volea y una aut\u00e9ntica bestia en el remate!<\/strong><\/p>\n<p>Un a\u00f1o m\u00e1s, nuestras jugadoras de \u00e9lite han elegido la R ACE LIGHT 2026 para competir en la m\u00e1xima categor\u00eda del p\u00e1del espa\u00f1ol. Sus caras y marco est\u00e1n fabricados <strong>100% 3K Carbon<\/strong>, asegurando una pala resistente, duradera y extremadamente manejable. En esta temporada 2026, seguimos apostando por su reconocida forma de diamante y balance alto, f\u00f3rmula ganadora que combina potencia y control con un nuevo dise\u00f1o m\u00e1s atrevido y moderno, fiel al car\u00e1cter de la l\u00ednea R Line.<\/p>\n<p>La R ACE LIGHT 2026 mantiene la tecnolog\u00eda <strong>Total Rough Spin<\/strong>, que permite generar m\u00e1s efecto en cada golpe sin perder un tacto de bola c\u00f3modo y preciso.<\/p>\n<p><strong>Si buscas una pala \u00e1gil, potente y explosiva en la red<\/strong>, \u00a1la R ACE LIGHT 2026 es tu mejor aliada para dominar cada punto!<\/p>\n<p>Fabricada en un <strong>rango de pesos entre 350 y 365 gramos<\/strong>, cada unidad se pesa individualmente en Royal Padel para garantizar que elijas el peso perfecto para tu estilo de juego.<\/span><\/p>","protected":false},"featured_media":7422,"template":"","meta":{"_acf_changed":false,"om_disable_all_campaigns":false,"inline_featured_image":false},"product_brand":[],"product_cat":[105,40,104],"product_tag":[44,68],"class_list":{"0":"post-7417","1":"product","2":"type-product","3":"status-publish","4":"has-post-thumbnail","6":"product_cat-royal-padel-mas-vendidas","7":"product_cat-palas","8":"product_cat-pro-series","9":"product_tag-competicion","10":"product_tag-r-line","11":"pa_peso-57","12":"pa_peso-58","13":"pa_peso-59","14":"pa_peso-51","16":"first","17":"instock","18":"taxable","19":"shipping-taxable","20":"purchasable","21":"product-type-variable"},"acf":[],"yoast_head":"<!-- This site is optimized with the Yoast SEO plugin v27.4 - https:\/\/yoast.com\/product\/yoast-seo-wordpress\/ -->\n<title>Royal Padel RACE Light 2026<\/title>\n<meta name=\"description\" content=\"La Royal Padel RACE Light 2026 es una pala con mucha POTENCIA hecha 100% de Carbono 3K para dominar todos los golpes de ataque.\" \/>\n<meta name=\"robots\" content=\"index, follow, max-snippet:-1, max-image-preview:large, max-video-preview:-1\" \/>\n<link rel=\"canonical\" href=\"https:\/\/royalpadel.com\/en\/product\/royal-padel-r-ace-light-2026\/\" \/>\n<meta property=\"og:locale\" content=\"en_GB\" \/>\n<meta property=\"og:type\" content=\"article\" \/>\n<meta property=\"og:title\" content=\"Royal Padel RACE Light 2026\" \/>\n<meta property=\"og:description\" content=\"La Royal Padel RACE Light 2026 es una pala con mucha POTENCIA hecha 100% de Carbono 3K para dominar todos los golpes de ataque.\" \/>\n<meta property=\"og:url\" content=\"https:\/\/royalpadel.com\/en\/product\/royal-padel-r-ace-light-2026\/\" \/>\n<meta property=\"og:site_name\" content=\"Royal Padel\" \/>\n<meta property=\"article:modified_time\" content=\"2026-02-16T11:48:45+00:00\" \/>\n<meta property=\"og:image\" content=\"https:\/\/royalpadel.com\/wp-content\/uploads\/2025\/11\/FE73310015_1-copia-1024x1024.png\" \/>\n\t<meta property=\"og:image:width\" content=\"1024\" \/>\n\t<meta property=\"og:image:height\" content=\"1024\" \/>\n\t<meta property=\"og:image:type\" content=\"image\/png\" \/>\n<meta name=\"twitter:card\" content=\"summary_large_image\" \/>\n<meta name=\"twitter:label1\" content=\"Estimated reading time\" \/>\n\t<meta name=\"twitter:data1\" content=\"2 minutes\" \/>\n<script type=\"application\/ld+json\" class=\"yoast-schema-graph\">{\"@context\":\"https:\\\/\\\/schema.org\",\"@graph\":[{\"@type\":\"WebPage\",\"@id\":\"https:\\\/\\\/royalpadel.com\\\/product\\\/royal-padel-r-ace-light-2026\\\/\",\"url\":\"https:\\\/\\\/royalpadel.com\\\/product\\\/royal-padel-r-ace-light-2026\\\/\",\"name\":\"Royal Padel RACE Light 2026\",\"isPartOf\":{\"@id\":\"https:\\\/\\\/royalpadel.com\\\/#website\"},\"primaryImageOfPage\":{\"@id\":\"https:\\\/\\\/royalpadel.com\\\/product\\\/royal-padel-r-ace-light-2026\\\/#primaryimage\"},\"image\":{\"@id\":\"https:\\\/\\\/royalpadel.com\\\/product\\\/royal-padel-r-ace-light-2026\\\/#primaryimage\"},\"thumbnailUrl\":\"https:\\\/\\\/royalpadel.com\\\/wp-content\\\/uploads\\\/2025\\\/11\\\/FE73310015_1-copia.png\",\"datePublished\":\"2025-11-11T09:58:39+00:00\",\"dateModified\":\"2026-02-16T11:48:45+00:00\",\"description\":\"La Royal Padel RACE Light 2026 es una pala con mucha POTENCIA hecha 100% de Carbono 3K para dominar todos los golpes de ataque.\",\"breadcrumb\":{\"@id\":\"https:\\\/\\\/royalpadel.com\\\/product\\\/royal-padel-r-ace-light-2026\\\/#breadcrumb\"},\"inLanguage\":\"en-GB\",\"potentialAction\":[{\"@type\":\"ReadAction\",\"target\":[\"https:\\\/\\\/royalpadel.com\\\/product\\\/royal-padel-r-ace-light-2026\\\/\"]}]},{\"@type\":\"ImageObject\",\"inLanguage\":\"en-GB\",\"@id\":\"https:\\\/\\\/royalpadel.com\\\/product\\\/royal-padel-r-ace-light-2026\\\/#primaryimage\",\"url\":\"https:\\\/\\\/royalpadel.com\\\/wp-content\\\/uploads\\\/2025\\\/11\\\/FE73310015_1-copia.png\",\"contentUrl\":\"https:\\\/\\\/royalpadel.com\\\/wp-content\\\/uploads\\\/2025\\\/11\\\/FE73310015_1-copia.png\",\"width\":2500,\"height\":2500,\"caption\":\"race 2026 light\"},{\"@type\":\"BreadcrumbList\",\"@id\":\"https:\\\/\\\/royalpadel.com\\\/product\\\/royal-padel-r-ace-light-2026\\\/#breadcrumb\",\"itemListElement\":[{\"@type\":\"ListItem\",\"position\":1,\"name\":\"Home\",\"item\":\"https:\\\/\\\/royalpadel.com\\\/\"},{\"@type\":\"ListItem\",\"position\":2,\"name\":\"Shop\",\"item\":\"https:\\\/\\\/royalpadelcom-9l0c621n31.live-website.com\\\/shop\\\/\"},{\"@type\":\"ListItem\",\"position\":3,\"name\":\"Royal Padel R ACE Light 2026\"}]},{\"@type\":\"WebSite\",\"@id\":\"https:\\\/\\\/royalpadel.com\\\/#website\",\"url\":\"https:\\\/\\\/royalpadel.com\\\/\",\"name\":\"Royal Padel\",\"description\":\"We Are Royal Padel\",\"potentialAction\":[{\"@type\":\"SearchAction\",\"target\":{\"@type\":\"EntryPoint\",\"urlTemplate\":\"https:\\\/\\\/royalpadel.com\\\/?s={search_term_string}\"},\"query-input\":{\"@type\":\"PropertyValueSpecification\",\"valueRequired\":true,\"valueName\":\"search_term_string\"}}],\"inLanguage\":\"en-GB\"}]}<\/script>\n<!-- \/ Yoast SEO plugin. -->","yoast_head_json":{"title":"Royal Padel RACE Light 2026","description":"La Royal Padel RACE Light 2026 es una pala con mucha POTENCIA hecha 100% de Carbono 3K para dominar todos los golpes de ataque.","robots":{"index":"index","follow":"follow","max-snippet":"max-snippet:-1","max-image-preview":"max-image-preview:large","max-video-preview":"max-video-preview:-1"},"canonical":"https:\/\/royalpadel.com\/en\/product\/royal-padel-r-ace-light-2026\/","og_locale":"en_GB","og_type":"article","og_title":"Royal Padel RACE Light 2026","og_description":"La Royal Padel RACE Light 2026 es una pala con mucha POTENCIA hecha 100% de Carbono 3K para dominar todos los golpes de ataque.","og_url":"https:\/\/royalpadel.com\/en\/product\/royal-padel-r-ace-light-2026\/","og_site_name":"Royal Padel","article_modified_time":"2026-02-16T11:48:45+00:00","og_image":[{"width":1024,"height":1024,"url":"https:\/\/royalpadel.com\/wp-content\/uploads\/2025\/11\/FE73310015_1-copia-1024x1024.png","type":"image\/png"}],"twitter_card":"summary_large_image","twitter_misc":{"Estimated reading time":"2 minutes"},"schema":{"@context":"https:\/\/schema.org","@graph":[{"@type":"WebPage","@id":"https:\/\/royalpadel.com\/product\/royal-padel-r-ace-light-2026\/","url":"https:\/\/royalpadel.com\/product\/royal-padel-r-ace-light-2026\/","name":"Royal Padel RACE Light 2026","isPartOf":{"@id":"https:\/\/royalpadel.com\/#website"},"primaryImageOfPage":{"@id":"https:\/\/royalpadel.com\/product\/royal-padel-r-ace-light-2026\/#primaryimage"},"image":{"@id":"https:\/\/royalpadel.com\/product\/royal-padel-r-ace-light-2026\/#primaryimage"},"thumbnailUrl":"https:\/\/royalpadel.com\/wp-content\/uploads\/2025\/11\/FE73310015_1-copia.png","datePublished":"2025-11-11T09:58:39+00:00","dateModified":"2026-02-16T11:48:45+00:00","description":"La Royal Padel RACE Light 2026 es una pala con mucha POTENCIA hecha 100% de Carbono 3K para dominar todos los golpes de ataque.","breadcrumb":{"@id":"https:\/\/royalpadel.com\/product\/royal-padel-r-ace-light-2026\/#breadcrumb"},"inLanguage":"en-GB","potentialAction":[{"@type":"ReadAction","target":["https:\/\/royalpadel.com\/product\/royal-padel-r-ace-light-2026\/"]}]},{"@type":"ImageObject","inLanguage":"en-GB","@id":"https:\/\/royalpadel.com\/product\/royal-padel-r-ace-light-2026\/#primaryimage","url":"https:\/\/royalpadel.com\/wp-content\/uploads\/2025\/11\/FE73310015_1-copia.png","contentUrl":"https:\/\/royalpadel.com\/wp-content\/uploads\/2025\/11\/FE73310015_1-copia.png","width":2500,"height":2500,"caption":"race 2026 light"},{"@type":"BreadcrumbList","@id":"https:\/\/royalpadel.com\/product\/royal-padel-r-ace-light-2026\/#breadcrumb","itemListElement":[{"@type":"ListItem","position":1,"name":"Home","item":"https:\/\/royalpadel.com\/"},{"@type":"ListItem","position":2,"name":"Shop","item":"https:\/\/royalpadelcom-9l0c621n31.live-website.com\/shop\/"},{"@type":"ListItem","position":3,"name":"Royal Padel R ACE Light 2026"}]},{"@type":"WebSite","@id":"https:\/\/royalpadel.com\/#website","url":"https:\/\/royalpadel.com\/","name":"Royal Padel","description":"We Are Royal Padel","potentialAction":[{"@type":"SearchAction","target":{"@type":"EntryPoint","urlTemplate":"https:\/\/royalpadel.com\/?s={search_term_string}"},"query-input":{"@type":"PropertyValueSpecification","valueRequired":true,"valueName":"search_term_string"}}],"inLanguage":"en-GB"}]}},"_links":{"self":[{"href":"https:\/\/royalpadel.com\/en\/wp-json\/wp\/v2\/product\/7417","targetHints":{"allow":["GET"]}}],"collection":[{"href":"https:\/\/royalpadel.com\/en\/wp-json\/wp\/v2\/product"}],"about":[{"href":"https:\/\/royalpadel.com\/en\/wp-json\/wp\/v2\/types\/product"}],"wp:featuredmedia":[{"embeddable":true,"href":"https:\/\/royalpadel.com\/en\/wp-json\/wp\/v2\/media\/7422"}],"wp:attachment":[{"href":"https:\/\/royalpadel.com\/en\/wp-json\/wp\/v2\/media?parent=7417"}],"wp:term":[{"taxonomy":"product_brand","embeddable":true,"href":"https:\/\/royalpadel.com\/en\/wp-json\/wp\/v2\/product_brand?post=7417"},{"taxonomy":"product_cat","embeddable":true,"href":"https:\/\/royalpadel.com\/en\/wp-json\/wp\/v2\/product_cat?post=7417"},{"taxonomy":"product_tag","embeddable":true,"href":"https:\/\/royalpadel.com\/en\/wp-json\/wp\/v2\/product_tag?post=7417"}],"curies":[{"name":"wp","href":"https:\/\/api.w.org\/{rel}","templated":true}]}}