{"id":7428,"date":"2025-11-11T10:36:01","date_gmt":"2025-11-11T10:36:01","guid":{"rendered":"https:\/\/royalpadel.com\/?post_type=product&#038;p=7428"},"modified":"2025-11-17T13:01:25","modified_gmt":"2025-11-17T13:01:25","slug":"royal-padel-fury-2026","status":"publish","type":"product","link":"https:\/\/royalpadel.com\/en\/product\/royal-padel-fury-2026\/","title":{"rendered":"Royal Padel FURY 2026"},"content":{"rendered":"<p><span data-sheets-root=\"1\">La <strong>R FURY 2026<\/strong> mantiene su esencia m\u00e1s salvaje para seguir siendo sin\u00f3nimo de <strong>POTENCIA ABSOLUTA.<\/strong><\/p>\n<p>Pensada para jugadores ofensivos que viven para rematar, esta pala combina la goma <strong>EVA MID HARD<\/strong> con una superficie<strong> 100 % en Carbono 12K<\/strong>, ofreciendo un tacto firme, agresivo y una respuesta explosiva en cada golpe. Su molde <strong>Diamante Oversize y balance alto<\/strong> aportan un equilibrio perfecto entre potencia y control, permitiendo dominar tambi\u00e9n en las transiciones y golpes de precisi\u00f3n.<\/p>\n<p>El <strong>acabado rugoso<\/strong> favorece la generaci\u00f3n de efecto y mejora el punto de impacto, ayud\u00e1ndote a cerrar los puntos con autoridad en la red. Para esta temporada 2026, la R FURY estrena un dise\u00f1o totalmente renovado, m\u00e1s imponente y moderno, que refleja el car\u00e1cter indomable de la gama m\u00e1s potente de Royal Padel.<\/p>\n<p>So, <strong>si buscas una pala agresiva<\/strong>, firme y lista para definir cada punto, \u00a1la R FURY 2026 es tu aliada definitiva en la pista!<\/p>\n<p>Disponible en un<strong> rango de pesos entre 365 y 380 gramos<\/strong>. En Royal Padel, pesamos una a una todas nuestras palas para que elijas el peso ideal para tu estilo de juego.<\/span><\/p>","protected":false},"excerpt":{"rendered":"<p><span data-sheets-root=\"1\">La <strong>R FURY 2026<\/strong> mantiene su esencia m\u00e1s salvaje para seguir siendo sin\u00f3nimo de <strong>POTENCIA ABSOLUTA.<\/strong><\/p>\n<p>Pensada para jugadores ofensivos que viven para rematar, esta pala combina la goma <strong>EVA MID HARD<\/strong> con una superficie<strong> 100 % en Carbono 12K<\/strong>, ofreciendo un tacto firme, agresivo y una respuesta explosiva en cada golpe. Su molde <strong>Diamante Oversize y balance alto<\/strong> aportan un equilibrio perfecto entre potencia y control, permitiendo dominar tambi\u00e9n en las transiciones y golpes de precisi\u00f3n.<\/p>\n<p>El <strong>acabado rugoso<\/strong> favorece la generaci\u00f3n de efecto y mejora el punto de impacto, ayud\u00e1ndote a cerrar los puntos con autoridad en la red. Para esta temporada 2026, la R FURY estrena un dise\u00f1o totalmente renovado, m\u00e1s imponente y moderno, que refleja el car\u00e1cter indomable de la gama m\u00e1s potente de Royal Padel.<\/p>\n<p>So, <strong>si buscas una pala agresiva<\/strong>, firme y lista para definir cada punto, \u00a1la R FURY 2026 es tu aliada definitiva en la pista!<\/p>\n<p>Disponible en un<strong> rango de pesos entre 365 y 380 gramos<\/strong>. En Royal Padel, pesamos una a una todas nuestras palas para que elijas el peso ideal para tu estilo de juego.<\/span><\/p>","protected":false},"featured_media":7433,"template":"","meta":{"_acf_changed":false,"om_disable_all_campaigns":false,"inline_featured_image":false},"product_brand":[],"product_cat":[105,40,104],"product_tag":[44,68],"class_list":{"0":"post-7428","1":"product","2":"type-product","3":"status-publish","4":"has-post-thumbnail","6":"product_cat-royal-padel-mas-vendidas","7":"product_cat-palas","8":"product_cat-pro-series","9":"product_tag-competicion","10":"product_tag-r-line","11":"pa_peso-57","12":"pa_peso-58","13":"pa_peso-59","14":"pa_peso-51","15":"pa_peso-52","16":"pa_peso-53","17":"pa_peso-54","18":"pa_peso-55","19":"pa_peso-56","20":"pa_peso-64","22":"first","23":"instock","24":"taxable","25":"shipping-taxable","26":"purchasable","27":"product-type-variable"},"acf":[],"yoast_head":"<!-- This site is optimized with the Yoast SEO plugin v27.4 - https:\/\/yoast.com\/product\/yoast-seo-wordpress\/ -->\n<title>Royal Padel Fury 2026<\/title>\n<meta name=\"description\" content=\"La RP Fury 2026 es potencia en estado puro. Hecha para jugadores que quieran una pala con m\u00e1xima potencia pero con un punto dulce m\u00e1s amplio de lo habitual.\" \/>\n<meta name=\"robots\" content=\"index, follow, max-snippet:-1, max-image-preview:large, max-video-preview:-1\" \/>\n<link rel=\"canonical\" href=\"https:\/\/royalpadel.com\/en\/product\/royal-padel-fury-2026\/\" \/>\n<meta property=\"og:locale\" content=\"en_GB\" \/>\n<meta property=\"og:type\" content=\"article\" \/>\n<meta property=\"og:title\" content=\"Royal Padel Fury 2026\" \/>\n<meta property=\"og:description\" content=\"La RP Fury 2026 es potencia en estado puro. Hecha para jugadores que quieran una pala con m\u00e1xima potencia pero con un punto dulce m\u00e1s amplio de lo habitual.\" \/>\n<meta property=\"og:url\" content=\"https:\/\/royalpadel.com\/en\/product\/royal-padel-fury-2026\/\" \/>\n<meta property=\"og:site_name\" content=\"Royal Padel\" \/>\n<meta property=\"article:modified_time\" content=\"2025-11-17T13:01:25+00:00\" \/>\n<meta property=\"og:image\" content=\"https:\/\/royalpadel.com\/wp-content\/uploads\/2025\/11\/FE73310003_1-copia-1024x1024.png\" \/>\n\t<meta property=\"og:image:width\" content=\"1024\" \/>\n\t<meta property=\"og:image:height\" content=\"1024\" \/>\n\t<meta property=\"og:image:type\" content=\"image\/png\" \/>\n<meta name=\"twitter:card\" content=\"summary_large_image\" \/>\n<meta name=\"twitter:label1\" content=\"Estimated reading time\" \/>\n\t<meta name=\"twitter:data1\" content=\"2 minutes\" \/>\n<script type=\"application\/ld+json\" class=\"yoast-schema-graph\">{\"@context\":\"https:\\\/\\\/schema.org\",\"@graph\":[{\"@type\":\"WebPage\",\"@id\":\"https:\\\/\\\/royalpadel.com\\\/product\\\/royal-padel-fury-2026\\\/\",\"url\":\"https:\\\/\\\/royalpadel.com\\\/product\\\/royal-padel-fury-2026\\\/\",\"name\":\"Royal Padel Fury 2026\",\"isPartOf\":{\"@id\":\"https:\\\/\\\/royalpadel.com\\\/#website\"},\"primaryImageOfPage\":{\"@id\":\"https:\\\/\\\/royalpadel.com\\\/product\\\/royal-padel-fury-2026\\\/#primaryimage\"},\"image\":{\"@id\":\"https:\\\/\\\/royalpadel.com\\\/product\\\/royal-padel-fury-2026\\\/#primaryimage\"},\"thumbnailUrl\":\"https:\\\/\\\/royalpadel.com\\\/wp-content\\\/uploads\\\/2025\\\/11\\\/FE73310003_1-copia.png\",\"datePublished\":\"2025-11-11T10:36:01+00:00\",\"dateModified\":\"2025-11-17T13:01:25+00:00\",\"description\":\"La RP Fury 2026 es potencia en estado puro. Hecha para jugadores que quieran una pala con m\u00e1xima potencia pero con un punto dulce m\u00e1s amplio de lo habitual.\",\"breadcrumb\":{\"@id\":\"https:\\\/\\\/royalpadel.com\\\/product\\\/royal-padel-fury-2026\\\/#breadcrumb\"},\"inLanguage\":\"en-GB\",\"potentialAction\":[{\"@type\":\"ReadAction\",\"target\":[\"https:\\\/\\\/royalpadel.com\\\/product\\\/royal-padel-fury-2026\\\/\"]}]},{\"@type\":\"ImageObject\",\"inLanguage\":\"en-GB\",\"@id\":\"https:\\\/\\\/royalpadel.com\\\/product\\\/royal-padel-fury-2026\\\/#primaryimage\",\"url\":\"https:\\\/\\\/royalpadel.com\\\/wp-content\\\/uploads\\\/2025\\\/11\\\/FE73310003_1-copia.png\",\"contentUrl\":\"https:\\\/\\\/royalpadel.com\\\/wp-content\\\/uploads\\\/2025\\\/11\\\/FE73310003_1-copia.png\",\"width\":2500,\"height\":2500,\"caption\":\"fury 2026\"},{\"@type\":\"BreadcrumbList\",\"@id\":\"https:\\\/\\\/royalpadel.com\\\/product\\\/royal-padel-fury-2026\\\/#breadcrumb\",\"itemListElement\":[{\"@type\":\"ListItem\",\"position\":1,\"name\":\"Home\",\"item\":\"https:\\\/\\\/royalpadel.com\\\/\"},{\"@type\":\"ListItem\",\"position\":2,\"name\":\"Shop\",\"item\":\"https:\\\/\\\/royalpadelcom-9l0c621n31.live-website.com\\\/shop\\\/\"},{\"@type\":\"ListItem\",\"position\":3,\"name\":\"Royal Padel FURY 2026\"}]},{\"@type\":\"WebSite\",\"@id\":\"https:\\\/\\\/royalpadel.com\\\/#website\",\"url\":\"https:\\\/\\\/royalpadel.com\\\/\",\"name\":\"Royal Padel\",\"description\":\"We Are Royal Padel\",\"potentialAction\":[{\"@type\":\"SearchAction\",\"target\":{\"@type\":\"EntryPoint\",\"urlTemplate\":\"https:\\\/\\\/royalpadel.com\\\/?s={search_term_string}\"},\"query-input\":{\"@type\":\"PropertyValueSpecification\",\"valueRequired\":true,\"valueName\":\"search_term_string\"}}],\"inLanguage\":\"en-GB\"}]}<\/script>\n<!-- \/ Yoast SEO plugin. -->","yoast_head_json":{"title":"Royal Padel Fury 2026","description":"La RP Fury 2026 es potencia en estado puro. Hecha para jugadores que quieran una pala con m\u00e1xima potencia pero con un punto dulce m\u00e1s amplio de lo habitual.","robots":{"index":"index","follow":"follow","max-snippet":"max-snippet:-1","max-image-preview":"max-image-preview:large","max-video-preview":"max-video-preview:-1"},"canonical":"https:\/\/royalpadel.com\/en\/product\/royal-padel-fury-2026\/","og_locale":"en_GB","og_type":"article","og_title":"Royal Padel Fury 2026","og_description":"La RP Fury 2026 es potencia en estado puro. Hecha para jugadores que quieran una pala con m\u00e1xima potencia pero con un punto dulce m\u00e1s amplio de lo habitual.","og_url":"https:\/\/royalpadel.com\/en\/product\/royal-padel-fury-2026\/","og_site_name":"Royal Padel","article_modified_time":"2025-11-17T13:01:25+00:00","og_image":[{"width":1024,"height":1024,"url":"https:\/\/royalpadel.com\/wp-content\/uploads\/2025\/11\/FE73310003_1-copia-1024x1024.png","type":"image\/png"}],"twitter_card":"summary_large_image","twitter_misc":{"Estimated reading time":"2 minutes"},"schema":{"@context":"https:\/\/schema.org","@graph":[{"@type":"WebPage","@id":"https:\/\/royalpadel.com\/product\/royal-padel-fury-2026\/","url":"https:\/\/royalpadel.com\/product\/royal-padel-fury-2026\/","name":"Royal Padel Fury 2026","isPartOf":{"@id":"https:\/\/royalpadel.com\/#website"},"primaryImageOfPage":{"@id":"https:\/\/royalpadel.com\/product\/royal-padel-fury-2026\/#primaryimage"},"image":{"@id":"https:\/\/royalpadel.com\/product\/royal-padel-fury-2026\/#primaryimage"},"thumbnailUrl":"https:\/\/royalpadel.com\/wp-content\/uploads\/2025\/11\/FE73310003_1-copia.png","datePublished":"2025-11-11T10:36:01+00:00","dateModified":"2025-11-17T13:01:25+00:00","description":"La RP Fury 2026 es potencia en estado puro. Hecha para jugadores que quieran una pala con m\u00e1xima potencia pero con un punto dulce m\u00e1s amplio de lo habitual.","breadcrumb":{"@id":"https:\/\/royalpadel.com\/product\/royal-padel-fury-2026\/#breadcrumb"},"inLanguage":"en-GB","potentialAction":[{"@type":"ReadAction","target":["https:\/\/royalpadel.com\/product\/royal-padel-fury-2026\/"]}]},{"@type":"ImageObject","inLanguage":"en-GB","@id":"https:\/\/royalpadel.com\/product\/royal-padel-fury-2026\/#primaryimage","url":"https:\/\/royalpadel.com\/wp-content\/uploads\/2025\/11\/FE73310003_1-copia.png","contentUrl":"https:\/\/royalpadel.com\/wp-content\/uploads\/2025\/11\/FE73310003_1-copia.png","width":2500,"height":2500,"caption":"fury 2026"},{"@type":"BreadcrumbList","@id":"https:\/\/royalpadel.com\/product\/royal-padel-fury-2026\/#breadcrumb","itemListElement":[{"@type":"ListItem","position":1,"name":"Home","item":"https:\/\/royalpadel.com\/"},{"@type":"ListItem","position":2,"name":"Shop","item":"https:\/\/royalpadelcom-9l0c621n31.live-website.com\/shop\/"},{"@type":"ListItem","position":3,"name":"Royal Padel FURY 2026"}]},{"@type":"WebSite","@id":"https:\/\/royalpadel.com\/#website","url":"https:\/\/royalpadel.com\/","name":"Royal Padel","description":"We Are Royal Padel","potentialAction":[{"@type":"SearchAction","target":{"@type":"EntryPoint","urlTemplate":"https:\/\/royalpadel.com\/?s={search_term_string}"},"query-input":{"@type":"PropertyValueSpecification","valueRequired":true,"valueName":"search_term_string"}}],"inLanguage":"en-GB"}]}},"_links":{"self":[{"href":"https:\/\/royalpadel.com\/en\/wp-json\/wp\/v2\/product\/7428","targetHints":{"allow":["GET"]}}],"collection":[{"href":"https:\/\/royalpadel.com\/en\/wp-json\/wp\/v2\/product"}],"about":[{"href":"https:\/\/royalpadel.com\/en\/wp-json\/wp\/v2\/types\/product"}],"wp:featuredmedia":[{"embeddable":true,"href":"https:\/\/royalpadel.com\/en\/wp-json\/wp\/v2\/media\/7433"}],"wp:attachment":[{"href":"https:\/\/royalpadel.com\/en\/wp-json\/wp\/v2\/media?parent=7428"}],"wp:term":[{"taxonomy":"product_brand","embeddable":true,"href":"https:\/\/royalpadel.com\/en\/wp-json\/wp\/v2\/product_brand?post=7428"},{"taxonomy":"product_cat","embeddable":true,"href":"https:\/\/royalpadel.com\/en\/wp-json\/wp\/v2\/product_cat?post=7428"},{"taxonomy":"product_tag","embeddable":true,"href":"https:\/\/royalpadel.com\/en\/wp-json\/wp\/v2\/product_tag?post=7428"}],"curies":[{"name":"wp","href":"https:\/\/api.w.org\/{rel}","templated":true}]}}