{"id":7439,"date":"2025-11-11T11:26:15","date_gmt":"2025-11-11T11:26:15","guid":{"rendered":"https:\/\/royalpadel.com\/?post_type=product&#038;p=7439"},"modified":"2025-11-17T13:01:18","modified_gmt":"2025-11-17T13:01:18","slug":"royal-padel-r-control-2026","status":"publish","type":"product","link":"https:\/\/royalpadel.com\/en\/product\/royal-padel-r-control-2026\/","title":{"rendered":"Royal Padel R Control 2026"},"content":{"rendered":"<p><span data-sheets-root=\"1\">La <strong>R CONTROL 2026<\/strong> vuelve a la pista reafirmando su esencia: <strong>POLIVALENCIA en estado puro.<\/strong><\/p>\n<p>Tras consolidarse como <strong>una de las palas m\u00e1s equilibradas de Royal Padel<\/strong>, esta nueva versi\u00f3n mantiene la exitosa combinaci\u00f3n de goma <strong>EVA MID HARD<\/strong> de r\u00e1pida recuperaci\u00f3n con la innovadora tecnolog\u00eda <strong>GlassComp Control<\/strong>, un material m\u00e1s resistente y flexible que ofrece una comodidad extra y un control excepcional en cada golpe.<\/p>\n<p>Su marco y coraz\u00f3n <strong>reforzados con Carbono 3K<\/strong> garantizan durabilidad y estabilidad, mientras que su superficie rugosa facilita la generaci\u00f3n de efecto y mejora el punto de impacto. En esta temporada 2026, la R CONTROL <strong>mantiene el reconocido molde Diamante Oversize<\/strong>, que ampl\u00eda el punto dulce y potencia su versatilidad en defensa y ataque. Todo ello, con un nuevo dise\u00f1o renovado, m\u00e1s moderno y elegante, que refleja su equilibrio perfecto entre potencia y control.<\/p>\n<p>As\u00ed que, si buscas <strong>una pala c\u00f3moda, precisa y completa, capaz de rendir al m\u00e1ximo en cualquier situaci\u00f3n de juego<\/strong>, \u00a1la R CONTROL 2026 es tu compa\u00f1era ideal!<\/p>\n<p>Disponible en un <strong>rango de pesos entre 365 y 380 gramos<\/strong>. En Royal Padel, pesamos una a una todas nuestras palas para que puedas elegir el peso perfecto para tu estilo de juego.<\/span><\/p>","protected":false},"excerpt":{"rendered":"<p><span data-sheets-root=\"1\">La <strong>R CONTROL 2026<\/strong> vuelve a la pista reafirmando su esencia: <strong>POLIVALENCIA en estado puro.<\/strong><\/p>\n<p>Tras consolidarse como <strong>una de las palas m\u00e1s equilibradas de Royal Padel<\/strong>, esta nueva versi\u00f3n mantiene la exitosa combinaci\u00f3n de goma <strong>EVA MID HARD<\/strong> de r\u00e1pida recuperaci\u00f3n con la innovadora tecnolog\u00eda <strong>GlassComp Control<\/strong>, un material m\u00e1s resistente y flexible que ofrece una comodidad extra y un control excepcional en cada golpe.<\/p>\n<p>Su marco y coraz\u00f3n <strong>reforzados con Carbono 3K<\/strong> garantizan durabilidad y estabilidad, mientras que su superficie rugosa facilita la generaci\u00f3n de efecto y mejora el punto de impacto. En esta temporada 2026, la R CONTROL <strong>mantiene el reconocido molde Diamante Oversize<\/strong>, que ampl\u00eda el punto dulce y potencia su versatilidad en defensa y ataque. Todo ello, con un nuevo dise\u00f1o renovado, m\u00e1s moderno y elegante, que refleja su equilibrio perfecto entre potencia y control.<\/p>\n<p>As\u00ed que, si buscas <strong>una pala c\u00f3moda, precisa y completa, capaz de rendir al m\u00e1ximo en cualquier situaci\u00f3n de juego<\/strong>, \u00a1la R CONTROL 2026 es tu compa\u00f1era ideal!<\/p>\n<p>Disponible en un <strong>rango de pesos entre 365 y 380 gramos<\/strong>. En Royal Padel, pesamos una a una todas nuestras palas para que puedas elegir el peso perfecto para tu estilo de juego.<\/span><\/p>","protected":false},"featured_media":7445,"template":"","meta":{"_acf_changed":false,"om_disable_all_campaigns":false,"inline_featured_image":false},"product_brand":[],"product_cat":[40,104],"product_tag":[44,68],"class_list":{"0":"post-7439","1":"product","2":"type-product","3":"status-publish","4":"has-post-thumbnail","6":"product_cat-palas","7":"product_cat-pro-series","8":"product_tag-competicion","9":"product_tag-r-line","10":"pa_peso-57","11":"pa_peso-58","12":"pa_peso-59","13":"pa_peso-51","14":"pa_peso-52","15":"pa_peso-53","16":"pa_peso-54","17":"pa_peso-55","18":"pa_peso-56","19":"pa_peso-64","21":"first","22":"instock","23":"taxable","24":"shipping-taxable","25":"purchasable","26":"product-type-variable"},"acf":[],"yoast_head":"<!-- This site is optimized with the Yoast SEO plugin v27.4 - https:\/\/yoast.com\/product\/yoast-seo-wordpress\/ -->\n<title>Royal Padel Control 2026<\/title>\n<meta name=\"description\" content=\"La Royal P\u00e1del Control 2026 es una pala compuesta por nuestra nueva tecnolog\u00eda GlassCom Control, lo que significa \u00a1100% POLIVALENCIA para atacar y defender!\" \/>\n<meta name=\"robots\" content=\"index, follow, max-snippet:-1, max-image-preview:large, max-video-preview:-1\" \/>\n<link rel=\"canonical\" href=\"https:\/\/royalpadel.com\/en\/product\/royal-padel-r-control-2026\/\" \/>\n<meta property=\"og:locale\" content=\"en_GB\" \/>\n<meta property=\"og:type\" content=\"article\" \/>\n<meta property=\"og:title\" content=\"Royal Padel Control 2026\" \/>\n<meta property=\"og:description\" content=\"La Royal P\u00e1del Control 2026 es una pala compuesta por nuestra nueva tecnolog\u00eda GlassCom Control, lo que significa \u00a1100% POLIVALENCIA para atacar y defender!\" \/>\n<meta property=\"og:url\" content=\"https:\/\/royalpadel.com\/en\/product\/royal-padel-r-control-2026\/\" \/>\n<meta property=\"og:site_name\" content=\"Royal Padel\" \/>\n<meta property=\"article:modified_time\" content=\"2025-11-17T13:01:18+00:00\" \/>\n<meta property=\"og:image\" content=\"https:\/\/royalpadel.com\/wp-content\/uploads\/2025\/11\/FE73310005_11.jpg\" \/>\n\t<meta property=\"og:image:width\" content=\"2500\" \/>\n\t<meta property=\"og:image:height\" content=\"2500\" \/>\n\t<meta property=\"og:image:type\" content=\"image\/jpeg\" \/>\n<meta name=\"twitter:card\" content=\"summary_large_image\" \/>\n<meta name=\"twitter:label1\" content=\"Estimated reading time\" \/>\n\t<meta name=\"twitter:data1\" content=\"2 minutes\" \/>\n<script type=\"application\/ld+json\" class=\"yoast-schema-graph\">{\"@context\":\"https:\\\/\\\/schema.org\",\"@graph\":[{\"@type\":\"WebPage\",\"@id\":\"https:\\\/\\\/royalpadel.com\\\/product\\\/royal-padel-r-control-2026\\\/\",\"url\":\"https:\\\/\\\/royalpadel.com\\\/product\\\/royal-padel-r-control-2026\\\/\",\"name\":\"Royal Padel Control 2026\",\"isPartOf\":{\"@id\":\"https:\\\/\\\/royalpadel.com\\\/#website\"},\"primaryImageOfPage\":{\"@id\":\"https:\\\/\\\/royalpadel.com\\\/product\\\/royal-padel-r-control-2026\\\/#primaryimage\"},\"image\":{\"@id\":\"https:\\\/\\\/royalpadel.com\\\/product\\\/royal-padel-r-control-2026\\\/#primaryimage\"},\"thumbnailUrl\":\"https:\\\/\\\/royalpadel.com\\\/wp-content\\\/uploads\\\/2025\\\/11\\\/FE73310005_11.jpg\",\"datePublished\":\"2025-11-11T11:26:15+00:00\",\"dateModified\":\"2025-11-17T13:01:18+00:00\",\"description\":\"La Royal P\u00e1del Control 2026 es una pala compuesta por nuestra nueva tecnolog\u00eda GlassCom Control, lo que significa \u00a1100% POLIVALENCIA para atacar y defender!\",\"breadcrumb\":{\"@id\":\"https:\\\/\\\/royalpadel.com\\\/product\\\/royal-padel-r-control-2026\\\/#breadcrumb\"},\"inLanguage\":\"en-GB\",\"potentialAction\":[{\"@type\":\"ReadAction\",\"target\":[\"https:\\\/\\\/royalpadel.com\\\/product\\\/royal-padel-r-control-2026\\\/\"]}]},{\"@type\":\"ImageObject\",\"inLanguage\":\"en-GB\",\"@id\":\"https:\\\/\\\/royalpadel.com\\\/product\\\/royal-padel-r-control-2026\\\/#primaryimage\",\"url\":\"https:\\\/\\\/royalpadel.com\\\/wp-content\\\/uploads\\\/2025\\\/11\\\/FE73310005_11.jpg\",\"contentUrl\":\"https:\\\/\\\/royalpadel.com\\\/wp-content\\\/uploads\\\/2025\\\/11\\\/FE73310005_11.jpg\",\"width\":2500,\"height\":2500,\"caption\":\"control 2026\"},{\"@type\":\"BreadcrumbList\",\"@id\":\"https:\\\/\\\/royalpadel.com\\\/product\\\/royal-padel-r-control-2026\\\/#breadcrumb\",\"itemListElement\":[{\"@type\":\"ListItem\",\"position\":1,\"name\":\"Home\",\"item\":\"https:\\\/\\\/royalpadel.com\\\/\"},{\"@type\":\"ListItem\",\"position\":2,\"name\":\"Shop\",\"item\":\"https:\\\/\\\/royalpadelcom-9l0c621n31.live-website.com\\\/shop\\\/\"},{\"@type\":\"ListItem\",\"position\":3,\"name\":\"Royal Padel R Control 2026\"}]},{\"@type\":\"WebSite\",\"@id\":\"https:\\\/\\\/royalpadel.com\\\/#website\",\"url\":\"https:\\\/\\\/royalpadel.com\\\/\",\"name\":\"Royal Padel\",\"description\":\"We Are Royal Padel\",\"potentialAction\":[{\"@type\":\"SearchAction\",\"target\":{\"@type\":\"EntryPoint\",\"urlTemplate\":\"https:\\\/\\\/royalpadel.com\\\/?s={search_term_string}\"},\"query-input\":{\"@type\":\"PropertyValueSpecification\",\"valueRequired\":true,\"valueName\":\"search_term_string\"}}],\"inLanguage\":\"en-GB\"}]}<\/script>\n<!-- \/ Yoast SEO plugin. -->","yoast_head_json":{"title":"Royal Padel Control 2026","description":"La Royal P\u00e1del Control 2026 es una pala compuesta por nuestra nueva tecnolog\u00eda GlassCom Control, lo que significa \u00a1100% POLIVALENCIA para atacar y defender!","robots":{"index":"index","follow":"follow","max-snippet":"max-snippet:-1","max-image-preview":"max-image-preview:large","max-video-preview":"max-video-preview:-1"},"canonical":"https:\/\/royalpadel.com\/en\/product\/royal-padel-r-control-2026\/","og_locale":"en_GB","og_type":"article","og_title":"Royal Padel Control 2026","og_description":"La Royal P\u00e1del Control 2026 es una pala compuesta por nuestra nueva tecnolog\u00eda GlassCom Control, lo que significa \u00a1100% POLIVALENCIA para atacar y defender!","og_url":"https:\/\/royalpadel.com\/en\/product\/royal-padel-r-control-2026\/","og_site_name":"Royal Padel","article_modified_time":"2025-11-17T13:01:18+00:00","og_image":[{"width":2500,"height":2500,"url":"https:\/\/royalpadel.com\/wp-content\/uploads\/2025\/11\/FE73310005_11.jpg","type":"image\/jpeg"}],"twitter_card":"summary_large_image","twitter_misc":{"Estimated reading time":"2 minutes"},"schema":{"@context":"https:\/\/schema.org","@graph":[{"@type":"WebPage","@id":"https:\/\/royalpadel.com\/product\/royal-padel-r-control-2026\/","url":"https:\/\/royalpadel.com\/product\/royal-padel-r-control-2026\/","name":"Royal Padel Control 2026","isPartOf":{"@id":"https:\/\/royalpadel.com\/#website"},"primaryImageOfPage":{"@id":"https:\/\/royalpadel.com\/product\/royal-padel-r-control-2026\/#primaryimage"},"image":{"@id":"https:\/\/royalpadel.com\/product\/royal-padel-r-control-2026\/#primaryimage"},"thumbnailUrl":"https:\/\/royalpadel.com\/wp-content\/uploads\/2025\/11\/FE73310005_11.jpg","datePublished":"2025-11-11T11:26:15+00:00","dateModified":"2025-11-17T13:01:18+00:00","description":"La Royal P\u00e1del Control 2026 es una pala compuesta por nuestra nueva tecnolog\u00eda GlassCom Control, lo que significa \u00a1100% POLIVALENCIA para atacar y defender!","breadcrumb":{"@id":"https:\/\/royalpadel.com\/product\/royal-padel-r-control-2026\/#breadcrumb"},"inLanguage":"en-GB","potentialAction":[{"@type":"ReadAction","target":["https:\/\/royalpadel.com\/product\/royal-padel-r-control-2026\/"]}]},{"@type":"ImageObject","inLanguage":"en-GB","@id":"https:\/\/royalpadel.com\/product\/royal-padel-r-control-2026\/#primaryimage","url":"https:\/\/royalpadel.com\/wp-content\/uploads\/2025\/11\/FE73310005_11.jpg","contentUrl":"https:\/\/royalpadel.com\/wp-content\/uploads\/2025\/11\/FE73310005_11.jpg","width":2500,"height":2500,"caption":"control 2026"},{"@type":"BreadcrumbList","@id":"https:\/\/royalpadel.com\/product\/royal-padel-r-control-2026\/#breadcrumb","itemListElement":[{"@type":"ListItem","position":1,"name":"Home","item":"https:\/\/royalpadel.com\/"},{"@type":"ListItem","position":2,"name":"Shop","item":"https:\/\/royalpadelcom-9l0c621n31.live-website.com\/shop\/"},{"@type":"ListItem","position":3,"name":"Royal Padel R Control 2026"}]},{"@type":"WebSite","@id":"https:\/\/royalpadel.com\/#website","url":"https:\/\/royalpadel.com\/","name":"Royal Padel","description":"We Are Royal Padel","potentialAction":[{"@type":"SearchAction","target":{"@type":"EntryPoint","urlTemplate":"https:\/\/royalpadel.com\/?s={search_term_string}"},"query-input":{"@type":"PropertyValueSpecification","valueRequired":true,"valueName":"search_term_string"}}],"inLanguage":"en-GB"}]}},"_links":{"self":[{"href":"https:\/\/royalpadel.com\/en\/wp-json\/wp\/v2\/product\/7439","targetHints":{"allow":["GET"]}}],"collection":[{"href":"https:\/\/royalpadel.com\/en\/wp-json\/wp\/v2\/product"}],"about":[{"href":"https:\/\/royalpadel.com\/en\/wp-json\/wp\/v2\/types\/product"}],"wp:featuredmedia":[{"embeddable":true,"href":"https:\/\/royalpadel.com\/en\/wp-json\/wp\/v2\/media\/7445"}],"wp:attachment":[{"href":"https:\/\/royalpadel.com\/en\/wp-json\/wp\/v2\/media?parent=7439"}],"wp:term":[{"taxonomy":"product_brand","embeddable":true,"href":"https:\/\/royalpadel.com\/en\/wp-json\/wp\/v2\/product_brand?post=7439"},{"taxonomy":"product_cat","embeddable":true,"href":"https:\/\/royalpadel.com\/en\/wp-json\/wp\/v2\/product_cat?post=7439"},{"taxonomy":"product_tag","embeddable":true,"href":"https:\/\/royalpadel.com\/en\/wp-json\/wp\/v2\/product_tag?post=7439"}],"curies":[{"name":"wp","href":"https:\/\/api.w.org\/{rel}","templated":true}]}}