{"id":7450,"date":"2025-11-11T11:47:58","date_gmt":"2025-11-11T11:47:58","guid":{"rendered":"https:\/\/royalpadel.com\/?post_type=product&#038;p=7450"},"modified":"2025-11-17T13:01:10","modified_gmt":"2025-11-17T13:01:10","slug":"royal-padel-m27-poly-2026","status":"publish","type":"product","link":"https:\/\/royalpadel.com\/en\/product\/royal-padel-m27-poly-2026\/","title":{"rendered":"Royal Padel M27 Poly 2026"},"content":{"rendered":"<p><span data-sheets-root=\"1\">La<strong> M27 Poly 2026<\/strong> continues to solidify its place as one of <strong>Royal Padel's greatest icons.<\/strong><\/span><\/p>\n<p>This new edition keeps the essence that made it a true benchmark on the court intact<strong> una pala TOTAL,<\/strong> equilibrada y con un rendimiento excepcional tanto en defensa como en ataque. En su interior, incorpora g<strong>oma blanda de Polietileno de alta densidad<\/strong>, combinada con una estructura <strong>100 % en Carbono 3K<\/strong> en marco y caras, para ofrecer una sensaci\u00f3n \u00fanica de control, potencia y durabilidad.<\/p>\n<p>Con su<strong> forma redonda y balance medio<\/strong>, la <strong>M27 Poly 2026 proporciona una manejabilidad exquisita y un equilibrio perfecto entre potencia y precisi\u00f3n.<\/strong> Adem\u00e1s, integra las <strong>tecnolog\u00edas Shock Absorption<\/strong>, dise\u00f1adas para reducir las vibraciones y proteger el codo, lo que la convierte en una opci\u00f3n ideal para quienes buscan rendimiento y prevenci\u00f3n de lesiones sin renunciar al confort.<\/p>\n<p>En esta temporada 2026, la M27 estrena un nuevo dise\u00f1o, m\u00e1s elegante y moderno, pero manteniendo el ADN que la ha hecho una de las palas m\u00e1s queridas por nuestros jugadores.<\/p>\n<p>\u00a1Domina el fondo de pista, el juego a\u00e9reo y la red con la M27 Poly 2026!<\/p>\n<p>Fabricada en un <strong>rango de pesos entre 360 y 380 gramos<\/strong>, cada pala se pesa individualmente en Royal Padel para que elijas el peso m\u00e1s adecuado para tu estilo de juego. Tambi\u00e9n disponible en versi\u00f3n Light, para quienes buscan las mismas prestaciones con un peso menor.<\/p>","protected":false},"excerpt":{"rendered":"<p><span data-sheets-root=\"1\">La<strong> M27 Poly 2026<\/strong> continues to solidify its place as one of <strong>Royal Padel's greatest icons.<\/strong><\/span><\/p>\n<p>This new edition keeps the essence that made it a true benchmark on the court intact<strong> una pala TOTAL,<\/strong> equilibrada y con un rendimiento excepcional tanto en defensa como en ataque. En su interior, incorpora g<strong>oma blanda de Polietileno de alta densidad<\/strong>, combinada con una estructura <strong>100 % en Carbono 3K<\/strong> en marco y caras, para ofrecer una sensaci\u00f3n \u00fanica de control, potencia y durabilidad.<\/p>\n<p>Con su<strong> forma redonda y balance medio<\/strong>, la <strong>M27 Poly 2026 proporciona una manejabilidad exquisita y un equilibrio perfecto entre potencia y precisi\u00f3n.<\/strong> Adem\u00e1s, integra las <strong>tecnolog\u00edas Shock Absorption<\/strong>, dise\u00f1adas para reducir las vibraciones y proteger el codo, lo que la convierte en una opci\u00f3n ideal para quienes buscan rendimiento y prevenci\u00f3n de lesiones sin renunciar al confort.<\/p>\n<p>En esta temporada 2026, la M27 estrena un nuevo dise\u00f1o, m\u00e1s elegante y moderno, pero manteniendo el ADN que la ha hecho una de las palas m\u00e1s queridas por nuestros jugadores.<\/p>\n<p>\u00a1Domina el fondo de pista, el juego a\u00e9reo y la red con la M27 Poly 2026!<\/p>\n<p>Fabricada en un <strong>rango de pesos entre 360 y 380 gramos<\/strong>, cada pala se pesa individualmente en Royal Padel para que elijas el peso m\u00e1s adecuado para tu estilo de juego. Tambi\u00e9n disponible en versi\u00f3n Light, para quienes buscan las mismas prestaciones con un peso menor.<\/p>","protected":false},"featured_media":7456,"template":"","meta":{"_acf_changed":false,"om_disable_all_campaigns":false,"inline_featured_image":false},"product_brand":[],"product_cat":[105,40],"product_tag":[44],"class_list":{"0":"post-7450","1":"product","2":"type-product","3":"status-publish","4":"has-post-thumbnail","6":"product_cat-royal-padel-mas-vendidas","7":"product_cat-palas","8":"product_tag-competicion","9":"pa_peso-59","10":"pa_peso-51","11":"pa_peso-52","12":"pa_peso-53","13":"pa_peso-54","15":"first","16":"instock","17":"taxable","18":"shipping-taxable","19":"purchasable","20":"product-type-variable"},"acf":[],"yoast_head":"<!-- This site is optimized with the Yoast SEO plugin v27.4 - https:\/\/yoast.com\/product\/yoast-seo-wordpress\/ -->\n<title>Royal Padel M27 Poly 2026<\/title>\n<meta name=\"description\" content=\"RP M27 Poly 2026 es una pala extremadamente c\u00f3moda y polivalente enfocada a prevenir lesiones de codo, hombro y epicondilitis.\" \/>\n<meta name=\"robots\" content=\"index, follow, max-snippet:-1, max-image-preview:large, max-video-preview:-1\" \/>\n<link rel=\"canonical\" href=\"https:\/\/royalpadel.com\/en\/product\/royal-padel-m27-poly-2026\/\" \/>\n<meta property=\"og:locale\" content=\"en_GB\" \/>\n<meta property=\"og:type\" content=\"article\" \/>\n<meta property=\"og:title\" content=\"Royal Padel M27 Poly 2026\" \/>\n<meta property=\"og:description\" content=\"RP M27 Poly 2026 es una pala extremadamente c\u00f3moda y polivalente enfocada a prevenir lesiones de codo, hombro y epicondilitis.\" \/>\n<meta property=\"og:url\" content=\"https:\/\/royalpadel.com\/en\/product\/royal-padel-m27-poly-2026\/\" \/>\n<meta property=\"og:site_name\" content=\"Royal Padel\" \/>\n<meta property=\"article:modified_time\" content=\"2025-11-17T13:01:10+00:00\" \/>\n<meta property=\"og:image\" content=\"https:\/\/royalpadel.com\/wp-content\/uploads\/2025\/11\/FE73310001_1-copia.png\" \/>\n\t<meta property=\"og:image:width\" content=\"2500\" \/>\n\t<meta property=\"og:image:height\" content=\"2500\" \/>\n\t<meta property=\"og:image:type\" content=\"image\/png\" \/>\n<meta name=\"twitter:card\" content=\"summary_large_image\" \/>\n<meta name=\"twitter:label1\" content=\"Estimated reading time\" \/>\n\t<meta name=\"twitter:data1\" content=\"2 minutes\" \/>\n<script type=\"application\/ld+json\" class=\"yoast-schema-graph\">{\"@context\":\"https:\\\/\\\/schema.org\",\"@graph\":[{\"@type\":\"WebPage\",\"@id\":\"https:\\\/\\\/royalpadel.com\\\/product\\\/royal-padel-m27-poly-2026\\\/\",\"url\":\"https:\\\/\\\/royalpadel.com\\\/product\\\/royal-padel-m27-poly-2026\\\/\",\"name\":\"Royal Padel M27 Poly 2026\",\"isPartOf\":{\"@id\":\"https:\\\/\\\/royalpadel.com\\\/#website\"},\"primaryImageOfPage\":{\"@id\":\"https:\\\/\\\/royalpadel.com\\\/product\\\/royal-padel-m27-poly-2026\\\/#primaryimage\"},\"image\":{\"@id\":\"https:\\\/\\\/royalpadel.com\\\/product\\\/royal-padel-m27-poly-2026\\\/#primaryimage\"},\"thumbnailUrl\":\"https:\\\/\\\/royalpadel.com\\\/wp-content\\\/uploads\\\/2025\\\/11\\\/FE73310001_1-copia.png\",\"datePublished\":\"2025-11-11T11:47:58+00:00\",\"dateModified\":\"2025-11-17T13:01:10+00:00\",\"description\":\"RP M27 Poly 2026 es una pala extremadamente c\u00f3moda y polivalente enfocada a prevenir lesiones de codo, hombro y epicondilitis.\",\"breadcrumb\":{\"@id\":\"https:\\\/\\\/royalpadel.com\\\/product\\\/royal-padel-m27-poly-2026\\\/#breadcrumb\"},\"inLanguage\":\"en-GB\",\"potentialAction\":[{\"@type\":\"ReadAction\",\"target\":[\"https:\\\/\\\/royalpadel.com\\\/product\\\/royal-padel-m27-poly-2026\\\/\"]}]},{\"@type\":\"ImageObject\",\"inLanguage\":\"en-GB\",\"@id\":\"https:\\\/\\\/royalpadel.com\\\/product\\\/royal-padel-m27-poly-2026\\\/#primaryimage\",\"url\":\"https:\\\/\\\/royalpadel.com\\\/wp-content\\\/uploads\\\/2025\\\/11\\\/FE73310001_1-copia.png\",\"contentUrl\":\"https:\\\/\\\/royalpadel.com\\\/wp-content\\\/uploads\\\/2025\\\/11\\\/FE73310001_1-copia.png\",\"width\":2500,\"height\":2500,\"caption\":\"m27 poly\"},{\"@type\":\"BreadcrumbList\",\"@id\":\"https:\\\/\\\/royalpadel.com\\\/product\\\/royal-padel-m27-poly-2026\\\/#breadcrumb\",\"itemListElement\":[{\"@type\":\"ListItem\",\"position\":1,\"name\":\"Home\",\"item\":\"https:\\\/\\\/royalpadel.com\\\/\"},{\"@type\":\"ListItem\",\"position\":2,\"name\":\"Shop\",\"item\":\"https:\\\/\\\/royalpadelcom-9l0c621n31.live-website.com\\\/shop\\\/\"},{\"@type\":\"ListItem\",\"position\":3,\"name\":\"Royal Padel M27 Poly 2026\"}]},{\"@type\":\"WebSite\",\"@id\":\"https:\\\/\\\/royalpadel.com\\\/#website\",\"url\":\"https:\\\/\\\/royalpadel.com\\\/\",\"name\":\"Royal Padel\",\"description\":\"We Are Royal Padel\",\"potentialAction\":[{\"@type\":\"SearchAction\",\"target\":{\"@type\":\"EntryPoint\",\"urlTemplate\":\"https:\\\/\\\/royalpadel.com\\\/?s={search_term_string}\"},\"query-input\":{\"@type\":\"PropertyValueSpecification\",\"valueRequired\":true,\"valueName\":\"search_term_string\"}}],\"inLanguage\":\"en-GB\"}]}<\/script>\n<!-- \/ Yoast SEO plugin. -->","yoast_head_json":{"title":"Royal Padel M27 Poly 2026","description":"RP M27 Poly 2026 es una pala extremadamente c\u00f3moda y polivalente enfocada a prevenir lesiones de codo, hombro y epicondilitis.","robots":{"index":"index","follow":"follow","max-snippet":"max-snippet:-1","max-image-preview":"max-image-preview:large","max-video-preview":"max-video-preview:-1"},"canonical":"https:\/\/royalpadel.com\/en\/product\/royal-padel-m27-poly-2026\/","og_locale":"en_GB","og_type":"article","og_title":"Royal Padel M27 Poly 2026","og_description":"RP M27 Poly 2026 es una pala extremadamente c\u00f3moda y polivalente enfocada a prevenir lesiones de codo, hombro y epicondilitis.","og_url":"https:\/\/royalpadel.com\/en\/product\/royal-padel-m27-poly-2026\/","og_site_name":"Royal Padel","article_modified_time":"2025-11-17T13:01:10+00:00","og_image":[{"width":2500,"height":2500,"url":"https:\/\/royalpadel.com\/wp-content\/uploads\/2025\/11\/FE73310001_1-copia.png","type":"image\/png"}],"twitter_card":"summary_large_image","twitter_misc":{"Estimated reading time":"2 minutes"},"schema":{"@context":"https:\/\/schema.org","@graph":[{"@type":"WebPage","@id":"https:\/\/royalpadel.com\/product\/royal-padel-m27-poly-2026\/","url":"https:\/\/royalpadel.com\/product\/royal-padel-m27-poly-2026\/","name":"Royal Padel M27 Poly 2026","isPartOf":{"@id":"https:\/\/royalpadel.com\/#website"},"primaryImageOfPage":{"@id":"https:\/\/royalpadel.com\/product\/royal-padel-m27-poly-2026\/#primaryimage"},"image":{"@id":"https:\/\/royalpadel.com\/product\/royal-padel-m27-poly-2026\/#primaryimage"},"thumbnailUrl":"https:\/\/royalpadel.com\/wp-content\/uploads\/2025\/11\/FE73310001_1-copia.png","datePublished":"2025-11-11T11:47:58+00:00","dateModified":"2025-11-17T13:01:10+00:00","description":"RP M27 Poly 2026 es una pala extremadamente c\u00f3moda y polivalente enfocada a prevenir lesiones de codo, hombro y epicondilitis.","breadcrumb":{"@id":"https:\/\/royalpadel.com\/product\/royal-padel-m27-poly-2026\/#breadcrumb"},"inLanguage":"en-GB","potentialAction":[{"@type":"ReadAction","target":["https:\/\/royalpadel.com\/product\/royal-padel-m27-poly-2026\/"]}]},{"@type":"ImageObject","inLanguage":"en-GB","@id":"https:\/\/royalpadel.com\/product\/royal-padel-m27-poly-2026\/#primaryimage","url":"https:\/\/royalpadel.com\/wp-content\/uploads\/2025\/11\/FE73310001_1-copia.png","contentUrl":"https:\/\/royalpadel.com\/wp-content\/uploads\/2025\/11\/FE73310001_1-copia.png","width":2500,"height":2500,"caption":"m27 poly"},{"@type":"BreadcrumbList","@id":"https:\/\/royalpadel.com\/product\/royal-padel-m27-poly-2026\/#breadcrumb","itemListElement":[{"@type":"ListItem","position":1,"name":"Home","item":"https:\/\/royalpadel.com\/"},{"@type":"ListItem","position":2,"name":"Shop","item":"https:\/\/royalpadelcom-9l0c621n31.live-website.com\/shop\/"},{"@type":"ListItem","position":3,"name":"Royal Padel M27 Poly 2026"}]},{"@type":"WebSite","@id":"https:\/\/royalpadel.com\/#website","url":"https:\/\/royalpadel.com\/","name":"Royal Padel","description":"We Are Royal Padel","potentialAction":[{"@type":"SearchAction","target":{"@type":"EntryPoint","urlTemplate":"https:\/\/royalpadel.com\/?s={search_term_string}"},"query-input":{"@type":"PropertyValueSpecification","valueRequired":true,"valueName":"search_term_string"}}],"inLanguage":"en-GB"}]}},"_links":{"self":[{"href":"https:\/\/royalpadel.com\/en\/wp-json\/wp\/v2\/product\/7450","targetHints":{"allow":["GET"]}}],"collection":[{"href":"https:\/\/royalpadel.com\/en\/wp-json\/wp\/v2\/product"}],"about":[{"href":"https:\/\/royalpadel.com\/en\/wp-json\/wp\/v2\/types\/product"}],"wp:featuredmedia":[{"embeddable":true,"href":"https:\/\/royalpadel.com\/en\/wp-json\/wp\/v2\/media\/7456"}],"wp:attachment":[{"href":"https:\/\/royalpadel.com\/en\/wp-json\/wp\/v2\/media?parent=7450"}],"wp:term":[{"taxonomy":"product_brand","embeddable":true,"href":"https:\/\/royalpadel.com\/en\/wp-json\/wp\/v2\/product_brand?post=7450"},{"taxonomy":"product_cat","embeddable":true,"href":"https:\/\/royalpadel.com\/en\/wp-json\/wp\/v2\/product_cat?post=7450"},{"taxonomy":"product_tag","embeddable":true,"href":"https:\/\/royalpadel.com\/en\/wp-json\/wp\/v2\/product_tag?post=7450"}],"curies":[{"name":"wp","href":"https:\/\/api.w.org\/{rel}","templated":true}]}}