{"id":7487,"date":"2025-11-11T16:31:28","date_gmt":"2025-11-11T16:31:28","guid":{"rendered":"https:\/\/royalpadel.com\/?post_type=product&#038;p=7487"},"modified":"2025-11-17T13:00:44","modified_gmt":"2025-11-17T13:00:44","slug":"royal-padel-36-aniversario-light","status":"publish","type":"product","link":"https:\/\/royalpadel.com\/en\/product\/royal-padel-36-aniversario-light\/","title":{"rendered":"Royal Padel 36 Aniversario Light"},"content":{"rendered":"<p><span data-sheets-root=\"1\">Un a\u00f1o m\u00e1s, seguimos celebrando nuestro aniversario con <strong>la mejor gama de palas para prevenir epicondilitis del mercado, las 36 Aniversario<\/strong>. La 36 Aniversario Light 2026 mantiene todas las prestaciones de la versi\u00f3n Poly, pero en un formato m\u00e1s ligero, combinando comodidad y rendimiento en cada golpe.<\/p>\n<p>Fabricada con <strong>Polietileno blando<\/strong> <strong>de alta absorci\u00f3n<\/strong> inside <strong>Fibertech<\/strong> en la superficie, ofrece un tacto suave y confortable sin sacrificar control ni precisi\u00f3n. Los marcos vienen reforzados con una capa de <strong>Carbono,<\/strong> garantizando durabilidad y manteniendo el tacto blando que protege tu codo.<\/p>\n<p>En esta temporada, la distribuci\u00f3n estrat\u00e9gica de agujeros mantiene un amplio punto dulce y optimiza la tecnolog\u00eda <strong>Shock Absorption<\/strong>, aumentando la manejabilidad y haciendo que jugar sea a\u00fan m\u00e1s c\u00f3modo. La pala conserva su<strong> forma de l\u00e1grima y balance bajo<\/strong>, dise\u00f1ados para minimizar la exposici\u00f3n del codo a vibraciones, y sus acabados en relieve potencian el efecto y control de tus golpes.<\/p>\n<p>Si eres un jugador que ha sufrido epicondilitis o simplemente<strong> quieres disfrutar del p\u00e1del sin molestias<\/strong>, \u00a1la 36 Aniversario Light 2026 es la pala ideal para ti!<\/p>\n<p>Disponible en un <strong>rango de pesos entre 350 y 365 gramos<\/strong>, cada pala se pesa individualmente en Royal Padel para que elijas el peso perfecto, ofreciendo las mismas prestaciones que la versi\u00f3n Poly en un formato m\u00e1s ligero.<\/span><\/p>","protected":false},"excerpt":{"rendered":"<p><span data-sheets-root=\"1\">Un a\u00f1o m\u00e1s, seguimos celebrando nuestro aniversario con <strong>la mejor gama de palas para prevenir epicondilitis del mercado, las 36 Aniversario<\/strong>. La 36 Aniversario Light 2026 mantiene todas las prestaciones de la versi\u00f3n Poly, pero en un formato m\u00e1s ligero, combinando comodidad y rendimiento en cada golpe.<\/p>\n<p>Fabricada con <strong>Polietileno blando<\/strong> <strong>de alta absorci\u00f3n<\/strong> inside <strong>Fibertech<\/strong> en la superficie, ofrece un tacto suave y confortable sin sacrificar control ni precisi\u00f3n. Los marcos vienen reforzados con una capa de <strong>Carbono,<\/strong> garantizando durabilidad y manteniendo el tacto blando que protege tu codo.<\/p>\n<p>En esta temporada, la distribuci\u00f3n estrat\u00e9gica de agujeros mantiene un amplio punto dulce y optimiza la tecnolog\u00eda <strong>Shock Absorption<\/strong>, aumentando la manejabilidad y haciendo que jugar sea a\u00fan m\u00e1s c\u00f3modo. La pala conserva su<strong> forma de l\u00e1grima y balance bajo<\/strong>, dise\u00f1ados para minimizar la exposici\u00f3n del codo a vibraciones, y sus acabados en relieve potencian el efecto y control de tus golpes.<\/p>\n<p>Si eres un jugador que ha sufrido epicondilitis o simplemente<strong> quieres disfrutar del p\u00e1del sin molestias<\/strong>, \u00a1la 36 Aniversario Light 2026 es la pala ideal para ti!<\/p>\n<p>Disponible en un <strong>rango de pesos entre 350 y 365 gramos<\/strong>, cada pala se pesa individualmente en Royal Padel para que elijas el peso perfecto, ofreciendo las mismas prestaciones que la versi\u00f3n Poly en un formato m\u00e1s ligero.<\/span><\/p>","protected":false},"featured_media":7492,"template":"","meta":{"_acf_changed":false,"om_disable_all_campaigns":false,"inline_featured_image":false},"product_brand":[],"product_cat":[105,81,40,104],"product_tag":[44],"class_list":{"0":"post-7487","1":"product","2":"type-product","3":"status-publish","4":"has-post-thumbnail","6":"product_cat-royal-padel-mas-vendidas","7":"product_cat-aniversario","8":"product_cat-palas","9":"product_cat-pro-series","10":"product_tag-competicion","11":"pa_peso-57","12":"pa_peso-58","13":"pa_peso-59","14":"pa_peso-51","15":"pa_peso-52","16":"pa_peso-53","17":"pa_peso-54","18":"pa_peso-55","19":"pa_peso-56","20":"pa_peso-64","22":"first","23":"instock","24":"taxable","25":"shipping-taxable","26":"purchasable","27":"product-type-variable"},"acf":[],"yoast_head":"<!-- This site is optimized with the Yoast SEO plugin v27.4 - https:\/\/yoast.com\/product\/yoast-seo-wordpress\/ -->\n<title>Royal Padel 36 Aniversario Light<\/title>\n<meta name=\"description\" content=\"La Royal Padel 36 Aniversario Light es una pala vers\u00e1til perfecta para jugadoras que sufren &quot;Codo de tenista&quot; que mezcla control y potencia.\" \/>\n<meta name=\"robots\" content=\"index, follow, max-snippet:-1, max-image-preview:large, max-video-preview:-1\" \/>\n<link rel=\"canonical\" href=\"https:\/\/royalpadel.com\/en\/product\/royal-padel-36-aniversario-light\/\" \/>\n<meta property=\"og:locale\" content=\"en_GB\" \/>\n<meta property=\"og:type\" content=\"article\" \/>\n<meta property=\"og:title\" content=\"Royal Padel 36 Aniversario Light\" \/>\n<meta property=\"og:description\" content=\"La Royal Padel 36 Aniversario Light es una pala vers\u00e1til perfecta para jugadoras que sufren &quot;Codo de tenista&quot; que mezcla control y potencia.\" \/>\n<meta property=\"og:url\" content=\"https:\/\/royalpadel.com\/en\/product\/royal-padel-36-aniversario-light\/\" \/>\n<meta property=\"og:site_name\" content=\"Royal Padel\" \/>\n<meta property=\"article:modified_time\" content=\"2025-11-17T13:00:44+00:00\" \/>\n<meta property=\"og:image\" content=\"https:\/\/royalpadel.com\/wp-content\/uploads\/2025\/11\/FE73310010_1-copia-1024x1024.png\" \/>\n\t<meta property=\"og:image:width\" content=\"1024\" \/>\n\t<meta property=\"og:image:height\" content=\"1024\" \/>\n\t<meta property=\"og:image:type\" content=\"image\/png\" \/>\n<meta name=\"twitter:card\" content=\"summary_large_image\" \/>\n<meta name=\"twitter:label1\" content=\"Estimated reading time\" \/>\n\t<meta name=\"twitter:data1\" content=\"2 minutes\" \/>\n<script type=\"application\/ld+json\" class=\"yoast-schema-graph\">{\"@context\":\"https:\\\/\\\/schema.org\",\"@graph\":[{\"@type\":\"WebPage\",\"@id\":\"https:\\\/\\\/royalpadel.com\\\/product\\\/royal-padel-36-aniversario-light\\\/\",\"url\":\"https:\\\/\\\/royalpadel.com\\\/product\\\/royal-padel-36-aniversario-light\\\/\",\"name\":\"Royal Padel 36 Aniversario Light\",\"isPartOf\":{\"@id\":\"https:\\\/\\\/royalpadel.com\\\/#website\"},\"primaryImageOfPage\":{\"@id\":\"https:\\\/\\\/royalpadel.com\\\/product\\\/royal-padel-36-aniversario-light\\\/#primaryimage\"},\"image\":{\"@id\":\"https:\\\/\\\/royalpadel.com\\\/product\\\/royal-padel-36-aniversario-light\\\/#primaryimage\"},\"thumbnailUrl\":\"https:\\\/\\\/royalpadel.com\\\/wp-content\\\/uploads\\\/2025\\\/11\\\/FE73310010_1-copia.png\",\"datePublished\":\"2025-11-11T16:31:28+00:00\",\"dateModified\":\"2025-11-17T13:00:44+00:00\",\"description\":\"La Royal Padel 36 Aniversario Light es una pala vers\u00e1til perfecta para jugadoras que sufren \\\"Codo de tenista\\\" que mezcla control y potencia.\",\"breadcrumb\":{\"@id\":\"https:\\\/\\\/royalpadel.com\\\/product\\\/royal-padel-36-aniversario-light\\\/#breadcrumb\"},\"inLanguage\":\"en-GB\",\"potentialAction\":[{\"@type\":\"ReadAction\",\"target\":[\"https:\\\/\\\/royalpadel.com\\\/product\\\/royal-padel-36-aniversario-light\\\/\"]}]},{\"@type\":\"ImageObject\",\"inLanguage\":\"en-GB\",\"@id\":\"https:\\\/\\\/royalpadel.com\\\/product\\\/royal-padel-36-aniversario-light\\\/#primaryimage\",\"url\":\"https:\\\/\\\/royalpadel.com\\\/wp-content\\\/uploads\\\/2025\\\/11\\\/FE73310010_1-copia.png\",\"contentUrl\":\"https:\\\/\\\/royalpadel.com\\\/wp-content\\\/uploads\\\/2025\\\/11\\\/FE73310010_1-copia.png\",\"width\":2500,\"height\":2500,\"caption\":\"36 Aniversario Light\"},{\"@type\":\"BreadcrumbList\",\"@id\":\"https:\\\/\\\/royalpadel.com\\\/product\\\/royal-padel-36-aniversario-light\\\/#breadcrumb\",\"itemListElement\":[{\"@type\":\"ListItem\",\"position\":1,\"name\":\"Home\",\"item\":\"https:\\\/\\\/royalpadel.com\\\/\"},{\"@type\":\"ListItem\",\"position\":2,\"name\":\"Shop\",\"item\":\"https:\\\/\\\/royalpadelcom-9l0c621n31.live-website.com\\\/shop\\\/\"},{\"@type\":\"ListItem\",\"position\":3,\"name\":\"Royal Padel 36 Aniversario Light\"}]},{\"@type\":\"WebSite\",\"@id\":\"https:\\\/\\\/royalpadel.com\\\/#website\",\"url\":\"https:\\\/\\\/royalpadel.com\\\/\",\"name\":\"Royal Padel\",\"description\":\"We Are Royal Padel\",\"potentialAction\":[{\"@type\":\"SearchAction\",\"target\":{\"@type\":\"EntryPoint\",\"urlTemplate\":\"https:\\\/\\\/royalpadel.com\\\/?s={search_term_string}\"},\"query-input\":{\"@type\":\"PropertyValueSpecification\",\"valueRequired\":true,\"valueName\":\"search_term_string\"}}],\"inLanguage\":\"en-GB\"}]}<\/script>\n<!-- \/ Yoast SEO plugin. -->","yoast_head_json":{"title":"Royal Padel 36 Aniversario Light","description":"La Royal Padel 36 Aniversario Light es una pala vers\u00e1til perfecta para jugadoras que sufren \"Codo de tenista\" que mezcla control y potencia.","robots":{"index":"index","follow":"follow","max-snippet":"max-snippet:-1","max-image-preview":"max-image-preview:large","max-video-preview":"max-video-preview:-1"},"canonical":"https:\/\/royalpadel.com\/en\/product\/royal-padel-36-aniversario-light\/","og_locale":"en_GB","og_type":"article","og_title":"Royal Padel 36 Aniversario Light","og_description":"La Royal Padel 36 Aniversario Light es una pala vers\u00e1til perfecta para jugadoras que sufren \"Codo de tenista\" que mezcla control y potencia.","og_url":"https:\/\/royalpadel.com\/en\/product\/royal-padel-36-aniversario-light\/","og_site_name":"Royal Padel","article_modified_time":"2025-11-17T13:00:44+00:00","og_image":[{"width":1024,"height":1024,"url":"https:\/\/royalpadel.com\/wp-content\/uploads\/2025\/11\/FE73310010_1-copia-1024x1024.png","type":"image\/png"}],"twitter_card":"summary_large_image","twitter_misc":{"Estimated reading time":"2 minutes"},"schema":{"@context":"https:\/\/schema.org","@graph":[{"@type":"WebPage","@id":"https:\/\/royalpadel.com\/product\/royal-padel-36-aniversario-light\/","url":"https:\/\/royalpadel.com\/product\/royal-padel-36-aniversario-light\/","name":"Royal Padel 36 Aniversario Light","isPartOf":{"@id":"https:\/\/royalpadel.com\/#website"},"primaryImageOfPage":{"@id":"https:\/\/royalpadel.com\/product\/royal-padel-36-aniversario-light\/#primaryimage"},"image":{"@id":"https:\/\/royalpadel.com\/product\/royal-padel-36-aniversario-light\/#primaryimage"},"thumbnailUrl":"https:\/\/royalpadel.com\/wp-content\/uploads\/2025\/11\/FE73310010_1-copia.png","datePublished":"2025-11-11T16:31:28+00:00","dateModified":"2025-11-17T13:00:44+00:00","description":"La Royal Padel 36 Aniversario Light es una pala vers\u00e1til perfecta para jugadoras que sufren \"Codo de tenista\" que mezcla control y potencia.","breadcrumb":{"@id":"https:\/\/royalpadel.com\/product\/royal-padel-36-aniversario-light\/#breadcrumb"},"inLanguage":"en-GB","potentialAction":[{"@type":"ReadAction","target":["https:\/\/royalpadel.com\/product\/royal-padel-36-aniversario-light\/"]}]},{"@type":"ImageObject","inLanguage":"en-GB","@id":"https:\/\/royalpadel.com\/product\/royal-padel-36-aniversario-light\/#primaryimage","url":"https:\/\/royalpadel.com\/wp-content\/uploads\/2025\/11\/FE73310010_1-copia.png","contentUrl":"https:\/\/royalpadel.com\/wp-content\/uploads\/2025\/11\/FE73310010_1-copia.png","width":2500,"height":2500,"caption":"36 Aniversario Light"},{"@type":"BreadcrumbList","@id":"https:\/\/royalpadel.com\/product\/royal-padel-36-aniversario-light\/#breadcrumb","itemListElement":[{"@type":"ListItem","position":1,"name":"Home","item":"https:\/\/royalpadel.com\/"},{"@type":"ListItem","position":2,"name":"Shop","item":"https:\/\/royalpadelcom-9l0c621n31.live-website.com\/shop\/"},{"@type":"ListItem","position":3,"name":"Royal Padel 36 Aniversario Light"}]},{"@type":"WebSite","@id":"https:\/\/royalpadel.com\/#website","url":"https:\/\/royalpadel.com\/","name":"Royal Padel","description":"We Are Royal Padel","potentialAction":[{"@type":"SearchAction","target":{"@type":"EntryPoint","urlTemplate":"https:\/\/royalpadel.com\/?s={search_term_string}"},"query-input":{"@type":"PropertyValueSpecification","valueRequired":true,"valueName":"search_term_string"}}],"inLanguage":"en-GB"}]}},"_links":{"self":[{"href":"https:\/\/royalpadel.com\/en\/wp-json\/wp\/v2\/product\/7487","targetHints":{"allow":["GET"]}}],"collection":[{"href":"https:\/\/royalpadel.com\/en\/wp-json\/wp\/v2\/product"}],"about":[{"href":"https:\/\/royalpadel.com\/en\/wp-json\/wp\/v2\/types\/product"}],"wp:featuredmedia":[{"embeddable":true,"href":"https:\/\/royalpadel.com\/en\/wp-json\/wp\/v2\/media\/7492"}],"wp:attachment":[{"href":"https:\/\/royalpadel.com\/en\/wp-json\/wp\/v2\/media?parent=7487"}],"wp:term":[{"taxonomy":"product_brand","embeddable":true,"href":"https:\/\/royalpadel.com\/en\/wp-json\/wp\/v2\/product_brand?post=7487"},{"taxonomy":"product_cat","embeddable":true,"href":"https:\/\/royalpadel.com\/en\/wp-json\/wp\/v2\/product_cat?post=7487"},{"taxonomy":"product_tag","embeddable":true,"href":"https:\/\/royalpadel.com\/en\/wp-json\/wp\/v2\/product_tag?post=7487"}],"curies":[{"name":"wp","href":"https:\/\/api.w.org\/{rel}","templated":true}]}}