{"id":7499,"date":"2025-11-11T17:19:05","date_gmt":"2025-11-11T17:19:05","guid":{"rendered":"https:\/\/royalpadel.com\/?post_type=product&#038;p=7499"},"modified":"2025-11-17T13:00:33","modified_gmt":"2025-11-17T13:00:33","slug":"royal-padel-r30-golden-white","status":"publish","type":"product","link":"https:\/\/royalpadel.com\/en\/product\/royal-padel-r30-golden-white\/","title":{"rendered":"Royal Padel R30 Golden White 2026"},"content":{"rendered":"<p><span data-sheets-root=\"1\">Descubre la<strong> Royal Padel Golden White 2026<\/strong>, la \u00faltima incorporaci\u00f3n a nuestra colecci\u00f3n de palas. <strong>Especialmente dise\u00f1ada para jugadores que buscan una pala de diamante<\/strong> sin renunciar a la <strong>suavidad y el control del Polietileno caracter\u00edstico de Royal Padel.<\/strong><\/span><\/p>\n<p>Este modelo mantiene su forma de <strong>diamante oversize<\/strong> con <strong>balance alto<\/strong>, combinando un n\u00facleo de Polietileno blando con <strong>marcos reforzados en Carbono y superficie rugosa.<\/strong> Muchos jugadores valoran las palas de diamante por su rendimiento en el juego a\u00e9reo, pero extra\u00f1an la suavidad del polietileno. <strong>La Golden White 2026 ofrece lo mejor de ambos mundos: precisi\u00f3n, control y potencia.<\/strong><\/p>\n<p>Si eres de los jugadores que buscan control, tacto suave y facilidad en los golpes a\u00e9reos, pero no quieren renunciar a la potencia de un balance elevado, la Royal Padel Golden White 2026 es tu pala ideal. \u00a1Lleva tu juego al siguiente nivel con esta combinaci\u00f3n perfecta!<\/p>\n<p>Fabricada en un <strong>rango de pesos entre 360 y 380 gramos<\/strong>, cada pala se pesa individualmente en Royal Padel para que puedas seleccionar el peso m\u00e1s adecuado para tu estilo de juego.<\/p>","protected":false},"excerpt":{"rendered":"<p><span data-sheets-root=\"1\">Descubre la<strong> Royal Padel Golden White 2026<\/strong>, la \u00faltima incorporaci\u00f3n a nuestra colecci\u00f3n de palas. <strong>Especialmente dise\u00f1ada para jugadores que buscan una pala de diamante<\/strong> sin renunciar a la <strong>suavidad y el control del Polietileno caracter\u00edstico de Royal Padel.<\/strong><\/span><\/p>\n<p>Este modelo mantiene su forma de <strong>diamante oversize<\/strong> con <strong>balance alto<\/strong>, combinando un n\u00facleo de Polietileno blando con <strong>marcos reforzados en Carbono y superficie rugosa.<\/strong> Muchos jugadores valoran las palas de diamante por su rendimiento en el juego a\u00e9reo, pero extra\u00f1an la suavidad del polietileno. <strong>La Golden White 2026 ofrece lo mejor de ambos mundos: precisi\u00f3n, control y potencia.<\/strong><\/p>\n<p>Si eres de los jugadores que buscan control, tacto suave y facilidad en los golpes a\u00e9reos, pero no quieren renunciar a la potencia de un balance elevado, la Royal Padel Golden White 2026 es tu pala ideal. \u00a1Lleva tu juego al siguiente nivel con esta combinaci\u00f3n perfecta!<\/p>\n<p>Fabricada en un <strong>rango de pesos entre 360 y 380 gramos<\/strong>, cada pala se pesa individualmente en Royal Padel para que puedas seleccionar el peso m\u00e1s adecuado para tu estilo de juego.<\/p>","protected":false},"featured_media":7505,"template":"","meta":{"_acf_changed":false,"om_disable_all_campaigns":false,"inline_featured_image":false},"product_brand":[],"product_cat":[105,40,104,106],"product_tag":[],"class_list":{"0":"post-7499","1":"product","2":"type-product","3":"status-publish","4":"has-post-thumbnail","6":"product_cat-royal-padel-mas-vendidas","7":"product_cat-palas","8":"product_cat-pro-series","9":"product_cat-productos-populares","10":"pa_peso-59","11":"pa_peso-51","12":"pa_peso-52","13":"pa_peso-53","14":"pa_peso-54","16":"first","17":"instock","18":"taxable","19":"shipping-taxable","20":"purchasable","21":"product-type-variable"},"acf":[],"yoast_head":"<!-- This site is optimized with the Yoast SEO plugin v27.4 - https:\/\/yoast.com\/product\/yoast-seo-wordpress\/ -->\n<title>Royal Padel R30 Golden White<\/title>\n<meta name=\"description\" content=\"La Royal P\u00e1del R30 Golden White combina las caracter\u00edsticas de una pala suave y c\u00f3moda con la form y el balance de una pala de ataque.\" \/>\n<meta name=\"robots\" content=\"index, follow, max-snippet:-1, max-image-preview:large, max-video-preview:-1\" \/>\n<link rel=\"canonical\" href=\"https:\/\/royalpadel.com\/en\/product\/royal-padel-r30-golden-white\/\" \/>\n<meta property=\"og:locale\" content=\"en_GB\" \/>\n<meta property=\"og:type\" content=\"article\" \/>\n<meta property=\"og:title\" content=\"Royal Padel R30 Golden White\" \/>\n<meta property=\"og:description\" content=\"La Royal P\u00e1del R30 Golden White combina las caracter\u00edsticas de una pala suave y c\u00f3moda con la form y el balance de una pala de ataque.\" \/>\n<meta property=\"og:url\" content=\"https:\/\/royalpadel.com\/en\/product\/royal-padel-r30-golden-white\/\" \/>\n<meta property=\"og:site_name\" content=\"Royal Padel\" \/>\n<meta property=\"article:modified_time\" content=\"2025-11-17T13:00:33+00:00\" \/>\n<meta property=\"og:image\" content=\"https:\/\/royalpadel.com\/wp-content\/uploads\/2025\/11\/FE73310006_1.jpg\" \/>\n\t<meta property=\"og:image:width\" content=\"2500\" \/>\n\t<meta property=\"og:image:height\" content=\"2500\" \/>\n\t<meta property=\"og:image:type\" content=\"image\/jpeg\" \/>\n<meta name=\"twitter:card\" content=\"summary_large_image\" \/>\n<meta name=\"twitter:label1\" content=\"Estimated reading time\" \/>\n\t<meta name=\"twitter:data1\" content=\"2 minutes\" \/>\n<script type=\"application\/ld+json\" class=\"yoast-schema-graph\">{\"@context\":\"https:\\\/\\\/schema.org\",\"@graph\":[{\"@type\":\"WebPage\",\"@id\":\"https:\\\/\\\/royalpadel.com\\\/product\\\/royal-padel-r30-golden-white\\\/\",\"url\":\"https:\\\/\\\/royalpadel.com\\\/product\\\/royal-padel-r30-golden-white\\\/\",\"name\":\"Royal Padel R30 Golden White\",\"isPartOf\":{\"@id\":\"https:\\\/\\\/royalpadel.com\\\/#website\"},\"primaryImageOfPage\":{\"@id\":\"https:\\\/\\\/royalpadel.com\\\/product\\\/royal-padel-r30-golden-white\\\/#primaryimage\"},\"image\":{\"@id\":\"https:\\\/\\\/royalpadel.com\\\/product\\\/royal-padel-r30-golden-white\\\/#primaryimage\"},\"thumbnailUrl\":\"https:\\\/\\\/royalpadel.com\\\/wp-content\\\/uploads\\\/2025\\\/11\\\/FE73310006_1.jpg\",\"datePublished\":\"2025-11-11T17:19:05+00:00\",\"dateModified\":\"2025-11-17T13:00:33+00:00\",\"description\":\"La Royal P\u00e1del R30 Golden White combina las caracter\u00edsticas de una pala suave y c\u00f3moda con la form y el balance de una pala de ataque.\",\"breadcrumb\":{\"@id\":\"https:\\\/\\\/royalpadel.com\\\/product\\\/royal-padel-r30-golden-white\\\/#breadcrumb\"},\"inLanguage\":\"en-GB\",\"potentialAction\":[{\"@type\":\"ReadAction\",\"target\":[\"https:\\\/\\\/royalpadel.com\\\/product\\\/royal-padel-r30-golden-white\\\/\"]}]},{\"@type\":\"ImageObject\",\"inLanguage\":\"en-GB\",\"@id\":\"https:\\\/\\\/royalpadel.com\\\/product\\\/royal-padel-r30-golden-white\\\/#primaryimage\",\"url\":\"https:\\\/\\\/royalpadel.com\\\/wp-content\\\/uploads\\\/2025\\\/11\\\/FE73310006_1.jpg\",\"contentUrl\":\"https:\\\/\\\/royalpadel.com\\\/wp-content\\\/uploads\\\/2025\\\/11\\\/FE73310006_1.jpg\",\"width\":2500,\"height\":2500,\"caption\":\"R30 Golden White\"},{\"@type\":\"BreadcrumbList\",\"@id\":\"https:\\\/\\\/royalpadel.com\\\/product\\\/royal-padel-r30-golden-white\\\/#breadcrumb\",\"itemListElement\":[{\"@type\":\"ListItem\",\"position\":1,\"name\":\"Home\",\"item\":\"https:\\\/\\\/royalpadel.com\\\/\"},{\"@type\":\"ListItem\",\"position\":2,\"name\":\"Shop\",\"item\":\"https:\\\/\\\/royalpadelcom-9l0c621n31.live-website.com\\\/shop\\\/\"},{\"@type\":\"ListItem\",\"position\":3,\"name\":\"Royal Padel R30 Golden White 2026\"}]},{\"@type\":\"WebSite\",\"@id\":\"https:\\\/\\\/royalpadel.com\\\/#website\",\"url\":\"https:\\\/\\\/royalpadel.com\\\/\",\"name\":\"Royal Padel\",\"description\":\"We Are Royal Padel\",\"potentialAction\":[{\"@type\":\"SearchAction\",\"target\":{\"@type\":\"EntryPoint\",\"urlTemplate\":\"https:\\\/\\\/royalpadel.com\\\/?s={search_term_string}\"},\"query-input\":{\"@type\":\"PropertyValueSpecification\",\"valueRequired\":true,\"valueName\":\"search_term_string\"}}],\"inLanguage\":\"en-GB\"}]}<\/script>\n<!-- \/ Yoast SEO plugin. -->","yoast_head_json":{"title":"Royal Padel R30 Golden White","description":"La Royal P\u00e1del R30 Golden White combina las caracter\u00edsticas de una pala suave y c\u00f3moda con la form y el balance de una pala de ataque.","robots":{"index":"index","follow":"follow","max-snippet":"max-snippet:-1","max-image-preview":"max-image-preview:large","max-video-preview":"max-video-preview:-1"},"canonical":"https:\/\/royalpadel.com\/en\/product\/royal-padel-r30-golden-white\/","og_locale":"en_GB","og_type":"article","og_title":"Royal Padel R30 Golden White","og_description":"La Royal P\u00e1del R30 Golden White combina las caracter\u00edsticas de una pala suave y c\u00f3moda con la form y el balance de una pala de ataque.","og_url":"https:\/\/royalpadel.com\/en\/product\/royal-padel-r30-golden-white\/","og_site_name":"Royal Padel","article_modified_time":"2025-11-17T13:00:33+00:00","og_image":[{"width":2500,"height":2500,"url":"https:\/\/royalpadel.com\/wp-content\/uploads\/2025\/11\/FE73310006_1.jpg","type":"image\/jpeg"}],"twitter_card":"summary_large_image","twitter_misc":{"Estimated reading time":"2 minutes"},"schema":{"@context":"https:\/\/schema.org","@graph":[{"@type":"WebPage","@id":"https:\/\/royalpadel.com\/product\/royal-padel-r30-golden-white\/","url":"https:\/\/royalpadel.com\/product\/royal-padel-r30-golden-white\/","name":"Royal Padel R30 Golden White","isPartOf":{"@id":"https:\/\/royalpadel.com\/#website"},"primaryImageOfPage":{"@id":"https:\/\/royalpadel.com\/product\/royal-padel-r30-golden-white\/#primaryimage"},"image":{"@id":"https:\/\/royalpadel.com\/product\/royal-padel-r30-golden-white\/#primaryimage"},"thumbnailUrl":"https:\/\/royalpadel.com\/wp-content\/uploads\/2025\/11\/FE73310006_1.jpg","datePublished":"2025-11-11T17:19:05+00:00","dateModified":"2025-11-17T13:00:33+00:00","description":"La Royal P\u00e1del R30 Golden White combina las caracter\u00edsticas de una pala suave y c\u00f3moda con la form y el balance de una pala de ataque.","breadcrumb":{"@id":"https:\/\/royalpadel.com\/product\/royal-padel-r30-golden-white\/#breadcrumb"},"inLanguage":"en-GB","potentialAction":[{"@type":"ReadAction","target":["https:\/\/royalpadel.com\/product\/royal-padel-r30-golden-white\/"]}]},{"@type":"ImageObject","inLanguage":"en-GB","@id":"https:\/\/royalpadel.com\/product\/royal-padel-r30-golden-white\/#primaryimage","url":"https:\/\/royalpadel.com\/wp-content\/uploads\/2025\/11\/FE73310006_1.jpg","contentUrl":"https:\/\/royalpadel.com\/wp-content\/uploads\/2025\/11\/FE73310006_1.jpg","width":2500,"height":2500,"caption":"R30 Golden White"},{"@type":"BreadcrumbList","@id":"https:\/\/royalpadel.com\/product\/royal-padel-r30-golden-white\/#breadcrumb","itemListElement":[{"@type":"ListItem","position":1,"name":"Home","item":"https:\/\/royalpadel.com\/"},{"@type":"ListItem","position":2,"name":"Shop","item":"https:\/\/royalpadelcom-9l0c621n31.live-website.com\/shop\/"},{"@type":"ListItem","position":3,"name":"Royal Padel R30 Golden White 2026"}]},{"@type":"WebSite","@id":"https:\/\/royalpadel.com\/#website","url":"https:\/\/royalpadel.com\/","name":"Royal Padel","description":"We Are Royal Padel","potentialAction":[{"@type":"SearchAction","target":{"@type":"EntryPoint","urlTemplate":"https:\/\/royalpadel.com\/?s={search_term_string}"},"query-input":{"@type":"PropertyValueSpecification","valueRequired":true,"valueName":"search_term_string"}}],"inLanguage":"en-GB"}]}},"_links":{"self":[{"href":"https:\/\/royalpadel.com\/en\/wp-json\/wp\/v2\/product\/7499","targetHints":{"allow":["GET"]}}],"collection":[{"href":"https:\/\/royalpadel.com\/en\/wp-json\/wp\/v2\/product"}],"about":[{"href":"https:\/\/royalpadel.com\/en\/wp-json\/wp\/v2\/types\/product"}],"wp:featuredmedia":[{"embeddable":true,"href":"https:\/\/royalpadel.com\/en\/wp-json\/wp\/v2\/media\/7505"}],"wp:attachment":[{"href":"https:\/\/royalpadel.com\/en\/wp-json\/wp\/v2\/media?parent=7499"}],"wp:term":[{"taxonomy":"product_brand","embeddable":true,"href":"https:\/\/royalpadel.com\/en\/wp-json\/wp\/v2\/product_brand?post=7499"},{"taxonomy":"product_cat","embeddable":true,"href":"https:\/\/royalpadel.com\/en\/wp-json\/wp\/v2\/product_cat?post=7499"},{"taxonomy":"product_tag","embeddable":true,"href":"https:\/\/royalpadel.com\/en\/wp-json\/wp\/v2\/product_tag?post=7499"}],"curies":[{"name":"wp","href":"https:\/\/api.w.org\/{rel}","templated":true}]}}