{"id":7537,"date":"2025-11-12T08:35:44","date_gmt":"2025-11-12T08:35:44","guid":{"rendered":"https:\/\/royalpadel.com\/?post_type=product&#038;p=7537"},"modified":"2026-02-16T12:46:55","modified_gmt":"2026-02-16T12:46:55","slug":"rp-whip-extreme-2026","status":"publish","type":"product","link":"https:\/\/royalpadel.com\/en\/product\/rp-whip-extreme-2026\/","title":{"rendered":"RP Whip Extreme 2026"},"content":{"rendered":"<p><span data-sheets-root=\"1\">La <strong>Whip Extreme 2026 vuelve renovada para seguir siendo una de las palas m\u00e1s queridas por la comunidad<\/strong> Royal Padel. Este modelo se consolida como una <strong>pala vers\u00e1til, c\u00f3moda y equilibrada,<\/strong> capaz de adaptarse a una amplia variedad de estilos y niveles de juego.<\/p>\n<p>Fabricada con <strong>n\u00facleo de Polietileno de alta recuperaci\u00f3n y caras en fibra de vidrio aluminizada,<\/strong> la Whip Extreme 2026 ofrece una sensaci\u00f3n de golpeo el\u00e1stica y controlada, perfecta para quienes buscan confort sin renunciar al rendimiento. Su marco reforzado en carbono mejora la rigidez estructural y la durabilidad, mientras que la incorporaci\u00f3n del sistema<strong> Shock Absorption<\/strong> y el doble parante entre pala y mango reducen las vibraciones para proteger el codo y mejorar la estabilidad en el golpe.<\/p>\n<p>Para esta nueva temporada, hemos optimizado el dise\u00f1o con una disposici\u00f3n actualizada de agujeros, que<strong> ampl\u00eda el punto dulce y aumenta la manejabilidad de la pala,<\/strong> haciendo m\u00e1s natural y fluido el movimiento en cada golpe. Adem\u00e1s, mantenemos la<strong> DMND Spin Rough<\/strong>, una superficie en relieve con textura de diamante que potencia los efectos y proporciona un contacto m\u00e1s preciso con la bola.<\/p>\n<p>Con su forma redonda y balance medio, la Whip Extreme 2026 ofrece un e<strong>quilibrio perfecto entre control, potencia y comodidad.<\/strong> Si buscas una pala antiepicondilitis, con un tacto c\u00f3modo y prestaciones equilibradas entre defensa y ataque, la Whip Extreme 2026 es tu compa\u00f1era ideal en la pista.<\/p>\n<p>Fabricamos esta pala en un <strong>rango de pesos comprendido entre 360 y 380 gramos,<\/strong> y como siempre, en Royal Padel pesamos una a una todas nuestras palas para que elijas el peso m\u00e1s adecuado para ti.<\/span><\/p>","protected":false},"excerpt":{"rendered":"<p><span data-sheets-root=\"1\">La <strong>Whip Extreme 2026 vuelve renovada para seguir siendo una de las palas m\u00e1s queridas por la comunidad<\/strong> Royal Padel. Este modelo se consolida como una <strong>pala vers\u00e1til, c\u00f3moda y equilibrada,<\/strong> capaz de adaptarse a una amplia variedad de estilos y niveles de juego.<\/p>\n<p>Fabricada con <strong>n\u00facleo de Polietileno de alta recuperaci\u00f3n y caras en fibra de vidrio aluminizada,<\/strong> la Whip Extreme 2026 ofrece una sensaci\u00f3n de golpeo el\u00e1stica y controlada, perfecta para quienes buscan confort sin renunciar al rendimiento. Su marco reforzado en carbono mejora la rigidez estructural y la durabilidad, mientras que la incorporaci\u00f3n del sistema<strong> Shock Absorption<\/strong> y el doble parante entre pala y mango reducen las vibraciones para proteger el codo y mejorar la estabilidad en el golpe.<\/p>\n<p>Para esta nueva temporada, hemos optimizado el dise\u00f1o con una disposici\u00f3n actualizada de agujeros, que<strong> ampl\u00eda el punto dulce y aumenta la manejabilidad de la pala,<\/strong> haciendo m\u00e1s natural y fluido el movimiento en cada golpe. Adem\u00e1s, mantenemos la<strong> DMND Spin Rough<\/strong>, una superficie en relieve con textura de diamante que potencia los efectos y proporciona un contacto m\u00e1s preciso con la bola.<\/p>\n<p>Con su forma redonda y balance medio, la Whip Extreme 2026 ofrece un e<strong>quilibrio perfecto entre control, potencia y comodidad.<\/strong> Si buscas una pala antiepicondilitis, con un tacto c\u00f3modo y prestaciones equilibradas entre defensa y ataque, la Whip Extreme 2026 es tu compa\u00f1era ideal en la pista.<\/p>\n<p>Fabricamos esta pala en un <strong>rango de pesos comprendido entre 360 y 380 gramos,<\/strong> y como siempre, en Royal Padel pesamos una a una todas nuestras palas para que elijas el peso m\u00e1s adecuado para ti.<\/span><\/p>","protected":false},"featured_media":7543,"template":"","meta":{"_acf_changed":false,"om_disable_all_campaigns":false,"inline_featured_image":false},"product_brand":[],"product_cat":[43,40],"product_tag":[44],"class_list":{"0":"post-7537","1":"product","2":"type-product","3":"status-publish","4":"has-post-thumbnail","6":"product_cat-competicion","7":"product_cat-palas","8":"product_tag-competicion","9":"pa_peso-59","10":"pa_peso-51","11":"pa_peso-52","12":"pa_peso-53","13":"pa_peso-54","14":"pa_peso-55","16":"first","17":"instock","18":"taxable","19":"shipping-taxable","20":"purchasable","21":"product-type-variable"},"acf":[],"yoast_head":"<!-- This site is optimized with the Yoast SEO plugin v27.4 - https:\/\/yoast.com\/product\/yoast-seo-wordpress\/ -->\n<title>RP Whip Extreme 2026<\/title>\n<meta name=\"description\" content=\"La Royal Padel Whip Extreme 2026 es una pala antiepicondilitis con un tacto c\u00f3modo y con prestaciones orientadas al ataque.\" \/>\n<meta name=\"robots\" content=\"index, follow, max-snippet:-1, max-image-preview:large, max-video-preview:-1\" \/>\n<link rel=\"canonical\" href=\"https:\/\/royalpadel.com\/en\/product\/rp-whip-extreme-2026\/\" \/>\n<meta property=\"og:locale\" content=\"en_GB\" \/>\n<meta property=\"og:type\" content=\"article\" \/>\n<meta property=\"og:title\" content=\"RP Whip Extreme 2026\" \/>\n<meta property=\"og:description\" content=\"La Royal Padel Whip Extreme 2026 es una pala antiepicondilitis con un tacto c\u00f3modo y con prestaciones orientadas al ataque.\" \/>\n<meta property=\"og:url\" content=\"https:\/\/royalpadel.com\/en\/product\/rp-whip-extreme-2026\/\" \/>\n<meta property=\"og:site_name\" content=\"Royal Padel\" \/>\n<meta property=\"article:modified_time\" content=\"2026-02-16T12:46:55+00:00\" \/>\n<meta property=\"og:image\" content=\"https:\/\/royalpadel.com\/wp-content\/uploads\/2025\/11\/FE73310011_11.jpg\" \/>\n\t<meta property=\"og:image:width\" content=\"2500\" \/>\n\t<meta property=\"og:image:height\" content=\"2500\" \/>\n\t<meta property=\"og:image:type\" content=\"image\/jpeg\" \/>\n<meta name=\"twitter:card\" content=\"summary_large_image\" \/>\n<meta name=\"twitter:label1\" content=\"Estimated reading time\" \/>\n\t<meta name=\"twitter:data1\" content=\"2 minutes\" \/>\n<script type=\"application\/ld+json\" class=\"yoast-schema-graph\">{\"@context\":\"https:\\\/\\\/schema.org\",\"@graph\":[{\"@type\":\"WebPage\",\"@id\":\"https:\\\/\\\/royalpadel.com\\\/product\\\/rp-whip-extreme-2026\\\/\",\"url\":\"https:\\\/\\\/royalpadel.com\\\/product\\\/rp-whip-extreme-2026\\\/\",\"name\":\"RP Whip Extreme 2026\",\"isPartOf\":{\"@id\":\"https:\\\/\\\/royalpadel.com\\\/#website\"},\"primaryImageOfPage\":{\"@id\":\"https:\\\/\\\/royalpadel.com\\\/product\\\/rp-whip-extreme-2026\\\/#primaryimage\"},\"image\":{\"@id\":\"https:\\\/\\\/royalpadel.com\\\/product\\\/rp-whip-extreme-2026\\\/#primaryimage\"},\"thumbnailUrl\":\"https:\\\/\\\/royalpadel.com\\\/wp-content\\\/uploads\\\/2025\\\/11\\\/FE73310011_11.jpg\",\"datePublished\":\"2025-11-12T08:35:44+00:00\",\"dateModified\":\"2026-02-16T12:46:55+00:00\",\"description\":\"La Royal Padel Whip Extreme 2026 es una pala antiepicondilitis con un tacto c\u00f3modo y con prestaciones orientadas al ataque.\",\"breadcrumb\":{\"@id\":\"https:\\\/\\\/royalpadel.com\\\/product\\\/rp-whip-extreme-2026\\\/#breadcrumb\"},\"inLanguage\":\"en-GB\",\"potentialAction\":[{\"@type\":\"ReadAction\",\"target\":[\"https:\\\/\\\/royalpadel.com\\\/product\\\/rp-whip-extreme-2026\\\/\"]}]},{\"@type\":\"ImageObject\",\"inLanguage\":\"en-GB\",\"@id\":\"https:\\\/\\\/royalpadel.com\\\/product\\\/rp-whip-extreme-2026\\\/#primaryimage\",\"url\":\"https:\\\/\\\/royalpadel.com\\\/wp-content\\\/uploads\\\/2025\\\/11\\\/FE73310011_11.jpg\",\"contentUrl\":\"https:\\\/\\\/royalpadel.com\\\/wp-content\\\/uploads\\\/2025\\\/11\\\/FE73310011_11.jpg\",\"width\":2500,\"height\":2500,\"caption\":\"whip extreme 2026\"},{\"@type\":\"BreadcrumbList\",\"@id\":\"https:\\\/\\\/royalpadel.com\\\/product\\\/rp-whip-extreme-2026\\\/#breadcrumb\",\"itemListElement\":[{\"@type\":\"ListItem\",\"position\":1,\"name\":\"Home\",\"item\":\"https:\\\/\\\/royalpadel.com\\\/\"},{\"@type\":\"ListItem\",\"position\":2,\"name\":\"Shop\",\"item\":\"https:\\\/\\\/royalpadelcom-9l0c621n31.live-website.com\\\/shop\\\/\"},{\"@type\":\"ListItem\",\"position\":3,\"name\":\"RP Whip Extreme 2026\"}]},{\"@type\":\"WebSite\",\"@id\":\"https:\\\/\\\/royalpadel.com\\\/#website\",\"url\":\"https:\\\/\\\/royalpadel.com\\\/\",\"name\":\"Royal Padel\",\"description\":\"We Are Royal Padel\",\"potentialAction\":[{\"@type\":\"SearchAction\",\"target\":{\"@type\":\"EntryPoint\",\"urlTemplate\":\"https:\\\/\\\/royalpadel.com\\\/?s={search_term_string}\"},\"query-input\":{\"@type\":\"PropertyValueSpecification\",\"valueRequired\":true,\"valueName\":\"search_term_string\"}}],\"inLanguage\":\"en-GB\"}]}<\/script>\n<!-- \/ Yoast SEO plugin. -->","yoast_head_json":{"title":"RP Whip Extreme 2026","description":"La Royal Padel Whip Extreme 2026 es una pala antiepicondilitis con un tacto c\u00f3modo y con prestaciones orientadas al ataque.","robots":{"index":"index","follow":"follow","max-snippet":"max-snippet:-1","max-image-preview":"max-image-preview:large","max-video-preview":"max-video-preview:-1"},"canonical":"https:\/\/royalpadel.com\/en\/product\/rp-whip-extreme-2026\/","og_locale":"en_GB","og_type":"article","og_title":"RP Whip Extreme 2026","og_description":"La Royal Padel Whip Extreme 2026 es una pala antiepicondilitis con un tacto c\u00f3modo y con prestaciones orientadas al ataque.","og_url":"https:\/\/royalpadel.com\/en\/product\/rp-whip-extreme-2026\/","og_site_name":"Royal Padel","article_modified_time":"2026-02-16T12:46:55+00:00","og_image":[{"width":2500,"height":2500,"url":"https:\/\/royalpadel.com\/wp-content\/uploads\/2025\/11\/FE73310011_11.jpg","type":"image\/jpeg"}],"twitter_card":"summary_large_image","twitter_misc":{"Estimated reading time":"2 minutes"},"schema":{"@context":"https:\/\/schema.org","@graph":[{"@type":"WebPage","@id":"https:\/\/royalpadel.com\/product\/rp-whip-extreme-2026\/","url":"https:\/\/royalpadel.com\/product\/rp-whip-extreme-2026\/","name":"RP Whip Extreme 2026","isPartOf":{"@id":"https:\/\/royalpadel.com\/#website"},"primaryImageOfPage":{"@id":"https:\/\/royalpadel.com\/product\/rp-whip-extreme-2026\/#primaryimage"},"image":{"@id":"https:\/\/royalpadel.com\/product\/rp-whip-extreme-2026\/#primaryimage"},"thumbnailUrl":"https:\/\/royalpadel.com\/wp-content\/uploads\/2025\/11\/FE73310011_11.jpg","datePublished":"2025-11-12T08:35:44+00:00","dateModified":"2026-02-16T12:46:55+00:00","description":"La Royal Padel Whip Extreme 2026 es una pala antiepicondilitis con un tacto c\u00f3modo y con prestaciones orientadas al ataque.","breadcrumb":{"@id":"https:\/\/royalpadel.com\/product\/rp-whip-extreme-2026\/#breadcrumb"},"inLanguage":"en-GB","potentialAction":[{"@type":"ReadAction","target":["https:\/\/royalpadel.com\/product\/rp-whip-extreme-2026\/"]}]},{"@type":"ImageObject","inLanguage":"en-GB","@id":"https:\/\/royalpadel.com\/product\/rp-whip-extreme-2026\/#primaryimage","url":"https:\/\/royalpadel.com\/wp-content\/uploads\/2025\/11\/FE73310011_11.jpg","contentUrl":"https:\/\/royalpadel.com\/wp-content\/uploads\/2025\/11\/FE73310011_11.jpg","width":2500,"height":2500,"caption":"whip extreme 2026"},{"@type":"BreadcrumbList","@id":"https:\/\/royalpadel.com\/product\/rp-whip-extreme-2026\/#breadcrumb","itemListElement":[{"@type":"ListItem","position":1,"name":"Home","item":"https:\/\/royalpadel.com\/"},{"@type":"ListItem","position":2,"name":"Shop","item":"https:\/\/royalpadelcom-9l0c621n31.live-website.com\/shop\/"},{"@type":"ListItem","position":3,"name":"RP Whip Extreme 2026"}]},{"@type":"WebSite","@id":"https:\/\/royalpadel.com\/#website","url":"https:\/\/royalpadel.com\/","name":"Royal Padel","description":"We Are Royal Padel","potentialAction":[{"@type":"SearchAction","target":{"@type":"EntryPoint","urlTemplate":"https:\/\/royalpadel.com\/?s={search_term_string}"},"query-input":{"@type":"PropertyValueSpecification","valueRequired":true,"valueName":"search_term_string"}}],"inLanguage":"en-GB"}]}},"_links":{"self":[{"href":"https:\/\/royalpadel.com\/en\/wp-json\/wp\/v2\/product\/7537","targetHints":{"allow":["GET"]}}],"collection":[{"href":"https:\/\/royalpadel.com\/en\/wp-json\/wp\/v2\/product"}],"about":[{"href":"https:\/\/royalpadel.com\/en\/wp-json\/wp\/v2\/types\/product"}],"wp:featuredmedia":[{"embeddable":true,"href":"https:\/\/royalpadel.com\/en\/wp-json\/wp\/v2\/media\/7543"}],"wp:attachment":[{"href":"https:\/\/royalpadel.com\/en\/wp-json\/wp\/v2\/media?parent=7537"}],"wp:term":[{"taxonomy":"product_brand","embeddable":true,"href":"https:\/\/royalpadel.com\/en\/wp-json\/wp\/v2\/product_brand?post=7537"},{"taxonomy":"product_cat","embeddable":true,"href":"https:\/\/royalpadel.com\/en\/wp-json\/wp\/v2\/product_cat?post=7537"},{"taxonomy":"product_tag","embeddable":true,"href":"https:\/\/royalpadel.com\/en\/wp-json\/wp\/v2\/product_tag?post=7537"}],"curies":[{"name":"wp","href":"https:\/\/api.w.org\/{rel}","templated":true}]}}