{"id":7549,"date":"2025-11-12T08:46:41","date_gmt":"2025-11-12T08:46:41","guid":{"rendered":"https:\/\/royalpadel.com\/?post_type=product&#038;p=7549"},"modified":"2026-02-16T11:41:54","modified_gmt":"2026-02-16T11:41:54","slug":"royal-padel-whip-polietileno-2026","status":"publish","type":"product","link":"https:\/\/royalpadel.com\/en\/product\/royal-padel-whip-polietileno-2026\/","title":{"rendered":"Royal Padel Whip Polietileno 2026"},"content":{"rendered":"<p><span data-sheets-root=\"1\">Misma composici\u00f3n, redise\u00f1o TOTAL. La <strong>Whip Poly 2026 contin\u00faa siendo una de nuestras palas m\u00e1s ic\u00f3nicas<\/strong>, combinando control, precisi\u00f3n y comodidad en cada golpe.<\/span><\/p>\n<p>Mantiene su interior de <strong>Polietileno blando de alta recuperaci\u00f3n<\/strong> y la<strong> tecnolog\u00eda Fibertech<\/strong> en c<strong>aras y marcos, reforzados con Carbono para una durabilidad excepcional<\/strong>. Conserva su forma redonda y balance bajo, ofreciendo ese control exquisito y sensaci\u00f3n confortable que la ha hecho destacar temporada tras temporada.<\/p>\n<p>En 2026, la Whip Poly estrena un nuevo dise\u00f1o y mantiene dos novedades clave: la<strong> distribuci\u00f3n optimizada de los agujeros, que preserva un amplio punto dulce y aumenta la manejabilidad<\/strong>, y la <strong>DMND Spin Rough<\/strong>, una superficie en relieve en forma de diamante dise\u00f1ada para maximizar los efectos de tus golpes durante m\u00e1s tiempo.<\/p>\n<p>Si buscas una pala de control, c\u00f3moda y protectora del codo, ideal para <strong>prevenir epicondilitis<\/strong>, \u00a1la Whip Poly 2026 es tu mejor opci\u00f3n!<\/p>\n<p>Disponible en un <strong>rango de pesos entre 360 y 380 gramos<\/strong>, cada pala se pesa individualmente en Royal Padel para que elijas el peso perfecto. Tambi\u00e9n disponible en versi\u00f3n Light, para quienes buscan las mismas prestaciones en un formato m\u00e1s ligero.<\/p>","protected":false},"excerpt":{"rendered":"<p><span data-sheets-root=\"1\"><strong>Same composition, TOTAL redesign<\/strong>. Presentamos la versi\u00f3n 2026 de uno de nuestros modelos m\u00e1s ic\u00f3nicos, la Whip Poly 2025.<\/span><\/p>\n<p class=\"translation-block\">We continue betting on the interior composition in soft polyethylene high recovery and Fibertech technology in the faces and frames of the shovel, which are reinforced with carbon. We keep the Whip Poly 2025 with a low balance and a round shape so that it remains that racket with exquisite control and precision that characterizes it so much. For this season's model, 2 main novelties have been incorporated: First, we have redesigned the layout of the holes of the racket to maintain a wide sweet spot and increase the durability and manageability of the racket. On the other hand, we have incorporated the DMND Spin Rough, a diamond-shaped embossed surface designed to increase the effects of your shots for longer.<\/p>\n<p>If you are a player looking for <strong>a control racket that stands out for its comfort and epicondylitis prevention<\/strong>, \u00a1la Whip Poly 2026 es tu pala!<\/p>\n<p>For this season, we manufacture this racket in a range of weights between 360 and 380 grams. Remember that at Royal Padel we weigh all our rackets one by one so that you can select the most suitable weight for you. This racket has a Light version for those players who are looking for the same racket but with a lower weight.<\/p>","protected":false},"featured_media":7740,"template":"","meta":{"_acf_changed":false,"om_disable_all_campaigns":false,"inline_featured_image":false},"product_brand":[],"product_cat":[105,43,40],"product_tag":[44],"class_list":{"0":"post-7549","1":"product","2":"type-product","3":"status-publish","4":"has-post-thumbnail","6":"product_cat-royal-padel-mas-vendidas","7":"product_cat-competicion","8":"product_cat-palas","9":"product_tag-competicion","10":"pa_peso-57","11":"pa_peso-58","12":"pa_peso-59","13":"pa_peso-51","14":"pa_peso-52","15":"pa_peso-53","16":"pa_peso-54","17":"pa_peso-55","19":"first","20":"instock","21":"taxable","22":"shipping-taxable","23":"purchasable","24":"product-type-variable"},"acf":[],"yoast_head":"<!-- This site is optimized with the Yoast SEO plugin v27.4 - https:\/\/yoast.com\/product\/yoast-seo-wordpress\/ -->\n<title>Royal Padel Whip Polietileno 2026<\/title>\n<meta name=\"description\" content=\"La Royal Padel Whip Polietileno 2026 es pala 100% de control que destaca por su comodidad y por sus tecnolog\u00edas de prevenci\u00f3n antiepicondilitis.\" \/>\n<meta name=\"robots\" content=\"index, follow, max-snippet:-1, max-image-preview:large, max-video-preview:-1\" \/>\n<link rel=\"canonical\" href=\"https:\/\/royalpadel.com\/en\/product\/royal-padel-whip-polietileno-2026\/\" \/>\n<meta property=\"og:locale\" content=\"en_GB\" \/>\n<meta property=\"og:type\" content=\"article\" \/>\n<meta property=\"og:title\" content=\"Royal Padel Whip Polietileno 2026\" \/>\n<meta property=\"og:description\" content=\"La Royal Padel Whip Polietileno 2026 es pala 100% de control que destaca por su comodidad y por sus tecnolog\u00edas de prevenci\u00f3n antiepicondilitis.\" \/>\n<meta property=\"og:url\" content=\"https:\/\/royalpadel.com\/en\/product\/royal-padel-whip-polietileno-2026\/\" \/>\n<meta property=\"og:site_name\" content=\"Royal Padel\" \/>\n<meta property=\"article:modified_time\" content=\"2026-02-16T11:41:54+00:00\" \/>\n<meta property=\"og:image\" content=\"https:\/\/royalpadel.com\/wp-content\/uploads\/2025\/11\/RP-Whip-Polietileno-2026_1-1024x1024.png\" \/>\n\t<meta property=\"og:image:width\" content=\"1024\" \/>\n\t<meta property=\"og:image:height\" content=\"1024\" \/>\n\t<meta property=\"og:image:type\" content=\"image\/png\" \/>\n<meta name=\"twitter:card\" content=\"summary_large_image\" \/>\n<meta name=\"twitter:label1\" content=\"Estimated reading time\" \/>\n\t<meta name=\"twitter:data1\" content=\"2 minutes\" \/>\n<script type=\"application\/ld+json\" class=\"yoast-schema-graph\">{\"@context\":\"https:\\\/\\\/schema.org\",\"@graph\":[{\"@type\":\"WebPage\",\"@id\":\"https:\\\/\\\/royalpadel.com\\\/product\\\/royal-padel-whip-polietileno-2026\\\/\",\"url\":\"https:\\\/\\\/royalpadel.com\\\/product\\\/royal-padel-whip-polietileno-2026\\\/\",\"name\":\"Royal Padel Whip Polietileno 2026\",\"isPartOf\":{\"@id\":\"https:\\\/\\\/royalpadel.com\\\/#website\"},\"primaryImageOfPage\":{\"@id\":\"https:\\\/\\\/royalpadel.com\\\/product\\\/royal-padel-whip-polietileno-2026\\\/#primaryimage\"},\"image\":{\"@id\":\"https:\\\/\\\/royalpadel.com\\\/product\\\/royal-padel-whip-polietileno-2026\\\/#primaryimage\"},\"thumbnailUrl\":\"https:\\\/\\\/royalpadel.com\\\/wp-content\\\/uploads\\\/2025\\\/11\\\/RP-Whip-Polietileno-2026_1.png\",\"datePublished\":\"2025-11-12T08:46:41+00:00\",\"dateModified\":\"2026-02-16T11:41:54+00:00\",\"description\":\"La Royal Padel Whip Polietileno 2026 es pala 100% de control que destaca por su comodidad y por sus tecnolog\u00edas de prevenci\u00f3n antiepicondilitis.\",\"breadcrumb\":{\"@id\":\"https:\\\/\\\/royalpadel.com\\\/product\\\/royal-padel-whip-polietileno-2026\\\/#breadcrumb\"},\"inLanguage\":\"en-GB\",\"potentialAction\":[{\"@type\":\"ReadAction\",\"target\":[\"https:\\\/\\\/royalpadel.com\\\/product\\\/royal-padel-whip-polietileno-2026\\\/\"]}]},{\"@type\":\"ImageObject\",\"inLanguage\":\"en-GB\",\"@id\":\"https:\\\/\\\/royalpadel.com\\\/product\\\/royal-padel-whip-polietileno-2026\\\/#primaryimage\",\"url\":\"https:\\\/\\\/royalpadel.com\\\/wp-content\\\/uploads\\\/2025\\\/11\\\/RP-Whip-Polietileno-2026_1.png\",\"contentUrl\":\"https:\\\/\\\/royalpadel.com\\\/wp-content\\\/uploads\\\/2025\\\/11\\\/RP-Whip-Polietileno-2026_1.png\",\"width\":2500,\"height\":2500,\"caption\":\"Whip Poly\"},{\"@type\":\"BreadcrumbList\",\"@id\":\"https:\\\/\\\/royalpadel.com\\\/product\\\/royal-padel-whip-polietileno-2026\\\/#breadcrumb\",\"itemListElement\":[{\"@type\":\"ListItem\",\"position\":1,\"name\":\"Home\",\"item\":\"https:\\\/\\\/royalpadel.com\\\/\"},{\"@type\":\"ListItem\",\"position\":2,\"name\":\"Shop\",\"item\":\"https:\\\/\\\/royalpadelcom-9l0c621n31.live-website.com\\\/shop\\\/\"},{\"@type\":\"ListItem\",\"position\":3,\"name\":\"Royal Padel Whip Polietileno 2026\"}]},{\"@type\":\"WebSite\",\"@id\":\"https:\\\/\\\/royalpadel.com\\\/#website\",\"url\":\"https:\\\/\\\/royalpadel.com\\\/\",\"name\":\"Royal Padel\",\"description\":\"We Are Royal Padel\",\"potentialAction\":[{\"@type\":\"SearchAction\",\"target\":{\"@type\":\"EntryPoint\",\"urlTemplate\":\"https:\\\/\\\/royalpadel.com\\\/?s={search_term_string}\"},\"query-input\":{\"@type\":\"PropertyValueSpecification\",\"valueRequired\":true,\"valueName\":\"search_term_string\"}}],\"inLanguage\":\"en-GB\"}]}<\/script>\n<!-- \/ Yoast SEO plugin. -->","yoast_head_json":{"title":"Royal Padel Whip Polietileno 2026","description":"La Royal Padel Whip Polietileno 2026 es pala 100% de control que destaca por su comodidad y por sus tecnolog\u00edas de prevenci\u00f3n antiepicondilitis.","robots":{"index":"index","follow":"follow","max-snippet":"max-snippet:-1","max-image-preview":"max-image-preview:large","max-video-preview":"max-video-preview:-1"},"canonical":"https:\/\/royalpadel.com\/en\/product\/royal-padel-whip-polietileno-2026\/","og_locale":"en_GB","og_type":"article","og_title":"Royal Padel Whip Polietileno 2026","og_description":"La Royal Padel Whip Polietileno 2026 es pala 100% de control que destaca por su comodidad y por sus tecnolog\u00edas de prevenci\u00f3n antiepicondilitis.","og_url":"https:\/\/royalpadel.com\/en\/product\/royal-padel-whip-polietileno-2026\/","og_site_name":"Royal Padel","article_modified_time":"2026-02-16T11:41:54+00:00","og_image":[{"width":1024,"height":1024,"url":"https:\/\/royalpadel.com\/wp-content\/uploads\/2025\/11\/RP-Whip-Polietileno-2026_1-1024x1024.png","type":"image\/png"}],"twitter_card":"summary_large_image","twitter_misc":{"Estimated reading time":"2 minutes"},"schema":{"@context":"https:\/\/schema.org","@graph":[{"@type":"WebPage","@id":"https:\/\/royalpadel.com\/product\/royal-padel-whip-polietileno-2026\/","url":"https:\/\/royalpadel.com\/product\/royal-padel-whip-polietileno-2026\/","name":"Royal Padel Whip Polietileno 2026","isPartOf":{"@id":"https:\/\/royalpadel.com\/#website"},"primaryImageOfPage":{"@id":"https:\/\/royalpadel.com\/product\/royal-padel-whip-polietileno-2026\/#primaryimage"},"image":{"@id":"https:\/\/royalpadel.com\/product\/royal-padel-whip-polietileno-2026\/#primaryimage"},"thumbnailUrl":"https:\/\/royalpadel.com\/wp-content\/uploads\/2025\/11\/RP-Whip-Polietileno-2026_1.png","datePublished":"2025-11-12T08:46:41+00:00","dateModified":"2026-02-16T11:41:54+00:00","description":"La Royal Padel Whip Polietileno 2026 es pala 100% de control que destaca por su comodidad y por sus tecnolog\u00edas de prevenci\u00f3n antiepicondilitis.","breadcrumb":{"@id":"https:\/\/royalpadel.com\/product\/royal-padel-whip-polietileno-2026\/#breadcrumb"},"inLanguage":"en-GB","potentialAction":[{"@type":"ReadAction","target":["https:\/\/royalpadel.com\/product\/royal-padel-whip-polietileno-2026\/"]}]},{"@type":"ImageObject","inLanguage":"en-GB","@id":"https:\/\/royalpadel.com\/product\/royal-padel-whip-polietileno-2026\/#primaryimage","url":"https:\/\/royalpadel.com\/wp-content\/uploads\/2025\/11\/RP-Whip-Polietileno-2026_1.png","contentUrl":"https:\/\/royalpadel.com\/wp-content\/uploads\/2025\/11\/RP-Whip-Polietileno-2026_1.png","width":2500,"height":2500,"caption":"Whip Poly"},{"@type":"BreadcrumbList","@id":"https:\/\/royalpadel.com\/product\/royal-padel-whip-polietileno-2026\/#breadcrumb","itemListElement":[{"@type":"ListItem","position":1,"name":"Home","item":"https:\/\/royalpadel.com\/"},{"@type":"ListItem","position":2,"name":"Shop","item":"https:\/\/royalpadelcom-9l0c621n31.live-website.com\/shop\/"},{"@type":"ListItem","position":3,"name":"Royal Padel Whip Polietileno 2026"}]},{"@type":"WebSite","@id":"https:\/\/royalpadel.com\/#website","url":"https:\/\/royalpadel.com\/","name":"Royal Padel","description":"We Are Royal Padel","potentialAction":[{"@type":"SearchAction","target":{"@type":"EntryPoint","urlTemplate":"https:\/\/royalpadel.com\/?s={search_term_string}"},"query-input":{"@type":"PropertyValueSpecification","valueRequired":true,"valueName":"search_term_string"}}],"inLanguage":"en-GB"}]}},"_links":{"self":[{"href":"https:\/\/royalpadel.com\/en\/wp-json\/wp\/v2\/product\/7549","targetHints":{"allow":["GET"]}}],"collection":[{"href":"https:\/\/royalpadel.com\/en\/wp-json\/wp\/v2\/product"}],"about":[{"href":"https:\/\/royalpadel.com\/en\/wp-json\/wp\/v2\/types\/product"}],"wp:featuredmedia":[{"embeddable":true,"href":"https:\/\/royalpadel.com\/en\/wp-json\/wp\/v2\/media\/7740"}],"wp:attachment":[{"href":"https:\/\/royalpadel.com\/en\/wp-json\/wp\/v2\/media?parent=7549"}],"wp:term":[{"taxonomy":"product_brand","embeddable":true,"href":"https:\/\/royalpadel.com\/en\/wp-json\/wp\/v2\/product_brand?post=7549"},{"taxonomy":"product_cat","embeddable":true,"href":"https:\/\/royalpadel.com\/en\/wp-json\/wp\/v2\/product_cat?post=7549"},{"taxonomy":"product_tag","embeddable":true,"href":"https:\/\/royalpadel.com\/en\/wp-json\/wp\/v2\/product_tag?post=7549"}],"curies":[{"name":"wp","href":"https:\/\/api.w.org\/{rel}","templated":true}]}}